{"id":3,"date":"2024-11-25T12:11:17","date_gmt":"2024-11-25T15:11:17","guid":{"rendered":"https:\/\/viaonlinedigital.com\/?page_id=3"},"modified":"2025-02-11T11:13:08","modified_gmt":"2025-02-11T14:13:08","slug":"politica-de-privacidade","status":"publish","type":"page","link":"https:\/\/viaonlinedigital.com\/ro\/politica-de-privacidade\/","title":{"rendered":"Politica de confiden\u021bialitate"},"content":{"rendered":"<html><body><p>Politica de confiden\u021bialitate Confiden\u021bialitatea dvs. este important\u0103 pentru noi. Politica viaonlinedigital.com\/ este de a v\u0103 respecta confiden\u021bialitatea cu privire la orice informa\u021bii pe care le putem colecta de la dvs. pe site-ul viaonlinedigital.com\/ \u0219i pe alte site-uri pe care le de\u021binem \u0219i le oper\u0103m.<\/p>\n<p>V\u0103 solicit\u0103m informa\u021bii personale doar atunci c\u00e2nd avem cu adev\u0103rat nevoie de ele pentru a v\u0103 oferi un serviciu. Le colect\u0103m prin mijloace corecte \u0219i legale, cu cuno\u0219tin\u021bele \u0219i consim\u021b\u0103m\u00e2ntul dumneavoastr\u0103.<\/p>\n<p>De asemenea, v\u0103 inform\u0103m de ce le colect\u0103m \u0219i cum vor fi utilizate. P\u0103str\u0103m informa\u021biile colectate doar at\u00e2t timp c\u00e2t este necesar pentru a v\u0103 oferi serviciul solicitat.<\/p>\n<p>Datele pe care le stoc\u0103m vor fi protejate \u00een limite acceptabile din punct de vedere comercial pentru a preveni pierderea \u0219i furtul, precum \u0219i accesul, divulgarea, copierea, utilizarea sau modificarea neautorizat\u0103.<\/p>\n<p>Nu \u00eemp\u0103rt\u0103\u0219im informa\u021bii personale de identificare public sau cu ter\u021be p\u0103r\u021bi, cu excep\u021bia cazurilor \u00een care acest lucru este impus de lege. Site-ul nostru web poate con\u021bine link-uri c\u0103tre site-uri web externe care nu sunt operate de noi.<\/p>\n<p>V\u0103 rug\u0103m s\u0103 re\u021bine\u021bi c\u0103 nu avem control asupra con\u021binutului \u0219i practicilor acestor site-uri \u0219i nu ne putem asuma responsabilitatea pentru politicile lor de confiden\u021bialitate respective.<\/p>\n<p>Sunte\u021bi liber s\u0103 refuza\u021bi solicitarea noastr\u0103 de a v\u0103 furniza informa\u021biile personale, cu \u00een\u021belegerea faptului c\u0103 este posibil s\u0103 nu v\u0103 putem oferi unele dintre serviciile dorite.<\/p>\n<p>Utilizarea \u00een continuare a site-ului nostru web va fi considerat\u0103 o acceptare a practicilor noastre de confiden\u021bialitate \u0219i informa\u021bii personale. Dac\u0103 ave\u021bi \u00eentreb\u0103ri despre modul \u00een care gestion\u0103m datele utilizatorilor \u0219i informa\u021biile personale, v\u0103 rug\u0103m s\u0103 ne contacta\u021bi.<\/p>\n<p>Serviciul Google AdSense pe care \u00eel folosim pentru a difuza reclame folose\u0219te un cookie DoubleClick pentru a difuza reclame mai relevante pe web \u0219i pentru a limita num\u0103rul de afi\u0219\u0103ri ale unei anumite reclame.<\/p>\n<p>Pentru mai multe informa\u021bii despre Google AdSense, consulta\u021bi \u00centreb\u0103rile frecvente oficiale privind confiden\u021bialitatea Google AdSense. Folosim reclame pentru a compensa costurile de func\u021bionare a acestui site \u0219i pentru a oferi finan\u021bare pentru dezvoltarea viitoare.<\/p>\n<p>Cookie-urile de publicitate comportamental\u0103 utilizate de acest site web sunt concepute pentru a ne asigura c\u0103 v\u0103 oferim cele mai relevante reclame ori de c\u00e2te ori este posibil, prin urm\u0103rirea anonim\u0103 a intereselor dvs. \u0219i prezentarea de lucruri similare care v-ar putea interesa.<\/p>\n<p>Mai mul\u021bi parteneri fac publicitate \u00een numele nostru, iar cookie-urile de urm\u0103rire a afilierii ne permit pur \u0219i simplu s\u0103 vedem dac\u0103 clien\u021bii no\u0219tri au ajuns pe site prin intermediul unuia dintre site-urile noastre partenere, astfel \u00eenc\u00e2t s\u0103 le putem acorda creditul corespunz\u0103tor \u0219i, acolo unde este cazul, s\u0103 permitem partenerilor no\u0219tri afilia\u021bi s\u0103 ofere orice stimulent pe care vi-l pot oferi pentru efectuarea unei achizi\u021bii.<\/p>\n<p>Angajamentul utilizatorului Utilizatorul se angajeaz\u0103 s\u0103 utilizeze \u00een mod corespunz\u0103tor con\u021binutul \u0219i informa\u021biile oferite de viaonlinedigital.com\/ pe site \u0219i, cu titlu de exemplu, dar f\u0103r\u0103 a se limita la:<\/p>\n<p>A) S\u0103 nu se angajeze \u00een activit\u0103\u021bi ilegale sau contrare bunei-credin\u021be \u0219i ordinii publice;<\/p>\n<p>B) Nu disemina\u021bi propagand\u0103 sau con\u021binut cu caracter rasist, xenofob, kiwibet sau jocuri de noroc, orice tip de pornografie ilegal\u0103, care sus\u021bine terorismul sau care \u00eencalc\u0103 drepturile omului;<\/p>\n<p>C) S\u0103 nu provoace daune sistemelor fizice (hardware) \u0219i logice (software) ale viaonlinedigital.com\/, furnizorilor s\u0103i sau ter\u021bilor, s\u0103 introduc\u0103 sau s\u0103 r\u0103sp\u00e2ndeasc\u0103 viru\u0219i informatici sau orice alte sisteme hardware sau software care sunt capabile s\u0103 provoace daunele men\u021bionate anterior.<\/p>\n<p>Sper\u0103m c\u0103 acest lucru a clarificat lucrurile pentru dvs. \u0219i, a\u0219a cum am men\u021bionat anterior, dac\u0103 exist\u0103 ceva de care nu sunte\u021bi sigur dac\u0103 ave\u021bi nevoie sau nu, este de obicei mai sigur s\u0103 l\u0103sa\u021bi cookie-urile activate \u00een cazul \u00een care interac\u021bioneaz\u0103 cu una dintre func\u021biile pe care le utiliza\u021bi pe site-ul nostru. Aceast\u0103 politic\u0103 este \u00een vigoare de la 11 februarie 2025, ora 14:11.<\/p>\n<\/body><\/html>","protected":false},"excerpt":{"rendered":"<p>Pol\u00edtica PrivacidadeA sua privacidade \u00e9 importante para n\u00f3s. \u00c9 pol\u00edtica do viaonlinedigital.com\/ respeitar a sua privacidade em rela\u00e7\u00e3o a qualquer informa\u00e7\u00e3o sua que possamos coletar no site viaonlinedigital.com\/, e outros sites que possu\u00edmos e operamos. Solicitamos informa\u00e7\u00f5es pessoais apenas quando realmente precisamos delas para lhe fornecer um servi\u00e7o. Fazemo-lo por meios justos e legais, com [&hellip;]<\/p>\n","protected":false},"author":1,"featured_media":0,"parent":0,"menu_order":0,"comment_status":"closed","ping_status":"closed","template":"","meta":{"footnotes":""},"class_list":["post-3","page","type-page","status-publish","hentry"],"yoast_head":"<!-- This site is optimized with the Yoast SEO plugin v27.4 - https:\/\/yoast.com\/product\/yoast-seo-wordpress\/ -->\n<title>Pol\u00edtica de privacidade - Via Online Digital<\/title>\n<meta name=\"robots\" content=\"index, follow, max-snippet:-1, max-image-preview:large, max-video-preview:-1\" \/>\n<link rel=\"canonical\" href=\"https:\/\/viaonlinedigital.com\/ro\/politica-de-privacidade\/\" \/>\n<meta property=\"og:locale\" content=\"ro_RO\" \/>\n<meta property=\"og:type\" content=\"article\" \/>\n<meta property=\"og:title\" content=\"Pol\u00edtica de privacidade - Via Online Digital\" \/>\n<meta property=\"og:description\" content=\"Pol\u00edtica PrivacidadeA sua privacidade \u00e9 importante para n\u00f3s. \u00c9 pol\u00edtica do viaonlinedigital.com\/ respeitar a sua privacidade em rela\u00e7\u00e3o a qualquer informa\u00e7\u00e3o sua que possamos coletar no site viaonlinedigital.com\/, e outros sites que possu\u00edmos e operamos. Solicitamos informa\u00e7\u00f5es pessoais apenas quando realmente precisamos delas para lhe fornecer um servi\u00e7o. Fazemo-lo por meios justos e legais, com [&hellip;]\" \/>\n<meta property=\"og:url\" content=\"https:\/\/viaonlinedigital.com\/ro\/politica-de-privacidade\/\" \/>\n<meta property=\"og:site_name\" content=\"Via Online Digital\" \/>\n<meta property=\"article:modified_time\" content=\"2025-02-11T14:13:08+00:00\" \/>\n<meta name=\"twitter:card\" content=\"summary_large_image\" \/>\n<meta name=\"twitter:label1\" content=\"Timp estimat pentru citire\" \/>\n\t<meta name=\"twitter:data1\" content=\"3 minute\" \/>\n<script type=\"application\/ld+json\" class=\"yoast-schema-graph\">{\"@context\":\"https:\\\/\\\/schema.org\",\"@graph\":[{\"@type\":\"WebPage\",\"@id\":\"https:\\\/\\\/viaonlinedigital.com\\\/politica-de-privacidade\\\/\",\"url\":\"https:\\\/\\\/viaonlinedigital.com\\\/politica-de-privacidade\\\/\",\"name\":\"Pol\u00edtica de privacidade - Via Online Digital\",\"isPartOf\":{\"@id\":\"https:\\\/\\\/viaonlinedigital.com\\\/#website\"},\"datePublished\":\"2024-11-25T15:11:17+00:00\",\"dateModified\":\"2025-02-11T14:13:08+00:00\",\"breadcrumb\":{\"@id\":\"https:\\\/\\\/viaonlinedigital.com\\\/politica-de-privacidade\\\/#breadcrumb\"},\"inLanguage\":\"ro-RO\",\"potentialAction\":[{\"@type\":\"ReadAction\",\"target\":[\"https:\\\/\\\/viaonlinedigital.com\\\/politica-de-privacidade\\\/\"]}]},{\"@type\":\"BreadcrumbList\",\"@id\":\"https:\\\/\\\/viaonlinedigital.com\\\/politica-de-privacidade\\\/#breadcrumb\",\"itemListElement\":[{\"@type\":\"ListItem\",\"position\":1,\"name\":\"In\u00edcio\",\"item\":\"https:\\\/\\\/viaonlinedigital.com\\\/\"},{\"@type\":\"ListItem\",\"position\":2,\"name\":\"Pol\u00edtica de privacidade\"}]},{\"@type\":\"WebSite\",\"@id\":\"https:\\\/\\\/viaonlinedigital.com\\\/#website\",\"url\":\"https:\\\/\\\/viaonlinedigital.com\\\/\",\"name\":\"Via Online Digital\",\"description\":\"Seu blog ideal para todos os momentos\",\"publisher\":{\"@id\":\"https:\\\/\\\/viaonlinedigital.com\\\/#organization\"},\"potentialAction\":[{\"@type\":\"SearchAction\",\"target\":{\"@type\":\"EntryPoint\",\"urlTemplate\":\"https:\\\/\\\/viaonlinedigital.com\\\/?s={search_term_string}\"},\"query-input\":{\"@type\":\"PropertyValueSpecification\",\"valueRequired\":true,\"valueName\":\"search_term_string\"}}],\"inLanguage\":\"ro-RO\"},{\"@type\":\"Organization\",\"@id\":\"https:\\\/\\\/viaonlinedigital.com\\\/#organization\",\"name\":\"Via Online Digital\",\"url\":\"https:\\\/\\\/viaonlinedigital.com\\\/\",\"logo\":{\"@type\":\"ImageObject\",\"inLanguage\":\"ro-RO\",\"@id\":\"https:\\\/\\\/viaonlinedigital.com\\\/#\\\/schema\\\/logo\\\/image\\\/\",\"url\":\"https:\\\/\\\/viaonlinedigital.com\\\/wp-content\\\/uploads\\\/2024\\\/11\\\/cropped-favicon-logo.png\",\"contentUrl\":\"https:\\\/\\\/viaonlinedigital.com\\\/wp-content\\\/uploads\\\/2024\\\/11\\\/cropped-favicon-logo.png\",\"width\":64,\"height\":64,\"caption\":\"Via Online Digital\"},\"image\":{\"@id\":\"https:\\\/\\\/viaonlinedigital.com\\\/#\\\/schema\\\/logo\\\/image\\\/\"}}]}<\/script>\n<!-- \/ Yoast SEO plugin. -->","yoast_head_json":{"title":"Politica de confiden\u021bialitate - Via Online Digital","robots":{"index":"index","follow":"follow","max-snippet":"max-snippet:-1","max-image-preview":"max-image-preview:large","max-video-preview":"max-video-preview:-1"},"canonical":"https:\/\/viaonlinedigital.com\/ro\/politica-de-privacidade\/","og_locale":"ro_RO","og_type":"article","og_title":"Pol\u00edtica de privacidade - Via Online Digital","og_description":"Pol\u00edtica PrivacidadeA sua privacidade \u00e9 importante para n\u00f3s. \u00c9 pol\u00edtica do viaonlinedigital.com\/ respeitar a sua privacidade em rela\u00e7\u00e3o a qualquer informa\u00e7\u00e3o sua que possamos coletar no site viaonlinedigital.com\/, e outros sites que possu\u00edmos e operamos. Solicitamos informa\u00e7\u00f5es pessoais apenas quando realmente precisamos delas para lhe fornecer um servi\u00e7o. Fazemo-lo por meios justos e legais, com [&hellip;]","og_url":"https:\/\/viaonlinedigital.com\/ro\/politica-de-privacidade\/","og_site_name":"Via Online Digital","article_modified_time":"2025-02-11T14:13:08+00:00","twitter_card":"summary_large_image","twitter_misc":{"Timp estimat pentru citire":"3 minute"},"schema":{"@context":"https:\/\/schema.org","@graph":[{"@type":"WebPage","@id":"https:\/\/viaonlinedigital.com\/politica-de-privacidade\/","url":"https:\/\/viaonlinedigital.com\/politica-de-privacidade\/","name":"Politica de confiden\u021bialitate - Via Online Digital","isPartOf":{"@id":"https:\/\/viaonlinedigital.com\/#website"},"datePublished":"2024-11-25T15:11:17+00:00","dateModified":"2025-02-11T14:13:08+00:00","breadcrumb":{"@id":"https:\/\/viaonlinedigital.com\/politica-de-privacidade\/#breadcrumb"},"inLanguage":"ro-RO","potentialAction":[{"@type":"ReadAction","target":["https:\/\/viaonlinedigital.com\/politica-de-privacidade\/"]}]},{"@type":"BreadcrumbList","@id":"https:\/\/viaonlinedigital.com\/politica-de-privacidade\/#breadcrumb","itemListElement":[{"@type":"ListItem","position":1,"name":"In\u00edcio","item":"https:\/\/viaonlinedigital.com\/"},{"@type":"ListItem","position":2,"name":"Pol\u00edtica de privacidade"}]},{"@type":"WebSite","@id":"https:\/\/viaonlinedigital.com\/#website","url":"https:\/\/viaonlinedigital.com\/","name":"Prin intermediul Online Digital","description":"Blogul t\u0103u ideal pentru orice moment","publisher":{"@id":"https:\/\/viaonlinedigital.com\/#organization"},"potentialAction":[{"@type":"SearchAction","target":{"@type":"EntryPoint","urlTemplate":"https:\/\/viaonlinedigital.com\/?s={search_term_string}"},"query-input":{"@type":"PropertyValueSpecification","valueRequired":true,"valueName":"search_term_string"}}],"inLanguage":"ro-RO"},{"@type":"Organization","@id":"https:\/\/viaonlinedigital.com\/#organization","name":"Prin intermediul Online Digital","url":"https:\/\/viaonlinedigital.com\/","logo":{"@type":"ImageObject","inLanguage":"ro-RO","@id":"https:\/\/viaonlinedigital.com\/#\/schema\/logo\/image\/","url":"https:\/\/viaonlinedigital.com\/wp-content\/uploads\/2024\/11\/cropped-favicon-logo.png","contentUrl":"https:\/\/viaonlinedigital.com\/wp-content\/uploads\/2024\/11\/cropped-favicon-logo.png","width":64,"height":64,"caption":"Via Online Digital"},"image":{"@id":"https:\/\/viaonlinedigital.com\/#\/schema\/logo\/image\/"}}]}},"_links":{"self":[{"href":"https:\/\/viaonlinedigital.com\/ro\/wp-json\/wp\/v2\/pages\/3","targetHints":{"allow":["GET"]}}],"collection":[{"href":"https:\/\/viaonlinedigital.com\/ro\/wp-json\/wp\/v2\/pages"}],"about":[{"href":"https:\/\/viaonlinedigital.com\/ro\/wp-json\/wp\/v2\/types\/page"}],"author":[{"embeddable":true,"href":"https:\/\/viaonlinedigital.com\/ro\/wp-json\/wp\/v2\/users\/1"}],"replies":[{"embeddable":true,"href":"https:\/\/viaonlinedigital.com\/ro\/wp-json\/wp\/v2\/comments?post=3"}],"version-history":[{"count":5,"href":"https:\/\/viaonlinedigital.com\/ro\/wp-json\/wp\/v2\/pages\/3\/revisions"}],"predecessor-version":[{"id":831,"href":"https:\/\/viaonlinedigital.com\/ro\/wp-json\/wp\/v2\/pages\/3\/revisions\/831"}],"wp:attachment":[{"href":"https:\/\/viaonlinedigital.com\/ro\/wp-json\/wp\/v2\/media?parent=3"}],"curies":[{"name":"wp","href":"https:\/\/api.w.org\/{rel}","templated":true}]}}