{"id":2,"date":"2024-11-25T12:11:17","date_gmt":"2024-11-25T15:11:17","guid":{"rendered":"https:\/\/viaonlinedigital.com\/?page_id=2"},"modified":"2025-02-27T08:42:20","modified_gmt":"2025-02-27T11:42:20","slug":"sobre-nos","status":"publish","type":"page","link":"https:\/\/viaonlinedigital.com\/ro\/sobre-nos\/","title":{"rendered":"Despre noi"},"content":{"rendered":"<html><body><p><strong>Cine suntem<\/strong><\/p>\n<p>\u00cen <strong>Prin intermediul Online Digital<\/strong>La , suntem pasiona\u021bi de conectarea companiilor cu viitorul digital. Fondat\u0103 de profesioni\u0219ti cu experien\u021b\u0103, misiunea noastr\u0103 este de a transforma prezen\u021ba online a brandurilor prin solu\u021bii creative \u0219i inovatoare. Credem c\u0103 fiecare afacere are o poveste unic\u0103, iar misiunea noastr\u0103 este de a ajuta la relatarea acestei pove\u0219ti eficient \u0219i captivant \u00een lumea digital\u0103.<\/p>\n<p><img loading=\"lazy\" decoding=\"async\" class=\"size-medium wp-image-891 alignleft\" src=\"https:\/\/viaonlinedigital.com\/wp-content\/uploads\/2025\/02\/69a66836-1786-48e9-b682-5fdf1d14864a-300x300.png\" alt=\"\" width=\"300\" height=\"300\" srcset=\"https:\/\/viaonlinedigital.com\/wp-content\/uploads\/2025\/02\/69a66836-1786-48e9-b682-5fdf1d14864a-300x300.png 300w, https:\/\/viaonlinedigital.com\/wp-content\/uploads\/2025\/02\/69a66836-1786-48e9-b682-5fdf1d14864a-150x150.png 150w, https:\/\/viaonlinedigital.com\/wp-content\/uploads\/2025\/02\/69a66836-1786-48e9-b682-5fdf1d14864a-768x768.png 768w, https:\/\/viaonlinedigital.com\/wp-content\/uploads\/2025\/02\/69a66836-1786-48e9-b682-5fdf1d14864a.png 1024w\" sizes=\"auto, (max-width: 300px) 100vw, 300px\" \/><\/p>\n<p>Marcelo Breda este un creator de con\u021binut digital renumit care \u0219i-a f\u0103cut un nume online cu site-ul s\u0103u web Viaonlinedigital.com, o platform\u0103 dedicat\u0103 educa\u021biei \u0219i partaj\u0103rii cuno\u0219tin\u021belor \u00een diverse domenii ale vie\u021bii moderne. Cu o carier\u0103 marcat\u0103 de pasiunea pentru tehnologie, afaceri \u0219i inova\u021bie, Marcelo \u0219i-a transformat experien\u021ba profesional\u0103 \u00eentr-o surs\u0103 de informa\u021bii de \u00eencredere pentru mii de cititori.<\/p>\n<p data-spm-anchor-id=\"5aebb161.2ef5001f.0.i223.14b0c9217t9xBl\">Prin intermediul Viaonlinedigital.com, Marcelo abordeaz\u0103 subiecte precum marketingul digital, finan\u021bele personale, antreprenoriatul \u0219i tendin\u021bele tehnologice, str\u0103duindu-se mereu s\u0103 ofere perspective practice \u0219i accesibile. Stilul s\u0103u de scriere este clar \u0219i obiectiv, ceea ce faciliteaz\u0103 \u00een\u021belegerea chiar \u0219i a celor mai complexe concepte, f\u0103c\u00e2ndu-le u\u0219or de \u00een\u021beles pentru oricine este interesat s\u0103 \u00ee\u0219i extind\u0103 orizonturile. \u00cen plus, nu se limiteaz\u0103 la simpla expunere de teorii; post\u0103rile sale includ adesea cazuri din via\u021ba real\u0103, sfaturi aplicabile \u0219i analize detaliate care \u00eei ajut\u0103 pe cititori s\u0103 implementeze ideile discutate \u00een propriile lor vie\u021bi sau afaceri.<\/p>\n<p data-spm-anchor-id=\"5aebb161.2ef5001f.0.i221.14b0c9217t9xBl\">Angajamentul lui Marcelo fa\u021b\u0103 de calitatea con\u021binutului reflect\u0103 viziunea sa conform c\u0103reia accesul la cunoa\u0219tere ar trebui s\u0103 fie democratic \u0219i direct. El \u00een\u021belege c\u0103, \u00eentr-o lume din ce \u00een ce mai conectat\u0103, a fi informat este esen\u021bial at\u00e2t pentru succesul personal, c\u00e2t \u0219i pentru cel profesional. Prin urmare, se dedic\u0103 men\u021binerii site-ului la curent cu cele mai recente \u0219tiri de pe pia\u021b\u0103, asigur\u00e2ndu-se c\u0103 urm\u0103ritorii s\u0103i au acces la informa\u021bii relevante \u0219i actuale.<\/p>\n<p data-spm-anchor-id=\"5aebb161.2ef5001f.0.i222.14b0c9217t9xBl\">Pe l\u00e2ng\u0103 munca sa la Viaonlinedigital.com, Marcelo particip\u0103 activ \u0219i la evenimente \u0219i pe re\u021belele sociale, unde interac\u021bioneaz\u0103 direct cu publicul s\u0103u. Aceast\u0103 apropiere \u00eei permite s\u0103 identifice nevoile \u0219i \u00eentreb\u0103rile utilizatorilor, ajust\u00e2nd constant concentrarea con\u021binutului s\u0103u pentru a satisface mai bine a\u0219tept\u0103rile acestora.<\/p>\n<p>Cu o carier\u0103 solid\u0103 \u0219i un impact tot mai mare asupra comunit\u0103\u021bii digitale, Marcelo Breda continu\u0103 s\u0103 fie un model pentru cei care doresc s\u0103 \u00eenve\u021be, s\u0103 creasc\u0103 \u0219i s\u0103 prospere \u00eentr-un mediu \u00een continu\u0103 evolu\u021bie. Mo\u0219tenirea sa se construie\u0219te nu doar prin cuvintele publicate pe site-ul s\u0103u web, ci \u0219i prin inspira\u021bia pe care o transmite tuturor celor care \u00eei traverseaz\u0103 calea virtual.<\/p>\n<\/body><\/html>","protected":false},"excerpt":{"rendered":"<p>Quem Somos Na Via Online Digital, somos apaixonados por conectar empresas com o futuro digital. Fundada por profissionais experientes, nossa miss\u00e3o \u00e9 transformar a presen\u00e7a online das marcas por meio de solu\u00e7\u00f5es criativas e inovadoras. Acreditamos que cada neg\u00f3cio tem uma hist\u00f3ria \u00fanica, e nossa miss\u00e3o \u00e9 ajudar a contar essa hist\u00f3ria de forma eficaz [&hellip;]<\/p>\n","protected":false},"author":1,"featured_media":0,"parent":0,"menu_order":0,"comment_status":"closed","ping_status":"closed","template":"","meta":{"footnotes":""},"class_list":["post-2","page","type-page","status-publish","hentry"],"yoast_head":"<!-- This site is optimized with the Yoast SEO plugin v27.4 - https:\/\/yoast.com\/product\/yoast-seo-wordpress\/ -->\n<title>Sobre N\u00f3s - Via Online Digital<\/title>\n<meta name=\"robots\" content=\"index, follow, max-snippet:-1, max-image-preview:large, max-video-preview:-1\" \/>\n<link rel=\"canonical\" href=\"https:\/\/viaonlinedigital.com\/ro\/sobre-nos\/\" \/>\n<meta property=\"og:locale\" content=\"ro_RO\" \/>\n<meta property=\"og:type\" content=\"article\" \/>\n<meta property=\"og:title\" content=\"Sobre N\u00f3s - Via Online Digital\" \/>\n<meta property=\"og:description\" content=\"Quem Somos Na Via Online Digital, somos apaixonados por conectar empresas com o futuro digital. Fundada por profissionais experientes, nossa miss\u00e3o \u00e9 transformar a presen\u00e7a online das marcas por meio de solu\u00e7\u00f5es criativas e inovadoras. Acreditamos que cada neg\u00f3cio tem uma hist\u00f3ria \u00fanica, e nossa miss\u00e3o \u00e9 ajudar a contar essa hist\u00f3ria de forma eficaz [&hellip;]\" \/>\n<meta property=\"og:url\" content=\"https:\/\/viaonlinedigital.com\/ro\/sobre-nos\/\" \/>\n<meta property=\"og:site_name\" content=\"Via Online Digital\" \/>\n<meta property=\"article:modified_time\" content=\"2025-02-27T11:42:20+00:00\" \/>\n<meta property=\"og:image\" content=\"https:\/\/viaonlinedigital.com\/wp-content\/uploads\/2025\/02\/69a66836-1786-48e9-b682-5fdf1d14864a.png\" \/>\n\t<meta property=\"og:image:width\" content=\"1024\" \/>\n\t<meta property=\"og:image:height\" content=\"1024\" \/>\n\t<meta property=\"og:image:type\" content=\"image\/png\" \/>\n<meta name=\"twitter:card\" content=\"summary_large_image\" \/>\n<meta name=\"twitter:label1\" content=\"Timp estimat pentru citire\" \/>\n\t<meta name=\"twitter:data1\" content=\"3 minute\" \/>\n<script type=\"application\/ld+json\" class=\"yoast-schema-graph\">{\"@context\":\"https:\\\/\\\/schema.org\",\"@graph\":[{\"@type\":\"WebPage\",\"@id\":\"https:\\\/\\\/viaonlinedigital.com\\\/sobre-nos\\\/\",\"url\":\"https:\\\/\\\/viaonlinedigital.com\\\/sobre-nos\\\/\",\"name\":\"Sobre N\u00f3s - Via Online Digital\",\"isPartOf\":{\"@id\":\"https:\\\/\\\/viaonlinedigital.com\\\/#website\"},\"primaryImageOfPage\":{\"@id\":\"https:\\\/\\\/viaonlinedigital.com\\\/sobre-nos\\\/#primaryimage\"},\"image\":{\"@id\":\"https:\\\/\\\/viaonlinedigital.com\\\/sobre-nos\\\/#primaryimage\"},\"thumbnailUrl\":\"https:\\\/\\\/viaonlinedigital.com\\\/wp-content\\\/uploads\\\/2025\\\/02\\\/69a66836-1786-48e9-b682-5fdf1d14864a-300x300.png\",\"datePublished\":\"2024-11-25T15:11:17+00:00\",\"dateModified\":\"2025-02-27T11:42:20+00:00\",\"breadcrumb\":{\"@id\":\"https:\\\/\\\/viaonlinedigital.com\\\/sobre-nos\\\/#breadcrumb\"},\"inLanguage\":\"ro-RO\",\"potentialAction\":[{\"@type\":\"ReadAction\",\"target\":[\"https:\\\/\\\/viaonlinedigital.com\\\/sobre-nos\\\/\"]}]},{\"@type\":\"ImageObject\",\"inLanguage\":\"ro-RO\",\"@id\":\"https:\\\/\\\/viaonlinedigital.com\\\/sobre-nos\\\/#primaryimage\",\"url\":\"https:\\\/\\\/viaonlinedigital.com\\\/wp-content\\\/uploads\\\/2025\\\/02\\\/69a66836-1786-48e9-b682-5fdf1d14864a-300x300.png\",\"contentUrl\":\"https:\\\/\\\/viaonlinedigital.com\\\/wp-content\\\/uploads\\\/2025\\\/02\\\/69a66836-1786-48e9-b682-5fdf1d14864a-300x300.png\"},{\"@type\":\"BreadcrumbList\",\"@id\":\"https:\\\/\\\/viaonlinedigital.com\\\/sobre-nos\\\/#breadcrumb\",\"itemListElement\":[{\"@type\":\"ListItem\",\"position\":1,\"name\":\"In\u00edcio\",\"item\":\"https:\\\/\\\/viaonlinedigital.com\\\/\"},{\"@type\":\"ListItem\",\"position\":2,\"name\":\"Sobre N\u00f3s\"}]},{\"@type\":\"WebSite\",\"@id\":\"https:\\\/\\\/viaonlinedigital.com\\\/#website\",\"url\":\"https:\\\/\\\/viaonlinedigital.com\\\/\",\"name\":\"Via Online Digital\",\"description\":\"Seu blog ideal para todos os momentos\",\"publisher\":{\"@id\":\"https:\\\/\\\/viaonlinedigital.com\\\/#organization\"},\"potentialAction\":[{\"@type\":\"SearchAction\",\"target\":{\"@type\":\"EntryPoint\",\"urlTemplate\":\"https:\\\/\\\/viaonlinedigital.com\\\/?s={search_term_string}\"},\"query-input\":{\"@type\":\"PropertyValueSpecification\",\"valueRequired\":true,\"valueName\":\"search_term_string\"}}],\"inLanguage\":\"ro-RO\"},{\"@type\":\"Organization\",\"@id\":\"https:\\\/\\\/viaonlinedigital.com\\\/#organization\",\"name\":\"Via Online Digital\",\"url\":\"https:\\\/\\\/viaonlinedigital.com\\\/\",\"logo\":{\"@type\":\"ImageObject\",\"inLanguage\":\"ro-RO\",\"@id\":\"https:\\\/\\\/viaonlinedigital.com\\\/#\\\/schema\\\/logo\\\/image\\\/\",\"url\":\"https:\\\/\\\/viaonlinedigital.com\\\/wp-content\\\/uploads\\\/2024\\\/11\\\/cropped-favicon-logo.png\",\"contentUrl\":\"https:\\\/\\\/viaonlinedigital.com\\\/wp-content\\\/uploads\\\/2024\\\/11\\\/cropped-favicon-logo.png\",\"width\":64,\"height\":64,\"caption\":\"Via Online Digital\"},\"image\":{\"@id\":\"https:\\\/\\\/viaonlinedigital.com\\\/#\\\/schema\\\/logo\\\/image\\\/\"}}]}<\/script>\n<!-- \/ Yoast SEO plugin. -->","yoast_head_json":{"title":"Despre noi - Via Online Digital","robots":{"index":"index","follow":"follow","max-snippet":"max-snippet:-1","max-image-preview":"max-image-preview:large","max-video-preview":"max-video-preview:-1"},"canonical":"https:\/\/viaonlinedigital.com\/ro\/sobre-nos\/","og_locale":"ro_RO","og_type":"article","og_title":"Sobre N\u00f3s - Via Online Digital","og_description":"Quem Somos Na Via Online Digital, somos apaixonados por conectar empresas com o futuro digital. Fundada por profissionais experientes, nossa miss\u00e3o \u00e9 transformar a presen\u00e7a online das marcas por meio de solu\u00e7\u00f5es criativas e inovadoras. Acreditamos que cada neg\u00f3cio tem uma hist\u00f3ria \u00fanica, e nossa miss\u00e3o \u00e9 ajudar a contar essa hist\u00f3ria de forma eficaz [&hellip;]","og_url":"https:\/\/viaonlinedigital.com\/ro\/sobre-nos\/","og_site_name":"Via Online Digital","article_modified_time":"2025-02-27T11:42:20+00:00","og_image":[{"width":1024,"height":1024,"url":"https:\/\/viaonlinedigital.com\/wp-content\/uploads\/2025\/02\/69a66836-1786-48e9-b682-5fdf1d14864a.png","type":"image\/png"}],"twitter_card":"summary_large_image","twitter_misc":{"Timp estimat pentru citire":"3 minute"},"schema":{"@context":"https:\/\/schema.org","@graph":[{"@type":"WebPage","@id":"https:\/\/viaonlinedigital.com\/sobre-nos\/","url":"https:\/\/viaonlinedigital.com\/sobre-nos\/","name":"Despre noi - Via Online Digital","isPartOf":{"@id":"https:\/\/viaonlinedigital.com\/#website"},"primaryImageOfPage":{"@id":"https:\/\/viaonlinedigital.com\/sobre-nos\/#primaryimage"},"image":{"@id":"https:\/\/viaonlinedigital.com\/sobre-nos\/#primaryimage"},"thumbnailUrl":"https:\/\/viaonlinedigital.com\/wp-content\/uploads\/2025\/02\/69a66836-1786-48e9-b682-5fdf1d14864a-300x300.png","datePublished":"2024-11-25T15:11:17+00:00","dateModified":"2025-02-27T11:42:20+00:00","breadcrumb":{"@id":"https:\/\/viaonlinedigital.com\/sobre-nos\/#breadcrumb"},"inLanguage":"ro-RO","potentialAction":[{"@type":"ReadAction","target":["https:\/\/viaonlinedigital.com\/sobre-nos\/"]}]},{"@type":"ImageObject","inLanguage":"ro-RO","@id":"https:\/\/viaonlinedigital.com\/sobre-nos\/#primaryimage","url":"https:\/\/viaonlinedigital.com\/wp-content\/uploads\/2025\/02\/69a66836-1786-48e9-b682-5fdf1d14864a-300x300.png","contentUrl":"https:\/\/viaonlinedigital.com\/wp-content\/uploads\/2025\/02\/69a66836-1786-48e9-b682-5fdf1d14864a-300x300.png"},{"@type":"BreadcrumbList","@id":"https:\/\/viaonlinedigital.com\/sobre-nos\/#breadcrumb","itemListElement":[{"@type":"ListItem","position":1,"name":"In\u00edcio","item":"https:\/\/viaonlinedigital.com\/"},{"@type":"ListItem","position":2,"name":"Sobre N\u00f3s"}]},{"@type":"WebSite","@id":"https:\/\/viaonlinedigital.com\/#website","url":"https:\/\/viaonlinedigital.com\/","name":"Prin intermediul Online Digital","description":"Blogul t\u0103u ideal pentru orice moment","publisher":{"@id":"https:\/\/viaonlinedigital.com\/#organization"},"potentialAction":[{"@type":"SearchAction","target":{"@type":"EntryPoint","urlTemplate":"https:\/\/viaonlinedigital.com\/?s={search_term_string}"},"query-input":{"@type":"PropertyValueSpecification","valueRequired":true,"valueName":"search_term_string"}}],"inLanguage":"ro-RO"},{"@type":"Organization","@id":"https:\/\/viaonlinedigital.com\/#organization","name":"Prin intermediul Online Digital","url":"https:\/\/viaonlinedigital.com\/","logo":{"@type":"ImageObject","inLanguage":"ro-RO","@id":"https:\/\/viaonlinedigital.com\/#\/schema\/logo\/image\/","url":"https:\/\/viaonlinedigital.com\/wp-content\/uploads\/2024\/11\/cropped-favicon-logo.png","contentUrl":"https:\/\/viaonlinedigital.com\/wp-content\/uploads\/2024\/11\/cropped-favicon-logo.png","width":64,"height":64,"caption":"Via Online Digital"},"image":{"@id":"https:\/\/viaonlinedigital.com\/#\/schema\/logo\/image\/"}}]}},"_links":{"self":[{"href":"https:\/\/viaonlinedigital.com\/ro\/wp-json\/wp\/v2\/pages\/2","targetHints":{"allow":["GET"]}}],"collection":[{"href":"https:\/\/viaonlinedigital.com\/ro\/wp-json\/wp\/v2\/pages"}],"about":[{"href":"https:\/\/viaonlinedigital.com\/ro\/wp-json\/wp\/v2\/types\/page"}],"author":[{"embeddable":true,"href":"https:\/\/viaonlinedigital.com\/ro\/wp-json\/wp\/v2\/users\/1"}],"replies":[{"embeddable":true,"href":"https:\/\/viaonlinedigital.com\/ro\/wp-json\/wp\/v2\/comments?post=2"}],"version-history":[{"count":3,"href":"https:\/\/viaonlinedigital.com\/ro\/wp-json\/wp\/v2\/pages\/2\/revisions"}],"predecessor-version":[{"id":892,"href":"https:\/\/viaonlinedigital.com\/ro\/wp-json\/wp\/v2\/pages\/2\/revisions\/892"}],"wp:attachment":[{"href":"https:\/\/viaonlinedigital.com\/ro\/wp-json\/wp\/v2\/media?parent=2"}],"curies":[{"name":"wp","href":"https:\/\/api.w.org\/{rel}","templated":true}]}}