{"id":1508,"date":"2025-11-26T19:54:44","date_gmt":"2025-11-26T22:54:44","guid":{"rendered":"https:\/\/viaonlinedigital.com\/?page_id=1508"},"modified":"2025-11-26T20:04:59","modified_gmt":"2025-11-26T23:04:59","slug":"alertas-importantes-sobre-beneficios-bloqueios-prazos-e-mudancas-nas-regras","status":"publish","type":"page","link":"https:\/\/viaonlinedigital.com\/ro\/alertas-importantes-sobre-beneficios-bloqueios-prazos-e-mudancas-nas-regras\/","title":{"rendered":"Alerte importante privind beneficiile: restric\u021bii, termene limit\u0103 \u0219i modific\u0103ri ale regulilor"},"content":{"rendered":"<html><body><p>Consulta\u021bi acum notific\u0103rile care v-ar putea afecta \u00een mod direct beneficiile Bolsa Fam\u00edlia, INSS, Aux\u00edlio G\u00e1s \u0219i alte beneficii. Nu a\u0219tepta\u021bi p\u00e2n\u0103 c\u00e2nd plata nu ajunge pentru a afla.<\/p>\n\n\n\t\t\t\t\t\t<p class=\"wp-block-create-block-sb-buttons\">\n\t\t\t\t<\/p><div class=\"shortcode-botao\">\n    <a href=\"https:\/\/viaonlinedigital.com\/ro\/alertas-importantes-situacoes-que-podem-bloquear-ou-suspender-seu-beneficio\/\" class=\"btn-base reward-ads\" style=\"background-color: #d40808; color: #ffffff\">\n        <h3 class=\"title\">\u26a0\ufe0f Vizualiza\u021bi alertele actualizate<\/h3>\n    <\/a>\n<\/div>\n\t<div class=\"disclaimer-button1\">Vei r\u0103m\u00e2ne pe acest site.<\/div>\n\t\t\t\n\t\t\t\t\t\n\t\n\t\n\t\n\t\n\n\n<h2 class=\"wp-block-heading\">Mul\u021bi oameni descoper\u0103 problema abia atunci c\u00e2nd banii dispar din contul lor.<\/h2>\n\n\n\n<p>\u00cen fiecare lun\u0103, mii de oameni \u00ee\u0219i pierd beneficiile blocate, suspendate sau anulate din cauza:<\/p>\n\n\n\n<ul class=\"wp-block-list\">\n<li>\u00cenregistrare \u00eenvechit\u0103;<\/li>\n\n\n\n<li>Dovada vie\u021bii nu a fost furnizat\u0103 \u00een termenul limit\u0103;<\/li>\n\n\n\n<li>Informa\u021bii incorecte \u00een Registrul Unic (Cad\u00danico);<\/li>\n\n\n\n<li>Nerespectarea modific\u0103rilor regulamentului.<\/li>\n<\/ul>\n\n\n\n<p>\ud83d\udd14 Vestea bun\u0103: multe probleme pot fi evitate dac\u0103 \u021bine\u021bi cont de alerte din timp.<\/p>\n\n\n\n<h2 class=\"wp-block-heading\">Ce ve\u021bi g\u0103si pe aceast\u0103 pagin\u0103 de alerte<\/h2>\n\n\n\n<ul class=\"wp-block-list\">\n<li>\u26a0\ufe0f Notific\u0103ri privind termenele limit\u0103 pentru\u00a0<strong>dovad\u0103 de via\u021b\u0103<\/strong>\u00a0de la INSS;<\/li>\n\n\n\n<li>\u26a0\ufe0f Alerte despre\u00a0<strong>actualizare a Registrului Unic (Cad\u00danico)<\/strong>\u00a0\u0219i Bolsa Fam\u00edlia;<\/li>\n\n\n\n<li>\u26a0\ufe0f Informa\u021bii despre\u00a0<strong>Blocarea \u0219i suspendarea beneficiilor<\/strong>;<\/li>\n\n\n\n<li>\u26a0\ufe0f Reguli de evitat\u00a0<strong>escrocherii \u0219i mesaje false<\/strong>\u00a0despre beneficii;<\/li>\n\n\n\n<li>\u26a0\ufe0f Sfaturi practice pentru a evita pierderea pl\u0103\u021bii din cauza lipsei de aten\u021bie.<\/li>\n<\/ul>\n\n\n\n<h2 class=\"wp-block-heading\">Alerte cheie la care trebuie s\u0103 fii atent.<\/h2>\n\n\n\n<h3 class=\"wp-block-heading\">\ud83d\udea8 1. Dovada vie\u021bii INSS<\/h3>\n\n\n\n<p>Cei care primesc presta\u021bii de la INSS (Institutul Na\u021bional de Securitate Social\u0103 din Brazilia) trebuie s\u0103 acorde aten\u021bie cerin\u021bei privind dovada existen\u021bei. Nefurnizarea confirm\u0103rii poate duce la suspendarea temporar\u0103 a pl\u0103\u021bilor.<\/p>\n\n\n\n<h3 class=\"wp-block-heading\">\ud83d\udea8 2. Actualizare la Registrul Unic (Cad\u00danico)<\/h3>\n\n\n\n<p>Familiile care primesc Bolsa Fam\u00edlia \u0219i alte beneficii trebuie s\u0103 \u00ee\u0219i men\u021bin\u0103 datele Cad\u00danico actualizate. Modific\u0103rile de adres\u0103, venit sau componen\u021b\u0103 a familiei trebuie \u00eenregistrate.<\/p>\n\n\n\n<h3 class=\"wp-block-heading\">\ud83d\udea8 3. Blocat din cauza discrepan\u021belor de informa\u021bii<\/h3>\n\n\n\n<p>Atunci c\u00e2nd exist\u0103 o discrepan\u021b\u0103 \u00eentre informa\u021biile declarate \u0219i datele g\u0103site \u00een alte sisteme, beneficiul poate fi blocat p\u00e2n\u0103 la explicarea situa\u021biei.<\/p>\n\n\n\n<h3 class=\"wp-block-heading\">\ud83d\udea8 4. Escrocherii deghizate \u00een programe sociale<\/h3>\n\n\n\n<p>Mesajele care solicit\u0103 PIX (sistemul brazilian de plat\u0103 instantanee), o plat\u0103 \u00een avans sau o \u201ctax\u0103 de eliberare\u201d sunt de obicei \u00een\u0219el\u0103torii. Beneficiile oficiale nu necesit\u0103 eliberarea pl\u0103\u021bii.<\/p>\n\n\n\n<h2 class=\"wp-block-heading\">Cum s\u0103 evi\u021bi blocajele \u0219i problemele legate de beneficiile tale.<\/h2>\n\n\n\n<ul class=\"wp-block-list\">\n<li>Verifica\u021bi \u00een mod regulat aplica\u021biile oficiale (Bolsa Fam\u00edlia, Caixa Tem, Meu INSS);<\/li>\n\n\n\n<li>P\u0103stra\u021bi-v\u0103 adresa, num\u0103rul de telefon \u0219i veniturile actualizate \u00een Cad\u00danico (Registrul Unic pentru Programe Sociale);<\/li>\n\n\n\n<li>Acorda\u021bi aten\u021bie mesajelor oficiale ale guvernului;<\/li>\n\n\n\n<li>Verific\u0103-\u021bi calendarul \u0219i notific\u0103rile \u00eenainte de a presupune c\u0103 \u201cbanii au disp\u0103rut\u201d;<\/li>\n\n\n\n<li>Fi\u021bi precau\u021bi cu oricine cere bani \u00een schimbul unui beneficiu.<\/li>\n<\/ul>\n\n\n\n<h2 class=\"wp-block-heading\">\u00centreb\u0103ri frecvente despre alerte \u0219i blocaje<\/h2>\n\n\n\n<h3 class=\"wp-block-heading\">\ud83d\udccc Plata mea nu a ajuns la timp: ce ar trebui s\u0103 fac?<\/h3>\n\n\n\n<p>Mai \u00eent\u00e2i, verific\u0103 dac\u0103 ai vizualizat calendarul corect \u0219i dac\u0103 nu exist\u0103 notific\u0103ri blocate sau \u00een a\u0219teptare \u00een aplica\u021bie.<\/p>\n\n\n\n<h3 class=\"wp-block-heading\">\ud83d\udccc Cum \u0219tiu dac\u0103 beneficiul meu a fost blocat?<\/h3>\n\n\n\n<p>Notific\u0103rile apar de obicei \u00een aplica\u021bie (Bolsa Fam\u00edlia, Caixa Tem sau Meu INSS). \u00cen unele cazuri, este necesar s\u0103 merge\u021bi la CRAS sau INSS.<\/p>\n\n\n\n<h3 class=\"wp-block-heading\">\ud83d\udccc Guvernul trimite mesaje prin WhatsApp solicit\u00e2nd confirmarea datelor?<\/h3>\n\n\n\n<p>Ai grij\u0103. Fii mereu suspicios fa\u021b\u0103 de linkurile ciudate \u0219i nu trimite niciodat\u0103 fotografii cu documentele sau parolele tale prin mesaje.<\/p>\n\n\n\n<h2 class=\"wp-block-heading\">Vede\u021bi acum cele mai recente alerte care v-ar putea afecta CPF-ul (codul de identificare fiscal brazilian).<\/h2>\n\n\n\n<p>Face\u021bi clic mai jos pentru a accesa pagina cu cele mai importante notific\u0103ri privind blocajele, termenele limit\u0103 \u0219i modific\u0103rile regulilor.<\/p>\n\n\n\t\t\t\t\t\t<p class=\"wp-block-create-block-sb-buttons\">\n\t\t\t\t<\/p><div class=\"shortcode-botao\">\n    <a href=\"https:\/\/viaonlinedigital.com\/ro\/alertas-importantes-situacoes-que-podem-bloquear-ou-suspender-seu-beneficio\/\" class=\"btn-base reward-ads\" style=\"background-color: #d40808; color: #ffffff\">\n        <h3 class=\"title\">\ud83d\udc49 Vizualiza\u021bi acum alertele importante<\/h3>\n    <\/a>\n<\/div>\n\t<div class=\"disclaimer-button1\">Vei r\u0103m\u00e2ne pe acest site.<\/div>\n\t\t\t\n\t\t\t\t\t\n\t\n\t\n\t\n\t\n\n\n<p>Acest con\u021binut este doar \u00een scop informativ. Verifica\u021bi \u00eentotdeauna informa\u021biile prin canalele oficiale ale Guvernului Federal, INSS (Institutul Na\u021bional de Securitate Social\u0103 din Brazilia), Caixa Econ\u00f4mica Federal (Casa Federal\u0103 de Economii din Brazilia) sau CRAS (Centrul de Referin\u021b\u0103 pentru Asisten\u021b\u0103 Social\u0103) din municipalitatea dumneavoastr\u0103.<\/p>\n\n\n\n<p><\/p>\n<\/body><\/html>","protected":false},"excerpt":{"rendered":"<p>Veja agora avisos que podem afetar diretamente o seu Bolsa Fam\u00edlia, INSS, Aux\u00edlio G\u00e1s e outros benef\u00edcios. N\u00e3o espere descobrir s\u00f3 quando o pagamento n\u00e3o cair. Muita gente s\u00f3 descobre o problema quando o dinheiro some da conta Todo m\u00eas, milhares de pessoas t\u00eam benef\u00edcio bloqueado, suspenso ou cancelado por causa de: \ud83d\udd14 A boa [&hellip;]<\/p>\n","protected":false},"author":2,"featured_media":0,"parent":0,"menu_order":0,"comment_status":"closed","ping_status":"closed","template":"","meta":{"footnotes":""},"class_list":["post-1508","page","type-page","status-publish","hentry"],"yoast_head":"<!-- This site is optimized with the Yoast SEO plugin v27.4 - https:\/\/yoast.com\/product\/yoast-seo-wordpress\/ -->\n<title>Alertas Importantes sobre Benef\u00edcios: Bloqueios, Prazos e Mudan\u00e7as nas Regras - Via Online Digital<\/title>\n<meta name=\"robots\" content=\"index, follow, max-snippet:-1, max-image-preview:large, max-video-preview:-1\" \/>\n<link rel=\"canonical\" href=\"https:\/\/viaonlinedigital.com\/ro\/alertas-importantes-sobre-beneficios-bloqueios-prazos-e-mudancas-nas-regras\/\" \/>\n<meta property=\"og:locale\" content=\"ro_RO\" \/>\n<meta property=\"og:type\" content=\"article\" \/>\n<meta property=\"og:title\" content=\"Alertas Importantes sobre Benef\u00edcios: Bloqueios, Prazos e Mudan\u00e7as nas Regras - Via Online Digital\" \/>\n<meta property=\"og:description\" content=\"Veja agora avisos que podem afetar diretamente o seu Bolsa Fam\u00edlia, INSS, Aux\u00edlio G\u00e1s e outros benef\u00edcios. N\u00e3o espere descobrir s\u00f3 quando o pagamento n\u00e3o cair. Muita gente s\u00f3 descobre o problema quando o dinheiro some da conta Todo m\u00eas, milhares de pessoas t\u00eam benef\u00edcio bloqueado, suspenso ou cancelado por causa de: \ud83d\udd14 A boa [&hellip;]\" \/>\n<meta property=\"og:url\" content=\"https:\/\/viaonlinedigital.com\/ro\/alertas-importantes-sobre-beneficios-bloqueios-prazos-e-mudancas-nas-regras\/\" \/>\n<meta property=\"og:site_name\" content=\"Via Online Digital\" \/>\n<meta property=\"article:modified_time\" content=\"2025-11-26T23:04:59+00:00\" \/>\n<meta name=\"twitter:card\" content=\"summary_large_image\" \/>\n<meta name=\"twitter:label1\" content=\"Timp estimat pentru citire\" \/>\n\t<meta name=\"twitter:data1\" content=\"3 minute\" \/>\n<script type=\"application\/ld+json\" class=\"yoast-schema-graph\">{\"@context\":\"https:\\\/\\\/schema.org\",\"@graph\":[{\"@type\":\"WebPage\",\"@id\":\"https:\\\/\\\/viaonlinedigital.com\\\/alertas-importantes-sobre-beneficios-bloqueios-prazos-e-mudancas-nas-regras\\\/\",\"url\":\"https:\\\/\\\/viaonlinedigital.com\\\/alertas-importantes-sobre-beneficios-bloqueios-prazos-e-mudancas-nas-regras\\\/\",\"name\":\"Alertas Importantes sobre Benef\u00edcios: Bloqueios, Prazos e Mudan\u00e7as nas Regras - Via Online Digital\",\"isPartOf\":{\"@id\":\"https:\\\/\\\/viaonlinedigital.com\\\/#website\"},\"datePublished\":\"2025-11-26T22:54:44+00:00\",\"dateModified\":\"2025-11-26T23:04:59+00:00\",\"breadcrumb\":{\"@id\":\"https:\\\/\\\/viaonlinedigital.com\\\/alertas-importantes-sobre-beneficios-bloqueios-prazos-e-mudancas-nas-regras\\\/#breadcrumb\"},\"inLanguage\":\"ro-RO\",\"potentialAction\":[{\"@type\":\"ReadAction\",\"target\":[\"https:\\\/\\\/viaonlinedigital.com\\\/alertas-importantes-sobre-beneficios-bloqueios-prazos-e-mudancas-nas-regras\\\/\"]}]},{\"@type\":\"BreadcrumbList\",\"@id\":\"https:\\\/\\\/viaonlinedigital.com\\\/alertas-importantes-sobre-beneficios-bloqueios-prazos-e-mudancas-nas-regras\\\/#breadcrumb\",\"itemListElement\":[{\"@type\":\"ListItem\",\"position\":1,\"name\":\"In\u00edcio\",\"item\":\"https:\\\/\\\/viaonlinedigital.com\\\/\"},{\"@type\":\"ListItem\",\"position\":2,\"name\":\"Alertas Importantes sobre Benef\u00edcios: Bloqueios, Prazos e Mudan\u00e7as nas Regras\"}]},{\"@type\":\"WebSite\",\"@id\":\"https:\\\/\\\/viaonlinedigital.com\\\/#website\",\"url\":\"https:\\\/\\\/viaonlinedigital.com\\\/\",\"name\":\"Via Online Digital\",\"description\":\"Seu blog ideal para todos os momentos\",\"publisher\":{\"@id\":\"https:\\\/\\\/viaonlinedigital.com\\\/#organization\"},\"potentialAction\":[{\"@type\":\"SearchAction\",\"target\":{\"@type\":\"EntryPoint\",\"urlTemplate\":\"https:\\\/\\\/viaonlinedigital.com\\\/?s={search_term_string}\"},\"query-input\":{\"@type\":\"PropertyValueSpecification\",\"valueRequired\":true,\"valueName\":\"search_term_string\"}}],\"inLanguage\":\"ro-RO\"},{\"@type\":\"Organization\",\"@id\":\"https:\\\/\\\/viaonlinedigital.com\\\/#organization\",\"name\":\"Via Online Digital\",\"url\":\"https:\\\/\\\/viaonlinedigital.com\\\/\",\"logo\":{\"@type\":\"ImageObject\",\"inLanguage\":\"ro-RO\",\"@id\":\"https:\\\/\\\/viaonlinedigital.com\\\/#\\\/schema\\\/logo\\\/image\\\/\",\"url\":\"https:\\\/\\\/viaonlinedigital.com\\\/wp-content\\\/uploads\\\/2024\\\/11\\\/cropped-favicon-logo.png\",\"contentUrl\":\"https:\\\/\\\/viaonlinedigital.com\\\/wp-content\\\/uploads\\\/2024\\\/11\\\/cropped-favicon-logo.png\",\"width\":64,\"height\":64,\"caption\":\"Via Online Digital\"},\"image\":{\"@id\":\"https:\\\/\\\/viaonlinedigital.com\\\/#\\\/schema\\\/logo\\\/image\\\/\"}}]}<\/script>\n<!-- \/ Yoast SEO plugin. -->","yoast_head_json":{"title":"Alerte importante privind beneficiile: blocaje, termene limit\u0103 \u0219i modific\u0103ri ale regulilor - prin intermediul aplica\u021biei digitale online","robots":{"index":"index","follow":"follow","max-snippet":"max-snippet:-1","max-image-preview":"max-image-preview:large","max-video-preview":"max-video-preview:-1"},"canonical":"https:\/\/viaonlinedigital.com\/ro\/alertas-importantes-sobre-beneficios-bloqueios-prazos-e-mudancas-nas-regras\/","og_locale":"ro_RO","og_type":"article","og_title":"Alertas Importantes sobre Benef\u00edcios: Bloqueios, Prazos e Mudan\u00e7as nas Regras - Via Online Digital","og_description":"Veja agora avisos que podem afetar diretamente o seu Bolsa Fam\u00edlia, INSS, Aux\u00edlio G\u00e1s e outros benef\u00edcios. N\u00e3o espere descobrir s\u00f3 quando o pagamento n\u00e3o cair. Muita gente s\u00f3 descobre o problema quando o dinheiro some da conta Todo m\u00eas, milhares de pessoas t\u00eam benef\u00edcio bloqueado, suspenso ou cancelado por causa de: \ud83d\udd14 A boa [&hellip;]","og_url":"https:\/\/viaonlinedigital.com\/ro\/alertas-importantes-sobre-beneficios-bloqueios-prazos-e-mudancas-nas-regras\/","og_site_name":"Via Online Digital","article_modified_time":"2025-11-26T23:04:59+00:00","twitter_card":"summary_large_image","twitter_misc":{"Timp estimat pentru citire":"3 minute"},"schema":{"@context":"https:\/\/schema.org","@graph":[{"@type":"WebPage","@id":"https:\/\/viaonlinedigital.com\/alertas-importantes-sobre-beneficios-bloqueios-prazos-e-mudancas-nas-regras\/","url":"https:\/\/viaonlinedigital.com\/alertas-importantes-sobre-beneficios-bloqueios-prazos-e-mudancas-nas-regras\/","name":"Alerte importante privind beneficiile: blocaje, termene limit\u0103 \u0219i modific\u0103ri ale regulilor - prin intermediul aplica\u021biei digitale online","isPartOf":{"@id":"https:\/\/viaonlinedigital.com\/#website"},"datePublished":"2025-11-26T22:54:44+00:00","dateModified":"2025-11-26T23:04:59+00:00","breadcrumb":{"@id":"https:\/\/viaonlinedigital.com\/alertas-importantes-sobre-beneficios-bloqueios-prazos-e-mudancas-nas-regras\/#breadcrumb"},"inLanguage":"ro-RO","potentialAction":[{"@type":"ReadAction","target":["https:\/\/viaonlinedigital.com\/alertas-importantes-sobre-beneficios-bloqueios-prazos-e-mudancas-nas-regras\/"]}]},{"@type":"BreadcrumbList","@id":"https:\/\/viaonlinedigital.com\/alertas-importantes-sobre-beneficios-bloqueios-prazos-e-mudancas-nas-regras\/#breadcrumb","itemListElement":[{"@type":"ListItem","position":1,"name":"In\u00edcio","item":"https:\/\/viaonlinedigital.com\/"},{"@type":"ListItem","position":2,"name":"Alertas Importantes sobre Benef\u00edcios: Bloqueios, Prazos e Mudan\u00e7as nas Regras"}]},{"@type":"WebSite","@id":"https:\/\/viaonlinedigital.com\/#website","url":"https:\/\/viaonlinedigital.com\/","name":"Prin intermediul Online Digital","description":"Blogul t\u0103u ideal pentru orice moment","publisher":{"@id":"https:\/\/viaonlinedigital.com\/#organization"},"potentialAction":[{"@type":"SearchAction","target":{"@type":"EntryPoint","urlTemplate":"https:\/\/viaonlinedigital.com\/?s={search_term_string}"},"query-input":{"@type":"PropertyValueSpecification","valueRequired":true,"valueName":"search_term_string"}}],"inLanguage":"ro-RO"},{"@type":"Organization","@id":"https:\/\/viaonlinedigital.com\/#organization","name":"Prin intermediul Online Digital","url":"https:\/\/viaonlinedigital.com\/","logo":{"@type":"ImageObject","inLanguage":"ro-RO","@id":"https:\/\/viaonlinedigital.com\/#\/schema\/logo\/image\/","url":"https:\/\/viaonlinedigital.com\/wp-content\/uploads\/2024\/11\/cropped-favicon-logo.png","contentUrl":"https:\/\/viaonlinedigital.com\/wp-content\/uploads\/2024\/11\/cropped-favicon-logo.png","width":64,"height":64,"caption":"Via Online Digital"},"image":{"@id":"https:\/\/viaonlinedigital.com\/#\/schema\/logo\/image\/"}}]}},"_links":{"self":[{"href":"https:\/\/viaonlinedigital.com\/ro\/wp-json\/wp\/v2\/pages\/1508","targetHints":{"allow":["GET"]}}],"collection":[{"href":"https:\/\/viaonlinedigital.com\/ro\/wp-json\/wp\/v2\/pages"}],"about":[{"href":"https:\/\/viaonlinedigital.com\/ro\/wp-json\/wp\/v2\/types\/page"}],"author":[{"embeddable":true,"href":"https:\/\/viaonlinedigital.com\/ro\/wp-json\/wp\/v2\/users\/2"}],"replies":[{"embeddable":true,"href":"https:\/\/viaonlinedigital.com\/ro\/wp-json\/wp\/v2\/comments?post=1508"}],"version-history":[{"count":2,"href":"https:\/\/viaonlinedigital.com\/ro\/wp-json\/wp\/v2\/pages\/1508\/revisions"}],"predecessor-version":[{"id":1516,"href":"https:\/\/viaonlinedigital.com\/ro\/wp-json\/wp\/v2\/pages\/1508\/revisions\/1516"}],"wp:attachment":[{"href":"https:\/\/viaonlinedigital.com\/ro\/wp-json\/wp\/v2\/media?parent=1508"}],"curies":[{"name":"wp","href":"https:\/\/api.w.org\/{rel}","templated":true}]}}