{"id":1500,"date":"2025-11-26T19:27:45","date_gmt":"2025-11-26T22:27:45","guid":{"rendered":"https:\/\/viaonlinedigital.com\/?page_id=1500"},"modified":"2025-11-26T20:06:10","modified_gmt":"2025-11-26T23:06:10","slug":"nao-va-ao-cras-ou-inss-sem-ver-esta-lista-de-documentos","status":"publish","type":"page","link":"https:\/\/viaonlinedigital.com\/ro\/nao-va-ao-cras-ou-inss-sem-ver-esta-lista-de-documentos\/","title":{"rendered":"Nu merge\u021bi la CRAS sau INSS f\u0103r\u0103 s\u0103 vede\u021bi aceast\u0103 list\u0103 de documente."},"content":{"rendered":"<html><body><p>Consulta\u021bi lista de verificare a documentelor pentru Bolsa Fam\u00edlia, INSS, Aux\u00edlio G\u00e1s \u0219i alte beneficii. Evita\u021bi s\u0103 fi\u021bi trimis \u00eenapoi acas\u0103.<\/p>\n\n\n\t\t\t\t\t\t<p class=\"wp-block-create-block-sb-buttons\">\n\t\t\t\t<\/p><div class=\"shortcode-botao\">\n    <a href=\"https:\/\/viaonlinedigital.com\/ro\/checklist-de-documentos-para-beneficios-veja-o-que-levar-antes-de-sair-de-casa\/\" class=\"btn-base reward-ads\" style=\"background-color: #d81313; color: #ffffff\">\n        <h3 class=\"title\">\u26a0\ufe0f Consulta\u021bi lista de verificare obligatorie<\/h3>\n    <\/a>\n<\/div>\n\t<div class=\"disclaimer-button1\">Vei r\u0103m\u00e2ne pe acest site.<\/div>\n\t\t\t\n\t\t\t\t\t\n\t\n\t\n\t\n\t\n\n\n<h2 class=\"wp-block-heading\">Motivul nr. 1 pentru respingerea cererii de beneficii<\/h2>\n\n\n\n<p>Majoritatea oamenilor care pleac\u0103 f\u0103r\u0103 s\u0103 rezolve nimic la CRAS, INSS sau alte agen\u021bii nu au f\u0103cut-o pentru c\u0103 nu aveau dreptul la beneficii... Ci pentru c\u0103 nu aveau...\u00a0<strong>documentul corect<\/strong>.<\/p>\n\n\n\n<ul class=\"wp-block-list\">\n<li>\u201cAm ajuns la coad\u0103 la 6 diminea\u021ba \u0219i a trebuit s\u0103 m\u0103 \u00eentorc \u00een alt\u0103 zi.\u201d<\/li>\n\n\n\n<li>\u201cAm uitat unul dintre documentele copiilor mei \u0219i serviciul nu a fost finalizat.\u201d<\/li>\n\n\n\n<li>\u201cFunc\u021bionarul mi-a cerut o dovad\u0103 a adresei actuale, pe care nu am adus-o.\u201d<\/li>\n<\/ul>\n\n\n\n<p>\ud83d\udcdd O list\u0103 de verificare clar\u0103 rezolv\u0103 acest lucru \u00eenainte de a pleca de acas\u0103.<\/p>\n\n\n\n<h2 class=\"wp-block-heading\">Ce ve\u021bi g\u0103si \u00een aceast\u0103 list\u0103 de verificare<\/h2>\n\n\n\n<ul class=\"wp-block-list\">\n<li>Lista documentelor de baz\u0103 care sunt aproape \u00eentotdeauna solicitate;<\/li>\n\n\n\n<li>List\u0103 de verificare specific\u0103 pentru\u00a0<strong>Bolsa Familiei \/ Cad\u00danico<\/strong>;<\/li>\n\n\n\n<li>List\u0103 de verificare pentru\u00a0<strong>Beneficii INSS<\/strong>\u00a0(pension\u0103ri, BPC etc.);<\/li>\n\n\n\n<li>List\u0103 de verificare pentru\u00a0<strong>Subven\u021bia pentru gaze \u0219i alte subven\u021bii<\/strong>;<\/li>\n\n\n\n<li>Sfaturi pentru a organiza totul \u00eenainte de a pleca de acas\u0103.<\/li>\n<\/ul>\n\n\n\n<h2 class=\"wp-block-heading\">Pe scurt: ce documente ar trebui s\u0103 aduna\u021bi mai \u00eent\u00e2i?<\/h2>\n\n\n\n<ul class=\"wp-block-list\">\n<li><strong>CPF<\/strong>\u00a0tuturor celor care vor fi inclu\u0219i \u00een registru;<\/li>\n\n\n\n<li><strong>Document cu fotografie (carte de identitate sau similar)<\/strong>;<\/li>\n\n\n\n<li><strong>Dovad\u0103 recent\u0103 de re\u0219edin\u021b\u0103<\/strong>\u00a0(ap\u0103, electricitate, telefon);<\/li>\n\n\n\n<li><strong>Certificate de na\u0219tere sau c\u0103s\u0103torie<\/strong>\u00a0(atunci c\u00e2nd este cazul);<\/li>\n\n\n\n<li><strong>Dovada venitului<\/strong>\u00a0(carnet de munc\u0103, flutura\u0219i de salariu sau extras de cont).<\/li>\n<\/ul>\n\n\n\n<p>Acestea sunt cele mai frecvente. Mai jos, ve\u021bi vedea o list\u0103 de verificare detaliat\u0103 pentru fiecare beneficiu.<\/p>\n\n\n\n<h2 class=\"wp-block-heading\">List\u0103 de verificare a documentelor \u00een func\u021bie de tipul de beneficiu<\/h2>\n\n\n\n<h3 class=\"wp-block-heading\">\u2705 Bolsa Fam\u00edlia \/ Cad\u00danico<\/h3>\n\n\n\n<ul class=\"wp-block-list\">\n<li>Codul Numeric Personal (CPF) \u0219i Cartea de Identitate Na\u021bional\u0103 (RG) ale capului de familie;<\/li>\n\n\n\n<li>CPF, RG sau certificat de na\u0219tere al tuturor celor care locuiesc \u00een cas\u0103;<\/li>\n\n\n\n<li>Dovad\u0103 recent\u0103 de domiciliu;<\/li>\n\n\n\n<li>Dovada venitului (dac\u0103 este cazul);<\/li>\n\n\n\n<li>Declara\u021bie \u0219colar\u0103 pentru copii\/adolescen\u021bi, \u00een unele cazuri.<\/li>\n<\/ul>\n\n\n\n<h3 class=\"wp-block-heading\">\u2705 Beneficii INSS<\/h3>\n\n\n\n<ul class=\"wp-block-list\">\n<li>CPF (carte de identitate pentru contribuabili braziliani) \u0219i act de identitate cu fotografie;<\/li>\n\n\n\n<li>Dovada contribu\u021biilor (card de plat\u0103, bro\u0219uri de plat\u0103, chitan\u021be);<\/li>\n\n\n\n<li>Rapoarte \u0219i certificate medicale actualizate (pentru presta\u021bii de invaliditate);<\/li>\n\n\n\n<li>Dovada de re\u0219edin\u021b\u0103;<\/li>\n\n\n\n<li>Documente care dovedesc vechimea \u00een munc\u0103, atunci c\u00e2nd este necesar.<\/li>\n<\/ul>\n\n\n\n<h3 class=\"wp-block-heading\">\u2705 Asisten\u021b\u0103 pentru gaz \u0219i alte forme de asisten\u021b\u0103 social\u0103<\/h3>\n\n\n\n<ul class=\"wp-block-list\">\n<li>CPF (carte de identitate pentru contribuabili braziliani) \u0219i act de identitate cu fotografie;<\/li>\n\n\n\n<li>Dovada de re\u0219edin\u021b\u0103;<\/li>\n\n\n\n<li>Dovada \u00eenregistr\u0103rii \u00een Cad\u00danico (Registrul Unic pentru Programe Sociale);<\/li>\n\n\n\n<li>\u00cen unele cazuri, municipalitatea poate solicita documente suplimentare.<\/li>\n<\/ul>\n\n\n\n<h2 class=\"wp-block-heading\">Gre\u0219eli care duc la refuzul serviciului.<\/h2>\n\n\n\n<ul class=\"wp-block-list\">\n<li>Adu o fotografie a documentului pe telefonul mobil doar atunci c\u00e2nd \u021bi se cere originalul;<\/li>\n\n\n\n<li>Nu aduce\u021bi actele copiilor la program\u0103rile Cad\u00danico\/Bolsa Fam\u00edlia;<\/li>\n\n\n\n<li>Folosind o dovad\u0103 de domiciliu foarte veche;<\/li>\n\n\n\n<li>Uitarea de a include un raport medical \u00een cererile de indemniza\u021bie de invaliditate;<\/li>\n\n\n\n<li>Lipsa oric\u0103rei dovezi de venit sau a unei declara\u021bii.<\/li>\n<\/ul>\n\n\n\n<p>\u2705 Dac\u0103 ave\u021bi dubii, aduce\u021bi documente suplimentare. Este mai bine s\u0103 ave\u021bi prea multe dec\u00e2t prea pu\u021bine.<\/p>\n\n\n\n<h2 class=\"wp-block-heading\">\u00centreb\u0103ri rapide despre documente<\/h2>\n\n\n\n<h3 class=\"wp-block-heading\">\ud83d\udccc Pot aduce un document digital?<\/h3>\n\n\n\n<p>Unele servicii accept\u0103 dovezi fizice, dar multe le solicit\u0103 \u00een continuare. Adu-le pe am\u00e2ndou\u0103 dac\u0103 po\u021bi.<\/p>\n\n\n\n<h3 class=\"wp-block-heading\">\ud83d\udccc Trebuie s\u0103 aduc documente pentru to\u021bi cei din cas\u0103?<\/h3>\n\n\n\n<p>Pentru Cad\u00danico \u0219i Bolsa Fam\u00edlia, \u00een general da. Aduce\u021bi contribu\u021bii de la to\u021bi cei care locuiesc \u00eempreun\u0103.<\/p>\n\n\n\n<h3 class=\"wp-block-heading\">\ud83d\udccc Poate fi dovada de domiciliu pe numele altcuiva?<\/h3>\n\n\n\n<p>Da, at\u00e2ta timp c\u00e2t este vorba de cineva care locuie\u0219te \u00een aceea\u0219i cas\u0103. \u00cen unele cazuri, este posibil s\u0103 solicite explica\u021bii suplimentare.<\/p>\n\n\n\n<h2 class=\"wp-block-heading\">Desc\u0103rca\u021bi sau salva\u021bi acum lista de verificare a documentelor.<\/h2>\n\n\n\n<p>\u00cenainte de a pleca de acas\u0103, verifica\u021bi lista complet\u0103 a documentelor necesare pentru fiecare beneficiu.<\/p>\n\n\n\t\t\t\t\t\t<p class=\"wp-block-create-block-sb-buttons\">\n\t\t\t\t<\/p><div class=\"shortcode-botao\">\n    <a href=\"https:\/\/viaonlinedigital.com\/ro\/checklist-de-documentos-para-beneficios-veja-o-que-levar-antes-de-sair-de-casa\/\" class=\"btn-base reward-ads\" style=\"background-color: #d81313; color: #ffffff\">\n        <h3 class=\"title\">\ud83d\udc49 Vezi lista complet\u0103 de documente<\/h3>\n    <\/a>\n<\/div>\n\t<div class=\"disclaimer-button1\">Vei r\u0103m\u00e2ne pe acest site.<\/div>\n\t\t\t\n\t\t\t\t\t\n\t\n\t\n\t\n\t\n\n\n<p>Acest con\u021binut este doar cu titlu informativ. Cerin\u021bele pot varia \u00een func\u021bie de ora\u0219, stat \u0219i tipul de presta\u021bie. Verifica\u021bi \u00eentotdeauna direct cu CRAS (Centrul de Referin\u021b\u0103 pentru Asisten\u021b\u0103 Social\u0103), INSS (Institutul Na\u021bional de Securitate Social\u0103) sau cu canalele guvernamentale oficiale.<\/p>\n\n\n\n<p><\/p>\n<\/body><\/html>","protected":false},"excerpt":{"rendered":"<p>Confira agora o checklist de documentos para Bolsa Fam\u00edlia, INSS, Aux\u00edlio G\u00e1s e outros benef\u00edcios. Evite ser mandado de volta pra casa. O motivo n\u00ba 1 de atendimento recusado em benef\u00edcios A maior parte das pessoas que sai sem resolver nada no CRAS, INSS ou outros \u00f3rg\u00e3os n\u00e3o foi por falta de direito ao benef\u00edcio\u2026 [&hellip;]<\/p>\n","protected":false},"author":2,"featured_media":0,"parent":0,"menu_order":0,"comment_status":"closed","ping_status":"closed","template":"","meta":{"footnotes":""},"class_list":["post-1500","page","type-page","status-publish","hentry"],"yoast_head":"<!-- This site is optimized with the Yoast SEO plugin v27.4 - https:\/\/yoast.com\/product\/yoast-seo-wordpress\/ -->\n<title>N\u00e3o V\u00e1 ao CRAS ou INSS Sem Ver Esta Lista de Documentos - Via Online Digital<\/title>\n<meta name=\"robots\" content=\"index, follow, max-snippet:-1, max-image-preview:large, max-video-preview:-1\" \/>\n<link rel=\"canonical\" href=\"https:\/\/viaonlinedigital.com\/ro\/nao-va-ao-cras-ou-inss-sem-ver-esta-lista-de-documentos\/\" \/>\n<meta property=\"og:locale\" content=\"ro_RO\" \/>\n<meta property=\"og:type\" content=\"article\" \/>\n<meta property=\"og:title\" content=\"N\u00e3o V\u00e1 ao CRAS ou INSS Sem Ver Esta Lista de Documentos - Via Online Digital\" \/>\n<meta property=\"og:description\" content=\"Confira agora o checklist de documentos para Bolsa Fam\u00edlia, INSS, Aux\u00edlio G\u00e1s e outros benef\u00edcios. Evite ser mandado de volta pra casa. O motivo n\u00ba 1 de atendimento recusado em benef\u00edcios A maior parte das pessoas que sai sem resolver nada no CRAS, INSS ou outros \u00f3rg\u00e3os n\u00e3o foi por falta de direito ao benef\u00edcio\u2026 [&hellip;]\" \/>\n<meta property=\"og:url\" content=\"https:\/\/viaonlinedigital.com\/ro\/nao-va-ao-cras-ou-inss-sem-ver-esta-lista-de-documentos\/\" \/>\n<meta property=\"og:site_name\" content=\"Via Online Digital\" \/>\n<meta property=\"article:modified_time\" content=\"2025-11-26T23:06:10+00:00\" \/>\n<meta name=\"twitter:card\" content=\"summary_large_image\" \/>\n<meta name=\"twitter:label1\" content=\"Timp estimat pentru citire\" \/>\n\t<meta name=\"twitter:data1\" content=\"3 minute\" \/>\n<script type=\"application\/ld+json\" class=\"yoast-schema-graph\">{\"@context\":\"https:\\\/\\\/schema.org\",\"@graph\":[{\"@type\":\"WebPage\",\"@id\":\"https:\\\/\\\/viaonlinedigital.com\\\/nao-va-ao-cras-ou-inss-sem-ver-esta-lista-de-documentos\\\/\",\"url\":\"https:\\\/\\\/viaonlinedigital.com\\\/nao-va-ao-cras-ou-inss-sem-ver-esta-lista-de-documentos\\\/\",\"name\":\"N\u00e3o V\u00e1 ao CRAS ou INSS Sem Ver Esta Lista de Documentos - Via Online Digital\",\"isPartOf\":{\"@id\":\"https:\\\/\\\/viaonlinedigital.com\\\/#website\"},\"datePublished\":\"2025-11-26T22:27:45+00:00\",\"dateModified\":\"2025-11-26T23:06:10+00:00\",\"breadcrumb\":{\"@id\":\"https:\\\/\\\/viaonlinedigital.com\\\/nao-va-ao-cras-ou-inss-sem-ver-esta-lista-de-documentos\\\/#breadcrumb\"},\"inLanguage\":\"ro-RO\",\"potentialAction\":[{\"@type\":\"ReadAction\",\"target\":[\"https:\\\/\\\/viaonlinedigital.com\\\/nao-va-ao-cras-ou-inss-sem-ver-esta-lista-de-documentos\\\/\"]}]},{\"@type\":\"BreadcrumbList\",\"@id\":\"https:\\\/\\\/viaonlinedigital.com\\\/nao-va-ao-cras-ou-inss-sem-ver-esta-lista-de-documentos\\\/#breadcrumb\",\"itemListElement\":[{\"@type\":\"ListItem\",\"position\":1,\"name\":\"In\u00edcio\",\"item\":\"https:\\\/\\\/viaonlinedigital.com\\\/\"},{\"@type\":\"ListItem\",\"position\":2,\"name\":\"N\u00e3o V\u00e1 ao CRAS ou INSS Sem Ver Esta Lista de Documentos\"}]},{\"@type\":\"WebSite\",\"@id\":\"https:\\\/\\\/viaonlinedigital.com\\\/#website\",\"url\":\"https:\\\/\\\/viaonlinedigital.com\\\/\",\"name\":\"Via Online Digital\",\"description\":\"Seu blog ideal para todos os momentos\",\"publisher\":{\"@id\":\"https:\\\/\\\/viaonlinedigital.com\\\/#organization\"},\"potentialAction\":[{\"@type\":\"SearchAction\",\"target\":{\"@type\":\"EntryPoint\",\"urlTemplate\":\"https:\\\/\\\/viaonlinedigital.com\\\/?s={search_term_string}\"},\"query-input\":{\"@type\":\"PropertyValueSpecification\",\"valueRequired\":true,\"valueName\":\"search_term_string\"}}],\"inLanguage\":\"ro-RO\"},{\"@type\":\"Organization\",\"@id\":\"https:\\\/\\\/viaonlinedigital.com\\\/#organization\",\"name\":\"Via Online Digital\",\"url\":\"https:\\\/\\\/viaonlinedigital.com\\\/\",\"logo\":{\"@type\":\"ImageObject\",\"inLanguage\":\"ro-RO\",\"@id\":\"https:\\\/\\\/viaonlinedigital.com\\\/#\\\/schema\\\/logo\\\/image\\\/\",\"url\":\"https:\\\/\\\/viaonlinedigital.com\\\/wp-content\\\/uploads\\\/2024\\\/11\\\/cropped-favicon-logo.png\",\"contentUrl\":\"https:\\\/\\\/viaonlinedigital.com\\\/wp-content\\\/uploads\\\/2024\\\/11\\\/cropped-favicon-logo.png\",\"width\":64,\"height\":64,\"caption\":\"Via Online Digital\"},\"image\":{\"@id\":\"https:\\\/\\\/viaonlinedigital.com\\\/#\\\/schema\\\/logo\\\/image\\\/\"}}]}<\/script>\n<!-- \/ Yoast SEO plugin. -->","yoast_head_json":{"title":"Nu merge\u021bi la CRAS sau INSS f\u0103r\u0103 s\u0103 vede\u021bi aceast\u0103 list\u0103 de documente - Acces digital online","robots":{"index":"index","follow":"follow","max-snippet":"max-snippet:-1","max-image-preview":"max-image-preview:large","max-video-preview":"max-video-preview:-1"},"canonical":"https:\/\/viaonlinedigital.com\/ro\/nao-va-ao-cras-ou-inss-sem-ver-esta-lista-de-documentos\/","og_locale":"ro_RO","og_type":"article","og_title":"N\u00e3o V\u00e1 ao CRAS ou INSS Sem Ver Esta Lista de Documentos - Via Online Digital","og_description":"Confira agora o checklist de documentos para Bolsa Fam\u00edlia, INSS, Aux\u00edlio G\u00e1s e outros benef\u00edcios. Evite ser mandado de volta pra casa. O motivo n\u00ba 1 de atendimento recusado em benef\u00edcios A maior parte das pessoas que sai sem resolver nada no CRAS, INSS ou outros \u00f3rg\u00e3os n\u00e3o foi por falta de direito ao benef\u00edcio\u2026 [&hellip;]","og_url":"https:\/\/viaonlinedigital.com\/ro\/nao-va-ao-cras-ou-inss-sem-ver-esta-lista-de-documentos\/","og_site_name":"Via Online Digital","article_modified_time":"2025-11-26T23:06:10+00:00","twitter_card":"summary_large_image","twitter_misc":{"Timp estimat pentru citire":"3 minute"},"schema":{"@context":"https:\/\/schema.org","@graph":[{"@type":"WebPage","@id":"https:\/\/viaonlinedigital.com\/nao-va-ao-cras-ou-inss-sem-ver-esta-lista-de-documentos\/","url":"https:\/\/viaonlinedigital.com\/nao-va-ao-cras-ou-inss-sem-ver-esta-lista-de-documentos\/","name":"Nu merge\u021bi la CRAS sau INSS f\u0103r\u0103 s\u0103 vede\u021bi aceast\u0103 list\u0103 de documente - Acces digital online","isPartOf":{"@id":"https:\/\/viaonlinedigital.com\/#website"},"datePublished":"2025-11-26T22:27:45+00:00","dateModified":"2025-11-26T23:06:10+00:00","breadcrumb":{"@id":"https:\/\/viaonlinedigital.com\/nao-va-ao-cras-ou-inss-sem-ver-esta-lista-de-documentos\/#breadcrumb"},"inLanguage":"ro-RO","potentialAction":[{"@type":"ReadAction","target":["https:\/\/viaonlinedigital.com\/nao-va-ao-cras-ou-inss-sem-ver-esta-lista-de-documentos\/"]}]},{"@type":"BreadcrumbList","@id":"https:\/\/viaonlinedigital.com\/nao-va-ao-cras-ou-inss-sem-ver-esta-lista-de-documentos\/#breadcrumb","itemListElement":[{"@type":"ListItem","position":1,"name":"In\u00edcio","item":"https:\/\/viaonlinedigital.com\/"},{"@type":"ListItem","position":2,"name":"N\u00e3o V\u00e1 ao CRAS ou INSS Sem Ver Esta Lista de Documentos"}]},{"@type":"WebSite","@id":"https:\/\/viaonlinedigital.com\/#website","url":"https:\/\/viaonlinedigital.com\/","name":"Prin intermediul Online Digital","description":"Blogul t\u0103u ideal pentru orice moment","publisher":{"@id":"https:\/\/viaonlinedigital.com\/#organization"},"potentialAction":[{"@type":"SearchAction","target":{"@type":"EntryPoint","urlTemplate":"https:\/\/viaonlinedigital.com\/?s={search_term_string}"},"query-input":{"@type":"PropertyValueSpecification","valueRequired":true,"valueName":"search_term_string"}}],"inLanguage":"ro-RO"},{"@type":"Organization","@id":"https:\/\/viaonlinedigital.com\/#organization","name":"Prin intermediul Online Digital","url":"https:\/\/viaonlinedigital.com\/","logo":{"@type":"ImageObject","inLanguage":"ro-RO","@id":"https:\/\/viaonlinedigital.com\/#\/schema\/logo\/image\/","url":"https:\/\/viaonlinedigital.com\/wp-content\/uploads\/2024\/11\/cropped-favicon-logo.png","contentUrl":"https:\/\/viaonlinedigital.com\/wp-content\/uploads\/2024\/11\/cropped-favicon-logo.png","width":64,"height":64,"caption":"Via Online Digital"},"image":{"@id":"https:\/\/viaonlinedigital.com\/#\/schema\/logo\/image\/"}}]}},"_links":{"self":[{"href":"https:\/\/viaonlinedigital.com\/ro\/wp-json\/wp\/v2\/pages\/1500","targetHints":{"allow":["GET"]}}],"collection":[{"href":"https:\/\/viaonlinedigital.com\/ro\/wp-json\/wp\/v2\/pages"}],"about":[{"href":"https:\/\/viaonlinedigital.com\/ro\/wp-json\/wp\/v2\/types\/page"}],"author":[{"embeddable":true,"href":"https:\/\/viaonlinedigital.com\/ro\/wp-json\/wp\/v2\/users\/2"}],"replies":[{"embeddable":true,"href":"https:\/\/viaonlinedigital.com\/ro\/wp-json\/wp\/v2\/comments?post=1500"}],"version-history":[{"count":3,"href":"https:\/\/viaonlinedigital.com\/ro\/wp-json\/wp\/v2\/pages\/1500\/revisions"}],"predecessor-version":[{"id":1517,"href":"https:\/\/viaonlinedigital.com\/ro\/wp-json\/wp\/v2\/pages\/1500\/revisions\/1517"}],"wp:attachment":[{"href":"https:\/\/viaonlinedigital.com\/ro\/wp-json\/wp\/v2\/media?parent=1500"}],"curies":[{"name":"wp","href":"https:\/\/api.w.org\/{rel}","templated":true}]}}