{"id":1456,"date":"2025-11-24T20:36:29","date_gmt":"2025-11-24T23:36:29","guid":{"rendered":"https:\/\/viaonlinedigital.com\/?page_id=1456"},"modified":"2025-11-24T20:52:56","modified_gmt":"2025-11-24T23:52:56","slug":"calendario-de-pagamento-atualizado-bolsa-familia-inss-e-auxilios-deste-mes","status":"publish","type":"page","link":"https:\/\/viaonlinedigital.com\/ro\/calendario-de-pagamento-atualizado-bolsa-familia-inss-e-auxilios-deste-mes\/","title":{"rendered":"Grafic actualizat de pl\u0103\u021bi: Bolsa Fam\u00edlia, INSS \u0219i beneficii pentru aceast\u0103 lun\u0103"},"content":{"rendered":"<html><body><p>Vede\u021bi \u00een ce zi primi\u021bi plata, conform num\u0103rului NIS, num\u0103rului CPF sau ultimei cifre a num\u0103rului de beneficii. Evita\u021bi surprizele \u0219i \u00eent\u00e2rzierile.<\/p>\n\n\n\t\t\t\t\t\t<p class=\"wp-block-create-block-sb-buttons\">\n\t\t\t\t<\/p><div class=\"shortcode-botao\">\n    <a href=\"https:\/\/viaonlinedigital.com\/ro\/calendario-de-pagamento-atualizado-bolsa-familia-inss-e-auxilios\/\" class=\"btn-base reward-ads\" style=\"background-color: #1e90ff; color: #ffffff\">\n        <h3 class=\"title\">\ud83d\udc49 Vizualiza\u021bi calendarul actualizat<\/h3>\n    <\/a>\n<\/div>\n\t<div class=\"disclaimer-button1\">Vei r\u0103m\u00e2ne pe acest site.<\/div>\n\t\t\t\n\t\t\t\t\t\n\t\n\t\n\t\n\t\n\n\n<h2 class=\"wp-block-heading\">Mii de brazilieni verific\u0103 calendarul \u00een fiecare lun\u0103.<\/h2>\n\n\n\n<ul class=\"wp-block-list\">\n<li>\u201cAm aflat c\u0103 plata a sosit cu o zi mai devreme dec\u00e2t credeam.\u201d<\/li>\n\n\n\n<li>\u201cAcum nu mai ratez niciodat\u0103 termenul limit\u0103, m\u0103 pot organiza perfect.\u201d<\/li>\n\n\n\n<li>\u201c\u00centotdeauna folosesc acest calendar pentru a \u0219ti c\u00e2nd va fi depus\u0103 plata Bolsa Fam\u00edlia.\u201d<\/li>\n<\/ul>\n\n\n\n<p>\ud83d\udcc5 Organizarea finan\u021belor tale \u00eencepe cu a cunoa\u0219te ziua exact\u0103 \u00een care \u00ee\u021bi intr\u0103 banii.<\/p>\n\n\n\n<h2 class=\"wp-block-heading\">Ce ve\u021bi vedea pe aceast\u0103 pagin\u0103<\/h2>\n\n\n\n<ul class=\"wp-block-list\">\n<li>\u2705\u00a0<strong>Calendarul Bolsa Fam\u00edlia<\/strong>\u00a0organizat de NIS final<\/li>\n\n\n\n<li>\u2705\u00a0<strong>Calendarul INSS<\/strong>\u00a0la sf\u00e2r\u0219itul beneficiului<\/li>\n\n\n\n<li>\u2705\u00a0<strong>Datele asisten\u021bei pentru gaz<\/strong>\u00a0\u0219i alte ajutoare<\/li>\n\n\n\n<li>\u2705 Explica\u021bie simpl\u0103 despre cum se cite\u0219te calendarul<\/li>\n\n\n\n<li>\u2705 Sfaturi pentru a evita pierderea pl\u0103\u021bilor din cauza lipsei de informa\u021bii<\/li>\n<\/ul>\n\n\n\n<h2 class=\"wp-block-heading\">Un scurt rezumat al calendarelor din aceast\u0103 lun\u0103.<\/h2>\n\n\n\n<figure class=\"wp-block-table\"><table class=\"has-fixed-layout\"><thead><tr><th>Beneficia<\/th><th>Baza<\/th><th>Cum se vizualizeaz\u0103 data<\/th><\/tr><\/thead><tbody><tr><td>Aloca\u021bie familial\u0103<\/td><td>Sf\u00e2r\u0219itul NIS<\/td><td>Verifica\u021bi ultima cifr\u0103 a num\u0103rului dumneavoastr\u0103 NIS \u0219i vede\u021bi ziua corespunz\u0103toare \u00een tabel.<\/td><\/tr><tr><td>INSS<\/td><td>Sf\u00e2r\u0219itul beneficiului<\/td><td>Uit\u0103-te la ultima cifr\u0103 a num\u0103rului t\u0103u de beneficii \u0219i verific\u0103-o \u00een raport cu linia calendaristic\u0103.<\/td><\/tr><tr><td>Ajutor cu gaze<\/td><td>Calendar propriu<\/td><td>Datele sunt stabilite la fiecare dou\u0103 luni; v\u0103 rug\u0103m s\u0103 consulta\u021bi tabelul de mai jos.<\/td><\/tr><\/tbody><\/table><\/figure>\n\n\n\n<h2 class=\"wp-block-heading\">Cum s\u0103 \u00een\u021belegi graficul de pl\u0103\u021bi<\/h2>\n\n\n\n<p>Pentru aproape toate beneficiile guvernamentale, data pl\u0103\u021bii nu este aceea\u0219i pentru toat\u0103 lumea. Depinde de...\u00a0<strong>sf\u00e2r\u0219itul NIS<\/strong>, de\u00a0<strong>sf\u00e2r\u0219itul beneficiului<\/strong>\u00a0sau de la o mas\u0103 oficial\u0103.<\/p>\n\n\n\n<ul class=\"wp-block-list\">\n<li>Nodul\u00a0<strong>Aloca\u021bie familial\u0103<\/strong>, te ui\u021bi la\u00a0<strong>ultimul num\u0103r NIS<\/strong>\u00a0Pe card sau \u00een aplica\u021bie.<\/li>\n\n\n\n<li>Nodul\u00a0<strong>INSS<\/strong>, folose\u0219ti\u00a0<strong>num\u0103r de beneficiu<\/strong>.<\/li>\n\n\n\n<li>Nodul\u00a0<strong>Subven\u021bia pentru gaze \u0219i alte subven\u021bii<\/strong>, Tabelul publicat de guvern este urm\u0103torul.<\/li>\n<\/ul>\n\n\n\n<h2 class=\"wp-block-heading\">De ce este important s\u0103 \u021binem eviden\u021ba calendarului \u00een fiecare lun\u0103?<\/h2>\n\n\n\n<ul class=\"wp-block-list\">\n<li>Evi\u021bi s\u0103 te g\u00e2nde\u0219ti c\u0103 \u201cbeneficiul nu a fost creditat\u201d c\u00e2nd, de fapt, nu era \u00eenc\u0103 data scadent\u0103.<\/li>\n\n\n\n<li>E\u0219ti capabil s\u0103 te organizezi mai bine cu facturile, cump\u0103r\u0103turile \u0219i datoriile.<\/li>\n\n\n\n<li>Pute\u021bi identifica \u00eent\u00e2rzieri reale sau poten\u021biale probleme de \u00eenregistrare?.<\/li>\n\n\n\n<li>Nu c\u0103dea \u00een plasa escrocheriilor persoanelor care inventeaz\u0103 \u00eent\u00e2lniri false.<\/li>\n<\/ul>\n\n\n\n<h2 class=\"wp-block-heading\">\u00centreb\u0103ri frecvente despre programul de pl\u0103\u021bi<\/h2>\n\n\n\n<h3 class=\"wp-block-heading\">\ud83d\udccc Calendarul este acela\u0219i pentru toate statele?<\/h3>\n\n\n\n<p>Pentru beneficiile na\u021bionale, cum ar fi Bolsa Fam\u00edlia \u0219i INSS, programul este acela\u0219i \u00een \u00eentreaga \u021bar\u0103.<\/p>\n\n\n\n<h3 class=\"wp-block-heading\">\ud83d\udccc Poate guvernul s\u0103 schimbe data?<\/h3>\n\n\n\n<p>Da, se poate. \u00cen cazuri speciale, datele pot fi am\u00e2nate sau ajustate, a\u0219a c\u0103 este important s\u0103 fi\u021bi la curent cu actualiz\u0103rile.<\/p>\n\n\n\n<h3 class=\"wp-block-heading\">\ud83d\udccc Dac\u0103 ratez termenul limit\u0103, pierd beneficiul?<\/h3>\n\n\n\n<p>\u00cen general, nu, banii r\u0103m\u00e2n disponibili pentru o perioad\u0103 de timp. Cu toate acestea, netransferul banilor pentru o perioad\u0103 prea lung\u0103 poate duce la blocaje viitoare.<\/p>\n\n\n\n<h2 class=\"wp-block-heading\">Vede\u021bi acum programul complet de pl\u0103\u021bi pentru aceast\u0103 lun\u0103.<\/h2>\n\n\n\n<p>Face\u021bi clic mai jos pentru a vedea datele detaliate pentru Bolsa Fam\u00edlia, INSS, Aux\u00edlio G\u00e1s \u0219i alte beneficii.<\/p>\n\n\n\t\t\t\t\t\t<p class=\"wp-block-create-block-sb-buttons\">\n\t\t\t\t<\/p><div class=\"shortcode-botao\">\n    <a href=\"https:\/\/viaonlinedigital.com\/ro\/calendario-de-pagamento-atualizado-bolsa-familia-inss-e-auxilios\/\" class=\"btn-base reward-ads\" style=\"background-color: #1e90ff; color: #ffffff\">\n        <h3 class=\"title\">\ud83d\udc49 Vezi calendarul complet<\/h3>\n    <\/a>\n<\/div>\n\t<div class=\"disclaimer-button1\">Vei r\u0103m\u00e2ne pe acest site.<\/div>\n\t\t\t\n\t\t\t\t\t\n\t\n\t\n\t\n\t\n\n\n<p>Acest con\u021binut este doar \u00een scop informativ. Confirma\u021bi \u00eentotdeauna datele prin canalele oficiale ale Guvernului Federal.<\/p>\n\n\n\n<p><\/p>\n<\/body><\/html>","protected":false},"excerpt":{"rendered":"<p>Veja em que dia voc\u00ea recebe, de acordo com o seu NIS, CPF ou final do benef\u00edcio. Evite surpresas e atrasos. Milhares de brasileiros conferem o calend\u00e1rio todo m\u00eas \ud83d\udcc5 Organizar a vida financeira come\u00e7a sabendo o dia certo que o dinheiro entra. O que voc\u00ea vai ver nesta p\u00e1gina Resumo r\u00e1pido dos calend\u00e1rios deste [&hellip;]<\/p>\n","protected":false},"author":2,"featured_media":0,"parent":0,"menu_order":0,"comment_status":"closed","ping_status":"closed","template":"","meta":{"footnotes":""},"class_list":["post-1456","page","type-page","status-publish","hentry"],"yoast_head":"<!-- This site is optimized with the Yoast SEO plugin v27.4 - https:\/\/yoast.com\/product\/yoast-seo-wordpress\/ -->\n<title>Calend\u00e1rio de Pagamento Atualizado: Bolsa Fam\u00edlia, INSS e Aux\u00edlios deste m\u00eas - Via Online Digital<\/title>\n<meta name=\"robots\" content=\"index, follow, max-snippet:-1, max-image-preview:large, max-video-preview:-1\" \/>\n<link rel=\"canonical\" href=\"https:\/\/viaonlinedigital.com\/ro\/calendario-de-pagamento-atualizado-bolsa-familia-inss-e-auxilios-deste-mes\/\" \/>\n<meta property=\"og:locale\" content=\"ro_RO\" \/>\n<meta property=\"og:type\" content=\"article\" \/>\n<meta property=\"og:title\" content=\"Calend\u00e1rio de Pagamento Atualizado: Bolsa Fam\u00edlia, INSS e Aux\u00edlios deste m\u00eas - Via Online Digital\" \/>\n<meta property=\"og:description\" content=\"Veja em que dia voc\u00ea recebe, de acordo com o seu NIS, CPF ou final do benef\u00edcio. Evite surpresas e atrasos. Milhares de brasileiros conferem o calend\u00e1rio todo m\u00eas \ud83d\udcc5 Organizar a vida financeira come\u00e7a sabendo o dia certo que o dinheiro entra. O que voc\u00ea vai ver nesta p\u00e1gina Resumo r\u00e1pido dos calend\u00e1rios deste [&hellip;]\" \/>\n<meta property=\"og:url\" content=\"https:\/\/viaonlinedigital.com\/ro\/calendario-de-pagamento-atualizado-bolsa-familia-inss-e-auxilios-deste-mes\/\" \/>\n<meta property=\"og:site_name\" content=\"Via Online Digital\" \/>\n<meta property=\"article:modified_time\" content=\"2025-11-24T23:52:56+00:00\" \/>\n<meta name=\"twitter:card\" content=\"summary_large_image\" \/>\n<meta name=\"twitter:label1\" content=\"Timp estimat pentru citire\" \/>\n\t<meta name=\"twitter:data1\" content=\"3 minute\" \/>\n<script type=\"application\/ld+json\" class=\"yoast-schema-graph\">{\"@context\":\"https:\\\/\\\/schema.org\",\"@graph\":[{\"@type\":\"WebPage\",\"@id\":\"https:\\\/\\\/viaonlinedigital.com\\\/calendario-de-pagamento-atualizado-bolsa-familia-inss-e-auxilios-deste-mes\\\/\",\"url\":\"https:\\\/\\\/viaonlinedigital.com\\\/calendario-de-pagamento-atualizado-bolsa-familia-inss-e-auxilios-deste-mes\\\/\",\"name\":\"Calend\u00e1rio de Pagamento Atualizado: Bolsa Fam\u00edlia, INSS e Aux\u00edlios deste m\u00eas - Via Online Digital\",\"isPartOf\":{\"@id\":\"https:\\\/\\\/viaonlinedigital.com\\\/#website\"},\"datePublished\":\"2025-11-24T23:36:29+00:00\",\"dateModified\":\"2025-11-24T23:52:56+00:00\",\"breadcrumb\":{\"@id\":\"https:\\\/\\\/viaonlinedigital.com\\\/calendario-de-pagamento-atualizado-bolsa-familia-inss-e-auxilios-deste-mes\\\/#breadcrumb\"},\"inLanguage\":\"ro-RO\",\"potentialAction\":[{\"@type\":\"ReadAction\",\"target\":[\"https:\\\/\\\/viaonlinedigital.com\\\/calendario-de-pagamento-atualizado-bolsa-familia-inss-e-auxilios-deste-mes\\\/\"]}]},{\"@type\":\"BreadcrumbList\",\"@id\":\"https:\\\/\\\/viaonlinedigital.com\\\/calendario-de-pagamento-atualizado-bolsa-familia-inss-e-auxilios-deste-mes\\\/#breadcrumb\",\"itemListElement\":[{\"@type\":\"ListItem\",\"position\":1,\"name\":\"In\u00edcio\",\"item\":\"https:\\\/\\\/viaonlinedigital.com\\\/\"},{\"@type\":\"ListItem\",\"position\":2,\"name\":\"Calend\u00e1rio de Pagamento Atualizado: Bolsa Fam\u00edlia, INSS e Aux\u00edlios deste m\u00eas\"}]},{\"@type\":\"WebSite\",\"@id\":\"https:\\\/\\\/viaonlinedigital.com\\\/#website\",\"url\":\"https:\\\/\\\/viaonlinedigital.com\\\/\",\"name\":\"Via Online Digital\",\"description\":\"Seu blog ideal para todos os momentos\",\"publisher\":{\"@id\":\"https:\\\/\\\/viaonlinedigital.com\\\/#organization\"},\"potentialAction\":[{\"@type\":\"SearchAction\",\"target\":{\"@type\":\"EntryPoint\",\"urlTemplate\":\"https:\\\/\\\/viaonlinedigital.com\\\/?s={search_term_string}\"},\"query-input\":{\"@type\":\"PropertyValueSpecification\",\"valueRequired\":true,\"valueName\":\"search_term_string\"}}],\"inLanguage\":\"ro-RO\"},{\"@type\":\"Organization\",\"@id\":\"https:\\\/\\\/viaonlinedigital.com\\\/#organization\",\"name\":\"Via Online Digital\",\"url\":\"https:\\\/\\\/viaonlinedigital.com\\\/\",\"logo\":{\"@type\":\"ImageObject\",\"inLanguage\":\"ro-RO\",\"@id\":\"https:\\\/\\\/viaonlinedigital.com\\\/#\\\/schema\\\/logo\\\/image\\\/\",\"url\":\"https:\\\/\\\/viaonlinedigital.com\\\/wp-content\\\/uploads\\\/2024\\\/11\\\/cropped-favicon-logo.png\",\"contentUrl\":\"https:\\\/\\\/viaonlinedigital.com\\\/wp-content\\\/uploads\\\/2024\\\/11\\\/cropped-favicon-logo.png\",\"width\":64,\"height\":64,\"caption\":\"Via Online Digital\"},\"image\":{\"@id\":\"https:\\\/\\\/viaonlinedigital.com\\\/#\\\/schema\\\/logo\\\/image\\\/\"}}]}<\/script>\n<!-- \/ Yoast SEO plugin. -->","yoast_head_json":{"title":"Grafic de pl\u0103\u021bi actualizat: Bolsa Fam\u00edlia, INSS \u0219i beneficii pentru aceast\u0103 lun\u0103 - Acces digital online","robots":{"index":"index","follow":"follow","max-snippet":"max-snippet:-1","max-image-preview":"max-image-preview:large","max-video-preview":"max-video-preview:-1"},"canonical":"https:\/\/viaonlinedigital.com\/ro\/calendario-de-pagamento-atualizado-bolsa-familia-inss-e-auxilios-deste-mes\/","og_locale":"ro_RO","og_type":"article","og_title":"Calend\u00e1rio de Pagamento Atualizado: Bolsa Fam\u00edlia, INSS e Aux\u00edlios deste m\u00eas - Via Online Digital","og_description":"Veja em que dia voc\u00ea recebe, de acordo com o seu NIS, CPF ou final do benef\u00edcio. Evite surpresas e atrasos. Milhares de brasileiros conferem o calend\u00e1rio todo m\u00eas \ud83d\udcc5 Organizar a vida financeira come\u00e7a sabendo o dia certo que o dinheiro entra. O que voc\u00ea vai ver nesta p\u00e1gina Resumo r\u00e1pido dos calend\u00e1rios deste [&hellip;]","og_url":"https:\/\/viaonlinedigital.com\/ro\/calendario-de-pagamento-atualizado-bolsa-familia-inss-e-auxilios-deste-mes\/","og_site_name":"Via Online Digital","article_modified_time":"2025-11-24T23:52:56+00:00","twitter_card":"summary_large_image","twitter_misc":{"Timp estimat pentru citire":"3 minute"},"schema":{"@context":"https:\/\/schema.org","@graph":[{"@type":"WebPage","@id":"https:\/\/viaonlinedigital.com\/calendario-de-pagamento-atualizado-bolsa-familia-inss-e-auxilios-deste-mes\/","url":"https:\/\/viaonlinedigital.com\/calendario-de-pagamento-atualizado-bolsa-familia-inss-e-auxilios-deste-mes\/","name":"Grafic de pl\u0103\u021bi actualizat: Bolsa Fam\u00edlia, INSS \u0219i beneficii pentru aceast\u0103 lun\u0103 - Acces digital online","isPartOf":{"@id":"https:\/\/viaonlinedigital.com\/#website"},"datePublished":"2025-11-24T23:36:29+00:00","dateModified":"2025-11-24T23:52:56+00:00","breadcrumb":{"@id":"https:\/\/viaonlinedigital.com\/calendario-de-pagamento-atualizado-bolsa-familia-inss-e-auxilios-deste-mes\/#breadcrumb"},"inLanguage":"ro-RO","potentialAction":[{"@type":"ReadAction","target":["https:\/\/viaonlinedigital.com\/calendario-de-pagamento-atualizado-bolsa-familia-inss-e-auxilios-deste-mes\/"]}]},{"@type":"BreadcrumbList","@id":"https:\/\/viaonlinedigital.com\/calendario-de-pagamento-atualizado-bolsa-familia-inss-e-auxilios-deste-mes\/#breadcrumb","itemListElement":[{"@type":"ListItem","position":1,"name":"In\u00edcio","item":"https:\/\/viaonlinedigital.com\/"},{"@type":"ListItem","position":2,"name":"Calend\u00e1rio de Pagamento Atualizado: Bolsa Fam\u00edlia, INSS e Aux\u00edlios deste m\u00eas"}]},{"@type":"WebSite","@id":"https:\/\/viaonlinedigital.com\/#website","url":"https:\/\/viaonlinedigital.com\/","name":"Prin intermediul Online Digital","description":"Blogul t\u0103u ideal pentru orice moment","publisher":{"@id":"https:\/\/viaonlinedigital.com\/#organization"},"potentialAction":[{"@type":"SearchAction","target":{"@type":"EntryPoint","urlTemplate":"https:\/\/viaonlinedigital.com\/?s={search_term_string}"},"query-input":{"@type":"PropertyValueSpecification","valueRequired":true,"valueName":"search_term_string"}}],"inLanguage":"ro-RO"},{"@type":"Organization","@id":"https:\/\/viaonlinedigital.com\/#organization","name":"Prin intermediul Online Digital","url":"https:\/\/viaonlinedigital.com\/","logo":{"@type":"ImageObject","inLanguage":"ro-RO","@id":"https:\/\/viaonlinedigital.com\/#\/schema\/logo\/image\/","url":"https:\/\/viaonlinedigital.com\/wp-content\/uploads\/2024\/11\/cropped-favicon-logo.png","contentUrl":"https:\/\/viaonlinedigital.com\/wp-content\/uploads\/2024\/11\/cropped-favicon-logo.png","width":64,"height":64,"caption":"Via Online Digital"},"image":{"@id":"https:\/\/viaonlinedigital.com\/#\/schema\/logo\/image\/"}}]}},"_links":{"self":[{"href":"https:\/\/viaonlinedigital.com\/ro\/wp-json\/wp\/v2\/pages\/1456","targetHints":{"allow":["GET"]}}],"collection":[{"href":"https:\/\/viaonlinedigital.com\/ro\/wp-json\/wp\/v2\/pages"}],"about":[{"href":"https:\/\/viaonlinedigital.com\/ro\/wp-json\/wp\/v2\/types\/page"}],"author":[{"embeddable":true,"href":"https:\/\/viaonlinedigital.com\/ro\/wp-json\/wp\/v2\/users\/2"}],"replies":[{"embeddable":true,"href":"https:\/\/viaonlinedigital.com\/ro\/wp-json\/wp\/v2\/comments?post=1456"}],"version-history":[{"count":2,"href":"https:\/\/viaonlinedigital.com\/ro\/wp-json\/wp\/v2\/pages\/1456\/revisions"}],"predecessor-version":[{"id":1464,"href":"https:\/\/viaonlinedigital.com\/ro\/wp-json\/wp\/v2\/pages\/1456\/revisions\/1464"}],"wp:attachment":[{"href":"https:\/\/viaonlinedigital.com\/ro\/wp-json\/wp\/v2\/media?parent=1456"}],"curies":[{"name":"wp","href":"https:\/\/api.w.org\/{rel}","templated":true}]}}