{"id":2,"date":"2024-11-25T12:11:17","date_gmt":"2024-11-25T15:11:17","guid":{"rendered":"https:\/\/viaonlinedigital.com\/?page_id=2"},"modified":"2025-02-27T08:42:20","modified_gmt":"2025-02-27T11:42:20","slug":"sobre-nos","status":"publish","type":"page","link":"https:\/\/viaonlinedigital.com\/it\/sobre-nos\/","title":{"rendered":"Chi siamo"},"content":{"rendered":"<html><body><p><strong>Chi siamo<\/strong><\/p>\n<p>Nel <strong>Tramite Online Digital<\/strong>Noi di , ci impegniamo a connettere le aziende con il futuro digitale. Fondata da professionisti esperti, la nostra missione \u00e8 trasformare la presenza online dei brand attraverso soluzioni creative e innovative. Crediamo che ogni azienda abbia una storia unica e la nostra missione \u00e8 contribuire a raccontarla in modo efficace e coinvolgente nel mondo digitale.<\/p>\n<p><img loading=\"lazy\" decoding=\"async\" class=\"size-medium wp-image-891 alignleft\" src=\"https:\/\/viaonlinedigital.com\/wp-content\/uploads\/2025\/02\/69a66836-1786-48e9-b682-5fdf1d14864a-300x300.png\" alt=\"\" width=\"300\" height=\"300\" srcset=\"https:\/\/viaonlinedigital.com\/wp-content\/uploads\/2025\/02\/69a66836-1786-48e9-b682-5fdf1d14864a-300x300.png 300w, https:\/\/viaonlinedigital.com\/wp-content\/uploads\/2025\/02\/69a66836-1786-48e9-b682-5fdf1d14864a-150x150.png 150w, https:\/\/viaonlinedigital.com\/wp-content\/uploads\/2025\/02\/69a66836-1786-48e9-b682-5fdf1d14864a-768x768.png 768w, https:\/\/viaonlinedigital.com\/wp-content\/uploads\/2025\/02\/69a66836-1786-48e9-b682-5fdf1d14864a.png 1024w\" sizes=\"auto, (max-width: 300px) 100vw, 300px\" \/><\/p>\n<p>Marcelo Breda \u00e8 un rinomato creatore di contenuti digitali che si \u00e8 fatto un nome online con il suo sito web Viaonlinedigital.com, una piattaforma dedicata alla formazione e alla condivisione di conoscenze in vari ambiti della vita moderna. Con una carriera segnata dalla passione per la tecnologia, il business e l&#039;innovazione, Marcelo ha trasformato la sua esperienza professionale in una fonte di informazioni affidabile per migliaia di lettori.<\/p>\n<p data-spm-anchor-id=\"5aebb161.2ef5001f.0.i223.14b0c9217t9xBl\">Attraverso Viaonlinedigital.com, Marcelo affronta argomenti come il marketing digitale, la finanza personale, l&#039;imprenditorialit\u00e0 e le tendenze tecnologiche, cercando sempre di offrire spunti pratici e accessibili. Il suo stile di scrittura \u00e8 chiaro e obiettivo, il che facilita la comprensione anche dei concetti pi\u00f9 complessi, rendendoli comprensibili a chiunque sia interessato ad ampliare i propri orizzonti. Inoltre, non si limita a esporre teorie; i suoi post includono spesso casi di vita reale, suggerimenti applicabili e analisi dettagliate che aiutano i lettori a mettere in pratica le idee discusse nella propria vita o nella propria attivit\u00e0.<\/p>\n<p data-spm-anchor-id=\"5aebb161.2ef5001f.0.i221.14b0c9217t9xBl\">L&#039;impegno di Marcelo per la qualit\u00e0 dei contenuti riflette la sua visione secondo cui l&#039;accesso alla conoscenza dovrebbe essere democratico e diretto. \u00c8 consapevole che, in un mondo sempre pi\u00f9 connesso, rimanere informati \u00e8 essenziale per il successo personale e professionale. Pertanto, si impegna a mantenere il sito aggiornato con le ultime novit\u00e0 di mercato, garantendo ai suoi follower l&#039;accesso a informazioni pertinenti e tempestive.<\/p>\n<p data-spm-anchor-id=\"5aebb161.2ef5001f.0.i222.14b0c9217t9xBl\">Oltre al suo lavoro presso Viaonlinedigital.com, Marcelo partecipa attivamente anche a eventi e social media, dove interagisce direttamente con il suo pubblico. Questa vicinanza gli permette di identificare le esigenze e le domande degli utenti, adattando costantemente il focus dei suoi contenuti per soddisfare al meglio le loro aspettative.<\/p>\n<p>Con una solida carriera e un impatto crescente sulla comunit\u00e0 digitale, Marcelo Breda continua a essere un modello per chi desidera imparare, crescere e prosperare in un ambiente in continua evoluzione. La sua eredit\u00e0 si costruisce non solo attraverso le parole pubblicate sul suo sito web, ma anche attraverso l&#039;ispirazione che trasmette a chiunque incroci virtualmente il suo cammino.<\/p>\n<\/body><\/html>","protected":false},"excerpt":{"rendered":"<p>Quem Somos Na Via Online Digital, somos apaixonados por conectar empresas com o futuro digital. Fundada por profissionais experientes, nossa miss\u00e3o \u00e9 transformar a presen\u00e7a online das marcas por meio de solu\u00e7\u00f5es criativas e inovadoras. Acreditamos que cada neg\u00f3cio tem uma hist\u00f3ria \u00fanica, e nossa miss\u00e3o \u00e9 ajudar a contar essa hist\u00f3ria de forma eficaz [&hellip;]<\/p>\n","protected":false},"author":1,"featured_media":0,"parent":0,"menu_order":0,"comment_status":"closed","ping_status":"closed","template":"","meta":{"footnotes":""},"class_list":["post-2","page","type-page","status-publish","hentry"],"yoast_head":"<!-- This site is optimized with the Yoast SEO plugin v27.4 - https:\/\/yoast.com\/product\/yoast-seo-wordpress\/ -->\n<title>Sobre N\u00f3s - Via Online Digital<\/title>\n<meta name=\"robots\" content=\"index, follow, max-snippet:-1, max-image-preview:large, max-video-preview:-1\" \/>\n<link rel=\"canonical\" href=\"https:\/\/viaonlinedigital.com\/it\/sobre-nos\/\" \/>\n<meta property=\"og:locale\" content=\"it_IT\" \/>\n<meta property=\"og:type\" content=\"article\" \/>\n<meta property=\"og:title\" content=\"Sobre N\u00f3s - Via Online Digital\" \/>\n<meta property=\"og:description\" content=\"Quem Somos Na Via Online Digital, somos apaixonados por conectar empresas com o futuro digital. Fundada por profissionais experientes, nossa miss\u00e3o \u00e9 transformar a presen\u00e7a online das marcas por meio de solu\u00e7\u00f5es criativas e inovadoras. Acreditamos que cada neg\u00f3cio tem uma hist\u00f3ria \u00fanica, e nossa miss\u00e3o \u00e9 ajudar a contar essa hist\u00f3ria de forma eficaz [&hellip;]\" \/>\n<meta property=\"og:url\" content=\"https:\/\/viaonlinedigital.com\/it\/sobre-nos\/\" \/>\n<meta property=\"og:site_name\" content=\"Via Online Digital\" \/>\n<meta property=\"article:modified_time\" content=\"2025-02-27T11:42:20+00:00\" \/>\n<meta property=\"og:image\" content=\"https:\/\/viaonlinedigital.com\/wp-content\/uploads\/2025\/02\/69a66836-1786-48e9-b682-5fdf1d14864a.png\" \/>\n\t<meta property=\"og:image:width\" content=\"1024\" \/>\n\t<meta property=\"og:image:height\" content=\"1024\" \/>\n\t<meta property=\"og:image:type\" content=\"image\/png\" \/>\n<meta name=\"twitter:card\" content=\"summary_large_image\" \/>\n<meta name=\"twitter:label1\" content=\"Tempo di lettura stimato\" \/>\n\t<meta name=\"twitter:data1\" content=\"3 minuti\" \/>\n<script type=\"application\/ld+json\" class=\"yoast-schema-graph\">{\"@context\":\"https:\\\/\\\/schema.org\",\"@graph\":[{\"@type\":\"WebPage\",\"@id\":\"https:\\\/\\\/viaonlinedigital.com\\\/sobre-nos\\\/\",\"url\":\"https:\\\/\\\/viaonlinedigital.com\\\/sobre-nos\\\/\",\"name\":\"Sobre N\u00f3s - Via Online Digital\",\"isPartOf\":{\"@id\":\"https:\\\/\\\/viaonlinedigital.com\\\/#website\"},\"primaryImageOfPage\":{\"@id\":\"https:\\\/\\\/viaonlinedigital.com\\\/sobre-nos\\\/#primaryimage\"},\"image\":{\"@id\":\"https:\\\/\\\/viaonlinedigital.com\\\/sobre-nos\\\/#primaryimage\"},\"thumbnailUrl\":\"https:\\\/\\\/viaonlinedigital.com\\\/wp-content\\\/uploads\\\/2025\\\/02\\\/69a66836-1786-48e9-b682-5fdf1d14864a-300x300.png\",\"datePublished\":\"2024-11-25T15:11:17+00:00\",\"dateModified\":\"2025-02-27T11:42:20+00:00\",\"breadcrumb\":{\"@id\":\"https:\\\/\\\/viaonlinedigital.com\\\/sobre-nos\\\/#breadcrumb\"},\"inLanguage\":\"it-IT\",\"potentialAction\":[{\"@type\":\"ReadAction\",\"target\":[\"https:\\\/\\\/viaonlinedigital.com\\\/sobre-nos\\\/\"]}]},{\"@type\":\"ImageObject\",\"inLanguage\":\"it-IT\",\"@id\":\"https:\\\/\\\/viaonlinedigital.com\\\/sobre-nos\\\/#primaryimage\",\"url\":\"https:\\\/\\\/viaonlinedigital.com\\\/wp-content\\\/uploads\\\/2025\\\/02\\\/69a66836-1786-48e9-b682-5fdf1d14864a-300x300.png\",\"contentUrl\":\"https:\\\/\\\/viaonlinedigital.com\\\/wp-content\\\/uploads\\\/2025\\\/02\\\/69a66836-1786-48e9-b682-5fdf1d14864a-300x300.png\"},{\"@type\":\"BreadcrumbList\",\"@id\":\"https:\\\/\\\/viaonlinedigital.com\\\/sobre-nos\\\/#breadcrumb\",\"itemListElement\":[{\"@type\":\"ListItem\",\"position\":1,\"name\":\"In\u00edcio\",\"item\":\"https:\\\/\\\/viaonlinedigital.com\\\/\"},{\"@type\":\"ListItem\",\"position\":2,\"name\":\"Sobre N\u00f3s\"}]},{\"@type\":\"WebSite\",\"@id\":\"https:\\\/\\\/viaonlinedigital.com\\\/#website\",\"url\":\"https:\\\/\\\/viaonlinedigital.com\\\/\",\"name\":\"Via Online Digital\",\"description\":\"Seu blog ideal para todos os momentos\",\"publisher\":{\"@id\":\"https:\\\/\\\/viaonlinedigital.com\\\/#organization\"},\"potentialAction\":[{\"@type\":\"SearchAction\",\"target\":{\"@type\":\"EntryPoint\",\"urlTemplate\":\"https:\\\/\\\/viaonlinedigital.com\\\/?s={search_term_string}\"},\"query-input\":{\"@type\":\"PropertyValueSpecification\",\"valueRequired\":true,\"valueName\":\"search_term_string\"}}],\"inLanguage\":\"it-IT\"},{\"@type\":\"Organization\",\"@id\":\"https:\\\/\\\/viaonlinedigital.com\\\/#organization\",\"name\":\"Via Online Digital\",\"url\":\"https:\\\/\\\/viaonlinedigital.com\\\/\",\"logo\":{\"@type\":\"ImageObject\",\"inLanguage\":\"it-IT\",\"@id\":\"https:\\\/\\\/viaonlinedigital.com\\\/#\\\/schema\\\/logo\\\/image\\\/\",\"url\":\"https:\\\/\\\/viaonlinedigital.com\\\/wp-content\\\/uploads\\\/2024\\\/11\\\/cropped-favicon-logo.png\",\"contentUrl\":\"https:\\\/\\\/viaonlinedigital.com\\\/wp-content\\\/uploads\\\/2024\\\/11\\\/cropped-favicon-logo.png\",\"width\":64,\"height\":64,\"caption\":\"Via Online Digital\"},\"image\":{\"@id\":\"https:\\\/\\\/viaonlinedigital.com\\\/#\\\/schema\\\/logo\\\/image\\\/\"}}]}<\/script>\n<!-- \/ Yoast SEO plugin. -->","yoast_head_json":{"title":"Chi siamo - Via Online Digital","robots":{"index":"index","follow":"follow","max-snippet":"max-snippet:-1","max-image-preview":"max-image-preview:large","max-video-preview":"max-video-preview:-1"},"canonical":"https:\/\/viaonlinedigital.com\/it\/sobre-nos\/","og_locale":"it_IT","og_type":"article","og_title":"Sobre N\u00f3s - Via Online Digital","og_description":"Quem Somos Na Via Online Digital, somos apaixonados por conectar empresas com o futuro digital. Fundada por profissionais experientes, nossa miss\u00e3o \u00e9 transformar a presen\u00e7a online das marcas por meio de solu\u00e7\u00f5es criativas e inovadoras. Acreditamos que cada neg\u00f3cio tem uma hist\u00f3ria \u00fanica, e nossa miss\u00e3o \u00e9 ajudar a contar essa hist\u00f3ria de forma eficaz [&hellip;]","og_url":"https:\/\/viaonlinedigital.com\/it\/sobre-nos\/","og_site_name":"Via Online Digital","article_modified_time":"2025-02-27T11:42:20+00:00","og_image":[{"width":1024,"height":1024,"url":"https:\/\/viaonlinedigital.com\/wp-content\/uploads\/2025\/02\/69a66836-1786-48e9-b682-5fdf1d14864a.png","type":"image\/png"}],"twitter_card":"summary_large_image","twitter_misc":{"Tempo di lettura stimato":"3 minuti"},"schema":{"@context":"https:\/\/schema.org","@graph":[{"@type":"WebPage","@id":"https:\/\/viaonlinedigital.com\/sobre-nos\/","url":"https:\/\/viaonlinedigital.com\/sobre-nos\/","name":"Chi siamo - Via Online Digital","isPartOf":{"@id":"https:\/\/viaonlinedigital.com\/#website"},"primaryImageOfPage":{"@id":"https:\/\/viaonlinedigital.com\/sobre-nos\/#primaryimage"},"image":{"@id":"https:\/\/viaonlinedigital.com\/sobre-nos\/#primaryimage"},"thumbnailUrl":"https:\/\/viaonlinedigital.com\/wp-content\/uploads\/2025\/02\/69a66836-1786-48e9-b682-5fdf1d14864a-300x300.png","datePublished":"2024-11-25T15:11:17+00:00","dateModified":"2025-02-27T11:42:20+00:00","breadcrumb":{"@id":"https:\/\/viaonlinedigital.com\/sobre-nos\/#breadcrumb"},"inLanguage":"it-IT","potentialAction":[{"@type":"ReadAction","target":["https:\/\/viaonlinedigital.com\/sobre-nos\/"]}]},{"@type":"ImageObject","inLanguage":"it-IT","@id":"https:\/\/viaonlinedigital.com\/sobre-nos\/#primaryimage","url":"https:\/\/viaonlinedigital.com\/wp-content\/uploads\/2025\/02\/69a66836-1786-48e9-b682-5fdf1d14864a-300x300.png","contentUrl":"https:\/\/viaonlinedigital.com\/wp-content\/uploads\/2025\/02\/69a66836-1786-48e9-b682-5fdf1d14864a-300x300.png"},{"@type":"BreadcrumbList","@id":"https:\/\/viaonlinedigital.com\/sobre-nos\/#breadcrumb","itemListElement":[{"@type":"ListItem","position":1,"name":"In\u00edcio","item":"https:\/\/viaonlinedigital.com\/"},{"@type":"ListItem","position":2,"name":"Sobre N\u00f3s"}]},{"@type":"WebSite","@id":"https:\/\/viaonlinedigital.com\/#website","url":"https:\/\/viaonlinedigital.com\/","name":"Tramite Online Digital","description":"Il tuo blog ideale per ogni momento","publisher":{"@id":"https:\/\/viaonlinedigital.com\/#organization"},"potentialAction":[{"@type":"SearchAction","target":{"@type":"EntryPoint","urlTemplate":"https:\/\/viaonlinedigital.com\/?s={search_term_string}"},"query-input":{"@type":"PropertyValueSpecification","valueRequired":true,"valueName":"search_term_string"}}],"inLanguage":"it-IT"},{"@type":"Organization","@id":"https:\/\/viaonlinedigital.com\/#organization","name":"Tramite Online Digital","url":"https:\/\/viaonlinedigital.com\/","logo":{"@type":"ImageObject","inLanguage":"it-IT","@id":"https:\/\/viaonlinedigital.com\/#\/schema\/logo\/image\/","url":"https:\/\/viaonlinedigital.com\/wp-content\/uploads\/2024\/11\/cropped-favicon-logo.png","contentUrl":"https:\/\/viaonlinedigital.com\/wp-content\/uploads\/2024\/11\/cropped-favicon-logo.png","width":64,"height":64,"caption":"Via Online Digital"},"image":{"@id":"https:\/\/viaonlinedigital.com\/#\/schema\/logo\/image\/"}}]}},"_links":{"self":[{"href":"https:\/\/viaonlinedigital.com\/it\/wp-json\/wp\/v2\/pages\/2","targetHints":{"allow":["GET"]}}],"collection":[{"href":"https:\/\/viaonlinedigital.com\/it\/wp-json\/wp\/v2\/pages"}],"about":[{"href":"https:\/\/viaonlinedigital.com\/it\/wp-json\/wp\/v2\/types\/page"}],"author":[{"embeddable":true,"href":"https:\/\/viaonlinedigital.com\/it\/wp-json\/wp\/v2\/users\/1"}],"replies":[{"embeddable":true,"href":"https:\/\/viaonlinedigital.com\/it\/wp-json\/wp\/v2\/comments?post=2"}],"version-history":[{"count":3,"href":"https:\/\/viaonlinedigital.com\/it\/wp-json\/wp\/v2\/pages\/2\/revisions"}],"predecessor-version":[{"id":892,"href":"https:\/\/viaonlinedigital.com\/it\/wp-json\/wp\/v2\/pages\/2\/revisions\/892"}],"wp:attachment":[{"href":"https:\/\/viaonlinedigital.com\/it\/wp-json\/wp\/v2\/media?parent=2"}],"curies":[{"name":"parola chiave","href":"https:\/\/api.w.org\/{rel}","templated":true}]}}