{"id":1456,"date":"2025-11-24T20:36:29","date_gmt":"2025-11-24T23:36:29","guid":{"rendered":"https:\/\/viaonlinedigital.com\/?page_id=1456"},"modified":"2025-11-24T20:52:56","modified_gmt":"2025-11-24T23:52:56","slug":"calendario-de-pagamento-atualizado-bolsa-familia-inss-e-auxilios-deste-mes","status":"publish","type":"page","link":"https:\/\/viaonlinedigital.com\/it\/calendario-de-pagamento-atualizado-bolsa-familia-inss-e-auxilios-deste-mes\/","title":{"rendered":"Calendario dei pagamenti aggiornato: Bolsa Fam\u00edlia, INSS e benefit per questo mese"},"content":{"rendered":"<html><body><p>Scopri in quale giorno riceverai il pagamento, in base al tuo numero NIS, al numero CPF o all&#039;ultima cifra del tuo numero di sussidio. Evita sorprese e ritardi.<\/p>\n\n\n\t\t\t\t\t\t<p class=\"wp-block-create-block-sb-buttons\">\n\t\t\t\t<\/p><div class=\"shortcode-botao\">\n    <a href=\"https:\/\/viaonlinedigital.com\/it\/calendario-de-pagamento-atualizado-bolsa-familia-inss-e-auxilios\/\" class=\"btn-base reward-ads\" style=\"background-color: #1e90ff; color: #ffffff\">\n        <h3 class=\"title\">\ud83d\udc49 Visualizza il calendario aggiornato<\/h3>\n    <\/a>\n<\/div>\n\t<div class=\"disclaimer-button1\">Rimarrai su questo sito.<\/div>\n\t\t\t\n\t\t\t\t\t\n\t\n\t\n\t\n\t\n\n\n<h2 class=\"wp-block-heading\">Migliaia di brasiliani consultano il calendario ogni mese.<\/h2>\n\n\n\n<ul class=\"wp-block-list\">\n<li>\u201c&quot;Ho scoperto che il pagamento \u00e8 arrivato un giorno prima di quanto pensassi.&quot;\u201d<\/li>\n\n\n\n<li>\u201c&quot;Ora non perdo pi\u00f9 una scadenza e riesco a organizzarmi perfettamente.&quot;\u201d<\/li>\n\n\n\n<li>\u201c&quot;Uso sempre questo calendario per sapere quando verr\u00e0 effettuato il pagamento della Bolsa Fam\u00edlia.&quot;\u201d<\/li>\n<\/ul>\n\n\n\n<p>\ud83d\udcc5 Per organizzare le tue finanze, devi innanzitutto sapere il giorno esatto in cui ricevi i tuoi soldi.<\/p>\n\n\n\n<h2 class=\"wp-block-heading\">Cosa vedrai in questa pagina<\/h2>\n\n\n\n<ul class=\"wp-block-list\">\n<li>\u2705\u00a0<strong>Calendario Bolsa Fam\u00edlia<\/strong>\u00a0organizzato da NIS finale<\/li>\n\n\n\n<li>\u2705\u00a0<strong>Calendario INSS<\/strong>\u00a0alla fine del beneficio<\/li>\n\n\n\n<li>\u2705\u00a0<strong>Date di assistenza per il gas<\/strong>\u00a0e altri aiuti<\/li>\n\n\n\n<li>\u2705 Semplice spiegazione di come leggere il calendario<\/li>\n\n\n\n<li>\u2705 Consigli per evitare di perdere i pagamenti a causa della mancanza di informazioni<\/li>\n<\/ul>\n\n\n\n<h2 class=\"wp-block-heading\">Breve riepilogo dei calendari di questo mese.<\/h2>\n\n\n\n<figure class=\"wp-block-table\"><table class=\"has-fixed-layout\"><thead><tr><th>Beneficio<\/th><th>Base<\/th><th>Come visualizzare la data<\/th><\/tr><\/thead><tbody><tr><td>Assegno familiare<\/td><td>Fine del NIS<\/td><td>Controlla l&#039;ultima cifra del tuo numero NIS e vedi il giorno corrispondente nella tabella.<\/td><\/tr><tr><td>INSS<\/td><td>Fine del beneficio<\/td><td>Controlla l&#039;ultima cifra del tuo numero di prestazione e confrontala con la riga del calendario.<\/td><\/tr><tr><td>Aiuto al gas<\/td><td>Calendario personale<\/td><td>Le date vengono stabilite ogni due mesi; fare riferimento alla tabella sottostante.<\/td><\/tr><\/tbody><\/table><\/figure>\n\n\n\n<h2 class=\"wp-block-heading\">Come comprendere il piano di pagamento<\/h2>\n\n\n\n<p>Per quasi tutti i sussidi statali, la data di pagamento non \u00e8 la stessa per tutti. Dipende da...\u00a0<strong>fine del NIS<\/strong>, Di\u00a0<strong>fine del beneficio<\/strong>\u00a0o da una tabella ufficiale.<\/p>\n\n\n\n<ul class=\"wp-block-list\">\n<li>Nodo\u00a0<strong>Assegno familiare<\/strong>, tu guardi\u00a0<strong>ultimo numero NIS<\/strong>\u00a0Sulla carta o sull&#039;app.<\/li>\n\n\n\n<li>Nodo\u00a0<strong>INSS<\/strong>, tu usi il\u00a0<strong>numero di beneficio<\/strong>.<\/li>\n\n\n\n<li>Nodo\u00a0<strong>Sussidio per il gas e altri sussidi<\/strong>, Di seguito la tabella pubblicata dal governo.<\/li>\n<\/ul>\n\n\n\n<h2 class=\"wp-block-heading\">Perch\u00e9 \u00e8 importante tenere traccia del calendario ogni mese?<\/h2>\n\n\n\n<ul class=\"wp-block-list\">\n<li>Eviti di pensare che &quot;il beneficio non \u00e8 stato accreditato&quot; quando, in realt\u00e0, non era ancora la data del pagamento.<\/li>\n\n\n\n<li>Riesci a organizzarti meglio con bollette, acquisti e debiti.<\/li>\n\n\n\n<li>Riesci a identificare ritardi effettivi o potenziali problemi di registrazione?.<\/li>\n\n\n\n<li>Non lasciarti ingannare dalle truffe di chi inventa appuntamenti falsi.<\/li>\n<\/ul>\n\n\n\n<h2 class=\"wp-block-heading\">Domande frequenti sul programma di pagamento<\/h2>\n\n\n\n<h3 class=\"wp-block-heading\">\ud83d\udccc Il calendario \u00e8 lo stesso per tutti gli stati?<\/h3>\n\n\n\n<p>Per le prestazioni nazionali, come la Bolsa Fam\u00edlia e l&#039;INSS, il programma \u00e8 lo stesso in tutto il Paese.<\/p>\n\n\n\n<h3 class=\"wp-block-heading\">\ud83d\udccc Il governo pu\u00f2 cambiare la data?<\/h3>\n\n\n\n<p>S\u00ec, \u00e8 possibile. In casi particolari, le date potrebbero essere anticipate o modificate, quindi \u00e8 importante rimanere aggiornati.<\/p>\n\n\n\n<h3 class=\"wp-block-heading\">\ud83d\udccc Se non rispetto la scadenza, perdo il beneficio?<\/h3>\n\n\n\n<p>Generalmente no, il denaro rimane disponibile per un certo periodo di tempo. Tuttavia, non spostare il denaro per troppo tempo pu\u00f2 portare a blocchi futuri.<\/p>\n\n\n\n<h2 class=\"wp-block-heading\">Consulta subito il programma completo dei pagamenti per questo mese.<\/h2>\n\n\n\n<p>Clicca qui sotto per vedere le date dettagliate di Bolsa Fam\u00edlia, INSS, Aux\u00edlio G\u00e1s e altri vantaggi.<\/p>\n\n\n\t\t\t\t\t\t<p class=\"wp-block-create-block-sb-buttons\">\n\t\t\t\t<\/p><div class=\"shortcode-botao\">\n    <a href=\"https:\/\/viaonlinedigital.com\/it\/calendario-de-pagamento-atualizado-bolsa-familia-inss-e-auxilios\/\" class=\"btn-base reward-ads\" style=\"background-color: #1e90ff; color: #ffffff\">\n        <h3 class=\"title\">\ud83d\udc49 Visualizza il calendario completo<\/h3>\n    <\/a>\n<\/div>\n\t<div class=\"disclaimer-button1\">Rimarrai su questo sito.<\/div>\n\t\t\t\n\t\t\t\t\t\n\t\n\t\n\t\n\t\n\n\n<p>Questo contenuto ha solo scopo informativo. Si prega di confermare sempre le date tramite i canali ufficiali del Governo Federale.<\/p>\n\n\n\n<p><\/p>\n<\/body><\/html>","protected":false},"excerpt":{"rendered":"<p>Veja em que dia voc\u00ea recebe, de acordo com o seu NIS, CPF ou final do benef\u00edcio. Evite surpresas e atrasos. Milhares de brasileiros conferem o calend\u00e1rio todo m\u00eas \ud83d\udcc5 Organizar a vida financeira come\u00e7a sabendo o dia certo que o dinheiro entra. O que voc\u00ea vai ver nesta p\u00e1gina Resumo r\u00e1pido dos calend\u00e1rios deste [&hellip;]<\/p>\n","protected":false},"author":2,"featured_media":0,"parent":0,"menu_order":0,"comment_status":"closed","ping_status":"closed","template":"","meta":{"footnotes":""},"class_list":["post-1456","page","type-page","status-publish","hentry"],"yoast_head":"<!-- This site is optimized with the Yoast SEO plugin v27.4 - https:\/\/yoast.com\/product\/yoast-seo-wordpress\/ -->\n<title>Calend\u00e1rio de Pagamento Atualizado: Bolsa Fam\u00edlia, INSS e Aux\u00edlios deste m\u00eas - Via Online Digital<\/title>\n<meta name=\"robots\" content=\"index, follow, max-snippet:-1, max-image-preview:large, max-video-preview:-1\" \/>\n<link rel=\"canonical\" href=\"https:\/\/viaonlinedigital.com\/it\/calendario-de-pagamento-atualizado-bolsa-familia-inss-e-auxilios-deste-mes\/\" \/>\n<meta property=\"og:locale\" content=\"it_IT\" \/>\n<meta property=\"og:type\" content=\"article\" \/>\n<meta property=\"og:title\" content=\"Calend\u00e1rio de Pagamento Atualizado: Bolsa Fam\u00edlia, INSS e Aux\u00edlios deste m\u00eas - Via Online Digital\" \/>\n<meta property=\"og:description\" content=\"Veja em que dia voc\u00ea recebe, de acordo com o seu NIS, CPF ou final do benef\u00edcio. Evite surpresas e atrasos. Milhares de brasileiros conferem o calend\u00e1rio todo m\u00eas \ud83d\udcc5 Organizar a vida financeira come\u00e7a sabendo o dia certo que o dinheiro entra. O que voc\u00ea vai ver nesta p\u00e1gina Resumo r\u00e1pido dos calend\u00e1rios deste [&hellip;]\" \/>\n<meta property=\"og:url\" content=\"https:\/\/viaonlinedigital.com\/it\/calendario-de-pagamento-atualizado-bolsa-familia-inss-e-auxilios-deste-mes\/\" \/>\n<meta property=\"og:site_name\" content=\"Via Online Digital\" \/>\n<meta property=\"article:modified_time\" content=\"2025-11-24T23:52:56+00:00\" \/>\n<meta name=\"twitter:card\" content=\"summary_large_image\" \/>\n<meta name=\"twitter:label1\" content=\"Tempo di lettura stimato\" \/>\n\t<meta name=\"twitter:data1\" content=\"3 minuti\" \/>\n<script type=\"application\/ld+json\" class=\"yoast-schema-graph\">{\"@context\":\"https:\\\/\\\/schema.org\",\"@graph\":[{\"@type\":\"WebPage\",\"@id\":\"https:\\\/\\\/viaonlinedigital.com\\\/calendario-de-pagamento-atualizado-bolsa-familia-inss-e-auxilios-deste-mes\\\/\",\"url\":\"https:\\\/\\\/viaonlinedigital.com\\\/calendario-de-pagamento-atualizado-bolsa-familia-inss-e-auxilios-deste-mes\\\/\",\"name\":\"Calend\u00e1rio de Pagamento Atualizado: Bolsa Fam\u00edlia, INSS e Aux\u00edlios deste m\u00eas - Via Online Digital\",\"isPartOf\":{\"@id\":\"https:\\\/\\\/viaonlinedigital.com\\\/#website\"},\"datePublished\":\"2025-11-24T23:36:29+00:00\",\"dateModified\":\"2025-11-24T23:52:56+00:00\",\"breadcrumb\":{\"@id\":\"https:\\\/\\\/viaonlinedigital.com\\\/calendario-de-pagamento-atualizado-bolsa-familia-inss-e-auxilios-deste-mes\\\/#breadcrumb\"},\"inLanguage\":\"it-IT\",\"potentialAction\":[{\"@type\":\"ReadAction\",\"target\":[\"https:\\\/\\\/viaonlinedigital.com\\\/calendario-de-pagamento-atualizado-bolsa-familia-inss-e-auxilios-deste-mes\\\/\"]}]},{\"@type\":\"BreadcrumbList\",\"@id\":\"https:\\\/\\\/viaonlinedigital.com\\\/calendario-de-pagamento-atualizado-bolsa-familia-inss-e-auxilios-deste-mes\\\/#breadcrumb\",\"itemListElement\":[{\"@type\":\"ListItem\",\"position\":1,\"name\":\"In\u00edcio\",\"item\":\"https:\\\/\\\/viaonlinedigital.com\\\/\"},{\"@type\":\"ListItem\",\"position\":2,\"name\":\"Calend\u00e1rio de Pagamento Atualizado: Bolsa Fam\u00edlia, INSS e Aux\u00edlios deste m\u00eas\"}]},{\"@type\":\"WebSite\",\"@id\":\"https:\\\/\\\/viaonlinedigital.com\\\/#website\",\"url\":\"https:\\\/\\\/viaonlinedigital.com\\\/\",\"name\":\"Via Online Digital\",\"description\":\"Seu blog ideal para todos os momentos\",\"publisher\":{\"@id\":\"https:\\\/\\\/viaonlinedigital.com\\\/#organization\"},\"potentialAction\":[{\"@type\":\"SearchAction\",\"target\":{\"@type\":\"EntryPoint\",\"urlTemplate\":\"https:\\\/\\\/viaonlinedigital.com\\\/?s={search_term_string}\"},\"query-input\":{\"@type\":\"PropertyValueSpecification\",\"valueRequired\":true,\"valueName\":\"search_term_string\"}}],\"inLanguage\":\"it-IT\"},{\"@type\":\"Organization\",\"@id\":\"https:\\\/\\\/viaonlinedigital.com\\\/#organization\",\"name\":\"Via Online Digital\",\"url\":\"https:\\\/\\\/viaonlinedigital.com\\\/\",\"logo\":{\"@type\":\"ImageObject\",\"inLanguage\":\"it-IT\",\"@id\":\"https:\\\/\\\/viaonlinedigital.com\\\/#\\\/schema\\\/logo\\\/image\\\/\",\"url\":\"https:\\\/\\\/viaonlinedigital.com\\\/wp-content\\\/uploads\\\/2024\\\/11\\\/cropped-favicon-logo.png\",\"contentUrl\":\"https:\\\/\\\/viaonlinedigital.com\\\/wp-content\\\/uploads\\\/2024\\\/11\\\/cropped-favicon-logo.png\",\"width\":64,\"height\":64,\"caption\":\"Via Online Digital\"},\"image\":{\"@id\":\"https:\\\/\\\/viaonlinedigital.com\\\/#\\\/schema\\\/logo\\\/image\\\/\"}}]}<\/script>\n<!-- \/ Yoast SEO plugin. -->","yoast_head_json":{"title":"Calendario dei pagamenti aggiornato: Bolsa Fam\u00edlia, INSS e benefit per questo mese - Accesso digitale online","robots":{"index":"index","follow":"follow","max-snippet":"max-snippet:-1","max-image-preview":"max-image-preview:large","max-video-preview":"max-video-preview:-1"},"canonical":"https:\/\/viaonlinedigital.com\/it\/calendario-de-pagamento-atualizado-bolsa-familia-inss-e-auxilios-deste-mes\/","og_locale":"it_IT","og_type":"article","og_title":"Calend\u00e1rio de Pagamento Atualizado: Bolsa Fam\u00edlia, INSS e Aux\u00edlios deste m\u00eas - Via Online Digital","og_description":"Veja em que dia voc\u00ea recebe, de acordo com o seu NIS, CPF ou final do benef\u00edcio. Evite surpresas e atrasos. Milhares de brasileiros conferem o calend\u00e1rio todo m\u00eas \ud83d\udcc5 Organizar a vida financeira come\u00e7a sabendo o dia certo que o dinheiro entra. O que voc\u00ea vai ver nesta p\u00e1gina Resumo r\u00e1pido dos calend\u00e1rios deste [&hellip;]","og_url":"https:\/\/viaonlinedigital.com\/it\/calendario-de-pagamento-atualizado-bolsa-familia-inss-e-auxilios-deste-mes\/","og_site_name":"Via Online Digital","article_modified_time":"2025-11-24T23:52:56+00:00","twitter_card":"summary_large_image","twitter_misc":{"Tempo di lettura stimato":"3 minuti"},"schema":{"@context":"https:\/\/schema.org","@graph":[{"@type":"WebPage","@id":"https:\/\/viaonlinedigital.com\/calendario-de-pagamento-atualizado-bolsa-familia-inss-e-auxilios-deste-mes\/","url":"https:\/\/viaonlinedigital.com\/calendario-de-pagamento-atualizado-bolsa-familia-inss-e-auxilios-deste-mes\/","name":"Calendario dei pagamenti aggiornato: Bolsa Fam\u00edlia, INSS e benefit per questo mese - Accesso digitale online","isPartOf":{"@id":"https:\/\/viaonlinedigital.com\/#website"},"datePublished":"2025-11-24T23:36:29+00:00","dateModified":"2025-11-24T23:52:56+00:00","breadcrumb":{"@id":"https:\/\/viaonlinedigital.com\/calendario-de-pagamento-atualizado-bolsa-familia-inss-e-auxilios-deste-mes\/#breadcrumb"},"inLanguage":"it-IT","potentialAction":[{"@type":"ReadAction","target":["https:\/\/viaonlinedigital.com\/calendario-de-pagamento-atualizado-bolsa-familia-inss-e-auxilios-deste-mes\/"]}]},{"@type":"BreadcrumbList","@id":"https:\/\/viaonlinedigital.com\/calendario-de-pagamento-atualizado-bolsa-familia-inss-e-auxilios-deste-mes\/#breadcrumb","itemListElement":[{"@type":"ListItem","position":1,"name":"In\u00edcio","item":"https:\/\/viaonlinedigital.com\/"},{"@type":"ListItem","position":2,"name":"Calend\u00e1rio de Pagamento Atualizado: Bolsa Fam\u00edlia, INSS e Aux\u00edlios deste m\u00eas"}]},{"@type":"WebSite","@id":"https:\/\/viaonlinedigital.com\/#website","url":"https:\/\/viaonlinedigital.com\/","name":"Tramite Online Digital","description":"Il tuo blog ideale per ogni momento","publisher":{"@id":"https:\/\/viaonlinedigital.com\/#organization"},"potentialAction":[{"@type":"SearchAction","target":{"@type":"EntryPoint","urlTemplate":"https:\/\/viaonlinedigital.com\/?s={search_term_string}"},"query-input":{"@type":"PropertyValueSpecification","valueRequired":true,"valueName":"search_term_string"}}],"inLanguage":"it-IT"},{"@type":"Organization","@id":"https:\/\/viaonlinedigital.com\/#organization","name":"Tramite Online Digital","url":"https:\/\/viaonlinedigital.com\/","logo":{"@type":"ImageObject","inLanguage":"it-IT","@id":"https:\/\/viaonlinedigital.com\/#\/schema\/logo\/image\/","url":"https:\/\/viaonlinedigital.com\/wp-content\/uploads\/2024\/11\/cropped-favicon-logo.png","contentUrl":"https:\/\/viaonlinedigital.com\/wp-content\/uploads\/2024\/11\/cropped-favicon-logo.png","width":64,"height":64,"caption":"Via Online Digital"},"image":{"@id":"https:\/\/viaonlinedigital.com\/#\/schema\/logo\/image\/"}}]}},"_links":{"self":[{"href":"https:\/\/viaonlinedigital.com\/it\/wp-json\/wp\/v2\/pages\/1456","targetHints":{"allow":["GET"]}}],"collection":[{"href":"https:\/\/viaonlinedigital.com\/it\/wp-json\/wp\/v2\/pages"}],"about":[{"href":"https:\/\/viaonlinedigital.com\/it\/wp-json\/wp\/v2\/types\/page"}],"author":[{"embeddable":true,"href":"https:\/\/viaonlinedigital.com\/it\/wp-json\/wp\/v2\/users\/2"}],"replies":[{"embeddable":true,"href":"https:\/\/viaonlinedigital.com\/it\/wp-json\/wp\/v2\/comments?post=1456"}],"version-history":[{"count":2,"href":"https:\/\/viaonlinedigital.com\/it\/wp-json\/wp\/v2\/pages\/1456\/revisions"}],"predecessor-version":[{"id":1464,"href":"https:\/\/viaonlinedigital.com\/it\/wp-json\/wp\/v2\/pages\/1456\/revisions\/1464"}],"wp:attachment":[{"href":"https:\/\/viaonlinedigital.com\/it\/wp-json\/wp\/v2\/media?parent=1456"}],"curies":[{"name":"parola chiave","href":"https:\/\/api.w.org\/{rel}","templated":true}]}}