{"id":1444,"date":"2025-11-24T19:47:07","date_gmt":"2025-11-24T22:47:07","guid":{"rendered":"https:\/\/viaonlinedigital.com\/?page_id=1444"},"modified":"2025-12-08T20:15:25","modified_gmt":"2025-12-08T23:15:25","slug":"consulte-agora-seus-beneficios-bolsa-familia-inss-auxilios-e-novas-atualizacoes","status":"publish","type":"page","link":"https:\/\/viaonlinedigital.com\/it\/consulte-agora-seus-beneficios-bolsa-familia-inss-auxilios-e-novas-atualizacoes\/","title":{"rendered":"Controlla subito i tuoi vantaggi: Bolsa Fam\u00edlia, INSS, vantaggi e nuovi aggiornamenti"},"content":{"rendered":"<html><body><p>Verifica se hai fondi disponibili, nuove regole, calendari aggiornati e modifiche importanti che riguardano il tuo CPF (codice fiscale brasiliano).<\/p>\n\n\n\t\t\t\t\t\t<p class=\"wp-block-create-block-sb-buttons\">\n\t\t\t\t<\/p><div class=\"shortcode-botao\">\n    <a href=\"https:\/\/viaonlinedigital.com\/it\/consulta-cpf-veja-se-voce-tem-direito-ao-bolsa-familia-inss-ou-auxilios-este-mes\/\" class=\"btn-base reward-ads reward\" style=\"background-color: #25851e; color: #fcfcfc\">\n        <h3 class=\"title\">\ud83d\udc49 Controlla ora<\/h3>\n    <\/a>\n<\/div>\n\t<div class=\"disclaimer-button1\">Rimarrai su questo sito.<\/div>\n\t\t\t\n\t\t\t\t\t\n\t\n\t\n\t\n\t\n\n\n<h2 class=\"wp-block-heading\">Cosa dicono i brasiliani<\/h2>\n\n\n\n<ul class=\"wp-block-list\">\n<li>\u201c&quot;Ho scoperto che il mio Bolsa Fam\u00edlia [programma di assegni familiari] era aumentato. Non lo sapevo.&quot;\u201d<\/li>\n\n\n\n<li>\u201c&quot;Sono riuscito a verificare la mia prova di esistenza in vita presso l&#039;INSS in meno di 1 minuto.&quot;\u201d<\/li>\n\n\n\n<li>\u201c&quot;\u00c8 molto facile vedere le date di pagamento ed evitare di essere bloccati.&quot;\u201d<\/li>\n<\/ul>\n\n\n\n<p>\ud83d\udcc8 Migliaia di persone controllano quotidianamente i propri benefit: scopri se sei idoneo.<\/p>\n\n\n\n<h2 class=\"wp-block-heading\">Ecco cosa puoi controllare ora:<\/h2>\n\n\n\n<ul class=\"wp-block-list\">\n<li>\ud83d\udcb0\u00a0<strong>Assegno familiare<\/strong>calendario, valori, nuove regole e aumento<\/li>\n\n\n\n<li>\ud83c\udfe6\u00a0<strong>INSS<\/strong>pagamenti, prova di esistenza in vita, aumenti, consulenze<\/li>\n\n\n\n<li>\ud83d\udd25\u00a0<strong>Aiuto al gas<\/strong>Date e valori del mese<\/li>\n\n\n\n<li>\ud83d\udcc4\u00a0<strong>Cad\u00danico<\/strong>Chi deve effettuare l&#039;aggiornamento e quali documenti sono richiesti?<\/li>\n\n\n\n<li>\ud83d\udccc\u00a0<strong>Prestazioni statali<\/strong>: programmi supplementari e nuove uscite<\/li>\n\n\n\n<li>\ud83d\udcf1\u00a0<strong>Caixa Tem<\/strong>Richiesta saldo, pagamenti e notifiche<\/li>\n\n\n\n<li>\ud83d\udd0d\u00a0<strong>Ricerca per CPF (codice fiscale brasiliano)<\/strong>Verificare se sono stati sbloccati dei fondi.<\/li>\n<\/ul>\n\n\n\n<h2 class=\"wp-block-heading\">Riepilogo dei principali vantaggi<\/h2>\n\n\n\n<figure class=\"wp-block-table\"><table class=\"has-fixed-layout\"><thead><tr><th>Beneficio<\/th><th>Chi ha diritto?<\/th><th>Consultazione<\/th><\/tr><\/thead><tbody><tr><td>Assegno familiare<\/td><td>Famiglie con reddito fino a R$ 218 a persona<\/td><td>CPF + Cad\u00danico<\/td><\/tr><tr><td>INSS<\/td><td>Pensionati e pensionati<\/td><td>Il mio INSS + CPF<\/td><\/tr><tr><td>Aiuto al gas<\/td><td>Famiglie iscritte al Registro Unico (Cad\u00danico)<\/td><td>App Bolsa Fam\u00edlia<\/td><\/tr><\/tbody><\/table><\/figure>\n\n\n\n<h2 class=\"wp-block-heading\">Chi ha diritto a questi benefici?<\/h2>\n\n\n\n<ul class=\"wp-block-list\">\n<li>Persone iscritte al Cad\u00danico (Registro Unico dei Programmi Sociali)<\/li>\n\n\n\n<li>Famiglie in situazioni vulnerabili<\/li>\n\n\n\n<li>Persone con disabilit\u00e0 (BPC\/LOAS)<\/li>\n\n\n\n<li>Pensionati e pensionati<\/li>\n\n\n\n<li>Lavoratori aventi diritto al PIS\/PASEP<\/li>\n<\/ul>\n\n\n\n<h2 class=\"wp-block-heading\">Domande importanti<\/h2>\n\n\n\n<h3 class=\"wp-block-heading\">\ud83d\udccc Come verificare lo stato della Bolsa Fam\u00edlia utilizzando il CPF (codice fiscale brasiliano)?<\/h3>\n\n\n\n<p>Puoi controllare direttamente tramite l&#039;app Bolsa Fam\u00edlia o l&#039;app Caixa Tem.<\/p>\n\n\n\n<h3 class=\"wp-block-heading\">\ud83d\udccc Come faccio a sapere se sono stato approvato per l&#039;Aiuto?<\/h3>\n\n\n\n<p>Le approvazioni vengono effettuate sulla base del Cad\u00danico (Registro Unico dei Programmi Sociali) aggiornato.<\/p>\n\n\n\n<h3 class=\"wp-block-heading\">\ud83d\udccc Dove posso vedere il calendario dell&#039;INSS?<\/h3>\n\n\n\n<p>Sul sito web del Meu INSS e negli aggiornamenti pubblicati mensilmente dal governo.<\/p>\n\n\n\n<h2 class=\"wp-block-heading\">Controlla subito se hai fondi disponibili o aggiornamenti importanti.<\/h2>\n\n\n\n<p>Clicca qui sotto per verificare le ultime informazioni sul tuo CPF.<\/p>\n\n\n\t\t\t\t\t\t<p class=\"wp-block-create-block-sb-buttons\">\n\t\t\t\t<\/p><div class=\"shortcode-botao\">\n    <a href=\"https:\/\/viaonlinedigital.com\/it\/consulta-cpf-veja-se-voce-tem-direito-ao-bolsa-familia-inss-ou-auxilios-este-mes\/\" class=\"btn-base reward-ads\" style=\"background-color: #25851e; color: #fcfcfc\">\n        <h3 class=\"title\">\ud83d\udc49 Verifica subito i vantaggi<\/h3>\n    <\/a>\n<\/div>\n\t<div class=\"disclaimer-button1\">Rimarrai su questo sito.<\/div>\n\t\t\t\n\t\t\t\t\t\n\t\n\t\n\t\n\t\n\n\n<p>Questo sito web ha solo scopo informativo. Consultare sempre le piattaforme ufficiali del Governo Federale per conferma.<\/p>\n\n\n\n<p><\/p>\n<\/body><\/html>","protected":false},"excerpt":{"rendered":"<p>Veja se voc\u00ea tem valores liberados, novas regras, calend\u00e1rios atualizados e mudan\u00e7as importantes que afetam seu CPF. O que brasileiros est\u00e3o dizendo \ud83d\udcc8 Milhares de pessoas consultam seus benef\u00edcios diariamente \u2014 veja se voc\u00ea tem direito. Veja o que voc\u00ea pode consultar agora: Resumo dos Principais Benef\u00edcios Benef\u00edcio Quem Tem Direito Consulta Bolsa Fam\u00edlia Fam\u00edlias [&hellip;]<\/p>\n","protected":false},"author":2,"featured_media":0,"parent":0,"menu_order":0,"comment_status":"closed","ping_status":"closed","template":"","meta":{"footnotes":""},"class_list":["post-1444","page","type-page","status-publish","hentry"],"yoast_head":"<!-- This site is optimized with the Yoast SEO plugin v27.4 - https:\/\/yoast.com\/product\/yoast-seo-wordpress\/ -->\n<title>Consulte Agora Seus Benef\u00edcios: Bolsa Fam\u00edlia, INSS, Aux\u00edlios e Novas Atualiza\u00e7\u00f5es - Via Online Digital<\/title>\n<meta name=\"robots\" content=\"index, follow, max-snippet:-1, max-image-preview:large, max-video-preview:-1\" \/>\n<link rel=\"canonical\" href=\"https:\/\/viaonlinedigital.com\/it\/consulte-agora-seus-beneficios-bolsa-familia-inss-auxilios-e-novas-atualizacoes\/\" \/>\n<meta property=\"og:locale\" content=\"it_IT\" \/>\n<meta property=\"og:type\" content=\"article\" \/>\n<meta property=\"og:title\" content=\"Consulte Agora Seus Benef\u00edcios: Bolsa Fam\u00edlia, INSS, Aux\u00edlios e Novas Atualiza\u00e7\u00f5es - Via Online Digital\" \/>\n<meta property=\"og:description\" content=\"Veja se voc\u00ea tem valores liberados, novas regras, calend\u00e1rios atualizados e mudan\u00e7as importantes que afetam seu CPF. O que brasileiros est\u00e3o dizendo \ud83d\udcc8 Milhares de pessoas consultam seus benef\u00edcios diariamente \u2014 veja se voc\u00ea tem direito. Veja o que voc\u00ea pode consultar agora: Resumo dos Principais Benef\u00edcios Benef\u00edcio Quem Tem Direito Consulta Bolsa Fam\u00edlia Fam\u00edlias [&hellip;]\" \/>\n<meta property=\"og:url\" content=\"https:\/\/viaonlinedigital.com\/it\/consulte-agora-seus-beneficios-bolsa-familia-inss-auxilios-e-novas-atualizacoes\/\" \/>\n<meta property=\"og:site_name\" content=\"Via Online Digital\" \/>\n<meta property=\"article:modified_time\" content=\"2025-12-08T23:15:25+00:00\" \/>\n<meta name=\"twitter:card\" content=\"summary_large_image\" \/>\n<meta name=\"twitter:label1\" content=\"Tempo di lettura stimato\" \/>\n\t<meta name=\"twitter:data1\" content=\"2 minuti\" \/>\n<script type=\"application\/ld+json\" class=\"yoast-schema-graph\">{\"@context\":\"https:\\\/\\\/schema.org\",\"@graph\":[{\"@type\":\"WebPage\",\"@id\":\"https:\\\/\\\/viaonlinedigital.com\\\/consulte-agora-seus-beneficios-bolsa-familia-inss-auxilios-e-novas-atualizacoes\\\/\",\"url\":\"https:\\\/\\\/viaonlinedigital.com\\\/consulte-agora-seus-beneficios-bolsa-familia-inss-auxilios-e-novas-atualizacoes\\\/\",\"name\":\"Consulte Agora Seus Benef\u00edcios: Bolsa Fam\u00edlia, INSS, Aux\u00edlios e Novas Atualiza\u00e7\u00f5es - Via Online Digital\",\"isPartOf\":{\"@id\":\"https:\\\/\\\/viaonlinedigital.com\\\/#website\"},\"datePublished\":\"2025-11-24T22:47:07+00:00\",\"dateModified\":\"2025-12-08T23:15:25+00:00\",\"breadcrumb\":{\"@id\":\"https:\\\/\\\/viaonlinedigital.com\\\/consulte-agora-seus-beneficios-bolsa-familia-inss-auxilios-e-novas-atualizacoes\\\/#breadcrumb\"},\"inLanguage\":\"it-IT\",\"potentialAction\":[{\"@type\":\"ReadAction\",\"target\":[\"https:\\\/\\\/viaonlinedigital.com\\\/consulte-agora-seus-beneficios-bolsa-familia-inss-auxilios-e-novas-atualizacoes\\\/\"]}]},{\"@type\":\"BreadcrumbList\",\"@id\":\"https:\\\/\\\/viaonlinedigital.com\\\/consulte-agora-seus-beneficios-bolsa-familia-inss-auxilios-e-novas-atualizacoes\\\/#breadcrumb\",\"itemListElement\":[{\"@type\":\"ListItem\",\"position\":1,\"name\":\"In\u00edcio\",\"item\":\"https:\\\/\\\/viaonlinedigital.com\\\/\"},{\"@type\":\"ListItem\",\"position\":2,\"name\":\"Consulte Agora Seus Benef\u00edcios: Bolsa Fam\u00edlia, INSS, Aux\u00edlios e Novas Atualiza\u00e7\u00f5es\"}]},{\"@type\":\"WebSite\",\"@id\":\"https:\\\/\\\/viaonlinedigital.com\\\/#website\",\"url\":\"https:\\\/\\\/viaonlinedigital.com\\\/\",\"name\":\"Via Online Digital\",\"description\":\"Seu blog ideal para todos os momentos\",\"publisher\":{\"@id\":\"https:\\\/\\\/viaonlinedigital.com\\\/#organization\"},\"potentialAction\":[{\"@type\":\"SearchAction\",\"target\":{\"@type\":\"EntryPoint\",\"urlTemplate\":\"https:\\\/\\\/viaonlinedigital.com\\\/?s={search_term_string}\"},\"query-input\":{\"@type\":\"PropertyValueSpecification\",\"valueRequired\":true,\"valueName\":\"search_term_string\"}}],\"inLanguage\":\"it-IT\"},{\"@type\":\"Organization\",\"@id\":\"https:\\\/\\\/viaonlinedigital.com\\\/#organization\",\"name\":\"Via Online Digital\",\"url\":\"https:\\\/\\\/viaonlinedigital.com\\\/\",\"logo\":{\"@type\":\"ImageObject\",\"inLanguage\":\"it-IT\",\"@id\":\"https:\\\/\\\/viaonlinedigital.com\\\/#\\\/schema\\\/logo\\\/image\\\/\",\"url\":\"https:\\\/\\\/viaonlinedigital.com\\\/wp-content\\\/uploads\\\/2024\\\/11\\\/cropped-favicon-logo.png\",\"contentUrl\":\"https:\\\/\\\/viaonlinedigital.com\\\/wp-content\\\/uploads\\\/2024\\\/11\\\/cropped-favicon-logo.png\",\"width\":64,\"height\":64,\"caption\":\"Via Online Digital\"},\"image\":{\"@id\":\"https:\\\/\\\/viaonlinedigital.com\\\/#\\\/schema\\\/logo\\\/image\\\/\"}}]}<\/script>\n<!-- \/ Yoast SEO plugin. -->","yoast_head_json":{"title":"Controlla subito i tuoi vantaggi: Bolsa Fam\u00edlia, INSS, vantaggi e nuovi aggiornamenti - Accesso digitale online","robots":{"index":"index","follow":"follow","max-snippet":"max-snippet:-1","max-image-preview":"max-image-preview:large","max-video-preview":"max-video-preview:-1"},"canonical":"https:\/\/viaonlinedigital.com\/it\/consulte-agora-seus-beneficios-bolsa-familia-inss-auxilios-e-novas-atualizacoes\/","og_locale":"it_IT","og_type":"article","og_title":"Consulte Agora Seus Benef\u00edcios: Bolsa Fam\u00edlia, INSS, Aux\u00edlios e Novas Atualiza\u00e7\u00f5es - Via Online Digital","og_description":"Veja se voc\u00ea tem valores liberados, novas regras, calend\u00e1rios atualizados e mudan\u00e7as importantes que afetam seu CPF. O que brasileiros est\u00e3o dizendo \ud83d\udcc8 Milhares de pessoas consultam seus benef\u00edcios diariamente \u2014 veja se voc\u00ea tem direito. Veja o que voc\u00ea pode consultar agora: Resumo dos Principais Benef\u00edcios Benef\u00edcio Quem Tem Direito Consulta Bolsa Fam\u00edlia Fam\u00edlias [&hellip;]","og_url":"https:\/\/viaonlinedigital.com\/it\/consulte-agora-seus-beneficios-bolsa-familia-inss-auxilios-e-novas-atualizacoes\/","og_site_name":"Via Online Digital","article_modified_time":"2025-12-08T23:15:25+00:00","twitter_card":"summary_large_image","twitter_misc":{"Tempo di lettura stimato":"2 minuti"},"schema":{"@context":"https:\/\/schema.org","@graph":[{"@type":"WebPage","@id":"https:\/\/viaonlinedigital.com\/consulte-agora-seus-beneficios-bolsa-familia-inss-auxilios-e-novas-atualizacoes\/","url":"https:\/\/viaonlinedigital.com\/consulte-agora-seus-beneficios-bolsa-familia-inss-auxilios-e-novas-atualizacoes\/","name":"Controlla subito i tuoi vantaggi: Bolsa Fam\u00edlia, INSS, vantaggi e nuovi aggiornamenti - Accesso digitale online","isPartOf":{"@id":"https:\/\/viaonlinedigital.com\/#website"},"datePublished":"2025-11-24T22:47:07+00:00","dateModified":"2025-12-08T23:15:25+00:00","breadcrumb":{"@id":"https:\/\/viaonlinedigital.com\/consulte-agora-seus-beneficios-bolsa-familia-inss-auxilios-e-novas-atualizacoes\/#breadcrumb"},"inLanguage":"it-IT","potentialAction":[{"@type":"ReadAction","target":["https:\/\/viaonlinedigital.com\/consulte-agora-seus-beneficios-bolsa-familia-inss-auxilios-e-novas-atualizacoes\/"]}]},{"@type":"BreadcrumbList","@id":"https:\/\/viaonlinedigital.com\/consulte-agora-seus-beneficios-bolsa-familia-inss-auxilios-e-novas-atualizacoes\/#breadcrumb","itemListElement":[{"@type":"ListItem","position":1,"name":"In\u00edcio","item":"https:\/\/viaonlinedigital.com\/"},{"@type":"ListItem","position":2,"name":"Consulte Agora Seus Benef\u00edcios: Bolsa Fam\u00edlia, INSS, Aux\u00edlios e Novas Atualiza\u00e7\u00f5es"}]},{"@type":"WebSite","@id":"https:\/\/viaonlinedigital.com\/#website","url":"https:\/\/viaonlinedigital.com\/","name":"Tramite Online Digital","description":"Il tuo blog ideale per ogni momento","publisher":{"@id":"https:\/\/viaonlinedigital.com\/#organization"},"potentialAction":[{"@type":"SearchAction","target":{"@type":"EntryPoint","urlTemplate":"https:\/\/viaonlinedigital.com\/?s={search_term_string}"},"query-input":{"@type":"PropertyValueSpecification","valueRequired":true,"valueName":"search_term_string"}}],"inLanguage":"it-IT"},{"@type":"Organization","@id":"https:\/\/viaonlinedigital.com\/#organization","name":"Tramite Online Digital","url":"https:\/\/viaonlinedigital.com\/","logo":{"@type":"ImageObject","inLanguage":"it-IT","@id":"https:\/\/viaonlinedigital.com\/#\/schema\/logo\/image\/","url":"https:\/\/viaonlinedigital.com\/wp-content\/uploads\/2024\/11\/cropped-favicon-logo.png","contentUrl":"https:\/\/viaonlinedigital.com\/wp-content\/uploads\/2024\/11\/cropped-favicon-logo.png","width":64,"height":64,"caption":"Via Online Digital"},"image":{"@id":"https:\/\/viaonlinedigital.com\/#\/schema\/logo\/image\/"}}]}},"_links":{"self":[{"href":"https:\/\/viaonlinedigital.com\/it\/wp-json\/wp\/v2\/pages\/1444","targetHints":{"allow":["GET"]}}],"collection":[{"href":"https:\/\/viaonlinedigital.com\/it\/wp-json\/wp\/v2\/pages"}],"about":[{"href":"https:\/\/viaonlinedigital.com\/it\/wp-json\/wp\/v2\/types\/page"}],"author":[{"embeddable":true,"href":"https:\/\/viaonlinedigital.com\/it\/wp-json\/wp\/v2\/users\/2"}],"replies":[{"embeddable":true,"href":"https:\/\/viaonlinedigital.com\/it\/wp-json\/wp\/v2\/comments?post=1444"}],"version-history":[{"count":5,"href":"https:\/\/viaonlinedigital.com\/it\/wp-json\/wp\/v2\/pages\/1444\/revisions"}],"predecessor-version":[{"id":1586,"href":"https:\/\/viaonlinedigital.com\/it\/wp-json\/wp\/v2\/pages\/1444\/revisions\/1586"}],"wp:attachment":[{"href":"https:\/\/viaonlinedigital.com\/it\/wp-json\/wp\/v2\/media?parent=1444"}],"curies":[{"name":"parola chiave","href":"https:\/\/api.w.org\/{rel}","templated":true}]}}