{"id":2,"date":"2024-11-25T12:11:17","date_gmt":"2024-11-25T15:11:17","guid":{"rendered":"https:\/\/viaonlinedigital.com\/?page_id=2"},"modified":"2025-02-27T08:42:20","modified_gmt":"2025-02-27T11:42:20","slug":"sobre-nos","status":"publish","type":"page","link":"https:\/\/viaonlinedigital.com\/fr\/sobre-nos\/","title":{"rendered":"\u00c0 propos de nous"},"content":{"rendered":"<html><body><p><strong>Qui sommes-nous<\/strong><\/p>\n<p>Dans le <strong>Via Online Digital<\/strong>Chez , nous avons \u00e0 c\u0153ur de connecter les entreprises \u00e0 l&#039;avenir num\u00e9rique. Fond\u00e9e par des professionnels exp\u00e9riment\u00e9s, notre mission est de transformer la pr\u00e9sence en ligne des marques gr\u00e2ce \u00e0 des solutions cr\u00e9atives et innovantes. Nous sommes convaincus que chaque entreprise a une histoire unique, et notre mission est de la raconter de mani\u00e8re efficace et engageante dans le monde num\u00e9rique.<\/p>\n<p><img loading=\"lazy\" decoding=\"async\" class=\"size-medium wp-image-891 alignleft\" src=\"https:\/\/viaonlinedigital.com\/wp-content\/uploads\/2025\/02\/69a66836-1786-48e9-b682-5fdf1d14864a-300x300.png\" alt=\"\" width=\"300\" height=\"300\" srcset=\"https:\/\/viaonlinedigital.com\/wp-content\/uploads\/2025\/02\/69a66836-1786-48e9-b682-5fdf1d14864a-300x300.png 300w, https:\/\/viaonlinedigital.com\/wp-content\/uploads\/2025\/02\/69a66836-1786-48e9-b682-5fdf1d14864a-150x150.png 150w, https:\/\/viaonlinedigital.com\/wp-content\/uploads\/2025\/02\/69a66836-1786-48e9-b682-5fdf1d14864a-768x768.png 768w, https:\/\/viaonlinedigital.com\/wp-content\/uploads\/2025\/02\/69a66836-1786-48e9-b682-5fdf1d14864a.png 1024w\" sizes=\"auto, (max-width: 300px) 100vw, 300px\" \/><\/p>\n<p>Marcelo Breda est un cr\u00e9ateur de contenu num\u00e9rique reconnu qui s&#039;est fait conna\u00eetre en ligne gr\u00e2ce \u00e0 son site web Viaonlinedigital.com, une plateforme d\u00e9di\u00e9e \u00e0 l&#039;\u00e9ducation et au partage de connaissances dans divers domaines de la vie moderne. Fort d&#039;une carri\u00e8re marqu\u00e9e par sa passion pour la technologie, les affaires et l&#039;innovation, Marcelo a fait de son exp\u00e9rience professionnelle une source d&#039;information fiable pour des milliers de lecteurs.<\/p>\n<p data-spm-anchor-id=\"5aebb161.2ef5001f.0.i223.14b0c9217t9xBl\">Sur Viaonlinedigital.com, Marcelo aborde des sujets tels que le marketing digital, les finances personnelles, l&#039;entrepreneuriat et les tendances technologiques, s&#039;effor\u00e7ant toujours de proposer des \u00e9clairages pratiques et accessibles. Son style clair et objectif facilite la compr\u00e9hension des concepts les plus complexes et les rend accessibles \u00e0 tous ceux qui souhaitent \u00e9largir leurs horizons. De plus, il ne se limite pas \u00e0 exposer des th\u00e9ories\u00a0; ses articles int\u00e8grent souvent des cas concrets, des conseils pratiques et des analyses d\u00e9taill\u00e9es qui aident les lecteurs \u00e0 mettre en pratique les id\u00e9es pr\u00e9sent\u00e9es dans leur vie personnelle ou professionnelle.<\/p>\n<p data-spm-anchor-id=\"5aebb161.2ef5001f.0.i221.14b0c9217t9xBl\">L&#039;engagement de Marcelo pour la qualit\u00e9 du contenu refl\u00e8te sa vision d&#039;un acc\u00e8s au savoir d\u00e9mocratique et simple. Il comprend que, dans un monde de plus en plus connect\u00e9, rester inform\u00e9 est essentiel \u00e0 la r\u00e9ussite personnelle et professionnelle. C&#039;est pourquoi il s&#039;attache \u00e0 tenir le site inform\u00e9 des derni\u00e8res actualit\u00e9s du march\u00e9, garantissant ainsi \u00e0 ses abonn\u00e9s un acc\u00e8s \u00e0 des informations pertinentes et actualis\u00e9es.<\/p>\n<p data-spm-anchor-id=\"5aebb161.2ef5001f.0.i222.14b0c9217t9xBl\">En plus de son travail chez Viaonlinedigital.com, Marcelo participe activement \u00e0 des \u00e9v\u00e9nements et sur les r\u00e9seaux sociaux, o\u00f9 il interagit directement avec son public. Cette proximit\u00e9 lui permet d&#039;identifier les besoins et les questions des utilisateurs, et d&#039;adapter constamment son contenu pour mieux r\u00e9pondre \u00e0 leurs attentes.<\/p>\n<p>Fort d&#039;une solide carri\u00e8re et d&#039;un impact croissant sur la communaut\u00e9 num\u00e9rique, Marcelo Breda demeure un mod\u00e8le pour ceux qui cherchent \u00e0 apprendre, \u00e0 grandir et \u00e0 s&#039;\u00e9panouir dans un environnement en constante \u00e9volution. Son h\u00e9ritage se construit non seulement \u00e0 travers les mots publi\u00e9s sur son site web, mais aussi par l&#039;inspiration qu&#039;il transmet \u00e0 tous ceux qui croisent virtuellement son chemin.<\/p>\n<\/body><\/html>","protected":false},"excerpt":{"rendered":"<p>Quem Somos Na Via Online Digital, somos apaixonados por conectar empresas com o futuro digital. Fundada por profissionais experientes, nossa miss\u00e3o \u00e9 transformar a presen\u00e7a online das marcas por meio de solu\u00e7\u00f5es criativas e inovadoras. Acreditamos que cada neg\u00f3cio tem uma hist\u00f3ria \u00fanica, e nossa miss\u00e3o \u00e9 ajudar a contar essa hist\u00f3ria de forma eficaz [&hellip;]<\/p>\n","protected":false},"author":1,"featured_media":0,"parent":0,"menu_order":0,"comment_status":"closed","ping_status":"closed","template":"","meta":{"footnotes":""},"class_list":["post-2","page","type-page","status-publish","hentry"],"yoast_head":"<!-- This site is optimized with the Yoast SEO plugin v27.4 - https:\/\/yoast.com\/product\/yoast-seo-wordpress\/ -->\n<title>Sobre N\u00f3s - Via Online Digital<\/title>\n<meta name=\"robots\" content=\"index, follow, max-snippet:-1, max-image-preview:large, max-video-preview:-1\" \/>\n<link rel=\"canonical\" href=\"https:\/\/viaonlinedigital.com\/fr\/sobre-nos\/\" \/>\n<meta property=\"og:locale\" content=\"fr_FR\" \/>\n<meta property=\"og:type\" content=\"article\" \/>\n<meta property=\"og:title\" content=\"Sobre N\u00f3s - Via Online Digital\" \/>\n<meta property=\"og:description\" content=\"Quem Somos Na Via Online Digital, somos apaixonados por conectar empresas com o futuro digital. Fundada por profissionais experientes, nossa miss\u00e3o \u00e9 transformar a presen\u00e7a online das marcas por meio de solu\u00e7\u00f5es criativas e inovadoras. Acreditamos que cada neg\u00f3cio tem uma hist\u00f3ria \u00fanica, e nossa miss\u00e3o \u00e9 ajudar a contar essa hist\u00f3ria de forma eficaz [&hellip;]\" \/>\n<meta property=\"og:url\" content=\"https:\/\/viaonlinedigital.com\/fr\/sobre-nos\/\" \/>\n<meta property=\"og:site_name\" content=\"Via Online Digital\" \/>\n<meta property=\"article:modified_time\" content=\"2025-02-27T11:42:20+00:00\" \/>\n<meta property=\"og:image\" content=\"https:\/\/viaonlinedigital.com\/wp-content\/uploads\/2025\/02\/69a66836-1786-48e9-b682-5fdf1d14864a.png\" \/>\n\t<meta property=\"og:image:width\" content=\"1024\" \/>\n\t<meta property=\"og:image:height\" content=\"1024\" \/>\n\t<meta property=\"og:image:type\" content=\"image\/png\" \/>\n<meta name=\"twitter:card\" content=\"summary_large_image\" \/>\n<meta name=\"twitter:label1\" content=\"Dur\u00e9e de lecture estim\u00e9e\" \/>\n\t<meta name=\"twitter:data1\" content=\"3 minutes\" \/>\n<script type=\"application\/ld+json\" class=\"yoast-schema-graph\">{\"@context\":\"https:\\\/\\\/schema.org\",\"@graph\":[{\"@type\":\"WebPage\",\"@id\":\"https:\\\/\\\/viaonlinedigital.com\\\/sobre-nos\\\/\",\"url\":\"https:\\\/\\\/viaonlinedigital.com\\\/sobre-nos\\\/\",\"name\":\"Sobre N\u00f3s - Via Online Digital\",\"isPartOf\":{\"@id\":\"https:\\\/\\\/viaonlinedigital.com\\\/#website\"},\"primaryImageOfPage\":{\"@id\":\"https:\\\/\\\/viaonlinedigital.com\\\/sobre-nos\\\/#primaryimage\"},\"image\":{\"@id\":\"https:\\\/\\\/viaonlinedigital.com\\\/sobre-nos\\\/#primaryimage\"},\"thumbnailUrl\":\"https:\\\/\\\/viaonlinedigital.com\\\/wp-content\\\/uploads\\\/2025\\\/02\\\/69a66836-1786-48e9-b682-5fdf1d14864a-300x300.png\",\"datePublished\":\"2024-11-25T15:11:17+00:00\",\"dateModified\":\"2025-02-27T11:42:20+00:00\",\"breadcrumb\":{\"@id\":\"https:\\\/\\\/viaonlinedigital.com\\\/sobre-nos\\\/#breadcrumb\"},\"inLanguage\":\"fr-FR\",\"potentialAction\":[{\"@type\":\"ReadAction\",\"target\":[\"https:\\\/\\\/viaonlinedigital.com\\\/sobre-nos\\\/\"]}]},{\"@type\":\"ImageObject\",\"inLanguage\":\"fr-FR\",\"@id\":\"https:\\\/\\\/viaonlinedigital.com\\\/sobre-nos\\\/#primaryimage\",\"url\":\"https:\\\/\\\/viaonlinedigital.com\\\/wp-content\\\/uploads\\\/2025\\\/02\\\/69a66836-1786-48e9-b682-5fdf1d14864a-300x300.png\",\"contentUrl\":\"https:\\\/\\\/viaonlinedigital.com\\\/wp-content\\\/uploads\\\/2025\\\/02\\\/69a66836-1786-48e9-b682-5fdf1d14864a-300x300.png\"},{\"@type\":\"BreadcrumbList\",\"@id\":\"https:\\\/\\\/viaonlinedigital.com\\\/sobre-nos\\\/#breadcrumb\",\"itemListElement\":[{\"@type\":\"ListItem\",\"position\":1,\"name\":\"In\u00edcio\",\"item\":\"https:\\\/\\\/viaonlinedigital.com\\\/\"},{\"@type\":\"ListItem\",\"position\":2,\"name\":\"Sobre N\u00f3s\"}]},{\"@type\":\"WebSite\",\"@id\":\"https:\\\/\\\/viaonlinedigital.com\\\/#website\",\"url\":\"https:\\\/\\\/viaonlinedigital.com\\\/\",\"name\":\"Via Online Digital\",\"description\":\"Seu blog ideal para todos os momentos\",\"publisher\":{\"@id\":\"https:\\\/\\\/viaonlinedigital.com\\\/#organization\"},\"potentialAction\":[{\"@type\":\"SearchAction\",\"target\":{\"@type\":\"EntryPoint\",\"urlTemplate\":\"https:\\\/\\\/viaonlinedigital.com\\\/?s={search_term_string}\"},\"query-input\":{\"@type\":\"PropertyValueSpecification\",\"valueRequired\":true,\"valueName\":\"search_term_string\"}}],\"inLanguage\":\"fr-FR\"},{\"@type\":\"Organization\",\"@id\":\"https:\\\/\\\/viaonlinedigital.com\\\/#organization\",\"name\":\"Via Online Digital\",\"url\":\"https:\\\/\\\/viaonlinedigital.com\\\/\",\"logo\":{\"@type\":\"ImageObject\",\"inLanguage\":\"fr-FR\",\"@id\":\"https:\\\/\\\/viaonlinedigital.com\\\/#\\\/schema\\\/logo\\\/image\\\/\",\"url\":\"https:\\\/\\\/viaonlinedigital.com\\\/wp-content\\\/uploads\\\/2024\\\/11\\\/cropped-favicon-logo.png\",\"contentUrl\":\"https:\\\/\\\/viaonlinedigital.com\\\/wp-content\\\/uploads\\\/2024\\\/11\\\/cropped-favicon-logo.png\",\"width\":64,\"height\":64,\"caption\":\"Via Online Digital\"},\"image\":{\"@id\":\"https:\\\/\\\/viaonlinedigital.com\\\/#\\\/schema\\\/logo\\\/image\\\/\"}}]}<\/script>\n<!-- \/ Yoast SEO plugin. -->","yoast_head_json":{"title":"\u00c0 propos de nous - Via Online Digital","robots":{"index":"index","follow":"follow","max-snippet":"max-snippet:-1","max-image-preview":"max-image-preview:large","max-video-preview":"max-video-preview:-1"},"canonical":"https:\/\/viaonlinedigital.com\/fr\/sobre-nos\/","og_locale":"fr_FR","og_type":"article","og_title":"Sobre N\u00f3s - Via Online Digital","og_description":"Quem Somos Na Via Online Digital, somos apaixonados por conectar empresas com o futuro digital. Fundada por profissionais experientes, nossa miss\u00e3o \u00e9 transformar a presen\u00e7a online das marcas por meio de solu\u00e7\u00f5es criativas e inovadoras. Acreditamos que cada neg\u00f3cio tem uma hist\u00f3ria \u00fanica, e nossa miss\u00e3o \u00e9 ajudar a contar essa hist\u00f3ria de forma eficaz [&hellip;]","og_url":"https:\/\/viaonlinedigital.com\/fr\/sobre-nos\/","og_site_name":"Via Online Digital","article_modified_time":"2025-02-27T11:42:20+00:00","og_image":[{"width":1024,"height":1024,"url":"https:\/\/viaonlinedigital.com\/wp-content\/uploads\/2025\/02\/69a66836-1786-48e9-b682-5fdf1d14864a.png","type":"image\/png"}],"twitter_card":"summary_large_image","twitter_misc":{"Dur\u00e9e de lecture estim\u00e9e":"3 minutes"},"schema":{"@context":"https:\/\/schema.org","@graph":[{"@type":"WebPage","@id":"https:\/\/viaonlinedigital.com\/sobre-nos\/","url":"https:\/\/viaonlinedigital.com\/sobre-nos\/","name":"\u00c0 propos de nous - Via Online Digital","isPartOf":{"@id":"https:\/\/viaonlinedigital.com\/#website"},"primaryImageOfPage":{"@id":"https:\/\/viaonlinedigital.com\/sobre-nos\/#primaryimage"},"image":{"@id":"https:\/\/viaonlinedigital.com\/sobre-nos\/#primaryimage"},"thumbnailUrl":"https:\/\/viaonlinedigital.com\/wp-content\/uploads\/2025\/02\/69a66836-1786-48e9-b682-5fdf1d14864a-300x300.png","datePublished":"2024-11-25T15:11:17+00:00","dateModified":"2025-02-27T11:42:20+00:00","breadcrumb":{"@id":"https:\/\/viaonlinedigital.com\/sobre-nos\/#breadcrumb"},"inLanguage":"fr-FR","potentialAction":[{"@type":"ReadAction","target":["https:\/\/viaonlinedigital.com\/sobre-nos\/"]}]},{"@type":"ImageObject","inLanguage":"fr-FR","@id":"https:\/\/viaonlinedigital.com\/sobre-nos\/#primaryimage","url":"https:\/\/viaonlinedigital.com\/wp-content\/uploads\/2025\/02\/69a66836-1786-48e9-b682-5fdf1d14864a-300x300.png","contentUrl":"https:\/\/viaonlinedigital.com\/wp-content\/uploads\/2025\/02\/69a66836-1786-48e9-b682-5fdf1d14864a-300x300.png"},{"@type":"BreadcrumbList","@id":"https:\/\/viaonlinedigital.com\/sobre-nos\/#breadcrumb","itemListElement":[{"@type":"ListItem","position":1,"name":"In\u00edcio","item":"https:\/\/viaonlinedigital.com\/"},{"@type":"ListItem","position":2,"name":"Sobre N\u00f3s"}]},{"@type":"WebSite","@id":"https:\/\/viaonlinedigital.com\/#website","url":"https:\/\/viaonlinedigital.com\/","name":"Via Online Digital","description":"Votre blog id\u00e9al pour tous les moments","publisher":{"@id":"https:\/\/viaonlinedigital.com\/#organization"},"potentialAction":[{"@type":"SearchAction","target":{"@type":"EntryPoint","urlTemplate":"https:\/\/viaonlinedigital.com\/?s={search_term_string}"},"query-input":{"@type":"PropertyValueSpecification","valueRequired":true,"valueName":"search_term_string"}}],"inLanguage":"fr-FR"},{"@type":"Organization","@id":"https:\/\/viaonlinedigital.com\/#organization","name":"Via Online Digital","url":"https:\/\/viaonlinedigital.com\/","logo":{"@type":"ImageObject","inLanguage":"fr-FR","@id":"https:\/\/viaonlinedigital.com\/#\/schema\/logo\/image\/","url":"https:\/\/viaonlinedigital.com\/wp-content\/uploads\/2024\/11\/cropped-favicon-logo.png","contentUrl":"https:\/\/viaonlinedigital.com\/wp-content\/uploads\/2024\/11\/cropped-favicon-logo.png","width":64,"height":64,"caption":"Via Online Digital"},"image":{"@id":"https:\/\/viaonlinedigital.com\/#\/schema\/logo\/image\/"}}]}},"_links":{"self":[{"href":"https:\/\/viaonlinedigital.com\/fr\/wp-json\/wp\/v2\/pages\/2","targetHints":{"allow":["GET"]}}],"collection":[{"href":"https:\/\/viaonlinedigital.com\/fr\/wp-json\/wp\/v2\/pages"}],"about":[{"href":"https:\/\/viaonlinedigital.com\/fr\/wp-json\/wp\/v2\/types\/page"}],"author":[{"embeddable":true,"href":"https:\/\/viaonlinedigital.com\/fr\/wp-json\/wp\/v2\/users\/1"}],"replies":[{"embeddable":true,"href":"https:\/\/viaonlinedigital.com\/fr\/wp-json\/wp\/v2\/comments?post=2"}],"version-history":[{"count":3,"href":"https:\/\/viaonlinedigital.com\/fr\/wp-json\/wp\/v2\/pages\/2\/revisions"}],"predecessor-version":[{"id":892,"href":"https:\/\/viaonlinedigital.com\/fr\/wp-json\/wp\/v2\/pages\/2\/revisions\/892"}],"wp:attachment":[{"href":"https:\/\/viaonlinedigital.com\/fr\/wp-json\/wp\/v2\/media?parent=2"}],"curies":[{"name":"wp","href":"https:\/\/api.w.org\/{rel}","templated":true}]}}