{"id":1508,"date":"2025-11-26T19:54:44","date_gmt":"2025-11-26T22:54:44","guid":{"rendered":"https:\/\/viaonlinedigital.com\/?page_id=1508"},"modified":"2025-11-26T20:04:59","modified_gmt":"2025-11-26T23:04:59","slug":"alertas-importantes-sobre-beneficios-bloqueios-prazos-e-mudancas-nas-regras","status":"publish","type":"page","link":"https:\/\/viaonlinedigital.com\/fr\/alertas-importantes-sobre-beneficios-bloqueios-prazos-e-mudancas-nas-regras\/","title":{"rendered":"Avis importants concernant les prestations\u00a0: restrictions, \u00e9ch\u00e9ances et modifications r\u00e9glementaires"},"content":{"rendered":"<html><body><p>Consultez d\u00e8s maintenant les avis susceptibles d&#039;affecter directement votre Bolsa Fam\u00edlia, votre INSS, votre Aux\u00edlio G\u00e1s et autres prestations. N&#039;attendez pas que votre paiement n&#039;arrive pas pour vous renseigner.<\/p>\n\n\n\t\t\t\t\t\t<p class=\"wp-block-create-block-sb-buttons\">\n\t\t\t\t<\/p><div class=\"shortcode-botao\">\n    <a href=\"https:\/\/viaonlinedigital.com\/fr\/alertas-importantes-situacoes-que-podem-bloquear-ou-suspender-seu-beneficio\/\" class=\"btn-base reward-ads\" style=\"background-color: #d40808; color: #ffffff\">\n        <h3 class=\"title\">\u26a0\ufe0f Consultez les alertes mises \u00e0 jour<\/h3>\n    <\/a>\n<\/div>\n\t<div class=\"disclaimer-button1\">Vous resterez sur ce site.<\/div>\n\t\t\t\n\t\t\t\t\t\n\t\n\t\n\t\n\t\n\n\n<h2 class=\"wp-block-heading\">Nombreuses sont les personnes qui ne d\u00e9couvrent le probl\u00e8me que lorsque l&#039;argent dispara\u00eet de leur compte.<\/h2>\n\n\n\n<p>Chaque mois, des milliers de personnes voient leurs prestations bloqu\u00e9es, suspendues ou annul\u00e9es pour les raisons suivantes\u00a0:<\/p>\n\n\n\n<ul class=\"wp-block-list\">\n<li>Inscription obsol\u00e8te ;<\/li>\n\n\n\n<li>Preuve de vie non fournie dans les d\u00e9lais impartis\u00a0;<\/li>\n\n\n\n<li>Informations incorrectes dans le registre unique (Cad\u00danico);<\/li>\n\n\n\n<li>Incapacit\u00e9 \u00e0 suivre l&#039;\u00e9volution des r\u00e8gles.<\/li>\n<\/ul>\n\n\n\n<p>\ud83d\udd14 La bonne nouvelle\u00a0: de nombreux probl\u00e8mes peuvent \u00eatre \u00e9vit\u00e9s si vous tenez compte des alertes \u00e0 l\u2019avance.<\/p>\n\n\n\n<h2 class=\"wp-block-heading\">Vous trouverez sur cette page d&#039;alertes ce que vous y trouverez.<\/h2>\n\n\n\n<ul class=\"wp-block-list\">\n<li>\u26a0\ufe0f Avis concernant les dates limites pour\u00a0<strong>preuve de vie<\/strong>\u00a0de l&#039;INSS ;<\/li>\n\n\n\n<li>\u26a0\ufe0f Alertes concernant\u00a0<strong>mise \u00e0 jour du registre unique (Cad\u00danico)<\/strong>\u00a0et Bolsa Fam\u00edlia;<\/li>\n\n\n\n<li>\u26a0\ufe0f Informations concernant\u00a0<strong>Blocage et suspension des prestations<\/strong>;<\/li>\n\n\n\n<li>\u26a0\ufe0f Consignes \u00e0 \u00e9viter\u00a0<strong>arnaques et faux messages<\/strong>\u00a0\u00e0 propos des avantages\u00a0;<\/li>\n\n\n\n<li>\u26a0\ufe0f Conseils pratiques pour \u00e9viter de perdre un paiement par manque d&#039;attention.<\/li>\n<\/ul>\n\n\n\n<h2 class=\"wp-block-heading\">Alertes cl\u00e9s \u00e0 surveiller.<\/h2>\n\n\n\n<h3 class=\"wp-block-heading\">\ud83d\udea8 1. Preuve de vie INSS<\/h3>\n\n\n\n<p>Les personnes percevant des prestations de l&#039;INSS (Institut national de s\u00e9curit\u00e9 sociale br\u00e9silien) doivent veiller \u00e0 fournir une preuve de vie. Le d\u00e9faut de justificatif peut entra\u00eener la suspension temporaire des versements.<\/p>\n\n\n\n<h3 class=\"wp-block-heading\">\ud83d\udea8 2. Mise \u00e0 jour du registre unique (Cad\u00danico)<\/h3>\n\n\n\n<p>Les familles b\u00e9n\u00e9ficiant de l&#039;allocation familiale (Bolsa Fam\u00edlia) et d&#039;autres aides sociales doivent tenir \u00e0 jour leurs donn\u00e9es Cad\u00danico. Tout changement d&#039;adresse, de revenus ou de composition familiale doit \u00eatre enregistr\u00e9.<\/p>\n\n\n\n<h3 class=\"wp-block-heading\">\ud83d\udea8 3. Bloqu\u00e9 en raison d&#039;incoh\u00e9rences dans les informations<\/h3>\n\n\n\n<p>En cas de divergence entre les informations d\u00e9clar\u00e9es et les donn\u00e9es figurant dans d&#039;autres syst\u00e8mes, la prestation peut \u00eatre bloqu\u00e9e jusqu&#039;\u00e0 ce que la situation soit expliqu\u00e9e.<\/p>\n\n\n\n<h3 class=\"wp-block-heading\">\ud83d\udea8 4. Arnaques d\u00e9guis\u00e9es en programmes sociaux<\/h3>\n\n\n\n<p>Les messages demandant un paiement en PIX (syst\u00e8me de paiement instantan\u00e9 br\u00e9silien), un paiement anticip\u00e9 ou des \u201c\u00a0frais de d\u00e9blocage\u00a0\u201d sont g\u00e9n\u00e9ralement des arnaques. Les prestations officielles ne n\u00e9cessitent aucun paiement pour \u00eatre d\u00e9bloqu\u00e9es.<\/p>\n\n\n\n<h2 class=\"wp-block-heading\">Comment \u00e9viter les blocages et les probl\u00e8mes li\u00e9s \u00e0 vos prestations.<\/h2>\n\n\n\n<ul class=\"wp-block-list\">\n<li>Consultez r\u00e9guli\u00e8rement les applications officielles (Bolsa Fam\u00edlia, Caixa Tem, Meu INSS) ;<\/li>\n\n\n\n<li>Tenez \u00e0 jour votre adresse, votre num\u00e9ro de t\u00e9l\u00e9phone et vos revenus dans le Cad\u00danico (Registre unique des programmes sociaux) ;<\/li>\n\n\n\n<li>Soyez attentifs aux messages officiels du gouvernement ;<\/li>\n\n\n\n<li>Consultez votre calendrier et vos notifications avant de supposer que \u201c l&#039;argent a disparu \u201d ;<\/li>\n\n\n\n<li>M\u00e9fiez-vous de quiconque vous demande de l&#039;argent en \u00e9change d&#039;un avantage.<\/li>\n<\/ul>\n\n\n\n<h2 class=\"wp-block-heading\">Questions fr\u00e9quentes concernant les alertes et les blocages<\/h2>\n\n\n\n<h3 class=\"wp-block-heading\">\ud83d\udccc Mon paiement n&#039;est pas arriv\u00e9 \u00e0 temps : que dois-je faire ?<\/h3>\n\n\n\n<p>V\u00e9rifiez tout d&#039;abord que vous avez consult\u00e9 le bon calendrier et qu&#039;il n&#039;y a aucune notification bloqu\u00e9e ou en attente dans l&#039;application.<\/p>\n\n\n\n<h3 class=\"wp-block-heading\">\ud83d\udccc Comment savoir si ma prestation a \u00e9t\u00e9 bloqu\u00e9e ?<\/h3>\n\n\n\n<p>Les notifications apparaissent g\u00e9n\u00e9ralement dans l&#039;application (Bolsa Fam\u00edlia, Caixa Tem ou Meu INSS). Dans certains cas, il est n\u00e9cessaire de s&#039;adresser au CRAS ou \u00e0 l&#039;INSS.<\/p>\n\n\n\n<h3 class=\"wp-block-heading\">\ud83d\udccc Le gouvernement envoie-t-il des messages via WhatsApp pour demander une confirmation de donn\u00e9es\u00a0?<\/h3>\n\n\n\n<p>Soyez prudent. M\u00e9fiez-vous toujours des liens suspects et ne transmettez jamais de photos de vos documents ni de vos mots de passe par message.<\/p>\n\n\n\n<h2 class=\"wp-block-heading\">Consultez d\u00e8s maintenant les derni\u00e8res alertes susceptibles d&#039;affecter votre CPF (num\u00e9ro d&#039;identification fiscale br\u00e9silien).<\/h2>\n\n\n\n<p>Cliquez ci-dessous pour acc\u00e9der \u00e0 la page contenant les informations les plus importantes concernant les blocages, les \u00e9ch\u00e9ances et les modifications de r\u00e8gles.<\/p>\n\n\n\t\t\t\t\t\t<p class=\"wp-block-create-block-sb-buttons\">\n\t\t\t\t<\/p><div class=\"shortcode-botao\">\n    <a href=\"https:\/\/viaonlinedigital.com\/fr\/alertas-importantes-situacoes-que-podem-bloquear-ou-suspender-seu-beneficio\/\" class=\"btn-base reward-ads\" style=\"background-color: #d40808; color: #ffffff\">\n        <h3 class=\"title\">\ud83d\udc49 Consultez les alertes importantes d\u00e8s maintenant<\/h3>\n    <\/a>\n<\/div>\n\t<div class=\"disclaimer-button1\">Vous resterez sur ce site.<\/div>\n\t\t\t\n\t\t\t\t\t\n\t\n\t\n\t\n\t\n\n\n<p>Ce contenu est fourni \u00e0 titre informatif uniquement. Veuillez toujours v\u00e9rifier les informations aupr\u00e8s des instances officielles du gouvernement f\u00e9d\u00e9ral, de l&#039;INSS (Institut national de s\u00e9curit\u00e9 sociale du Br\u00e9sil), de la Caixa Econ\u00f4mica Federal (Caisse f\u00e9d\u00e9rale d&#039;\u00e9pargne du Br\u00e9sil) ou du CRAS (Centre de r\u00e9f\u00e9rence en mati\u00e8re d&#039;assistance sociale) de votre commune.<\/p>\n\n\n\n<p><\/p>\n<\/body><\/html>","protected":false},"excerpt":{"rendered":"<p>Veja agora avisos que podem afetar diretamente o seu Bolsa Fam\u00edlia, INSS, Aux\u00edlio G\u00e1s e outros benef\u00edcios. N\u00e3o espere descobrir s\u00f3 quando o pagamento n\u00e3o cair. Muita gente s\u00f3 descobre o problema quando o dinheiro some da conta Todo m\u00eas, milhares de pessoas t\u00eam benef\u00edcio bloqueado, suspenso ou cancelado por causa de: \ud83d\udd14 A boa [&hellip;]<\/p>\n","protected":false},"author":2,"featured_media":0,"parent":0,"menu_order":0,"comment_status":"closed","ping_status":"closed","template":"","meta":{"footnotes":""},"class_list":["post-1508","page","type-page","status-publish","hentry"],"yoast_head":"<!-- This site is optimized with the Yoast SEO plugin v27.4 - https:\/\/yoast.com\/product\/yoast-seo-wordpress\/ -->\n<title>Alertas Importantes sobre Benef\u00edcios: Bloqueios, Prazos e Mudan\u00e7as nas Regras - Via Online Digital<\/title>\n<meta name=\"robots\" content=\"index, follow, max-snippet:-1, max-image-preview:large, max-video-preview:-1\" \/>\n<link rel=\"canonical\" href=\"https:\/\/viaonlinedigital.com\/fr\/alertas-importantes-sobre-beneficios-bloqueios-prazos-e-mudancas-nas-regras\/\" \/>\n<meta property=\"og:locale\" content=\"fr_FR\" \/>\n<meta property=\"og:type\" content=\"article\" \/>\n<meta property=\"og:title\" content=\"Alertas Importantes sobre Benef\u00edcios: Bloqueios, Prazos e Mudan\u00e7as nas Regras - Via Online Digital\" \/>\n<meta property=\"og:description\" content=\"Veja agora avisos que podem afetar diretamente o seu Bolsa Fam\u00edlia, INSS, Aux\u00edlio G\u00e1s e outros benef\u00edcios. N\u00e3o espere descobrir s\u00f3 quando o pagamento n\u00e3o cair. Muita gente s\u00f3 descobre o problema quando o dinheiro some da conta Todo m\u00eas, milhares de pessoas t\u00eam benef\u00edcio bloqueado, suspenso ou cancelado por causa de: \ud83d\udd14 A boa [&hellip;]\" \/>\n<meta property=\"og:url\" content=\"https:\/\/viaonlinedigital.com\/fr\/alertas-importantes-sobre-beneficios-bloqueios-prazos-e-mudancas-nas-regras\/\" \/>\n<meta property=\"og:site_name\" content=\"Via Online Digital\" \/>\n<meta property=\"article:modified_time\" content=\"2025-11-26T23:04:59+00:00\" \/>\n<meta name=\"twitter:card\" content=\"summary_large_image\" \/>\n<meta name=\"twitter:label1\" content=\"Dur\u00e9e de lecture estim\u00e9e\" \/>\n\t<meta name=\"twitter:data1\" content=\"3 minutes\" \/>\n<script type=\"application\/ld+json\" class=\"yoast-schema-graph\">{\"@context\":\"https:\\\/\\\/schema.org\",\"@graph\":[{\"@type\":\"WebPage\",\"@id\":\"https:\\\/\\\/viaonlinedigital.com\\\/alertas-importantes-sobre-beneficios-bloqueios-prazos-e-mudancas-nas-regras\\\/\",\"url\":\"https:\\\/\\\/viaonlinedigital.com\\\/alertas-importantes-sobre-beneficios-bloqueios-prazos-e-mudancas-nas-regras\\\/\",\"name\":\"Alertas Importantes sobre Benef\u00edcios: Bloqueios, Prazos e Mudan\u00e7as nas Regras - Via Online Digital\",\"isPartOf\":{\"@id\":\"https:\\\/\\\/viaonlinedigital.com\\\/#website\"},\"datePublished\":\"2025-11-26T22:54:44+00:00\",\"dateModified\":\"2025-11-26T23:04:59+00:00\",\"breadcrumb\":{\"@id\":\"https:\\\/\\\/viaonlinedigital.com\\\/alertas-importantes-sobre-beneficios-bloqueios-prazos-e-mudancas-nas-regras\\\/#breadcrumb\"},\"inLanguage\":\"fr-FR\",\"potentialAction\":[{\"@type\":\"ReadAction\",\"target\":[\"https:\\\/\\\/viaonlinedigital.com\\\/alertas-importantes-sobre-beneficios-bloqueios-prazos-e-mudancas-nas-regras\\\/\"]}]},{\"@type\":\"BreadcrumbList\",\"@id\":\"https:\\\/\\\/viaonlinedigital.com\\\/alertas-importantes-sobre-beneficios-bloqueios-prazos-e-mudancas-nas-regras\\\/#breadcrumb\",\"itemListElement\":[{\"@type\":\"ListItem\",\"position\":1,\"name\":\"In\u00edcio\",\"item\":\"https:\\\/\\\/viaonlinedigital.com\\\/\"},{\"@type\":\"ListItem\",\"position\":2,\"name\":\"Alertas Importantes sobre Benef\u00edcios: Bloqueios, Prazos e Mudan\u00e7as nas Regras\"}]},{\"@type\":\"WebSite\",\"@id\":\"https:\\\/\\\/viaonlinedigital.com\\\/#website\",\"url\":\"https:\\\/\\\/viaonlinedigital.com\\\/\",\"name\":\"Via Online Digital\",\"description\":\"Seu blog ideal para todos os momentos\",\"publisher\":{\"@id\":\"https:\\\/\\\/viaonlinedigital.com\\\/#organization\"},\"potentialAction\":[{\"@type\":\"SearchAction\",\"target\":{\"@type\":\"EntryPoint\",\"urlTemplate\":\"https:\\\/\\\/viaonlinedigital.com\\\/?s={search_term_string}\"},\"query-input\":{\"@type\":\"PropertyValueSpecification\",\"valueRequired\":true,\"valueName\":\"search_term_string\"}}],\"inLanguage\":\"fr-FR\"},{\"@type\":\"Organization\",\"@id\":\"https:\\\/\\\/viaonlinedigital.com\\\/#organization\",\"name\":\"Via Online Digital\",\"url\":\"https:\\\/\\\/viaonlinedigital.com\\\/\",\"logo\":{\"@type\":\"ImageObject\",\"inLanguage\":\"fr-FR\",\"@id\":\"https:\\\/\\\/viaonlinedigital.com\\\/#\\\/schema\\\/logo\\\/image\\\/\",\"url\":\"https:\\\/\\\/viaonlinedigital.com\\\/wp-content\\\/uploads\\\/2024\\\/11\\\/cropped-favicon-logo.png\",\"contentUrl\":\"https:\\\/\\\/viaonlinedigital.com\\\/wp-content\\\/uploads\\\/2024\\\/11\\\/cropped-favicon-logo.png\",\"width\":64,\"height\":64,\"caption\":\"Via Online Digital\"},\"image\":{\"@id\":\"https:\\\/\\\/viaonlinedigital.com\\\/#\\\/schema\\\/logo\\\/image\\\/\"}}]}<\/script>\n<!-- \/ Yoast SEO plugin. -->","yoast_head_json":{"title":"Alertes importantes concernant les prestations\u00a0: blocages, \u00e9ch\u00e9ances et modifications de r\u00e8gles \u2013 Via les plateformes num\u00e9riques en ligne","robots":{"index":"index","follow":"follow","max-snippet":"max-snippet:-1","max-image-preview":"max-image-preview:large","max-video-preview":"max-video-preview:-1"},"canonical":"https:\/\/viaonlinedigital.com\/fr\/alertas-importantes-sobre-beneficios-bloqueios-prazos-e-mudancas-nas-regras\/","og_locale":"fr_FR","og_type":"article","og_title":"Alertas Importantes sobre Benef\u00edcios: Bloqueios, Prazos e Mudan\u00e7as nas Regras - Via Online Digital","og_description":"Veja agora avisos que podem afetar diretamente o seu Bolsa Fam\u00edlia, INSS, Aux\u00edlio G\u00e1s e outros benef\u00edcios. N\u00e3o espere descobrir s\u00f3 quando o pagamento n\u00e3o cair. Muita gente s\u00f3 descobre o problema quando o dinheiro some da conta Todo m\u00eas, milhares de pessoas t\u00eam benef\u00edcio bloqueado, suspenso ou cancelado por causa de: \ud83d\udd14 A boa [&hellip;]","og_url":"https:\/\/viaonlinedigital.com\/fr\/alertas-importantes-sobre-beneficios-bloqueios-prazos-e-mudancas-nas-regras\/","og_site_name":"Via Online Digital","article_modified_time":"2025-11-26T23:04:59+00:00","twitter_card":"summary_large_image","twitter_misc":{"Dur\u00e9e de lecture estim\u00e9e":"3 minutes"},"schema":{"@context":"https:\/\/schema.org","@graph":[{"@type":"WebPage","@id":"https:\/\/viaonlinedigital.com\/alertas-importantes-sobre-beneficios-bloqueios-prazos-e-mudancas-nas-regras\/","url":"https:\/\/viaonlinedigital.com\/alertas-importantes-sobre-beneficios-bloqueios-prazos-e-mudancas-nas-regras\/","name":"Alertes importantes concernant les prestations\u00a0: blocages, \u00e9ch\u00e9ances et modifications de r\u00e8gles \u2013 Via les plateformes num\u00e9riques en ligne","isPartOf":{"@id":"https:\/\/viaonlinedigital.com\/#website"},"datePublished":"2025-11-26T22:54:44+00:00","dateModified":"2025-11-26T23:04:59+00:00","breadcrumb":{"@id":"https:\/\/viaonlinedigital.com\/alertas-importantes-sobre-beneficios-bloqueios-prazos-e-mudancas-nas-regras\/#breadcrumb"},"inLanguage":"fr-FR","potentialAction":[{"@type":"ReadAction","target":["https:\/\/viaonlinedigital.com\/alertas-importantes-sobre-beneficios-bloqueios-prazos-e-mudancas-nas-regras\/"]}]},{"@type":"BreadcrumbList","@id":"https:\/\/viaonlinedigital.com\/alertas-importantes-sobre-beneficios-bloqueios-prazos-e-mudancas-nas-regras\/#breadcrumb","itemListElement":[{"@type":"ListItem","position":1,"name":"In\u00edcio","item":"https:\/\/viaonlinedigital.com\/"},{"@type":"ListItem","position":2,"name":"Alertas Importantes sobre Benef\u00edcios: Bloqueios, Prazos e Mudan\u00e7as nas Regras"}]},{"@type":"WebSite","@id":"https:\/\/viaonlinedigital.com\/#website","url":"https:\/\/viaonlinedigital.com\/","name":"Via Online Digital","description":"Votre blog id\u00e9al pour tous les moments","publisher":{"@id":"https:\/\/viaonlinedigital.com\/#organization"},"potentialAction":[{"@type":"SearchAction","target":{"@type":"EntryPoint","urlTemplate":"https:\/\/viaonlinedigital.com\/?s={search_term_string}"},"query-input":{"@type":"PropertyValueSpecification","valueRequired":true,"valueName":"search_term_string"}}],"inLanguage":"fr-FR"},{"@type":"Organization","@id":"https:\/\/viaonlinedigital.com\/#organization","name":"Via Online Digital","url":"https:\/\/viaonlinedigital.com\/","logo":{"@type":"ImageObject","inLanguage":"fr-FR","@id":"https:\/\/viaonlinedigital.com\/#\/schema\/logo\/image\/","url":"https:\/\/viaonlinedigital.com\/wp-content\/uploads\/2024\/11\/cropped-favicon-logo.png","contentUrl":"https:\/\/viaonlinedigital.com\/wp-content\/uploads\/2024\/11\/cropped-favicon-logo.png","width":64,"height":64,"caption":"Via Online Digital"},"image":{"@id":"https:\/\/viaonlinedigital.com\/#\/schema\/logo\/image\/"}}]}},"_links":{"self":[{"href":"https:\/\/viaonlinedigital.com\/fr\/wp-json\/wp\/v2\/pages\/1508","targetHints":{"allow":["GET"]}}],"collection":[{"href":"https:\/\/viaonlinedigital.com\/fr\/wp-json\/wp\/v2\/pages"}],"about":[{"href":"https:\/\/viaonlinedigital.com\/fr\/wp-json\/wp\/v2\/types\/page"}],"author":[{"embeddable":true,"href":"https:\/\/viaonlinedigital.com\/fr\/wp-json\/wp\/v2\/users\/2"}],"replies":[{"embeddable":true,"href":"https:\/\/viaonlinedigital.com\/fr\/wp-json\/wp\/v2\/comments?post=1508"}],"version-history":[{"count":2,"href":"https:\/\/viaonlinedigital.com\/fr\/wp-json\/wp\/v2\/pages\/1508\/revisions"}],"predecessor-version":[{"id":1516,"href":"https:\/\/viaonlinedigital.com\/fr\/wp-json\/wp\/v2\/pages\/1508\/revisions\/1516"}],"wp:attachment":[{"href":"https:\/\/viaonlinedigital.com\/fr\/wp-json\/wp\/v2\/media?parent=1508"}],"curies":[{"name":"wp","href":"https:\/\/api.w.org\/{rel}","templated":true}]}}