{"id":1456,"date":"2025-11-24T20:36:29","date_gmt":"2025-11-24T23:36:29","guid":{"rendered":"https:\/\/viaonlinedigital.com\/?page_id=1456"},"modified":"2025-11-24T20:52:56","modified_gmt":"2025-11-24T23:52:56","slug":"calendario-de-pagamento-atualizado-bolsa-familia-inss-e-auxilios-deste-mes","status":"publish","type":"page","link":"https:\/\/viaonlinedigital.com\/fr\/calendario-de-pagamento-atualizado-bolsa-familia-inss-e-auxilios-deste-mes\/","title":{"rendered":"Mise \u00e0 jour du calendrier de paiement\u00a0: Bolsa Fam\u00edlia, INSS et autres prestations pour ce mois-ci"},"content":{"rendered":"<html><body><p>V\u00e9rifiez la date de versement de votre paiement gr\u00e2ce \u00e0 votre num\u00e9ro NIS, votre num\u00e9ro CPF ou le dernier chiffre de votre num\u00e9ro de prestation. \u00c9vitez ainsi les mauvaises surprises et les retards.<\/p>\n\n\n\t\t\t\t\t\t<p class=\"wp-block-create-block-sb-buttons\">\n\t\t\t\t<\/p><div class=\"shortcode-botao\">\n    <a href=\"https:\/\/viaonlinedigital.com\/fr\/calendario-de-pagamento-atualizado-bolsa-familia-inss-e-auxilios\/\" class=\"btn-base reward-ads\" style=\"background-color: #1e90ff; color: #ffffff\">\n        <h3 class=\"title\">\ud83d\udc49 Voir le calendrier mis \u00e0 jour<\/h3>\n    <\/a>\n<\/div>\n\t<div class=\"disclaimer-button1\">Vous resterez sur ce site.<\/div>\n\t\t\t\n\t\t\t\t\t\n\t\n\t\n\t\n\t\n\n\n<h2 class=\"wp-block-heading\">Des milliers de Br\u00e9siliens consultent le calendrier chaque mois.<\/h2>\n\n\n\n<ul class=\"wp-block-list\">\n<li>\u201c J&#039;ai d\u00e9couvert que le paiement \u00e9tait arriv\u00e9 un jour plus t\u00f4t que pr\u00e9vu. \u201d<\/li>\n\n\n\n<li>\u201c Maintenant, je ne rate plus jamais les d\u00e9lais, je peux m&#039;organiser parfaitement. \u201d<\/li>\n\n\n\n<li>\u201c J\u2019utilise toujours ce calendrier pour savoir quand le versement de la Bolsa Fam\u00edlia sera effectu\u00e9. \u201d<\/li>\n<\/ul>\n\n\n\n<p>\ud83d\udcc5 Bien organiser ses finances commence par conna\u00eetre le jour exact o\u00f9 votre argent rentre.<\/p>\n\n\n\n<h2 class=\"wp-block-heading\">Ce que vous verrez sur cette page<\/h2>\n\n\n\n<ul class=\"wp-block-list\">\n<li>\u2705\u00a0<strong>Calendrier Bolsa Fam\u00edlia<\/strong>\u00a0organis\u00e9 par NIS final<\/li>\n\n\n\n<li>\u2705\u00a0<strong>Calendrier INSS<\/strong>\u00a0\u00e0 la fin de l&#039;avantage<\/li>\n\n\n\n<li>\u2705\u00a0<strong>Dates d&#039;aide au gaz<\/strong>\u00a0et d&#039;autres formes d&#039;aide<\/li>\n\n\n\n<li>\u2705 Explication simple de la lecture du calendrier<\/li>\n\n\n\n<li>\u2705 Conseils pour \u00e9viter de perdre des paiements par manque d&#039;informations<\/li>\n<\/ul>\n\n\n\n<h2 class=\"wp-block-heading\">Petit r\u00e9capitulatif des calendriers de ce mois-ci.<\/h2>\n\n\n\n<figure class=\"wp-block-table\"><table class=\"has-fixed-layout\"><thead><tr><th>Avantage<\/th><th>Base<\/th><th>Comment consulter la date<\/th><\/tr><\/thead><tbody><tr><td>Allocation familiale<\/td><td>Fin du NIS<\/td><td>V\u00e9rifiez le dernier chiffre de votre num\u00e9ro NIS et reportez-vous au jour correspondant dans le tableau.<\/td><\/tr><tr><td>INSS<\/td><td>Fin des prestations<\/td><td>Regardez le dernier chiffre de votre num\u00e9ro de prestation et comparez-le avec la ligne du calendrier.<\/td><\/tr><tr><td>Aide au gaz<\/td><td>Mon propre calendrier<\/td><td>Les dates sont fix\u00e9es tous les deux mois ; veuillez vous r\u00e9f\u00e9rer au tableau ci-dessous.<\/td><\/tr><\/tbody><\/table><\/figure>\n\n\n\n<h2 class=\"wp-block-heading\">Comment comprendre le calendrier de paiement<\/h2>\n\n\n\n<p>Pour la quasi-totalit\u00e9 des prestations gouvernementales, la date de versement n&#039;est pas la m\u00eame pour tous. Cela d\u00e9pend de\u2026\u00a0<strong>fin du NIS<\/strong>, de\u00a0<strong>fin des prestations<\/strong>\u00a0ou \u00e0 une table officielle.<\/p>\n\n\n\n<ul class=\"wp-block-list\">\n<li>N\u0153ud\u00a0<strong>Allocation familiale<\/strong>, vous regardez\u00a0<strong>dernier num\u00e9ro NIS<\/strong>\u00a0Sur la carte ou dans l&#039;application.<\/li>\n\n\n\n<li>N\u0153ud\u00a0<strong>INSS<\/strong>, vous utilisez le\u00a0<strong>num\u00e9ro de prestations<\/strong>.<\/li>\n\n\n\n<li>N\u0153ud\u00a0<strong>Subventions sur le gaz et autres subventions<\/strong>, Le tableau publi\u00e9 par le gouvernement suit.<\/li>\n<\/ul>\n\n\n\n<h2 class=\"wp-block-heading\">Pourquoi est-il important de consulter le calendrier chaque mois\u00a0?<\/h2>\n\n\n\n<ul class=\"wp-block-list\">\n<li>Vous \u00e9vitez ainsi de penser que \u201c la prestation n&#039;a pas encore \u00e9t\u00e9 cr\u00e9dit\u00e9e \u201d alors qu&#039;en r\u00e9alit\u00e9, ce n&#039;\u00e9tait pas encore la date de paiement.<\/li>\n\n\n\n<li>Vous \u00eates capable de mieux vous organiser concernant vos factures, vos achats et vos dettes.<\/li>\n\n\n\n<li>Pouvez-vous identifier les retards r\u00e9els ou les probl\u00e8mes d&#039;inscription potentiels\u00a0?.<\/li>\n\n\n\n<li>Ne vous laissez pas pi\u00e9ger par les arnaques de personnes qui inventent de faux rendez-vous.<\/li>\n<\/ul>\n\n\n\n<h2 class=\"wp-block-heading\">Questions fr\u00e9quentes concernant le calendrier de paiement<\/h2>\n\n\n\n<h3 class=\"wp-block-heading\">\ud83d\udccc Le calendrier est-il le m\u00eame pour tous les \u00c9tats ?<\/h3>\n\n\n\n<p>Pour les prestations sociales nationales, telles que Bolsa Fam\u00edlia et l&#039;INSS, le calendrier est le m\u00eame dans tout le pays.<\/p>\n\n\n\n<h3 class=\"wp-block-heading\">\ud83d\udccc Le gouvernement peut-il changer la date ?<\/h3>\n\n\n\n<p>Oui, c&#039;est possible. Dans certains cas particuliers, les dates peuvent \u00eatre avanc\u00e9es ou modifi\u00e9es\u00a0; il est donc important de se tenir inform\u00e9 des mises \u00e0 jour.<\/p>\n\n\n\n<h3 class=\"wp-block-heading\">\ud83d\udccc Si je rate la date limite, est-ce que je perds l&#039;avantage ?<\/h3>\n\n\n\n<p>En r\u00e8gle g\u00e9n\u00e9rale, non\u00a0; les fonds restent disponibles pendant un certain temps. Toutefois, un d\u00e9lai trop long pour le transfert des fonds peut entra\u00eener des blocages ult\u00e9rieurs.<\/p>\n\n\n\n<h2 class=\"wp-block-heading\">Consultez d\u00e8s maintenant le calendrier de paiement complet pour ce mois-ci.<\/h2>\n\n\n\n<p>Cliquez ci-dessous pour voir les dates d\u00e9taill\u00e9es de Bolsa Fam\u00edlia, INSS, Aux\u00edlio G\u00e1s et d\u2019autres avantages.<\/p>\n\n\n\t\t\t\t\t\t<p class=\"wp-block-create-block-sb-buttons\">\n\t\t\t\t<\/p><div class=\"shortcode-botao\">\n    <a href=\"https:\/\/viaonlinedigital.com\/fr\/calendario-de-pagamento-atualizado-bolsa-familia-inss-e-auxilios\/\" class=\"btn-base reward-ads\" style=\"background-color: #1e90ff; color: #ffffff\">\n        <h3 class=\"title\">\ud83d\udc49 Voir le calendrier complet<\/h3>\n    <\/a>\n<\/div>\n\t<div class=\"disclaimer-button1\">Vous resterez sur ce site.<\/div>\n\t\t\t\n\t\t\t\t\t\n\t\n\t\n\t\n\t\n\n\n<p>Ce contenu est fourni \u00e0 titre informatif seulement. Veuillez toujours confirmer les dates aupr\u00e8s des canaux officiels du gouvernement f\u00e9d\u00e9ral.<\/p>\n\n\n\n<p><\/p>\n<\/body><\/html>","protected":false},"excerpt":{"rendered":"<p>Veja em que dia voc\u00ea recebe, de acordo com o seu NIS, CPF ou final do benef\u00edcio. Evite surpresas e atrasos. Milhares de brasileiros conferem o calend\u00e1rio todo m\u00eas \ud83d\udcc5 Organizar a vida financeira come\u00e7a sabendo o dia certo que o dinheiro entra. O que voc\u00ea vai ver nesta p\u00e1gina Resumo r\u00e1pido dos calend\u00e1rios deste [&hellip;]<\/p>\n","protected":false},"author":2,"featured_media":0,"parent":0,"menu_order":0,"comment_status":"closed","ping_status":"closed","template":"","meta":{"footnotes":""},"class_list":["post-1456","page","type-page","status-publish","hentry"],"yoast_head":"<!-- This site is optimized with the Yoast SEO plugin v27.4 - https:\/\/yoast.com\/product\/yoast-seo-wordpress\/ -->\n<title>Calend\u00e1rio de Pagamento Atualizado: Bolsa Fam\u00edlia, INSS e Aux\u00edlios deste m\u00eas - Via Online Digital<\/title>\n<meta name=\"robots\" content=\"index, follow, max-snippet:-1, max-image-preview:large, max-video-preview:-1\" \/>\n<link rel=\"canonical\" href=\"https:\/\/viaonlinedigital.com\/fr\/calendario-de-pagamento-atualizado-bolsa-familia-inss-e-auxilios-deste-mes\/\" \/>\n<meta property=\"og:locale\" content=\"fr_FR\" \/>\n<meta property=\"og:type\" content=\"article\" \/>\n<meta property=\"og:title\" content=\"Calend\u00e1rio de Pagamento Atualizado: Bolsa Fam\u00edlia, INSS e Aux\u00edlios deste m\u00eas - Via Online Digital\" \/>\n<meta property=\"og:description\" content=\"Veja em que dia voc\u00ea recebe, de acordo com o seu NIS, CPF ou final do benef\u00edcio. Evite surpresas e atrasos. Milhares de brasileiros conferem o calend\u00e1rio todo m\u00eas \ud83d\udcc5 Organizar a vida financeira come\u00e7a sabendo o dia certo que o dinheiro entra. O que voc\u00ea vai ver nesta p\u00e1gina Resumo r\u00e1pido dos calend\u00e1rios deste [&hellip;]\" \/>\n<meta property=\"og:url\" content=\"https:\/\/viaonlinedigital.com\/fr\/calendario-de-pagamento-atualizado-bolsa-familia-inss-e-auxilios-deste-mes\/\" \/>\n<meta property=\"og:site_name\" content=\"Via Online Digital\" \/>\n<meta property=\"article:modified_time\" content=\"2025-11-24T23:52:56+00:00\" \/>\n<meta name=\"twitter:card\" content=\"summary_large_image\" \/>\n<meta name=\"twitter:label1\" content=\"Dur\u00e9e de lecture estim\u00e9e\" \/>\n\t<meta name=\"twitter:data1\" content=\"3 minutes\" \/>\n<script type=\"application\/ld+json\" class=\"yoast-schema-graph\">{\"@context\":\"https:\\\/\\\/schema.org\",\"@graph\":[{\"@type\":\"WebPage\",\"@id\":\"https:\\\/\\\/viaonlinedigital.com\\\/calendario-de-pagamento-atualizado-bolsa-familia-inss-e-auxilios-deste-mes\\\/\",\"url\":\"https:\\\/\\\/viaonlinedigital.com\\\/calendario-de-pagamento-atualizado-bolsa-familia-inss-e-auxilios-deste-mes\\\/\",\"name\":\"Calend\u00e1rio de Pagamento Atualizado: Bolsa Fam\u00edlia, INSS e Aux\u00edlios deste m\u00eas - Via Online Digital\",\"isPartOf\":{\"@id\":\"https:\\\/\\\/viaonlinedigital.com\\\/#website\"},\"datePublished\":\"2025-11-24T23:36:29+00:00\",\"dateModified\":\"2025-11-24T23:52:56+00:00\",\"breadcrumb\":{\"@id\":\"https:\\\/\\\/viaonlinedigital.com\\\/calendario-de-pagamento-atualizado-bolsa-familia-inss-e-auxilios-deste-mes\\\/#breadcrumb\"},\"inLanguage\":\"fr-FR\",\"potentialAction\":[{\"@type\":\"ReadAction\",\"target\":[\"https:\\\/\\\/viaonlinedigital.com\\\/calendario-de-pagamento-atualizado-bolsa-familia-inss-e-auxilios-deste-mes\\\/\"]}]},{\"@type\":\"BreadcrumbList\",\"@id\":\"https:\\\/\\\/viaonlinedigital.com\\\/calendario-de-pagamento-atualizado-bolsa-familia-inss-e-auxilios-deste-mes\\\/#breadcrumb\",\"itemListElement\":[{\"@type\":\"ListItem\",\"position\":1,\"name\":\"In\u00edcio\",\"item\":\"https:\\\/\\\/viaonlinedigital.com\\\/\"},{\"@type\":\"ListItem\",\"position\":2,\"name\":\"Calend\u00e1rio de Pagamento Atualizado: Bolsa Fam\u00edlia, INSS e Aux\u00edlios deste m\u00eas\"}]},{\"@type\":\"WebSite\",\"@id\":\"https:\\\/\\\/viaonlinedigital.com\\\/#website\",\"url\":\"https:\\\/\\\/viaonlinedigital.com\\\/\",\"name\":\"Via Online Digital\",\"description\":\"Seu blog ideal para todos os momentos\",\"publisher\":{\"@id\":\"https:\\\/\\\/viaonlinedigital.com\\\/#organization\"},\"potentialAction\":[{\"@type\":\"SearchAction\",\"target\":{\"@type\":\"EntryPoint\",\"urlTemplate\":\"https:\\\/\\\/viaonlinedigital.com\\\/?s={search_term_string}\"},\"query-input\":{\"@type\":\"PropertyValueSpecification\",\"valueRequired\":true,\"valueName\":\"search_term_string\"}}],\"inLanguage\":\"fr-FR\"},{\"@type\":\"Organization\",\"@id\":\"https:\\\/\\\/viaonlinedigital.com\\\/#organization\",\"name\":\"Via Online Digital\",\"url\":\"https:\\\/\\\/viaonlinedigital.com\\\/\",\"logo\":{\"@type\":\"ImageObject\",\"inLanguage\":\"fr-FR\",\"@id\":\"https:\\\/\\\/viaonlinedigital.com\\\/#\\\/schema\\\/logo\\\/image\\\/\",\"url\":\"https:\\\/\\\/viaonlinedigital.com\\\/wp-content\\\/uploads\\\/2024\\\/11\\\/cropped-favicon-logo.png\",\"contentUrl\":\"https:\\\/\\\/viaonlinedigital.com\\\/wp-content\\\/uploads\\\/2024\\\/11\\\/cropped-favicon-logo.png\",\"width\":64,\"height\":64,\"caption\":\"Via Online Digital\"},\"image\":{\"@id\":\"https:\\\/\\\/viaonlinedigital.com\\\/#\\\/schema\\\/logo\\\/image\\\/\"}}]}<\/script>\n<!-- \/ Yoast SEO plugin. -->","yoast_head_json":{"title":"Calendrier de paiement mis \u00e0 jour\u00a0: Bolsa Fam\u00edlia, INSS et autres prestations pour ce mois-ci - Acc\u00e8s num\u00e9rique en ligne","robots":{"index":"index","follow":"follow","max-snippet":"max-snippet:-1","max-image-preview":"max-image-preview:large","max-video-preview":"max-video-preview:-1"},"canonical":"https:\/\/viaonlinedigital.com\/fr\/calendario-de-pagamento-atualizado-bolsa-familia-inss-e-auxilios-deste-mes\/","og_locale":"fr_FR","og_type":"article","og_title":"Calend\u00e1rio de Pagamento Atualizado: Bolsa Fam\u00edlia, INSS e Aux\u00edlios deste m\u00eas - Via Online Digital","og_description":"Veja em que dia voc\u00ea recebe, de acordo com o seu NIS, CPF ou final do benef\u00edcio. Evite surpresas e atrasos. Milhares de brasileiros conferem o calend\u00e1rio todo m\u00eas \ud83d\udcc5 Organizar a vida financeira come\u00e7a sabendo o dia certo que o dinheiro entra. O que voc\u00ea vai ver nesta p\u00e1gina Resumo r\u00e1pido dos calend\u00e1rios deste [&hellip;]","og_url":"https:\/\/viaonlinedigital.com\/fr\/calendario-de-pagamento-atualizado-bolsa-familia-inss-e-auxilios-deste-mes\/","og_site_name":"Via Online Digital","article_modified_time":"2025-11-24T23:52:56+00:00","twitter_card":"summary_large_image","twitter_misc":{"Dur\u00e9e de lecture estim\u00e9e":"3 minutes"},"schema":{"@context":"https:\/\/schema.org","@graph":[{"@type":"WebPage","@id":"https:\/\/viaonlinedigital.com\/calendario-de-pagamento-atualizado-bolsa-familia-inss-e-auxilios-deste-mes\/","url":"https:\/\/viaonlinedigital.com\/calendario-de-pagamento-atualizado-bolsa-familia-inss-e-auxilios-deste-mes\/","name":"Calendrier de paiement mis \u00e0 jour\u00a0: Bolsa Fam\u00edlia, INSS et autres prestations pour ce mois-ci - Acc\u00e8s num\u00e9rique en ligne","isPartOf":{"@id":"https:\/\/viaonlinedigital.com\/#website"},"datePublished":"2025-11-24T23:36:29+00:00","dateModified":"2025-11-24T23:52:56+00:00","breadcrumb":{"@id":"https:\/\/viaonlinedigital.com\/calendario-de-pagamento-atualizado-bolsa-familia-inss-e-auxilios-deste-mes\/#breadcrumb"},"inLanguage":"fr-FR","potentialAction":[{"@type":"ReadAction","target":["https:\/\/viaonlinedigital.com\/calendario-de-pagamento-atualizado-bolsa-familia-inss-e-auxilios-deste-mes\/"]}]},{"@type":"BreadcrumbList","@id":"https:\/\/viaonlinedigital.com\/calendario-de-pagamento-atualizado-bolsa-familia-inss-e-auxilios-deste-mes\/#breadcrumb","itemListElement":[{"@type":"ListItem","position":1,"name":"In\u00edcio","item":"https:\/\/viaonlinedigital.com\/"},{"@type":"ListItem","position":2,"name":"Calend\u00e1rio de Pagamento Atualizado: Bolsa Fam\u00edlia, INSS e Aux\u00edlios deste m\u00eas"}]},{"@type":"WebSite","@id":"https:\/\/viaonlinedigital.com\/#website","url":"https:\/\/viaonlinedigital.com\/","name":"Via Online Digital","description":"Votre blog id\u00e9al pour tous les moments","publisher":{"@id":"https:\/\/viaonlinedigital.com\/#organization"},"potentialAction":[{"@type":"SearchAction","target":{"@type":"EntryPoint","urlTemplate":"https:\/\/viaonlinedigital.com\/?s={search_term_string}"},"query-input":{"@type":"PropertyValueSpecification","valueRequired":true,"valueName":"search_term_string"}}],"inLanguage":"fr-FR"},{"@type":"Organization","@id":"https:\/\/viaonlinedigital.com\/#organization","name":"Via Online Digital","url":"https:\/\/viaonlinedigital.com\/","logo":{"@type":"ImageObject","inLanguage":"fr-FR","@id":"https:\/\/viaonlinedigital.com\/#\/schema\/logo\/image\/","url":"https:\/\/viaonlinedigital.com\/wp-content\/uploads\/2024\/11\/cropped-favicon-logo.png","contentUrl":"https:\/\/viaonlinedigital.com\/wp-content\/uploads\/2024\/11\/cropped-favicon-logo.png","width":64,"height":64,"caption":"Via Online Digital"},"image":{"@id":"https:\/\/viaonlinedigital.com\/#\/schema\/logo\/image\/"}}]}},"_links":{"self":[{"href":"https:\/\/viaonlinedigital.com\/fr\/wp-json\/wp\/v2\/pages\/1456","targetHints":{"allow":["GET"]}}],"collection":[{"href":"https:\/\/viaonlinedigital.com\/fr\/wp-json\/wp\/v2\/pages"}],"about":[{"href":"https:\/\/viaonlinedigital.com\/fr\/wp-json\/wp\/v2\/types\/page"}],"author":[{"embeddable":true,"href":"https:\/\/viaonlinedigital.com\/fr\/wp-json\/wp\/v2\/users\/2"}],"replies":[{"embeddable":true,"href":"https:\/\/viaonlinedigital.com\/fr\/wp-json\/wp\/v2\/comments?post=1456"}],"version-history":[{"count":2,"href":"https:\/\/viaonlinedigital.com\/fr\/wp-json\/wp\/v2\/pages\/1456\/revisions"}],"predecessor-version":[{"id":1464,"href":"https:\/\/viaonlinedigital.com\/fr\/wp-json\/wp\/v2\/pages\/1456\/revisions\/1464"}],"wp:attachment":[{"href":"https:\/\/viaonlinedigital.com\/fr\/wp-json\/wp\/v2\/media?parent=1456"}],"curies":[{"name":"wp","href":"https:\/\/api.w.org\/{rel}","templated":true}]}}