{"id":1444,"date":"2025-11-24T19:47:07","date_gmt":"2025-11-24T22:47:07","guid":{"rendered":"https:\/\/viaonlinedigital.com\/?page_id=1444"},"modified":"2025-12-08T20:15:25","modified_gmt":"2025-12-08T23:15:25","slug":"consulte-agora-seus-beneficios-bolsa-familia-inss-auxilios-e-novas-atualizacoes","status":"publish","type":"page","link":"https:\/\/viaonlinedigital.com\/fr\/consulte-agora-seus-beneficios-bolsa-familia-inss-auxilios-e-novas-atualizacoes\/","title":{"rendered":"V\u00e9rifiez vos prestations d\u00e8s maintenant\u00a0: Bolsa Fam\u00edlia, INSS, prestations et nouveaut\u00e9s"},"content":{"rendered":"<html><body><p>V\u00e9rifiez si vous disposez de fonds disponibles, de nouvelles r\u00e8gles, de calendriers mis \u00e0 jour et de changements importants qui affectent votre CPF (num\u00e9ro d&#039;identification fiscale br\u00e9silien).<\/p>\n\n\n\t\t\t\t\t\t<p class=\"wp-block-create-block-sb-buttons\">\n\t\t\t\t<\/p><div class=\"shortcode-botao\">\n    <a href=\"https:\/\/viaonlinedigital.com\/fr\/consulta-cpf-veja-se-voce-tem-direito-ao-bolsa-familia-inss-ou-auxilios-este-mes\/\" class=\"btn-base reward-ads reward\" style=\"background-color: #25851e; color: #fcfcfc\">\n        <h3 class=\"title\">\ud83d\udc49 V\u00e9rifier maintenant<\/h3>\n    <\/a>\n<\/div>\n\t<div class=\"disclaimer-button1\">Vous resterez sur ce site.<\/div>\n\t\t\t\n\t\t\t\t\t\n\t\n\t\n\t\n\t\n\n\n<h2 class=\"wp-block-heading\">Ce que disent les Br\u00e9siliens<\/h2>\n\n\n\n<ul class=\"wp-block-list\">\n<li>\u201c J&#039;ai d\u00e9couvert que mon allocation familiale avait augment\u00e9. Je ne le savais pas. \u201d<\/li>\n\n\n\n<li>\u201c J&#039;ai pu v\u00e9rifier mon certificat de vie INSS en moins d&#039;une minute. \u201d<\/li>\n\n\n\n<li>\u201c Il est tr\u00e8s facile de consulter les dates de paiement et d&#039;\u00e9viter d&#039;\u00eatre bloqu\u00e9. \u201d<\/li>\n<\/ul>\n\n\n\n<p>\ud83d\udcc8 Des milliers de personnes v\u00e9rifient quotidiennement leurs prestations sociales \u2014 v\u00e9rifiez si vous y avez droit.<\/p>\n\n\n\n<h2 class=\"wp-block-heading\">Voici ce que vous pouvez v\u00e9rifier maintenant\u00a0:<\/h2>\n\n\n\n<ul class=\"wp-block-list\">\n<li>\ud83d\udcb0\u00a0<strong>Allocation familiale<\/strong>calendrier, valeurs, nouvelles r\u00e8gles et augmentation<\/li>\n\n\n\n<li>\ud83c\udfe6\u00a0<strong>INSS<\/strong>paiements, justificatifs de vie, augmentations, consultations<\/li>\n\n\n\n<li>\ud83d\udd25\u00a0<strong>Aide au gaz<\/strong>Dates et valeurs du mois<\/li>\n\n\n\n<li>\ud83d\udcc4\u00a0<strong>Cad\u00fanico<\/strong>Qui doit effectuer la mise \u00e0 jour et quels documents sont requis\u00a0?<\/li>\n\n\n\n<li>\ud83d\udccc\u00a0<strong>Prestations de l&#039;\u00c9tat<\/strong>: programmes compl\u00e9mentaires et nouveaut\u00e9s<\/li>\n\n\n\n<li>\ud83d\udcf1\u00a0<strong>Caixa Tem<\/strong>Consultation de solde, paiements et notifications<\/li>\n\n\n\n<li>\ud83d\udd0d\u00a0<strong>Recherche par CPF (num\u00e9ro d&#039;identification fiscale br\u00e9silien)<\/strong>V\u00e9rifiez si des fonds ont \u00e9t\u00e9 d\u00e9bloqu\u00e9s.<\/li>\n<\/ul>\n\n\n\n<h2 class=\"wp-block-heading\">R\u00e9sum\u00e9 des principaux avantages<\/h2>\n\n\n\n<figure class=\"wp-block-table\"><table class=\"has-fixed-layout\"><thead><tr><th>Avantage<\/th><th>Qui y a droit ?<\/th><th>Consultation<\/th><\/tr><\/thead><tbody><tr><td>Allocation familiale<\/td><td>Les familles dont le revenu ne d\u00e9passe pas 218 R$ par personne<\/td><td>CPF + Cad\u00danico<\/td><\/tr><tr><td>INSS<\/td><td>Retrait\u00e9s et pensionn\u00e9s<\/td><td>Mon INSS + CPF<\/td><\/tr><tr><td>Aide au gaz<\/td><td>Familles inscrites au registre des personnes seules (Cad\u00danico)<\/td><td>Application Bolsa Fam\u00edlia<\/td><\/tr><\/tbody><\/table><\/figure>\n\n\n\n<h2 class=\"wp-block-heading\">Qui peut b\u00e9n\u00e9ficier de ces avantages ?<\/h2>\n\n\n\n<ul class=\"wp-block-list\">\n<li>Personnes inscrites au Cad\u00danico (Registre unique des programmes sociaux)<\/li>\n\n\n\n<li>Familles en situation de vuln\u00e9rabilit\u00e9<\/li>\n\n\n\n<li>Personnes handicap\u00e9es (BPC\/LOAS)<\/li>\n\n\n\n<li>Retrait\u00e9s et pensionn\u00e9s<\/li>\n\n\n\n<li>Travailleurs ayant droit au PIS\/PASEP<\/li>\n<\/ul>\n\n\n\n<h2 class=\"wp-block-heading\">Questions importantes<\/h2>\n\n\n\n<h3 class=\"wp-block-heading\">\ud83d\udccc Comment v\u00e9rifier le statut de Bolsa Fam\u00edlia en utilisant votre CPF (num\u00e9ro d&#039;identification fiscale br\u00e9silien) ?<\/h3>\n\n\n\n<p>Vous pouvez v\u00e9rifier directement via l&#039;application Bolsa Fam\u00edlia ou l&#039;application Caixa Tem.<\/p>\n\n\n\n<h3 class=\"wp-block-heading\">\ud83d\udccc Comment savoir si ma demande d&#039;aide a \u00e9t\u00e9 approuv\u00e9e ?<\/h3>\n\n\n\n<p>Les approbations sont effectu\u00e9es sur la base du Cad\u00danico mis \u00e0 jour (Registre unique des programmes sociaux).<\/p>\n\n\n\n<h3 class=\"wp-block-heading\">\ud83d\udccc O\u00f9 puis-je consulter le calendrier de l&#039;INSS ?<\/h3>\n\n\n\n<p>Sur le site web du Meu INSS et dans les mises \u00e0 jour mensuelles publi\u00e9es par le gouvernement.<\/p>\n\n\n\n<h2 class=\"wp-block-heading\">V\u00e9rifiez d\u00e8s maintenant si vous disposez de fonds disponibles ou s&#039;il y a des mises \u00e0 jour importantes.<\/h2>\n\n\n\n<p>Cliquez ci-dessous pour consulter les derni\u00e8res informations concernant votre CPF.<\/p>\n\n\n\t\t\t\t\t\t<p class=\"wp-block-create-block-sb-buttons\">\n\t\t\t\t<\/p><div class=\"shortcode-botao\">\n    <a href=\"https:\/\/viaonlinedigital.com\/fr\/consulta-cpf-veja-se-voce-tem-direito-ao-bolsa-familia-inss-ou-auxilios-este-mes\/\" class=\"btn-base reward-ads\" style=\"background-color: #25851e; color: #fcfcfc\">\n        <h3 class=\"title\">\ud83d\udc49 V\u00e9rifiez vos avantages d\u00e8s maintenant<\/h3>\n    <\/a>\n<\/div>\n\t<div class=\"disclaimer-button1\">Vous resterez sur ce site.<\/div>\n\t\t\t\n\t\t\t\t\t\n\t\n\t\n\t\n\t\n\n\n<p>Ce site web est uniquement informatif. Veuillez toujours consulter les plateformes officielles du gouvernement f\u00e9d\u00e9ral pour confirmation.<\/p>\n\n\n\n<p><\/p>\n<\/body><\/html>","protected":false},"excerpt":{"rendered":"<p>Veja se voc\u00ea tem valores liberados, novas regras, calend\u00e1rios atualizados e mudan\u00e7as importantes que afetam seu CPF. O que brasileiros est\u00e3o dizendo \ud83d\udcc8 Milhares de pessoas consultam seus benef\u00edcios diariamente \u2014 veja se voc\u00ea tem direito. Veja o que voc\u00ea pode consultar agora: Resumo dos Principais Benef\u00edcios Benef\u00edcio Quem Tem Direito Consulta Bolsa Fam\u00edlia Fam\u00edlias [&hellip;]<\/p>\n","protected":false},"author":2,"featured_media":0,"parent":0,"menu_order":0,"comment_status":"closed","ping_status":"closed","template":"","meta":{"footnotes":""},"class_list":["post-1444","page","type-page","status-publish","hentry"],"yoast_head":"<!-- This site is optimized with the Yoast SEO plugin v27.4 - https:\/\/yoast.com\/product\/yoast-seo-wordpress\/ -->\n<title>Consulte Agora Seus Benef\u00edcios: Bolsa Fam\u00edlia, INSS, Aux\u00edlios e Novas Atualiza\u00e7\u00f5es - Via Online Digital<\/title>\n<meta name=\"robots\" content=\"index, follow, max-snippet:-1, max-image-preview:large, max-video-preview:-1\" \/>\n<link rel=\"canonical\" href=\"https:\/\/viaonlinedigital.com\/fr\/consulte-agora-seus-beneficios-bolsa-familia-inss-auxilios-e-novas-atualizacoes\/\" \/>\n<meta property=\"og:locale\" content=\"fr_FR\" \/>\n<meta property=\"og:type\" content=\"article\" \/>\n<meta property=\"og:title\" content=\"Consulte Agora Seus Benef\u00edcios: Bolsa Fam\u00edlia, INSS, Aux\u00edlios e Novas Atualiza\u00e7\u00f5es - Via Online Digital\" \/>\n<meta property=\"og:description\" content=\"Veja se voc\u00ea tem valores liberados, novas regras, calend\u00e1rios atualizados e mudan\u00e7as importantes que afetam seu CPF. O que brasileiros est\u00e3o dizendo \ud83d\udcc8 Milhares de pessoas consultam seus benef\u00edcios diariamente \u2014 veja se voc\u00ea tem direito. Veja o que voc\u00ea pode consultar agora: Resumo dos Principais Benef\u00edcios Benef\u00edcio Quem Tem Direito Consulta Bolsa Fam\u00edlia Fam\u00edlias [&hellip;]\" \/>\n<meta property=\"og:url\" content=\"https:\/\/viaonlinedigital.com\/fr\/consulte-agora-seus-beneficios-bolsa-familia-inss-auxilios-e-novas-atualizacoes\/\" \/>\n<meta property=\"og:site_name\" content=\"Via Online Digital\" \/>\n<meta property=\"article:modified_time\" content=\"2025-12-08T23:15:25+00:00\" \/>\n<meta name=\"twitter:card\" content=\"summary_large_image\" \/>\n<meta name=\"twitter:label1\" content=\"Dur\u00e9e de lecture estim\u00e9e\" \/>\n\t<meta name=\"twitter:data1\" content=\"2 minutes\" \/>\n<script type=\"application\/ld+json\" class=\"yoast-schema-graph\">{\"@context\":\"https:\\\/\\\/schema.org\",\"@graph\":[{\"@type\":\"WebPage\",\"@id\":\"https:\\\/\\\/viaonlinedigital.com\\\/consulte-agora-seus-beneficios-bolsa-familia-inss-auxilios-e-novas-atualizacoes\\\/\",\"url\":\"https:\\\/\\\/viaonlinedigital.com\\\/consulte-agora-seus-beneficios-bolsa-familia-inss-auxilios-e-novas-atualizacoes\\\/\",\"name\":\"Consulte Agora Seus Benef\u00edcios: Bolsa Fam\u00edlia, INSS, Aux\u00edlios e Novas Atualiza\u00e7\u00f5es - Via Online Digital\",\"isPartOf\":{\"@id\":\"https:\\\/\\\/viaonlinedigital.com\\\/#website\"},\"datePublished\":\"2025-11-24T22:47:07+00:00\",\"dateModified\":\"2025-12-08T23:15:25+00:00\",\"breadcrumb\":{\"@id\":\"https:\\\/\\\/viaonlinedigital.com\\\/consulte-agora-seus-beneficios-bolsa-familia-inss-auxilios-e-novas-atualizacoes\\\/#breadcrumb\"},\"inLanguage\":\"fr-FR\",\"potentialAction\":[{\"@type\":\"ReadAction\",\"target\":[\"https:\\\/\\\/viaonlinedigital.com\\\/consulte-agora-seus-beneficios-bolsa-familia-inss-auxilios-e-novas-atualizacoes\\\/\"]}]},{\"@type\":\"BreadcrumbList\",\"@id\":\"https:\\\/\\\/viaonlinedigital.com\\\/consulte-agora-seus-beneficios-bolsa-familia-inss-auxilios-e-novas-atualizacoes\\\/#breadcrumb\",\"itemListElement\":[{\"@type\":\"ListItem\",\"position\":1,\"name\":\"In\u00edcio\",\"item\":\"https:\\\/\\\/viaonlinedigital.com\\\/\"},{\"@type\":\"ListItem\",\"position\":2,\"name\":\"Consulte Agora Seus Benef\u00edcios: Bolsa Fam\u00edlia, INSS, Aux\u00edlios e Novas Atualiza\u00e7\u00f5es\"}]},{\"@type\":\"WebSite\",\"@id\":\"https:\\\/\\\/viaonlinedigital.com\\\/#website\",\"url\":\"https:\\\/\\\/viaonlinedigital.com\\\/\",\"name\":\"Via Online Digital\",\"description\":\"Seu blog ideal para todos os momentos\",\"publisher\":{\"@id\":\"https:\\\/\\\/viaonlinedigital.com\\\/#organization\"},\"potentialAction\":[{\"@type\":\"SearchAction\",\"target\":{\"@type\":\"EntryPoint\",\"urlTemplate\":\"https:\\\/\\\/viaonlinedigital.com\\\/?s={search_term_string}\"},\"query-input\":{\"@type\":\"PropertyValueSpecification\",\"valueRequired\":true,\"valueName\":\"search_term_string\"}}],\"inLanguage\":\"fr-FR\"},{\"@type\":\"Organization\",\"@id\":\"https:\\\/\\\/viaonlinedigital.com\\\/#organization\",\"name\":\"Via Online Digital\",\"url\":\"https:\\\/\\\/viaonlinedigital.com\\\/\",\"logo\":{\"@type\":\"ImageObject\",\"inLanguage\":\"fr-FR\",\"@id\":\"https:\\\/\\\/viaonlinedigital.com\\\/#\\\/schema\\\/logo\\\/image\\\/\",\"url\":\"https:\\\/\\\/viaonlinedigital.com\\\/wp-content\\\/uploads\\\/2024\\\/11\\\/cropped-favicon-logo.png\",\"contentUrl\":\"https:\\\/\\\/viaonlinedigital.com\\\/wp-content\\\/uploads\\\/2024\\\/11\\\/cropped-favicon-logo.png\",\"width\":64,\"height\":64,\"caption\":\"Via Online Digital\"},\"image\":{\"@id\":\"https:\\\/\\\/viaonlinedigital.com\\\/#\\\/schema\\\/logo\\\/image\\\/\"}}]}<\/script>\n<!-- \/ Yoast SEO plugin. -->","yoast_head_json":{"title":"Consultez vos prestations d\u00e8s maintenant\u00a0: Bolsa Fam\u00edlia, INSS, prestations et nouveaut\u00e9s - Acc\u00e8s num\u00e9rique en ligne","robots":{"index":"index","follow":"follow","max-snippet":"max-snippet:-1","max-image-preview":"max-image-preview:large","max-video-preview":"max-video-preview:-1"},"canonical":"https:\/\/viaonlinedigital.com\/fr\/consulte-agora-seus-beneficios-bolsa-familia-inss-auxilios-e-novas-atualizacoes\/","og_locale":"fr_FR","og_type":"article","og_title":"Consulte Agora Seus Benef\u00edcios: Bolsa Fam\u00edlia, INSS, Aux\u00edlios e Novas Atualiza\u00e7\u00f5es - Via Online Digital","og_description":"Veja se voc\u00ea tem valores liberados, novas regras, calend\u00e1rios atualizados e mudan\u00e7as importantes que afetam seu CPF. O que brasileiros est\u00e3o dizendo \ud83d\udcc8 Milhares de pessoas consultam seus benef\u00edcios diariamente \u2014 veja se voc\u00ea tem direito. Veja o que voc\u00ea pode consultar agora: Resumo dos Principais Benef\u00edcios Benef\u00edcio Quem Tem Direito Consulta Bolsa Fam\u00edlia Fam\u00edlias [&hellip;]","og_url":"https:\/\/viaonlinedigital.com\/fr\/consulte-agora-seus-beneficios-bolsa-familia-inss-auxilios-e-novas-atualizacoes\/","og_site_name":"Via Online Digital","article_modified_time":"2025-12-08T23:15:25+00:00","twitter_card":"summary_large_image","twitter_misc":{"Dur\u00e9e de lecture estim\u00e9e":"2 minutes"},"schema":{"@context":"https:\/\/schema.org","@graph":[{"@type":"WebPage","@id":"https:\/\/viaonlinedigital.com\/consulte-agora-seus-beneficios-bolsa-familia-inss-auxilios-e-novas-atualizacoes\/","url":"https:\/\/viaonlinedigital.com\/consulte-agora-seus-beneficios-bolsa-familia-inss-auxilios-e-novas-atualizacoes\/","name":"Consultez vos prestations d\u00e8s maintenant\u00a0: Bolsa Fam\u00edlia, INSS, prestations et nouveaut\u00e9s - Acc\u00e8s num\u00e9rique en ligne","isPartOf":{"@id":"https:\/\/viaonlinedigital.com\/#website"},"datePublished":"2025-11-24T22:47:07+00:00","dateModified":"2025-12-08T23:15:25+00:00","breadcrumb":{"@id":"https:\/\/viaonlinedigital.com\/consulte-agora-seus-beneficios-bolsa-familia-inss-auxilios-e-novas-atualizacoes\/#breadcrumb"},"inLanguage":"fr-FR","potentialAction":[{"@type":"ReadAction","target":["https:\/\/viaonlinedigital.com\/consulte-agora-seus-beneficios-bolsa-familia-inss-auxilios-e-novas-atualizacoes\/"]}]},{"@type":"BreadcrumbList","@id":"https:\/\/viaonlinedigital.com\/consulte-agora-seus-beneficios-bolsa-familia-inss-auxilios-e-novas-atualizacoes\/#breadcrumb","itemListElement":[{"@type":"ListItem","position":1,"name":"In\u00edcio","item":"https:\/\/viaonlinedigital.com\/"},{"@type":"ListItem","position":2,"name":"Consulte Agora Seus Benef\u00edcios: Bolsa Fam\u00edlia, INSS, Aux\u00edlios e Novas Atualiza\u00e7\u00f5es"}]},{"@type":"WebSite","@id":"https:\/\/viaonlinedigital.com\/#website","url":"https:\/\/viaonlinedigital.com\/","name":"Via Online Digital","description":"Votre blog id\u00e9al pour tous les moments","publisher":{"@id":"https:\/\/viaonlinedigital.com\/#organization"},"potentialAction":[{"@type":"SearchAction","target":{"@type":"EntryPoint","urlTemplate":"https:\/\/viaonlinedigital.com\/?s={search_term_string}"},"query-input":{"@type":"PropertyValueSpecification","valueRequired":true,"valueName":"search_term_string"}}],"inLanguage":"fr-FR"},{"@type":"Organization","@id":"https:\/\/viaonlinedigital.com\/#organization","name":"Via Online Digital","url":"https:\/\/viaonlinedigital.com\/","logo":{"@type":"ImageObject","inLanguage":"fr-FR","@id":"https:\/\/viaonlinedigital.com\/#\/schema\/logo\/image\/","url":"https:\/\/viaonlinedigital.com\/wp-content\/uploads\/2024\/11\/cropped-favicon-logo.png","contentUrl":"https:\/\/viaonlinedigital.com\/wp-content\/uploads\/2024\/11\/cropped-favicon-logo.png","width":64,"height":64,"caption":"Via Online Digital"},"image":{"@id":"https:\/\/viaonlinedigital.com\/#\/schema\/logo\/image\/"}}]}},"_links":{"self":[{"href":"https:\/\/viaonlinedigital.com\/fr\/wp-json\/wp\/v2\/pages\/1444","targetHints":{"allow":["GET"]}}],"collection":[{"href":"https:\/\/viaonlinedigital.com\/fr\/wp-json\/wp\/v2\/pages"}],"about":[{"href":"https:\/\/viaonlinedigital.com\/fr\/wp-json\/wp\/v2\/types\/page"}],"author":[{"embeddable":true,"href":"https:\/\/viaonlinedigital.com\/fr\/wp-json\/wp\/v2\/users\/2"}],"replies":[{"embeddable":true,"href":"https:\/\/viaonlinedigital.com\/fr\/wp-json\/wp\/v2\/comments?post=1444"}],"version-history":[{"count":5,"href":"https:\/\/viaonlinedigital.com\/fr\/wp-json\/wp\/v2\/pages\/1444\/revisions"}],"predecessor-version":[{"id":1586,"href":"https:\/\/viaonlinedigital.com\/fr\/wp-json\/wp\/v2\/pages\/1444\/revisions\/1586"}],"wp:attachment":[{"href":"https:\/\/viaonlinedigital.com\/fr\/wp-json\/wp\/v2\/media?parent=1444"}],"curies":[{"name":"wp","href":"https:\/\/api.w.org\/{rel}","templated":true}]}}