{"id":3,"date":"2024-11-25T12:11:17","date_gmt":"2024-11-25T15:11:17","guid":{"rendered":"https:\/\/viaonlinedigital.com\/?page_id=3"},"modified":"2025-02-11T11:13:08","modified_gmt":"2025-02-11T14:13:08","slug":"politica-de-privacidade","status":"publish","type":"page","link":"https:\/\/viaonlinedigital.com\/es\/politica-de-privacidade\/","title":{"rendered":"pol\u00edtica de privacidad"},"content":{"rendered":"<html><body><p>Pol\u00edtica de privacidad: Su privacidad es importante para nosotros. La pol\u00edtica de viaonlinedigital.com\/ es respetar su privacidad con respecto a cualquier informaci\u00f3n que recopilemos de usted en el sitio web viaonlinedigital.com\/ y en otros sitios web que poseemos y operamos.<\/p>\n<p>Solo solicitamos informaci\u00f3n personal cuando realmente la necesitamos para prestarle un servicio. La recopilamos por medios justos y l\u00edcitos, con su conocimiento y consentimiento.<\/p>\n<p>Tambi\u00e9n le informamos por qu\u00e9 la recopilamos y c\u00f3mo la utilizaremos. Solo conservamos la informaci\u00f3n recopilada el tiempo necesario para prestarle el servicio solicitado.<\/p>\n<p>Los datos que almacenamos los protegeremos mediante medios comercialmente aceptables para evitar p\u00e9rdidas y robos, as\u00ed como accesos, divulgaciones, copias, usos o modificaciones no autorizados.<\/p>\n<p>No compartimos informaci\u00f3n personal identificable p\u00fablicamente ni con terceros, excepto cuando lo exija la ley. Nuestro sitio web puede contener enlaces a sitios web externos que no operamos.<\/p>\n<p>Tenga en cuenta que no tenemos control sobre el contenido y las pr\u00e1cticas de estos sitios y no podemos aceptar la responsabilidad de sus respectivas pol\u00edticas de privacidad.<\/p>\n<p>Usted es libre de rechazar nuestra solicitud de su informaci\u00f3n personal, con el entendimiento de que es posible que no podamos brindarle algunos de los servicios deseados.<\/p>\n<p>Su uso continuado de nuestro sitio web se considerar\u00e1 como una aceptaci\u00f3n de nuestras pr\u00e1cticas de privacidad e informaci\u00f3n personal. Si tiene alguna pregunta sobre c\u00f3mo gestionamos los datos de usuario y la informaci\u00f3n personal, p\u00f3ngase en contacto con nosotros.<\/p>\n<p>El servicio Google AdSense que utilizamos para mostrar publicidad utiliza una cookie de DoubleClick para mostrar anuncios m\u00e1s relevantes en la web y limitar la cantidad de veces que se le muestra un anuncio determinado.<\/p>\n<p>Para obtener m\u00e1s informaci\u00f3n sobre Google AdSense, consulta las preguntas frecuentes oficiales sobre privacidad de Google AdSense. Usamos anuncios para compensar los costes de funcionamiento de este sitio y financiar su desarrollo futuro.<\/p>\n<p>Las cookies de publicidad comportamental que utiliza este sitio web est\u00e1n dise\u00f1adas para garantizar que le proporcionemos los anuncios m\u00e1s relevantes siempre que sea posible mediante el seguimiento an\u00f3nimo de sus intereses y la presentaci\u00f3n de cosas similares que puedan ser de su inter\u00e9s.<\/p>\n<p>Varios socios hacen publicidad en nuestro nombre, y las cookies de seguimiento de afiliados simplemente nos permiten ver si nuestros clientes han llegado al sitio a trav\u00e9s de uno de los sitios de nuestros socios para que podamos acreditarlos adecuadamente y, cuando corresponda, permitir que nuestros socios afiliados brinden cualquier incentivo que puedan brindarle por realizar una compra.<\/p>\n<p>Compromiso del UsuarioEl usuario se compromete a hacer un uso adecuado de los contenidos e informaci\u00f3n que viaonlinedigital.com\/ ofrece en el sitio web y, con car\u00e1cter enunciativo pero no limitativo:<\/p>\n<p>A) No incurrir en actividades ilegales o contrarias a la buena fe y al orden p\u00fablico;<\/p>\n<p>B) No difundir propaganda o contenidos de car\u00e1cter racista, xen\u00f3fobo, de apolog\u00eda del terrorismo o atentatorio contra los derechos humanos;<\/p>\n<p>C) No provocar da\u00f1os en los sistemas f\u00edsicos (hardware) y l\u00f3gicos (software) de viaonlinedigital.com\/, de sus proveedores o de terceras personas, introducir o difundir en la red virus inform\u00e1ticos o cualesquiera otros sistemas f\u00edsicos o l\u00f3gicos que sean susceptibles de provocar los da\u00f1os anteriormente mencionados.<\/p>\n<p>Esperamos que esto le haya aclarado las cosas. Como se mencion\u00f3 anteriormente, si hay algo que no est\u00e1 seguro de si necesita o no, suele ser m\u00e1s seguro dejar las cookies activadas en caso de que interact\u00faen con alguna de las funciones que utiliza en nuestro sitio. Esta pol\u00edtica entra en vigor el 11 de febrero de 2025 a las 14:11.<\/p>\n<\/body><\/html>","protected":false},"excerpt":{"rendered":"<p>Pol\u00edtica PrivacidadeA sua privacidade \u00e9 importante para n\u00f3s. \u00c9 pol\u00edtica do viaonlinedigital.com\/ respeitar a sua privacidade em rela\u00e7\u00e3o a qualquer informa\u00e7\u00e3o sua que possamos coletar no site viaonlinedigital.com\/, e outros sites que possu\u00edmos e operamos. Solicitamos informa\u00e7\u00f5es pessoais apenas quando realmente precisamos delas para lhe fornecer um servi\u00e7o. Fazemo-lo por meios justos e legais, com [&hellip;]<\/p>\n","protected":false},"author":1,"featured_media":0,"parent":0,"menu_order":0,"comment_status":"closed","ping_status":"closed","template":"","meta":{"footnotes":""},"class_list":["post-3","page","type-page","status-publish","hentry"],"yoast_head":"<!-- This site is optimized with the Yoast SEO plugin v27.4 - https:\/\/yoast.com\/product\/yoast-seo-wordpress\/ -->\n<title>Pol\u00edtica de privacidade - Via Online Digital<\/title>\n<meta name=\"robots\" content=\"index, follow, max-snippet:-1, max-image-preview:large, max-video-preview:-1\" \/>\n<link rel=\"canonical\" href=\"https:\/\/viaonlinedigital.com\/es\/politica-de-privacidade\/\" \/>\n<meta property=\"og:locale\" content=\"es_MX\" \/>\n<meta property=\"og:type\" content=\"article\" \/>\n<meta property=\"og:title\" content=\"Pol\u00edtica de privacidade - Via Online Digital\" \/>\n<meta property=\"og:description\" content=\"Pol\u00edtica PrivacidadeA sua privacidade \u00e9 importante para n\u00f3s. \u00c9 pol\u00edtica do viaonlinedigital.com\/ respeitar a sua privacidade em rela\u00e7\u00e3o a qualquer informa\u00e7\u00e3o sua que possamos coletar no site viaonlinedigital.com\/, e outros sites que possu\u00edmos e operamos. Solicitamos informa\u00e7\u00f5es pessoais apenas quando realmente precisamos delas para lhe fornecer um servi\u00e7o. Fazemo-lo por meios justos e legais, com [&hellip;]\" \/>\n<meta property=\"og:url\" content=\"https:\/\/viaonlinedigital.com\/es\/politica-de-privacidade\/\" \/>\n<meta property=\"og:site_name\" content=\"Via Online Digital\" \/>\n<meta property=\"article:modified_time\" content=\"2025-02-11T14:13:08+00:00\" \/>\n<meta name=\"twitter:card\" content=\"summary_large_image\" \/>\n<meta name=\"twitter:label1\" content=\"Tiempo de lectura\" \/>\n\t<meta name=\"twitter:data1\" content=\"3 minutos\" \/>\n<script type=\"application\/ld+json\" class=\"yoast-schema-graph\">{\"@context\":\"https:\\\/\\\/schema.org\",\"@graph\":[{\"@type\":\"WebPage\",\"@id\":\"https:\\\/\\\/viaonlinedigital.com\\\/politica-de-privacidade\\\/\",\"url\":\"https:\\\/\\\/viaonlinedigital.com\\\/politica-de-privacidade\\\/\",\"name\":\"Pol\u00edtica de privacidade - Via Online Digital\",\"isPartOf\":{\"@id\":\"https:\\\/\\\/viaonlinedigital.com\\\/#website\"},\"datePublished\":\"2024-11-25T15:11:17+00:00\",\"dateModified\":\"2025-02-11T14:13:08+00:00\",\"breadcrumb\":{\"@id\":\"https:\\\/\\\/viaonlinedigital.com\\\/politica-de-privacidade\\\/#breadcrumb\"},\"inLanguage\":\"es\",\"potentialAction\":[{\"@type\":\"ReadAction\",\"target\":[\"https:\\\/\\\/viaonlinedigital.com\\\/politica-de-privacidade\\\/\"]}]},{\"@type\":\"BreadcrumbList\",\"@id\":\"https:\\\/\\\/viaonlinedigital.com\\\/politica-de-privacidade\\\/#breadcrumb\",\"itemListElement\":[{\"@type\":\"ListItem\",\"position\":1,\"name\":\"In\u00edcio\",\"item\":\"https:\\\/\\\/viaonlinedigital.com\\\/\"},{\"@type\":\"ListItem\",\"position\":2,\"name\":\"Pol\u00edtica de privacidade\"}]},{\"@type\":\"WebSite\",\"@id\":\"https:\\\/\\\/viaonlinedigital.com\\\/#website\",\"url\":\"https:\\\/\\\/viaonlinedigital.com\\\/\",\"name\":\"Via Online Digital\",\"description\":\"Seu blog ideal para todos os momentos\",\"publisher\":{\"@id\":\"https:\\\/\\\/viaonlinedigital.com\\\/#organization\"},\"potentialAction\":[{\"@type\":\"SearchAction\",\"target\":{\"@type\":\"EntryPoint\",\"urlTemplate\":\"https:\\\/\\\/viaonlinedigital.com\\\/?s={search_term_string}\"},\"query-input\":{\"@type\":\"PropertyValueSpecification\",\"valueRequired\":true,\"valueName\":\"search_term_string\"}}],\"inLanguage\":\"es\"},{\"@type\":\"Organization\",\"@id\":\"https:\\\/\\\/viaonlinedigital.com\\\/#organization\",\"name\":\"Via Online Digital\",\"url\":\"https:\\\/\\\/viaonlinedigital.com\\\/\",\"logo\":{\"@type\":\"ImageObject\",\"inLanguage\":\"es\",\"@id\":\"https:\\\/\\\/viaonlinedigital.com\\\/#\\\/schema\\\/logo\\\/image\\\/\",\"url\":\"https:\\\/\\\/viaonlinedigital.com\\\/wp-content\\\/uploads\\\/2024\\\/11\\\/cropped-favicon-logo.png\",\"contentUrl\":\"https:\\\/\\\/viaonlinedigital.com\\\/wp-content\\\/uploads\\\/2024\\\/11\\\/cropped-favicon-logo.png\",\"width\":64,\"height\":64,\"caption\":\"Via Online Digital\"},\"image\":{\"@id\":\"https:\\\/\\\/viaonlinedigital.com\\\/#\\\/schema\\\/logo\\\/image\\\/\"}}]}<\/script>\n<!-- \/ Yoast SEO plugin. -->","yoast_head_json":{"title":"Pol\u00edtica de privacidad - Via Online Digital","robots":{"index":"index","follow":"follow","max-snippet":"max-snippet:-1","max-image-preview":"max-image-preview:large","max-video-preview":"max-video-preview:-1"},"canonical":"https:\/\/viaonlinedigital.com\/es\/politica-de-privacidade\/","og_locale":"es_MX","og_type":"article","og_title":"Pol\u00edtica de privacidade - Via Online Digital","og_description":"Pol\u00edtica PrivacidadeA sua privacidade \u00e9 importante para n\u00f3s. \u00c9 pol\u00edtica do viaonlinedigital.com\/ respeitar a sua privacidade em rela\u00e7\u00e3o a qualquer informa\u00e7\u00e3o sua que possamos coletar no site viaonlinedigital.com\/, e outros sites que possu\u00edmos e operamos. Solicitamos informa\u00e7\u00f5es pessoais apenas quando realmente precisamos delas para lhe fornecer um servi\u00e7o. Fazemo-lo por meios justos e legais, com [&hellip;]","og_url":"https:\/\/viaonlinedigital.com\/es\/politica-de-privacidade\/","og_site_name":"Via Online Digital","article_modified_time":"2025-02-11T14:13:08+00:00","twitter_card":"summary_large_image","twitter_misc":{"Tiempo de lectura":"3 minutos"},"schema":{"@context":"https:\/\/schema.org","@graph":[{"@type":"WebPage","@id":"https:\/\/viaonlinedigital.com\/politica-de-privacidade\/","url":"https:\/\/viaonlinedigital.com\/politica-de-privacidade\/","name":"Pol\u00edtica de privacidad - Via Online Digital","isPartOf":{"@id":"https:\/\/viaonlinedigital.com\/#website"},"datePublished":"2024-11-25T15:11:17+00:00","dateModified":"2025-02-11T14:13:08+00:00","breadcrumb":{"@id":"https:\/\/viaonlinedigital.com\/politica-de-privacidade\/#breadcrumb"},"inLanguage":"es","potentialAction":[{"@type":"ReadAction","target":["https:\/\/viaonlinedigital.com\/politica-de-privacidade\/"]}]},{"@type":"BreadcrumbList","@id":"https:\/\/viaonlinedigital.com\/politica-de-privacidade\/#breadcrumb","itemListElement":[{"@type":"ListItem","position":1,"name":"In\u00edcio","item":"https:\/\/viaonlinedigital.com\/"},{"@type":"ListItem","position":2,"name":"Pol\u00edtica de privacidade"}]},{"@type":"WebSite","@id":"https:\/\/viaonlinedigital.com\/#website","url":"https:\/\/viaonlinedigital.com\/","name":"A trav\u00e9s de Online Digital","description":"Tu blog ideal para cada momento","publisher":{"@id":"https:\/\/viaonlinedigital.com\/#organization"},"potentialAction":[{"@type":"SearchAction","target":{"@type":"EntryPoint","urlTemplate":"https:\/\/viaonlinedigital.com\/?s={search_term_string}"},"query-input":{"@type":"PropertyValueSpecification","valueRequired":true,"valueName":"search_term_string"}}],"inLanguage":"es"},{"@type":"Organization","@id":"https:\/\/viaonlinedigital.com\/#organization","name":"A trav\u00e9s de Online Digital","url":"https:\/\/viaonlinedigital.com\/","logo":{"@type":"ImageObject","inLanguage":"es","@id":"https:\/\/viaonlinedigital.com\/#\/schema\/logo\/image\/","url":"https:\/\/viaonlinedigital.com\/wp-content\/uploads\/2024\/11\/cropped-favicon-logo.png","contentUrl":"https:\/\/viaonlinedigital.com\/wp-content\/uploads\/2024\/11\/cropped-favicon-logo.png","width":64,"height":64,"caption":"Via Online Digital"},"image":{"@id":"https:\/\/viaonlinedigital.com\/#\/schema\/logo\/image\/"}}]}},"_links":{"self":[{"href":"https:\/\/viaonlinedigital.com\/es\/wp-json\/wp\/v2\/pages\/3","targetHints":{"allow":["GET"]}}],"collection":[{"href":"https:\/\/viaonlinedigital.com\/es\/wp-json\/wp\/v2\/pages"}],"about":[{"href":"https:\/\/viaonlinedigital.com\/es\/wp-json\/wp\/v2\/types\/page"}],"author":[{"embeddable":true,"href":"https:\/\/viaonlinedigital.com\/es\/wp-json\/wp\/v2\/users\/1"}],"replies":[{"embeddable":true,"href":"https:\/\/viaonlinedigital.com\/es\/wp-json\/wp\/v2\/comments?post=3"}],"version-history":[{"count":5,"href":"https:\/\/viaonlinedigital.com\/es\/wp-json\/wp\/v2\/pages\/3\/revisions"}],"predecessor-version":[{"id":831,"href":"https:\/\/viaonlinedigital.com\/es\/wp-json\/wp\/v2\/pages\/3\/revisions\/831"}],"wp:attachment":[{"href":"https:\/\/viaonlinedigital.com\/es\/wp-json\/wp\/v2\/media?parent=3"}],"curies":[{"name":"gracias","href":"https:\/\/api.w.org\/{rel}","templated":true}]}}