{"id":2,"date":"2024-11-25T12:11:17","date_gmt":"2024-11-25T15:11:17","guid":{"rendered":"https:\/\/viaonlinedigital.com\/?page_id=2"},"modified":"2025-02-27T08:42:20","modified_gmt":"2025-02-27T11:42:20","slug":"sobre-nos","status":"publish","type":"page","link":"https:\/\/viaonlinedigital.com\/es\/sobre-nos\/","title":{"rendered":"Sobre nosotros"},"content":{"rendered":"<html><body><p><strong>Quienes somos<\/strong><\/p>\n<p>En el <strong>A trav\u00e9s de Online Digital<\/strong>En , nos apasiona conectar a las empresas con el futuro digital. Fundada por profesionales con amplia experiencia, nuestra misi\u00f3n es transformar la presencia online de las marcas mediante soluciones creativas e innovadoras. Creemos que cada negocio tiene una historia \u00fanica, y nuestra misi\u00f3n es ayudar a contarla de forma eficaz y atractiva en el mundo digital.<\/p>\n<p><img loading=\"lazy\" decoding=\"async\" class=\"size-medium wp-image-891 alignleft\" src=\"https:\/\/viaonlinedigital.com\/wp-content\/uploads\/2025\/02\/69a66836-1786-48e9-b682-5fdf1d14864a-300x300.png\" alt=\"\" width=\"300\" height=\"300\" srcset=\"https:\/\/viaonlinedigital.com\/wp-content\/uploads\/2025\/02\/69a66836-1786-48e9-b682-5fdf1d14864a-300x300.png 300w, https:\/\/viaonlinedigital.com\/wp-content\/uploads\/2025\/02\/69a66836-1786-48e9-b682-5fdf1d14864a-150x150.png 150w, https:\/\/viaonlinedigital.com\/wp-content\/uploads\/2025\/02\/69a66836-1786-48e9-b682-5fdf1d14864a-768x768.png 768w, https:\/\/viaonlinedigital.com\/wp-content\/uploads\/2025\/02\/69a66836-1786-48e9-b682-5fdf1d14864a.png 1024w\" sizes=\"auto, (max-width: 300px) 100vw, 300px\" \/><\/p>\n<p>Marcelo Breda es un reconocido creador de contenido digital que se ha consolidado en l\u00ednea con su sitio web Viaonlinedigital.com, una plataforma dedicada a la educaci\u00f3n y al intercambio de conocimientos en diversas \u00e1reas de la vida moderna. Con una trayectoria marcada por la pasi\u00f3n por la tecnolog\u00eda, los negocios y la innovaci\u00f3n, Marcelo ha convertido su experiencia profesional en una fuente de informaci\u00f3n confiable para miles de lectores.<\/p>\n<p data-spm-anchor-id=\"5aebb161.2ef5001f.0.i223.14b0c9217t9xBl\">A trav\u00e9s de Viaonlinedigital.com, Marcelo aborda temas como marketing digital, finanzas personales, emprendimiento y tendencias tecnol\u00f3gicas, buscando siempre ofrecer perspectivas pr\u00e1cticas y accesibles. Su estilo de escritura es claro y objetivo, lo que facilita la comprensi\u00f3n incluso de los conceptos m\u00e1s complejos, haci\u00e9ndolos accesibles para cualquier persona interesada en ampliar sus horizontes. Adem\u00e1s, no se limita a exponer teor\u00edas; sus publicaciones suelen incluir casos reales, consejos pr\u00e1cticos y an\u00e1lisis detallados que ayudan a los lectores a implementar las ideas expuestas en sus propias vidas o negocios.<\/p>\n<p data-spm-anchor-id=\"5aebb161.2ef5001f.0.i221.14b0c9217t9xBl\">El compromiso de Marcelo con la calidad del contenido refleja su visi\u00f3n de que el acceso al conocimiento debe ser democr\u00e1tico y directo. Entiende que, en un mundo cada vez m\u00e1s conectado, mantenerse informado es esencial para el \u00e9xito personal y profesional. Por ello, se dedica a mantener el sitio web actualizado con las \u00faltimas noticias del mercado, garantizando a sus seguidores acceso a informaci\u00f3n relevante y oportuna.<\/p>\n<p data-spm-anchor-id=\"5aebb161.2ef5001f.0.i222.14b0c9217t9xBl\">Adem\u00e1s de su trabajo en Viaonlinedigital.com, Marcelo tambi\u00e9n participa activamente en eventos y redes sociales, donde interact\u00faa directamente con su audiencia. Esta cercan\u00eda le permite identificar las necesidades y preguntas de los usuarios, ajustando constantemente el enfoque de su contenido para satisfacer mejor sus expectativas.<\/p>\n<p>Con una s\u00f3lida trayectoria y un impacto creciente en la comunidad digital, Marcelo Breda sigue siendo un referente para quienes buscan aprender, crecer y prosperar en un entorno en constante evoluci\u00f3n. Su legado se construye no solo a trav\u00e9s de las palabras publicadas en su sitio web, sino tambi\u00e9n a trav\u00e9s de la inspiraci\u00f3n que transmite a todos los que se cruzan virtualmente con \u00e9l.<\/p>\n<\/body><\/html>","protected":false},"excerpt":{"rendered":"<p>Quem Somos Na Via Online Digital, somos apaixonados por conectar empresas com o futuro digital. Fundada por profissionais experientes, nossa miss\u00e3o \u00e9 transformar a presen\u00e7a online das marcas por meio de solu\u00e7\u00f5es criativas e inovadoras. Acreditamos que cada neg\u00f3cio tem uma hist\u00f3ria \u00fanica, e nossa miss\u00e3o \u00e9 ajudar a contar essa hist\u00f3ria de forma eficaz [&hellip;]<\/p>\n","protected":false},"author":1,"featured_media":0,"parent":0,"menu_order":0,"comment_status":"closed","ping_status":"closed","template":"","meta":{"footnotes":""},"class_list":["post-2","page","type-page","status-publish","hentry"],"yoast_head":"<!-- This site is optimized with the Yoast SEO plugin v27.4 - https:\/\/yoast.com\/product\/yoast-seo-wordpress\/ -->\n<title>Sobre N\u00f3s - Via Online Digital<\/title>\n<meta name=\"robots\" content=\"index, follow, max-snippet:-1, max-image-preview:large, max-video-preview:-1\" \/>\n<link rel=\"canonical\" href=\"https:\/\/viaonlinedigital.com\/es\/sobre-nos\/\" \/>\n<meta property=\"og:locale\" content=\"es_MX\" \/>\n<meta property=\"og:type\" content=\"article\" \/>\n<meta property=\"og:title\" content=\"Sobre N\u00f3s - Via Online Digital\" \/>\n<meta property=\"og:description\" content=\"Quem Somos Na Via Online Digital, somos apaixonados por conectar empresas com o futuro digital. Fundada por profissionais experientes, nossa miss\u00e3o \u00e9 transformar a presen\u00e7a online das marcas por meio de solu\u00e7\u00f5es criativas e inovadoras. Acreditamos que cada neg\u00f3cio tem uma hist\u00f3ria \u00fanica, e nossa miss\u00e3o \u00e9 ajudar a contar essa hist\u00f3ria de forma eficaz [&hellip;]\" \/>\n<meta property=\"og:url\" content=\"https:\/\/viaonlinedigital.com\/es\/sobre-nos\/\" \/>\n<meta property=\"og:site_name\" content=\"Via Online Digital\" \/>\n<meta property=\"article:modified_time\" content=\"2025-02-27T11:42:20+00:00\" \/>\n<meta property=\"og:image\" content=\"https:\/\/viaonlinedigital.com\/wp-content\/uploads\/2025\/02\/69a66836-1786-48e9-b682-5fdf1d14864a.png\" \/>\n\t<meta property=\"og:image:width\" content=\"1024\" \/>\n\t<meta property=\"og:image:height\" content=\"1024\" \/>\n\t<meta property=\"og:image:type\" content=\"image\/png\" \/>\n<meta name=\"twitter:card\" content=\"summary_large_image\" \/>\n<meta name=\"twitter:label1\" content=\"Tiempo de lectura\" \/>\n\t<meta name=\"twitter:data1\" content=\"3 minutos\" \/>\n<script type=\"application\/ld+json\" class=\"yoast-schema-graph\">{\"@context\":\"https:\\\/\\\/schema.org\",\"@graph\":[{\"@type\":\"WebPage\",\"@id\":\"https:\\\/\\\/viaonlinedigital.com\\\/sobre-nos\\\/\",\"url\":\"https:\\\/\\\/viaonlinedigital.com\\\/sobre-nos\\\/\",\"name\":\"Sobre N\u00f3s - Via Online Digital\",\"isPartOf\":{\"@id\":\"https:\\\/\\\/viaonlinedigital.com\\\/#website\"},\"primaryImageOfPage\":{\"@id\":\"https:\\\/\\\/viaonlinedigital.com\\\/sobre-nos\\\/#primaryimage\"},\"image\":{\"@id\":\"https:\\\/\\\/viaonlinedigital.com\\\/sobre-nos\\\/#primaryimage\"},\"thumbnailUrl\":\"https:\\\/\\\/viaonlinedigital.com\\\/wp-content\\\/uploads\\\/2025\\\/02\\\/69a66836-1786-48e9-b682-5fdf1d14864a-300x300.png\",\"datePublished\":\"2024-11-25T15:11:17+00:00\",\"dateModified\":\"2025-02-27T11:42:20+00:00\",\"breadcrumb\":{\"@id\":\"https:\\\/\\\/viaonlinedigital.com\\\/sobre-nos\\\/#breadcrumb\"},\"inLanguage\":\"es\",\"potentialAction\":[{\"@type\":\"ReadAction\",\"target\":[\"https:\\\/\\\/viaonlinedigital.com\\\/sobre-nos\\\/\"]}]},{\"@type\":\"ImageObject\",\"inLanguage\":\"es\",\"@id\":\"https:\\\/\\\/viaonlinedigital.com\\\/sobre-nos\\\/#primaryimage\",\"url\":\"https:\\\/\\\/viaonlinedigital.com\\\/wp-content\\\/uploads\\\/2025\\\/02\\\/69a66836-1786-48e9-b682-5fdf1d14864a-300x300.png\",\"contentUrl\":\"https:\\\/\\\/viaonlinedigital.com\\\/wp-content\\\/uploads\\\/2025\\\/02\\\/69a66836-1786-48e9-b682-5fdf1d14864a-300x300.png\"},{\"@type\":\"BreadcrumbList\",\"@id\":\"https:\\\/\\\/viaonlinedigital.com\\\/sobre-nos\\\/#breadcrumb\",\"itemListElement\":[{\"@type\":\"ListItem\",\"position\":1,\"name\":\"In\u00edcio\",\"item\":\"https:\\\/\\\/viaonlinedigital.com\\\/\"},{\"@type\":\"ListItem\",\"position\":2,\"name\":\"Sobre N\u00f3s\"}]},{\"@type\":\"WebSite\",\"@id\":\"https:\\\/\\\/viaonlinedigital.com\\\/#website\",\"url\":\"https:\\\/\\\/viaonlinedigital.com\\\/\",\"name\":\"Via Online Digital\",\"description\":\"Seu blog ideal para todos os momentos\",\"publisher\":{\"@id\":\"https:\\\/\\\/viaonlinedigital.com\\\/#organization\"},\"potentialAction\":[{\"@type\":\"SearchAction\",\"target\":{\"@type\":\"EntryPoint\",\"urlTemplate\":\"https:\\\/\\\/viaonlinedigital.com\\\/?s={search_term_string}\"},\"query-input\":{\"@type\":\"PropertyValueSpecification\",\"valueRequired\":true,\"valueName\":\"search_term_string\"}}],\"inLanguage\":\"es\"},{\"@type\":\"Organization\",\"@id\":\"https:\\\/\\\/viaonlinedigital.com\\\/#organization\",\"name\":\"Via Online Digital\",\"url\":\"https:\\\/\\\/viaonlinedigital.com\\\/\",\"logo\":{\"@type\":\"ImageObject\",\"inLanguage\":\"es\",\"@id\":\"https:\\\/\\\/viaonlinedigital.com\\\/#\\\/schema\\\/logo\\\/image\\\/\",\"url\":\"https:\\\/\\\/viaonlinedigital.com\\\/wp-content\\\/uploads\\\/2024\\\/11\\\/cropped-favicon-logo.png\",\"contentUrl\":\"https:\\\/\\\/viaonlinedigital.com\\\/wp-content\\\/uploads\\\/2024\\\/11\\\/cropped-favicon-logo.png\",\"width\":64,\"height\":64,\"caption\":\"Via Online Digital\"},\"image\":{\"@id\":\"https:\\\/\\\/viaonlinedigital.com\\\/#\\\/schema\\\/logo\\\/image\\\/\"}}]}<\/script>\n<!-- \/ Yoast SEO plugin. -->","yoast_head_json":{"title":"Sobre nosotros - V\u00eda Online Digital","robots":{"index":"index","follow":"follow","max-snippet":"max-snippet:-1","max-image-preview":"max-image-preview:large","max-video-preview":"max-video-preview:-1"},"canonical":"https:\/\/viaonlinedigital.com\/es\/sobre-nos\/","og_locale":"es_MX","og_type":"article","og_title":"Sobre N\u00f3s - Via Online Digital","og_description":"Quem Somos Na Via Online Digital, somos apaixonados por conectar empresas com o futuro digital. Fundada por profissionais experientes, nossa miss\u00e3o \u00e9 transformar a presen\u00e7a online das marcas por meio de solu\u00e7\u00f5es criativas e inovadoras. Acreditamos que cada neg\u00f3cio tem uma hist\u00f3ria \u00fanica, e nossa miss\u00e3o \u00e9 ajudar a contar essa hist\u00f3ria de forma eficaz [&hellip;]","og_url":"https:\/\/viaonlinedigital.com\/es\/sobre-nos\/","og_site_name":"Via Online Digital","article_modified_time":"2025-02-27T11:42:20+00:00","og_image":[{"width":1024,"height":1024,"url":"https:\/\/viaonlinedigital.com\/wp-content\/uploads\/2025\/02\/69a66836-1786-48e9-b682-5fdf1d14864a.png","type":"image\/png"}],"twitter_card":"summary_large_image","twitter_misc":{"Tiempo de lectura":"3 minutos"},"schema":{"@context":"https:\/\/schema.org","@graph":[{"@type":"WebPage","@id":"https:\/\/viaonlinedigital.com\/sobre-nos\/","url":"https:\/\/viaonlinedigital.com\/sobre-nos\/","name":"Sobre nosotros - V\u00eda Online Digital","isPartOf":{"@id":"https:\/\/viaonlinedigital.com\/#website"},"primaryImageOfPage":{"@id":"https:\/\/viaonlinedigital.com\/sobre-nos\/#primaryimage"},"image":{"@id":"https:\/\/viaonlinedigital.com\/sobre-nos\/#primaryimage"},"thumbnailUrl":"https:\/\/viaonlinedigital.com\/wp-content\/uploads\/2025\/02\/69a66836-1786-48e9-b682-5fdf1d14864a-300x300.png","datePublished":"2024-11-25T15:11:17+00:00","dateModified":"2025-02-27T11:42:20+00:00","breadcrumb":{"@id":"https:\/\/viaonlinedigital.com\/sobre-nos\/#breadcrumb"},"inLanguage":"es","potentialAction":[{"@type":"ReadAction","target":["https:\/\/viaonlinedigital.com\/sobre-nos\/"]}]},{"@type":"ImageObject","inLanguage":"es","@id":"https:\/\/viaonlinedigital.com\/sobre-nos\/#primaryimage","url":"https:\/\/viaonlinedigital.com\/wp-content\/uploads\/2025\/02\/69a66836-1786-48e9-b682-5fdf1d14864a-300x300.png","contentUrl":"https:\/\/viaonlinedigital.com\/wp-content\/uploads\/2025\/02\/69a66836-1786-48e9-b682-5fdf1d14864a-300x300.png"},{"@type":"BreadcrumbList","@id":"https:\/\/viaonlinedigital.com\/sobre-nos\/#breadcrumb","itemListElement":[{"@type":"ListItem","position":1,"name":"In\u00edcio","item":"https:\/\/viaonlinedigital.com\/"},{"@type":"ListItem","position":2,"name":"Sobre N\u00f3s"}]},{"@type":"WebSite","@id":"https:\/\/viaonlinedigital.com\/#website","url":"https:\/\/viaonlinedigital.com\/","name":"A trav\u00e9s de Online Digital","description":"Tu blog ideal para cada momento","publisher":{"@id":"https:\/\/viaonlinedigital.com\/#organization"},"potentialAction":[{"@type":"SearchAction","target":{"@type":"EntryPoint","urlTemplate":"https:\/\/viaonlinedigital.com\/?s={search_term_string}"},"query-input":{"@type":"PropertyValueSpecification","valueRequired":true,"valueName":"search_term_string"}}],"inLanguage":"es"},{"@type":"Organization","@id":"https:\/\/viaonlinedigital.com\/#organization","name":"A trav\u00e9s de Online Digital","url":"https:\/\/viaonlinedigital.com\/","logo":{"@type":"ImageObject","inLanguage":"es","@id":"https:\/\/viaonlinedigital.com\/#\/schema\/logo\/image\/","url":"https:\/\/viaonlinedigital.com\/wp-content\/uploads\/2024\/11\/cropped-favicon-logo.png","contentUrl":"https:\/\/viaonlinedigital.com\/wp-content\/uploads\/2024\/11\/cropped-favicon-logo.png","width":64,"height":64,"caption":"Via Online Digital"},"image":{"@id":"https:\/\/viaonlinedigital.com\/#\/schema\/logo\/image\/"}}]}},"_links":{"self":[{"href":"https:\/\/viaonlinedigital.com\/es\/wp-json\/wp\/v2\/pages\/2","targetHints":{"allow":["GET"]}}],"collection":[{"href":"https:\/\/viaonlinedigital.com\/es\/wp-json\/wp\/v2\/pages"}],"about":[{"href":"https:\/\/viaonlinedigital.com\/es\/wp-json\/wp\/v2\/types\/page"}],"author":[{"embeddable":true,"href":"https:\/\/viaonlinedigital.com\/es\/wp-json\/wp\/v2\/users\/1"}],"replies":[{"embeddable":true,"href":"https:\/\/viaonlinedigital.com\/es\/wp-json\/wp\/v2\/comments?post=2"}],"version-history":[{"count":3,"href":"https:\/\/viaonlinedigital.com\/es\/wp-json\/wp\/v2\/pages\/2\/revisions"}],"predecessor-version":[{"id":892,"href":"https:\/\/viaonlinedigital.com\/es\/wp-json\/wp\/v2\/pages\/2\/revisions\/892"}],"wp:attachment":[{"href":"https:\/\/viaonlinedigital.com\/es\/wp-json\/wp\/v2\/media?parent=2"}],"curies":[{"name":"gracias","href":"https:\/\/api.w.org\/{rel}","templated":true}]}}