{"id":1456,"date":"2025-11-24T20:36:29","date_gmt":"2025-11-24T23:36:29","guid":{"rendered":"https:\/\/viaonlinedigital.com\/?page_id=1456"},"modified":"2025-11-24T20:52:56","modified_gmt":"2025-11-24T23:52:56","slug":"calendario-de-pagamento-atualizado-bolsa-familia-inss-e-auxilios-deste-mes","status":"publish","type":"page","link":"https:\/\/viaonlinedigital.com\/es\/calendario-de-pagamento-atualizado-bolsa-familia-inss-e-auxilios-deste-mes\/","title":{"rendered":"Calendario de pagos actualizado: Bolsa Familia, INSS y Beneficios para este mes"},"content":{"rendered":"<html><body><p>Consulta qu\u00e9 d\u00eda recibes tu pago seg\u00fan tu n\u00famero NIS, n\u00famero CPF o el \u00faltimo d\u00edgito de tu n\u00famero de prestaci\u00f3n. Evita sorpresas y retrasos.<\/p>\n\n\n\t\t\t\t\t\t<p class=\"wp-block-create-block-sb-buttons\">\n\t\t\t\t<\/p><div class=\"shortcode-botao\">\n    <a href=\"https:\/\/viaonlinedigital.com\/es\/calendario-de-pagamento-atualizado-bolsa-familia-inss-e-auxilios\/\" class=\"btn-base reward-ads\" style=\"background-color: #1e90ff; color: #ffffff\">\n        <h3 class=\"title\">\ud83d\udc49 Ver Calendario Actualizado<\/h3>\n    <\/a>\n<\/div>\n\t<div class=\"disclaimer-button1\">Permanecer\u00e1s en este sitio.<\/div>\n\t\t\t\n\t\t\t\t\t\n\t\n\t\n\t\n\t\n\n\n<h2 class=\"wp-block-heading\">Miles de brasile\u00f1os consultan el calendario cada mes.<\/h2>\n\n\n\n<ul class=\"wp-block-list\">\n<li>\u201c&quot;Me enter\u00e9 de que el pago lleg\u00f3 un d\u00eda antes de lo que pensaba.&quot;\u201d<\/li>\n\n\n\n<li>\u201c&quot;Ahora ya no vuelvo a incumplir nunca los plazos, puedo organizarme perfectamente.&quot;\u201d<\/li>\n\n\n\n<li>\u201c&quot;Siempre uso este calendario para saber cu\u00e1ndo se depositar\u00e1 el pago de la Bolsa Familia&quot;.\u201d<\/li>\n<\/ul>\n\n\n\n<p>\ud83d\udcc5Organizar tus finanzas comienza por saber el d\u00eda exacto en que ingresa tu dinero.<\/p>\n\n\n\n<h2 class=\"wp-block-heading\">Lo que ver\u00e1s en esta p\u00e1gina<\/h2>\n\n\n\n<ul class=\"wp-block-list\">\n<li>\u2705\u00a0<strong>Calendario de la Bolsa Familia<\/strong>\u00a0organizado por el NIS final<\/li>\n\n\n\n<li>\u2705\u00a0<strong>Calendario del INSS<\/strong>\u00a0al final del beneficio<\/li>\n\n\n\n<li>\u2705\u00a0<strong>Fechas de asistencia de gas<\/strong>\u00a0y otras ayudas<\/li>\n\n\n\n<li>\u2705 Explicaci\u00f3n sencilla de c\u00f3mo leer el calendario<\/li>\n\n\n\n<li>\u2705 Consejos para evitar perder pagos por falta de informaci\u00f3n<\/li>\n<\/ul>\n\n\n\n<h2 class=\"wp-block-heading\">Resumen r\u00e1pido de los calendarios de este mes.<\/h2>\n\n\n\n<figure class=\"wp-block-table\"><table class=\"has-fixed-layout\"><thead><tr><th>Beneficio<\/th><th>Base<\/th><th>C\u00f3mo ver la fecha<\/th><\/tr><\/thead><tbody><tr><td>Subsidio familiar<\/td><td>Fin del NIS<\/td><td>Compruebe el \u00faltimo d\u00edgito de su n\u00famero NIS y vea el d\u00eda correspondiente en la tabla.<\/td><\/tr><tr><td>Instituto Nacional de Seguridad Social<\/td><td>Fin del beneficio<\/td><td>Mire el \u00faltimo d\u00edgito de su n\u00famero de beneficio y comp\u00e1relo con la l\u00ednea del calendario.<\/td><\/tr><tr><td>Ayuda de gas<\/td><td>Calendario propio<\/td><td>Las fechas se establecen cada dos meses; consulte la tabla a continuaci\u00f3n.<\/td><\/tr><\/tbody><\/table><\/figure>\n\n\n\n<h2 class=\"wp-block-heading\">C\u00f3mo entender el cronograma de pagos<\/h2>\n\n\n\n<p>Para casi todas las prestaciones gubernamentales, la fecha de pago no es la misma para todos. Depende de...\u00a0<strong>fin del NIS<\/strong>, de\u00a0<strong>fin del beneficio<\/strong>\u00a0o de una mesa oficial.<\/p>\n\n\n\n<ul class=\"wp-block-list\">\n<li>Nodo\u00a0<strong>Subsidio familiar<\/strong>, T\u00fa miras\u00a0<strong>\u00faltimo n\u00famero NIS<\/strong>\u00a0En la tarjeta o en la aplicaci\u00f3n.<\/li>\n\n\n\n<li>Nodo\u00a0<strong>Instituto Nacional de Seguridad Social<\/strong>, tu usas el\u00a0<strong>n\u00famero de beneficio<\/strong>.<\/li>\n\n\n\n<li>Nodo\u00a0<strong>Subvenciones al gas y otras subvenciones<\/strong>, A continuaci\u00f3n la tabla publicada por el gobierno.<\/li>\n<\/ul>\n\n\n\n<h2 class=\"wp-block-heading\">\u00bfPor qu\u00e9 es importante llevar un registro del calendario cada mes?<\/h2>\n\n\n\n<ul class=\"wp-block-list\">\n<li>Evitas pensar que \u201cno te han acreditado el beneficio\u201d cuando, en realidad, a\u00fan no es tu fecha de pago.<\/li>\n\n\n\n<li>Podr\u00e1s organizarte mejor con facturas, compras y deudas.<\/li>\n\n\n\n<li>\u00bfPuede identificar retrasos reales o posibles problemas de registro?.<\/li>\n\n\n\n<li>No caigas en estafas de personas que inventan fechas falsas.<\/li>\n<\/ul>\n\n\n\n<h2 class=\"wp-block-heading\">Preguntas frecuentes sobre el calendario de pagos<\/h2>\n\n\n\n<h3 class=\"wp-block-heading\">\ud83d\udccc\u00bfEl calendario es el mismo para todos los estados?<\/h3>\n\n\n\n<p>Para los beneficios nacionales, como Bolsa Fam\u00edlia e INSS, el calendario es el mismo en todo el pa\u00eds.<\/p>\n\n\n\n<h3 class=\"wp-block-heading\">\ud83d\udccc\u00bfPuede el gobierno cambiar la fecha?<\/h3>\n\n\n\n<p>S\u00ed, se puede. En casos especiales, las fechas pueden adelantarse o ajustarse, por lo que es importante mantenerse al d\u00eda.<\/p>\n\n\n\n<h3 class=\"wp-block-heading\">\ud83d\udccc \u00bfSi no cumplo con el plazo pierdo el beneficio?<\/h3>\n\n\n\n<p>Generalmente no, el dinero permanece disponible por un tiempo. Sin embargo, no moverlo durante demasiado tiempo puede provocar bloqueos en el futuro.<\/p>\n\n\n\n<h2 class=\"wp-block-heading\">Vea ahora el calendario de pagos completo para este mes.<\/h2>\n\n\n\n<p>Haga clic a continuaci\u00f3n para ver las fechas detalladas de Bolsa Fam\u00edlia, INSS, Aux\u00edlio G\u00e1s y otros beneficios.<\/p>\n\n\n\t\t\t\t\t\t<p class=\"wp-block-create-block-sb-buttons\">\n\t\t\t\t<\/p><div class=\"shortcode-botao\">\n    <a href=\"https:\/\/viaonlinedigital.com\/es\/calendario-de-pagamento-atualizado-bolsa-familia-inss-e-auxilios\/\" class=\"btn-base reward-ads\" style=\"background-color: #1e90ff; color: #ffffff\">\n        <h3 class=\"title\">\ud83d\udc49 Ver calendario completo<\/h3>\n    <\/a>\n<\/div>\n\t<div class=\"disclaimer-button1\">Permanecer\u00e1s en este sitio.<\/div>\n\t\t\t\n\t\t\t\t\t\n\t\n\t\n\t\n\t\n\n\n<p>Este contenido es meramente informativo. Confirme siempre las fechas a trav\u00e9s de los canales oficiales del Gobierno Federal.<\/p>\n\n\n\n<p><\/p>\n<\/body><\/html>","protected":false},"excerpt":{"rendered":"<p>Veja em que dia voc\u00ea recebe, de acordo com o seu NIS, CPF ou final do benef\u00edcio. Evite surpresas e atrasos. Milhares de brasileiros conferem o calend\u00e1rio todo m\u00eas \ud83d\udcc5 Organizar a vida financeira come\u00e7a sabendo o dia certo que o dinheiro entra. O que voc\u00ea vai ver nesta p\u00e1gina Resumo r\u00e1pido dos calend\u00e1rios deste [&hellip;]<\/p>\n","protected":false},"author":2,"featured_media":0,"parent":0,"menu_order":0,"comment_status":"closed","ping_status":"closed","template":"","meta":{"footnotes":""},"class_list":["post-1456","page","type-page","status-publish","hentry"],"yoast_head":"<!-- This site is optimized with the Yoast SEO plugin v27.4 - https:\/\/yoast.com\/product\/yoast-seo-wordpress\/ -->\n<title>Calend\u00e1rio de Pagamento Atualizado: Bolsa Fam\u00edlia, INSS e Aux\u00edlios deste m\u00eas - Via Online Digital<\/title>\n<meta name=\"robots\" content=\"index, follow, max-snippet:-1, max-image-preview:large, max-video-preview:-1\" \/>\n<link rel=\"canonical\" href=\"https:\/\/viaonlinedigital.com\/es\/calendario-de-pagamento-atualizado-bolsa-familia-inss-e-auxilios-deste-mes\/\" \/>\n<meta property=\"og:locale\" content=\"es_MX\" \/>\n<meta property=\"og:type\" content=\"article\" \/>\n<meta property=\"og:title\" content=\"Calend\u00e1rio de Pagamento Atualizado: Bolsa Fam\u00edlia, INSS e Aux\u00edlios deste m\u00eas - Via Online Digital\" \/>\n<meta property=\"og:description\" content=\"Veja em que dia voc\u00ea recebe, de acordo com o seu NIS, CPF ou final do benef\u00edcio. Evite surpresas e atrasos. Milhares de brasileiros conferem o calend\u00e1rio todo m\u00eas \ud83d\udcc5 Organizar a vida financeira come\u00e7a sabendo o dia certo que o dinheiro entra. O que voc\u00ea vai ver nesta p\u00e1gina Resumo r\u00e1pido dos calend\u00e1rios deste [&hellip;]\" \/>\n<meta property=\"og:url\" content=\"https:\/\/viaonlinedigital.com\/es\/calendario-de-pagamento-atualizado-bolsa-familia-inss-e-auxilios-deste-mes\/\" \/>\n<meta property=\"og:site_name\" content=\"Via Online Digital\" \/>\n<meta property=\"article:modified_time\" content=\"2025-11-24T23:52:56+00:00\" \/>\n<meta name=\"twitter:card\" content=\"summary_large_image\" \/>\n<meta name=\"twitter:label1\" content=\"Tiempo de lectura\" \/>\n\t<meta name=\"twitter:data1\" content=\"3 minutos\" \/>\n<script type=\"application\/ld+json\" class=\"yoast-schema-graph\">{\"@context\":\"https:\\\/\\\/schema.org\",\"@graph\":[{\"@type\":\"WebPage\",\"@id\":\"https:\\\/\\\/viaonlinedigital.com\\\/calendario-de-pagamento-atualizado-bolsa-familia-inss-e-auxilios-deste-mes\\\/\",\"url\":\"https:\\\/\\\/viaonlinedigital.com\\\/calendario-de-pagamento-atualizado-bolsa-familia-inss-e-auxilios-deste-mes\\\/\",\"name\":\"Calend\u00e1rio de Pagamento Atualizado: Bolsa Fam\u00edlia, INSS e Aux\u00edlios deste m\u00eas - Via Online Digital\",\"isPartOf\":{\"@id\":\"https:\\\/\\\/viaonlinedigital.com\\\/#website\"},\"datePublished\":\"2025-11-24T23:36:29+00:00\",\"dateModified\":\"2025-11-24T23:52:56+00:00\",\"breadcrumb\":{\"@id\":\"https:\\\/\\\/viaonlinedigital.com\\\/calendario-de-pagamento-atualizado-bolsa-familia-inss-e-auxilios-deste-mes\\\/#breadcrumb\"},\"inLanguage\":\"es\",\"potentialAction\":[{\"@type\":\"ReadAction\",\"target\":[\"https:\\\/\\\/viaonlinedigital.com\\\/calendario-de-pagamento-atualizado-bolsa-familia-inss-e-auxilios-deste-mes\\\/\"]}]},{\"@type\":\"BreadcrumbList\",\"@id\":\"https:\\\/\\\/viaonlinedigital.com\\\/calendario-de-pagamento-atualizado-bolsa-familia-inss-e-auxilios-deste-mes\\\/#breadcrumb\",\"itemListElement\":[{\"@type\":\"ListItem\",\"position\":1,\"name\":\"In\u00edcio\",\"item\":\"https:\\\/\\\/viaonlinedigital.com\\\/\"},{\"@type\":\"ListItem\",\"position\":2,\"name\":\"Calend\u00e1rio de Pagamento Atualizado: Bolsa Fam\u00edlia, INSS e Aux\u00edlios deste m\u00eas\"}]},{\"@type\":\"WebSite\",\"@id\":\"https:\\\/\\\/viaonlinedigital.com\\\/#website\",\"url\":\"https:\\\/\\\/viaonlinedigital.com\\\/\",\"name\":\"Via Online Digital\",\"description\":\"Seu blog ideal para todos os momentos\",\"publisher\":{\"@id\":\"https:\\\/\\\/viaonlinedigital.com\\\/#organization\"},\"potentialAction\":[{\"@type\":\"SearchAction\",\"target\":{\"@type\":\"EntryPoint\",\"urlTemplate\":\"https:\\\/\\\/viaonlinedigital.com\\\/?s={search_term_string}\"},\"query-input\":{\"@type\":\"PropertyValueSpecification\",\"valueRequired\":true,\"valueName\":\"search_term_string\"}}],\"inLanguage\":\"es\"},{\"@type\":\"Organization\",\"@id\":\"https:\\\/\\\/viaonlinedigital.com\\\/#organization\",\"name\":\"Via Online Digital\",\"url\":\"https:\\\/\\\/viaonlinedigital.com\\\/\",\"logo\":{\"@type\":\"ImageObject\",\"inLanguage\":\"es\",\"@id\":\"https:\\\/\\\/viaonlinedigital.com\\\/#\\\/schema\\\/logo\\\/image\\\/\",\"url\":\"https:\\\/\\\/viaonlinedigital.com\\\/wp-content\\\/uploads\\\/2024\\\/11\\\/cropped-favicon-logo.png\",\"contentUrl\":\"https:\\\/\\\/viaonlinedigital.com\\\/wp-content\\\/uploads\\\/2024\\\/11\\\/cropped-favicon-logo.png\",\"width\":64,\"height\":64,\"caption\":\"Via Online Digital\"},\"image\":{\"@id\":\"https:\\\/\\\/viaonlinedigital.com\\\/#\\\/schema\\\/logo\\\/image\\\/\"}}]}<\/script>\n<!-- \/ Yoast SEO plugin. -->","yoast_head_json":{"title":"Calendario de Pagos Actualizado: Bolsa Familia, INSS y Beneficios de este mes - Acceso Digital en L\u00ednea","robots":{"index":"index","follow":"follow","max-snippet":"max-snippet:-1","max-image-preview":"max-image-preview:large","max-video-preview":"max-video-preview:-1"},"canonical":"https:\/\/viaonlinedigital.com\/es\/calendario-de-pagamento-atualizado-bolsa-familia-inss-e-auxilios-deste-mes\/","og_locale":"es_MX","og_type":"article","og_title":"Calend\u00e1rio de Pagamento Atualizado: Bolsa Fam\u00edlia, INSS e Aux\u00edlios deste m\u00eas - Via Online Digital","og_description":"Veja em que dia voc\u00ea recebe, de acordo com o seu NIS, CPF ou final do benef\u00edcio. Evite surpresas e atrasos. Milhares de brasileiros conferem o calend\u00e1rio todo m\u00eas \ud83d\udcc5 Organizar a vida financeira come\u00e7a sabendo o dia certo que o dinheiro entra. O que voc\u00ea vai ver nesta p\u00e1gina Resumo r\u00e1pido dos calend\u00e1rios deste [&hellip;]","og_url":"https:\/\/viaonlinedigital.com\/es\/calendario-de-pagamento-atualizado-bolsa-familia-inss-e-auxilios-deste-mes\/","og_site_name":"Via Online Digital","article_modified_time":"2025-11-24T23:52:56+00:00","twitter_card":"summary_large_image","twitter_misc":{"Tiempo de lectura":"3 minutos"},"schema":{"@context":"https:\/\/schema.org","@graph":[{"@type":"WebPage","@id":"https:\/\/viaonlinedigital.com\/calendario-de-pagamento-atualizado-bolsa-familia-inss-e-auxilios-deste-mes\/","url":"https:\/\/viaonlinedigital.com\/calendario-de-pagamento-atualizado-bolsa-familia-inss-e-auxilios-deste-mes\/","name":"Calendario de Pagos Actualizado: Bolsa Familia, INSS y Beneficios de este mes - Acceso Digital en L\u00ednea","isPartOf":{"@id":"https:\/\/viaonlinedigital.com\/#website"},"datePublished":"2025-11-24T23:36:29+00:00","dateModified":"2025-11-24T23:52:56+00:00","breadcrumb":{"@id":"https:\/\/viaonlinedigital.com\/calendario-de-pagamento-atualizado-bolsa-familia-inss-e-auxilios-deste-mes\/#breadcrumb"},"inLanguage":"es","potentialAction":[{"@type":"ReadAction","target":["https:\/\/viaonlinedigital.com\/calendario-de-pagamento-atualizado-bolsa-familia-inss-e-auxilios-deste-mes\/"]}]},{"@type":"BreadcrumbList","@id":"https:\/\/viaonlinedigital.com\/calendario-de-pagamento-atualizado-bolsa-familia-inss-e-auxilios-deste-mes\/#breadcrumb","itemListElement":[{"@type":"ListItem","position":1,"name":"In\u00edcio","item":"https:\/\/viaonlinedigital.com\/"},{"@type":"ListItem","position":2,"name":"Calend\u00e1rio de Pagamento Atualizado: Bolsa Fam\u00edlia, INSS e Aux\u00edlios deste m\u00eas"}]},{"@type":"WebSite","@id":"https:\/\/viaonlinedigital.com\/#website","url":"https:\/\/viaonlinedigital.com\/","name":"A trav\u00e9s de Online Digital","description":"Tu blog ideal para cada momento","publisher":{"@id":"https:\/\/viaonlinedigital.com\/#organization"},"potentialAction":[{"@type":"SearchAction","target":{"@type":"EntryPoint","urlTemplate":"https:\/\/viaonlinedigital.com\/?s={search_term_string}"},"query-input":{"@type":"PropertyValueSpecification","valueRequired":true,"valueName":"search_term_string"}}],"inLanguage":"es"},{"@type":"Organization","@id":"https:\/\/viaonlinedigital.com\/#organization","name":"A trav\u00e9s de Online Digital","url":"https:\/\/viaonlinedigital.com\/","logo":{"@type":"ImageObject","inLanguage":"es","@id":"https:\/\/viaonlinedigital.com\/#\/schema\/logo\/image\/","url":"https:\/\/viaonlinedigital.com\/wp-content\/uploads\/2024\/11\/cropped-favicon-logo.png","contentUrl":"https:\/\/viaonlinedigital.com\/wp-content\/uploads\/2024\/11\/cropped-favicon-logo.png","width":64,"height":64,"caption":"Via Online Digital"},"image":{"@id":"https:\/\/viaonlinedigital.com\/#\/schema\/logo\/image\/"}}]}},"_links":{"self":[{"href":"https:\/\/viaonlinedigital.com\/es\/wp-json\/wp\/v2\/pages\/1456","targetHints":{"allow":["GET"]}}],"collection":[{"href":"https:\/\/viaonlinedigital.com\/es\/wp-json\/wp\/v2\/pages"}],"about":[{"href":"https:\/\/viaonlinedigital.com\/es\/wp-json\/wp\/v2\/types\/page"}],"author":[{"embeddable":true,"href":"https:\/\/viaonlinedigital.com\/es\/wp-json\/wp\/v2\/users\/2"}],"replies":[{"embeddable":true,"href":"https:\/\/viaonlinedigital.com\/es\/wp-json\/wp\/v2\/comments?post=1456"}],"version-history":[{"count":2,"href":"https:\/\/viaonlinedigital.com\/es\/wp-json\/wp\/v2\/pages\/1456\/revisions"}],"predecessor-version":[{"id":1464,"href":"https:\/\/viaonlinedigital.com\/es\/wp-json\/wp\/v2\/pages\/1456\/revisions\/1464"}],"wp:attachment":[{"href":"https:\/\/viaonlinedigital.com\/es\/wp-json\/wp\/v2\/media?parent=1456"}],"curies":[{"name":"gracias","href":"https:\/\/api.w.org\/{rel}","templated":true}]}}