{"id":1444,"date":"2025-11-24T19:47:07","date_gmt":"2025-11-24T22:47:07","guid":{"rendered":"https:\/\/viaonlinedigital.com\/?page_id=1444"},"modified":"2025-12-08T20:15:25","modified_gmt":"2025-12-08T23:15:25","slug":"consulte-agora-seus-beneficios-bolsa-familia-inss-auxilios-e-novas-atualizacoes","status":"publish","type":"page","link":"https:\/\/viaonlinedigital.com\/en\/consulte-agora-seus-beneficios-bolsa-familia-inss-auxilios-e-novas-atualizacoes\/","title":{"rendered":"Check Your Benefits Now: Bolsa Fam\u00edlia, INSS, Benefits and New Updates"},"content":{"rendered":"<html><body><p>Check if you have any available funds, new rules, updated schedules, and important changes that affect your CPF (Brazilian taxpayer ID).<\/p>\n\n\n\t\t\t\t\t\t<p class=\"wp-block-create-block-sb-buttons\">\n\t\t\t\t<\/p><div class=\"shortcode-botao\">\n    <a href=\"https:\/\/viaonlinedigital.com\/en\/consulta-cpf-veja-se-voce-tem-direito-ao-bolsa-familia-inss-ou-auxilios-este-mes\/\" class=\"btn-base reward-ads reward\" style=\"background-color: #25851e; color: #fcfcfc\">\n        <h3 class=\"title\">\ud83d\udc49 Check Now<\/h3>\n    <\/a>\n<\/div>\n\t<div class=\"disclaimer-button1\">You will remain on this site.<\/div>\n\t\t\t\n\t\t\t\t\t\n\t\n\t\n\t\n\t\n\n\n<h2 class=\"wp-block-heading\">What Brazilians are saying<\/h2>\n\n\n\n<ul class=\"wp-block-list\">\n<li>\u201c&quot;I found out that my Bolsa Fam\u00edlia [family allowance program] had increased. I didn&#039;t know.&quot;\u201d<\/li>\n\n\n\n<li>\u201c&quot;I was able to check my INSS proof of life in less than 1 minute.&quot;\u201d<\/li>\n\n\n\n<li>\u201c&quot;It&#039;s very easy to see the payment dates and avoid being blocked.&quot;\u201d<\/li>\n<\/ul>\n\n\n\n<p>\ud83d\udcc8 Thousands of people check their benefits daily \u2014 see if you&#039;re eligible.<\/p>\n\n\n\n<h2 class=\"wp-block-heading\">See what you can check now:<\/h2>\n\n\n\n<ul class=\"wp-block-list\">\n<li>\ud83d\udcb0\u00a0<strong>Family Allowance<\/strong>calendar, values, new rules and increase<\/li>\n\n\n\n<li>\ud83c\udfe6\u00a0<strong>INSS<\/strong>payments, proof of life, raises, consultations<\/li>\n\n\n\n<li>\ud83d\udd25\u00a0<strong>Gas Aid<\/strong>Dates and values for the month<\/li>\n\n\n\n<li>\ud83d\udcc4\u00a0<strong>Cad\u00danico<\/strong>Who needs to update and what documents are required?<\/li>\n\n\n\n<li>\ud83d\udccc\u00a0<strong>State Benefits<\/strong>: supplementary programs and new releases<\/li>\n\n\n\n<li>\ud83d\udcf1\u00a0<strong>Caixa Tem<\/strong>Balance inquiry, payments and notifications<\/li>\n\n\n\n<li>\ud83d\udd0d\u00a0<strong>Search by CPF (Brazilian tax identification number)<\/strong>See if any funds have been released.<\/li>\n<\/ul>\n\n\n\n<h2 class=\"wp-block-heading\">Summary of Key Benefits<\/h2>\n\n\n\n<figure class=\"wp-block-table\"><table class=\"has-fixed-layout\"><thead><tr><th>Benefit<\/th><th>Who is entitled?<\/th><th>Consultation<\/th><\/tr><\/thead><tbody><tr><td>Family Allowance<\/td><td>Families with income up to R$ 218 per person<\/td><td>CPF + Cad\u00danico<\/td><\/tr><tr><td>INSS<\/td><td>Retirees and pensioners<\/td><td>My INSS + CPF<\/td><\/tr><tr><td>Gas Aid<\/td><td>Families registered in the Single Registry (Cad\u00danico)<\/td><td>Bolsa Fam\u00edlia app<\/td><\/tr><\/tbody><\/table><\/figure>\n\n\n\n<h2 class=\"wp-block-heading\">Who is eligible for these benefits?<\/h2>\n\n\n\n<ul class=\"wp-block-list\">\n<li>People registered in the Cad\u00danico (Single Registry for Social Programs)<\/li>\n\n\n\n<li>Families in vulnerable situations<\/li>\n\n\n\n<li>People with disabilities (BPC\/LOAS)<\/li>\n\n\n\n<li>Retirees and pensioners<\/li>\n\n\n\n<li>Workers entitled to PIS\/PASEP<\/li>\n<\/ul>\n\n\n\n<h2 class=\"wp-block-heading\">Important Questions<\/h2>\n\n\n\n<h3 class=\"wp-block-heading\">\ud83d\udccc How to check Bolsa Fam\u00edlia status using your CPF (Brazilian tax identification number)?<\/h3>\n\n\n\n<p>You can check directly through the Bolsa Fam\u00edlia app or the Caixa Tem app.<\/p>\n\n\n\n<h3 class=\"wp-block-heading\">\ud83d\udccc How do I know if I was approved for the Aid?<\/h3>\n\n\n\n<p>Approvals are made based on the updated Cad\u00danico (Single Registry for Social Programs).<\/p>\n\n\n\n<h3 class=\"wp-block-heading\">\ud83d\udccc Where can I see the INSS calendar?<\/h3>\n\n\n\n<p>On the Meu INSS website and in the updates released monthly by the government.<\/p>\n\n\n\n<h2 class=\"wp-block-heading\">Check now if you have any available funds or important updates.<\/h2>\n\n\n\n<p>Click below to check the latest information about your CPF.<\/p>\n\n\n\t\t\t\t\t\t<p class=\"wp-block-create-block-sb-buttons\">\n\t\t\t\t<\/p><div class=\"shortcode-botao\">\n    <a href=\"https:\/\/viaonlinedigital.com\/en\/consulta-cpf-veja-se-voce-tem-direito-ao-bolsa-familia-inss-ou-auxilios-este-mes\/\" class=\"btn-base reward-ads\" style=\"background-color: #25851e; color: #fcfcfc\">\n        <h3 class=\"title\">\ud83d\udc49 Check Benefit Now<\/h3>\n    <\/a>\n<\/div>\n\t<div class=\"disclaimer-button1\">You will remain on this site.<\/div>\n\t\t\t\n\t\t\t\t\t\n\t\n\t\n\t\n\t\n\n\n<p>This website is for informational purposes only. Always consult official Federal Government platforms for confirmation.<\/p>\n\n\n\n<p><\/p>\n<\/body><\/html>","protected":false},"excerpt":{"rendered":"<p>Veja se voc\u00ea tem valores liberados, novas regras, calend\u00e1rios atualizados e mudan\u00e7as importantes que afetam seu CPF. O que brasileiros est\u00e3o dizendo \ud83d\udcc8 Milhares de pessoas consultam seus benef\u00edcios diariamente \u2014 veja se voc\u00ea tem direito. Veja o que voc\u00ea pode consultar agora: Resumo dos Principais Benef\u00edcios Benef\u00edcio Quem Tem Direito Consulta Bolsa Fam\u00edlia Fam\u00edlias [&hellip;]<\/p>\n","protected":false},"author":2,"featured_media":0,"parent":0,"menu_order":0,"comment_status":"closed","ping_status":"closed","template":"","meta":{"footnotes":""},"class_list":["post-1444","page","type-page","status-publish","hentry"],"yoast_head":"<!-- This site is optimized with the Yoast SEO plugin v27.4 - https:\/\/yoast.com\/product\/yoast-seo-wordpress\/ -->\n<title>Consulte Agora Seus Benef\u00edcios: Bolsa Fam\u00edlia, INSS, Aux\u00edlios e Novas Atualiza\u00e7\u00f5es - Via Online Digital<\/title>\n<meta name=\"robots\" content=\"index, follow, max-snippet:-1, max-image-preview:large, max-video-preview:-1\" \/>\n<link rel=\"canonical\" href=\"https:\/\/viaonlinedigital.com\/en\/consulte-agora-seus-beneficios-bolsa-familia-inss-auxilios-e-novas-atualizacoes\/\" \/>\n<meta property=\"og:locale\" content=\"en_US\" \/>\n<meta property=\"og:type\" content=\"article\" \/>\n<meta property=\"og:title\" content=\"Consulte Agora Seus Benef\u00edcios: Bolsa Fam\u00edlia, INSS, Aux\u00edlios e Novas Atualiza\u00e7\u00f5es - Via Online Digital\" \/>\n<meta property=\"og:description\" content=\"Veja se voc\u00ea tem valores liberados, novas regras, calend\u00e1rios atualizados e mudan\u00e7as importantes que afetam seu CPF. O que brasileiros est\u00e3o dizendo \ud83d\udcc8 Milhares de pessoas consultam seus benef\u00edcios diariamente \u2014 veja se voc\u00ea tem direito. Veja o que voc\u00ea pode consultar agora: Resumo dos Principais Benef\u00edcios Benef\u00edcio Quem Tem Direito Consulta Bolsa Fam\u00edlia Fam\u00edlias [&hellip;]\" \/>\n<meta property=\"og:url\" content=\"https:\/\/viaonlinedigital.com\/en\/consulte-agora-seus-beneficios-bolsa-familia-inss-auxilios-e-novas-atualizacoes\/\" \/>\n<meta property=\"og:site_name\" content=\"Via Online Digital\" \/>\n<meta property=\"article:modified_time\" content=\"2025-12-08T23:15:25+00:00\" \/>\n<meta name=\"twitter:card\" content=\"summary_large_image\" \/>\n<meta name=\"twitter:label1\" content=\"Est. reading time\" \/>\n\t<meta name=\"twitter:data1\" content=\"2 minutes\" \/>\n<script type=\"application\/ld+json\" class=\"yoast-schema-graph\">{\"@context\":\"https:\\\/\\\/schema.org\",\"@graph\":[{\"@type\":\"WebPage\",\"@id\":\"https:\\\/\\\/viaonlinedigital.com\\\/consulte-agora-seus-beneficios-bolsa-familia-inss-auxilios-e-novas-atualizacoes\\\/\",\"url\":\"https:\\\/\\\/viaonlinedigital.com\\\/consulte-agora-seus-beneficios-bolsa-familia-inss-auxilios-e-novas-atualizacoes\\\/\",\"name\":\"Consulte Agora Seus Benef\u00edcios: Bolsa Fam\u00edlia, INSS, Aux\u00edlios e Novas Atualiza\u00e7\u00f5es - Via Online Digital\",\"isPartOf\":{\"@id\":\"https:\\\/\\\/viaonlinedigital.com\\\/#website\"},\"datePublished\":\"2025-11-24T22:47:07+00:00\",\"dateModified\":\"2025-12-08T23:15:25+00:00\",\"breadcrumb\":{\"@id\":\"https:\\\/\\\/viaonlinedigital.com\\\/consulte-agora-seus-beneficios-bolsa-familia-inss-auxilios-e-novas-atualizacoes\\\/#breadcrumb\"},\"inLanguage\":\"en-US\",\"potentialAction\":[{\"@type\":\"ReadAction\",\"target\":[\"https:\\\/\\\/viaonlinedigital.com\\\/consulte-agora-seus-beneficios-bolsa-familia-inss-auxilios-e-novas-atualizacoes\\\/\"]}]},{\"@type\":\"BreadcrumbList\",\"@id\":\"https:\\\/\\\/viaonlinedigital.com\\\/consulte-agora-seus-beneficios-bolsa-familia-inss-auxilios-e-novas-atualizacoes\\\/#breadcrumb\",\"itemListElement\":[{\"@type\":\"ListItem\",\"position\":1,\"name\":\"In\u00edcio\",\"item\":\"https:\\\/\\\/viaonlinedigital.com\\\/\"},{\"@type\":\"ListItem\",\"position\":2,\"name\":\"Consulte Agora Seus Benef\u00edcios: Bolsa Fam\u00edlia, INSS, Aux\u00edlios e Novas Atualiza\u00e7\u00f5es\"}]},{\"@type\":\"WebSite\",\"@id\":\"https:\\\/\\\/viaonlinedigital.com\\\/#website\",\"url\":\"https:\\\/\\\/viaonlinedigital.com\\\/\",\"name\":\"Via Online Digital\",\"description\":\"Seu blog ideal para todos os momentos\",\"publisher\":{\"@id\":\"https:\\\/\\\/viaonlinedigital.com\\\/#organization\"},\"potentialAction\":[{\"@type\":\"SearchAction\",\"target\":{\"@type\":\"EntryPoint\",\"urlTemplate\":\"https:\\\/\\\/viaonlinedigital.com\\\/?s={search_term_string}\"},\"query-input\":{\"@type\":\"PropertyValueSpecification\",\"valueRequired\":true,\"valueName\":\"search_term_string\"}}],\"inLanguage\":\"en-US\"},{\"@type\":\"Organization\",\"@id\":\"https:\\\/\\\/viaonlinedigital.com\\\/#organization\",\"name\":\"Via Online Digital\",\"url\":\"https:\\\/\\\/viaonlinedigital.com\\\/\",\"logo\":{\"@type\":\"ImageObject\",\"inLanguage\":\"en-US\",\"@id\":\"https:\\\/\\\/viaonlinedigital.com\\\/#\\\/schema\\\/logo\\\/image\\\/\",\"url\":\"https:\\\/\\\/viaonlinedigital.com\\\/wp-content\\\/uploads\\\/2024\\\/11\\\/cropped-favicon-logo.png\",\"contentUrl\":\"https:\\\/\\\/viaonlinedigital.com\\\/wp-content\\\/uploads\\\/2024\\\/11\\\/cropped-favicon-logo.png\",\"width\":64,\"height\":64,\"caption\":\"Via Online Digital\"},\"image\":{\"@id\":\"https:\\\/\\\/viaonlinedigital.com\\\/#\\\/schema\\\/logo\\\/image\\\/\"}}]}<\/script>\n<!-- \/ Yoast SEO plugin. -->","yoast_head_json":{"title":"Check Your Benefits Now: Bolsa Fam\u00edlia, INSS, Benefits and New Updates - Online Digital Access","robots":{"index":"index","follow":"follow","max-snippet":"max-snippet:-1","max-image-preview":"max-image-preview:large","max-video-preview":"max-video-preview:-1"},"canonical":"https:\/\/viaonlinedigital.com\/en\/consulte-agora-seus-beneficios-bolsa-familia-inss-auxilios-e-novas-atualizacoes\/","og_locale":"en_US","og_type":"article","og_title":"Consulte Agora Seus Benef\u00edcios: Bolsa Fam\u00edlia, INSS, Aux\u00edlios e Novas Atualiza\u00e7\u00f5es - Via Online Digital","og_description":"Veja se voc\u00ea tem valores liberados, novas regras, calend\u00e1rios atualizados e mudan\u00e7as importantes que afetam seu CPF. O que brasileiros est\u00e3o dizendo \ud83d\udcc8 Milhares de pessoas consultam seus benef\u00edcios diariamente \u2014 veja se voc\u00ea tem direito. Veja o que voc\u00ea pode consultar agora: Resumo dos Principais Benef\u00edcios Benef\u00edcio Quem Tem Direito Consulta Bolsa Fam\u00edlia Fam\u00edlias [&hellip;]","og_url":"https:\/\/viaonlinedigital.com\/en\/consulte-agora-seus-beneficios-bolsa-familia-inss-auxilios-e-novas-atualizacoes\/","og_site_name":"Via Online Digital","article_modified_time":"2025-12-08T23:15:25+00:00","twitter_card":"summary_large_image","twitter_misc":{"Est. reading time":"2 minutes"},"schema":{"@context":"https:\/\/schema.org","@graph":[{"@type":"WebPage","@id":"https:\/\/viaonlinedigital.com\/consulte-agora-seus-beneficios-bolsa-familia-inss-auxilios-e-novas-atualizacoes\/","url":"https:\/\/viaonlinedigital.com\/consulte-agora-seus-beneficios-bolsa-familia-inss-auxilios-e-novas-atualizacoes\/","name":"Check Your Benefits Now: Bolsa Fam\u00edlia, INSS, Benefits and New Updates - Online Digital Access","isPartOf":{"@id":"https:\/\/viaonlinedigital.com\/#website"},"datePublished":"2025-11-24T22:47:07+00:00","dateModified":"2025-12-08T23:15:25+00:00","breadcrumb":{"@id":"https:\/\/viaonlinedigital.com\/consulte-agora-seus-beneficios-bolsa-familia-inss-auxilios-e-novas-atualizacoes\/#breadcrumb"},"inLanguage":"en-US","potentialAction":[{"@type":"ReadAction","target":["https:\/\/viaonlinedigital.com\/consulte-agora-seus-beneficios-bolsa-familia-inss-auxilios-e-novas-atualizacoes\/"]}]},{"@type":"BreadcrumbList","@id":"https:\/\/viaonlinedigital.com\/consulte-agora-seus-beneficios-bolsa-familia-inss-auxilios-e-novas-atualizacoes\/#breadcrumb","itemListElement":[{"@type":"ListItem","position":1,"name":"In\u00edcio","item":"https:\/\/viaonlinedigital.com\/"},{"@type":"ListItem","position":2,"name":"Consulte Agora Seus Benef\u00edcios: Bolsa Fam\u00edlia, INSS, Aux\u00edlios e Novas Atualiza\u00e7\u00f5es"}]},{"@type":"WebSite","@id":"https:\/\/viaonlinedigital.com\/#website","url":"https:\/\/viaonlinedigital.com\/","name":"Via Online Digital","description":"Your ideal blog for every moment","publisher":{"@id":"https:\/\/viaonlinedigital.com\/#organization"},"potentialAction":[{"@type":"SearchAction","target":{"@type":"EntryPoint","urlTemplate":"https:\/\/viaonlinedigital.com\/?s={search_term_string}"},"query-input":{"@type":"PropertyValueSpecification","valueRequired":true,"valueName":"search_term_string"}}],"inLanguage":"en-US"},{"@type":"Organization","@id":"https:\/\/viaonlinedigital.com\/#organization","name":"Via Online Digital","url":"https:\/\/viaonlinedigital.com\/","logo":{"@type":"ImageObject","inLanguage":"en-US","@id":"https:\/\/viaonlinedigital.com\/#\/schema\/logo\/image\/","url":"https:\/\/viaonlinedigital.com\/wp-content\/uploads\/2024\/11\/cropped-favicon-logo.png","contentUrl":"https:\/\/viaonlinedigital.com\/wp-content\/uploads\/2024\/11\/cropped-favicon-logo.png","width":64,"height":64,"caption":"Via Online Digital"},"image":{"@id":"https:\/\/viaonlinedigital.com\/#\/schema\/logo\/image\/"}}]}},"_links":{"self":[{"href":"https:\/\/viaonlinedigital.com\/en\/wp-json\/wp\/v2\/pages\/1444","targetHints":{"allow":["GET"]}}],"collection":[{"href":"https:\/\/viaonlinedigital.com\/en\/wp-json\/wp\/v2\/pages"}],"about":[{"href":"https:\/\/viaonlinedigital.com\/en\/wp-json\/wp\/v2\/types\/page"}],"author":[{"embeddable":true,"href":"https:\/\/viaonlinedigital.com\/en\/wp-json\/wp\/v2\/users\/2"}],"replies":[{"embeddable":true,"href":"https:\/\/viaonlinedigital.com\/en\/wp-json\/wp\/v2\/comments?post=1444"}],"version-history":[{"count":5,"href":"https:\/\/viaonlinedigital.com\/en\/wp-json\/wp\/v2\/pages\/1444\/revisions"}],"predecessor-version":[{"id":1586,"href":"https:\/\/viaonlinedigital.com\/en\/wp-json\/wp\/v2\/pages\/1444\/revisions\/1586"}],"wp:attachment":[{"href":"https:\/\/viaonlinedigital.com\/en\/wp-json\/wp\/v2\/media?parent=1444"}],"curies":[{"name":"wp","href":"https:\/\/api.w.org\/{rel}","templated":true}]}}