{"id":3,"date":"2024-11-25T12:11:17","date_gmt":"2024-11-25T15:11:17","guid":{"rendered":"https:\/\/viaonlinedigital.com\/?page_id=3"},"modified":"2025-02-11T11:13:08","modified_gmt":"2025-02-11T14:13:08","slug":"politica-de-privacidade","status":"publish","type":"page","link":"https:\/\/viaonlinedigital.com\/de\/politica-de-privacidade\/","title":{"rendered":"Datenschutzrichtlinie"},"content":{"rendered":"<html><body><p>Datenschutzrichtlinie Ihre Privatsph\u00e4re ist uns wichtig. Es ist die Politik von viaonlinedigital.com\/, Ihre Privatsph\u00e4re in Bezug auf alle Informationen zu respektieren, die wir von Ihnen auf der Website viaonlinedigital.com\/ und anderen Websites, die wir besitzen und betreiben, erfassen.<\/p>\n<p>Wir fragen nur dann nach personenbezogenen Daten, wenn wir diese wirklich ben\u00f6tigen, um Ihnen einen Service zu bieten. Wir erheben diese Daten auf faire und rechtm\u00e4\u00dfige Weise sowie mit Ihrem Wissen und Ihrer Zustimmung.<\/p>\n<p>Wir informieren Sie auch dar\u00fcber, warum wir diese Daten erfassen und wie wir sie verwenden. Wir speichern die erfassten Informationen nur so lange, wie es f\u00fcr die Bereitstellung des von Ihnen gew\u00fcnschten Dienstes erforderlich ist.<\/p>\n<p>Die von uns gespeicherten Daten sch\u00fctzen wir mit kommerziell vertretbaren Mitteln, um Verlust und Diebstahl sowie unbefugten Zugriff, Offenlegung, Kopieren, Verwendung oder \u00c4nderung zu verhindern.<\/p>\n<p>Wir geben personenbezogene Daten weder \u00f6ffentlich noch an Dritte weiter, es sei denn, wir sind gesetzlich dazu verpflichtet. Unsere Website kann Links zu externen Websites enthalten, die nicht von uns betrieben werden.<\/p>\n<p>Bitte beachten Sie, dass wir keine Kontrolle \u00fcber den Inhalt und die Praktiken dieser Websites haben und keine Verantwortung f\u00fcr deren jeweilige Datenschutzrichtlinien \u00fcbernehmen k\u00f6nnen.<\/p>\n<p>Es steht Ihnen frei, unsere Anfrage nach Ihren pers\u00f6nlichen Daten abzulehnen, wobei wir Ihnen jedoch m\u00f6glicherweise einige der von Ihnen gew\u00fcnschten Dienste nicht zur Verf\u00fcgung stellen k\u00f6nnen.<\/p>\n<p>Ihre fortgesetzte Nutzung unserer Website gilt als Zustimmung zu unseren Datenschutzpraktiken und der Verarbeitung personenbezogener Daten. Wenn Sie Fragen zum Umgang mit Benutzerdaten und personenbezogenen Daten haben, kontaktieren Sie uns bitte.<\/p>\n<p>Der von uns zur Schaltung von Werbung verwendete Google AdSense-Dienst verwendet ein DoubleClick-Cookie, um im gesamten Web relevantere Anzeigen zu schalten und die H\u00e4ufigkeit zu begrenzen, mit der Ihnen eine bestimmte Anzeige angezeigt wird.<\/p>\n<p>Weitere Informationen zu Google AdSense finden Sie in den offiziellen Datenschutz-FAQs von Google AdSense. Wir verwenden Anzeigen, um die Kosten f\u00fcr den Betrieb dieser Website zu decken und die Finanzierung zuk\u00fcnftiger Entwicklungen zu gew\u00e4hrleisten.<\/p>\n<p>Die von dieser Website verwendeten Cookies f\u00fcr verhaltensbasierte Werbung sollen sicherstellen, dass wir Ihnen m\u00f6glichst relevante Werbung bereitstellen, indem wir Ihre Interessen anonym verfolgen und Ihnen \u00e4hnliche Dinge pr\u00e4sentieren, die f\u00fcr Sie von Interesse sein k\u00f6nnten.<\/p>\n<p>Mehrere Partner werben in unserem Namen, und mithilfe von Affiliate-Tracking-Cookies k\u00f6nnen wir lediglich feststellen, ob unsere Kunden \u00fcber eine unserer Partner-Sites auf die Site gelangt sind, sodass wir ihnen den entsprechenden Betrag gutschreiben und unseren Affiliate-Partnern gegebenenfalls erm\u00f6glichen k\u00f6nnen, Ihnen etwaige Anreize f\u00fcr einen Kauf zu bieten.<\/p>\n<p>Verpflichtung des Benutzers: Der Benutzer verpflichtet sich, die Inhalte und Informationen, die viaonlinedigital.com\/ auf der Website anbietet, angemessen zu nutzen, und beispielsweise, aber nicht beschr\u00e4nkt auf:<\/p>\n<p>A) sich nicht an Aktivit\u00e4ten zu beteiligen, die illegal sind oder gegen Treu und Glauben und die \u00f6ffentliche Ordnung versto\u00dfen;<\/p>\n<p>B) Verbreiten Sie keine Propaganda oder Inhalte rassistischer, fremdenfeindlicher, kiwibetischer oder gl\u00fccksspielbezogener Natur, jeglicher Art illegaler Pornografie, zur Unterst\u00fctzung des Terrorismus oder gegen die Menschenrechte;<\/p>\n<p>C) Keine Sch\u00e4den an den physischen (Hardware) und logischen (Software) Systemen von viaonlinedigital.com\/, seinen Lieferanten oder Dritten zu verursachen, keine Computerviren oder andere Hardware- oder Softwaresysteme einzuf\u00fchren oder zu verbreiten, die die oben genannten Sch\u00e4den verursachen k\u00f6nnen.<\/p>\n<p>Hoffentlich hat das die Dinge f\u00fcr Sie gekl\u00e4rt. Wie bereits erw\u00e4hnt, ist es normalerweise sicherer, Cookies aktiviert zu lassen, falls sie mit einer der Funktionen interagieren, die Sie auf unserer Website verwenden, falls Sie sich nicht sicher sind, ob Sie etwas ben\u00f6tigen oder nicht. Diese Richtlinie ist ab dem 11. Februar 2025 um 14:11 Uhr g\u00fcltig.<\/p>\n<\/body><\/html>","protected":false},"excerpt":{"rendered":"<p>Pol\u00edtica PrivacidadeA sua privacidade \u00e9 importante para n\u00f3s. \u00c9 pol\u00edtica do viaonlinedigital.com\/ respeitar a sua privacidade em rela\u00e7\u00e3o a qualquer informa\u00e7\u00e3o sua que possamos coletar no site viaonlinedigital.com\/, e outros sites que possu\u00edmos e operamos. Solicitamos informa\u00e7\u00f5es pessoais apenas quando realmente precisamos delas para lhe fornecer um servi\u00e7o. Fazemo-lo por meios justos e legais, com [&hellip;]<\/p>\n","protected":false},"author":1,"featured_media":0,"parent":0,"menu_order":0,"comment_status":"closed","ping_status":"closed","template":"","meta":{"footnotes":""},"class_list":["post-3","page","type-page","status-publish","hentry"],"yoast_head":"<!-- This site is optimized with the Yoast SEO plugin v27.4 - https:\/\/yoast.com\/product\/yoast-seo-wordpress\/ -->\n<title>Pol\u00edtica de privacidade - Via Online Digital<\/title>\n<meta name=\"robots\" content=\"index, follow, max-snippet:-1, max-image-preview:large, max-video-preview:-1\" \/>\n<link rel=\"canonical\" href=\"https:\/\/viaonlinedigital.com\/de\/politica-de-privacidade\/\" \/>\n<meta property=\"og:locale\" content=\"de_DE\" \/>\n<meta property=\"og:type\" content=\"article\" \/>\n<meta property=\"og:title\" content=\"Pol\u00edtica de privacidade - Via Online Digital\" \/>\n<meta property=\"og:description\" content=\"Pol\u00edtica PrivacidadeA sua privacidade \u00e9 importante para n\u00f3s. \u00c9 pol\u00edtica do viaonlinedigital.com\/ respeitar a sua privacidade em rela\u00e7\u00e3o a qualquer informa\u00e7\u00e3o sua que possamos coletar no site viaonlinedigital.com\/, e outros sites que possu\u00edmos e operamos. Solicitamos informa\u00e7\u00f5es pessoais apenas quando realmente precisamos delas para lhe fornecer um servi\u00e7o. Fazemo-lo por meios justos e legais, com [&hellip;]\" \/>\n<meta property=\"og:url\" content=\"https:\/\/viaonlinedigital.com\/de\/politica-de-privacidade\/\" \/>\n<meta property=\"og:site_name\" content=\"Via Online Digital\" \/>\n<meta property=\"article:modified_time\" content=\"2025-02-11T14:13:08+00:00\" \/>\n<meta name=\"twitter:card\" content=\"summary_large_image\" \/>\n<meta name=\"twitter:label1\" content=\"Gesch\u00e4tzte Lesezeit\" \/>\n\t<meta name=\"twitter:data1\" content=\"3\u00a0Minuten\" \/>\n<script type=\"application\/ld+json\" class=\"yoast-schema-graph\">{\"@context\":\"https:\\\/\\\/schema.org\",\"@graph\":[{\"@type\":\"WebPage\",\"@id\":\"https:\\\/\\\/viaonlinedigital.com\\\/politica-de-privacidade\\\/\",\"url\":\"https:\\\/\\\/viaonlinedigital.com\\\/politica-de-privacidade\\\/\",\"name\":\"Pol\u00edtica de privacidade - Via Online Digital\",\"isPartOf\":{\"@id\":\"https:\\\/\\\/viaonlinedigital.com\\\/#website\"},\"datePublished\":\"2024-11-25T15:11:17+00:00\",\"dateModified\":\"2025-02-11T14:13:08+00:00\",\"breadcrumb\":{\"@id\":\"https:\\\/\\\/viaonlinedigital.com\\\/politica-de-privacidade\\\/#breadcrumb\"},\"inLanguage\":\"de\",\"potentialAction\":[{\"@type\":\"ReadAction\",\"target\":[\"https:\\\/\\\/viaonlinedigital.com\\\/politica-de-privacidade\\\/\"]}]},{\"@type\":\"BreadcrumbList\",\"@id\":\"https:\\\/\\\/viaonlinedigital.com\\\/politica-de-privacidade\\\/#breadcrumb\",\"itemListElement\":[{\"@type\":\"ListItem\",\"position\":1,\"name\":\"In\u00edcio\",\"item\":\"https:\\\/\\\/viaonlinedigital.com\\\/\"},{\"@type\":\"ListItem\",\"position\":2,\"name\":\"Pol\u00edtica de privacidade\"}]},{\"@type\":\"WebSite\",\"@id\":\"https:\\\/\\\/viaonlinedigital.com\\\/#website\",\"url\":\"https:\\\/\\\/viaonlinedigital.com\\\/\",\"name\":\"Via Online Digital\",\"description\":\"Seu blog ideal para todos os momentos\",\"publisher\":{\"@id\":\"https:\\\/\\\/viaonlinedigital.com\\\/#organization\"},\"potentialAction\":[{\"@type\":\"SearchAction\",\"target\":{\"@type\":\"EntryPoint\",\"urlTemplate\":\"https:\\\/\\\/viaonlinedigital.com\\\/?s={search_term_string}\"},\"query-input\":{\"@type\":\"PropertyValueSpecification\",\"valueRequired\":true,\"valueName\":\"search_term_string\"}}],\"inLanguage\":\"de\"},{\"@type\":\"Organization\",\"@id\":\"https:\\\/\\\/viaonlinedigital.com\\\/#organization\",\"name\":\"Via Online Digital\",\"url\":\"https:\\\/\\\/viaonlinedigital.com\\\/\",\"logo\":{\"@type\":\"ImageObject\",\"inLanguage\":\"de\",\"@id\":\"https:\\\/\\\/viaonlinedigital.com\\\/#\\\/schema\\\/logo\\\/image\\\/\",\"url\":\"https:\\\/\\\/viaonlinedigital.com\\\/wp-content\\\/uploads\\\/2024\\\/11\\\/cropped-favicon-logo.png\",\"contentUrl\":\"https:\\\/\\\/viaonlinedigital.com\\\/wp-content\\\/uploads\\\/2024\\\/11\\\/cropped-favicon-logo.png\",\"width\":64,\"height\":64,\"caption\":\"Via Online Digital\"},\"image\":{\"@id\":\"https:\\\/\\\/viaonlinedigital.com\\\/#\\\/schema\\\/logo\\\/image\\\/\"}}]}<\/script>\n<!-- \/ Yoast SEO plugin. -->","yoast_head_json":{"title":"Datenschutzrichtlinie - Via Online Digital","robots":{"index":"index","follow":"follow","max-snippet":"max-snippet:-1","max-image-preview":"max-image-preview:large","max-video-preview":"max-video-preview:-1"},"canonical":"https:\/\/viaonlinedigital.com\/de\/politica-de-privacidade\/","og_locale":"de_DE","og_type":"article","og_title":"Pol\u00edtica de privacidade - Via Online Digital","og_description":"Pol\u00edtica PrivacidadeA sua privacidade \u00e9 importante para n\u00f3s. \u00c9 pol\u00edtica do viaonlinedigital.com\/ respeitar a sua privacidade em rela\u00e7\u00e3o a qualquer informa\u00e7\u00e3o sua que possamos coletar no site viaonlinedigital.com\/, e outros sites que possu\u00edmos e operamos. Solicitamos informa\u00e7\u00f5es pessoais apenas quando realmente precisamos delas para lhe fornecer um servi\u00e7o. Fazemo-lo por meios justos e legais, com [&hellip;]","og_url":"https:\/\/viaonlinedigital.com\/de\/politica-de-privacidade\/","og_site_name":"Via Online Digital","article_modified_time":"2025-02-11T14:13:08+00:00","twitter_card":"summary_large_image","twitter_misc":{"Gesch\u00e4tzte Lesezeit":"3\u00a0Minuten"},"schema":{"@context":"https:\/\/schema.org","@graph":[{"@type":"WebPage","@id":"https:\/\/viaonlinedigital.com\/politica-de-privacidade\/","url":"https:\/\/viaonlinedigital.com\/politica-de-privacidade\/","name":"Datenschutzrichtlinie - Via Online Digital","isPartOf":{"@id":"https:\/\/viaonlinedigital.com\/#website"},"datePublished":"2024-11-25T15:11:17+00:00","dateModified":"2025-02-11T14:13:08+00:00","breadcrumb":{"@id":"https:\/\/viaonlinedigital.com\/politica-de-privacidade\/#breadcrumb"},"inLanguage":"de","potentialAction":[{"@type":"ReadAction","target":["https:\/\/viaonlinedigital.com\/politica-de-privacidade\/"]}]},{"@type":"BreadcrumbList","@id":"https:\/\/viaonlinedigital.com\/politica-de-privacidade\/#breadcrumb","itemListElement":[{"@type":"ListItem","position":1,"name":"In\u00edcio","item":"https:\/\/viaonlinedigital.com\/"},{"@type":"ListItem","position":2,"name":"Pol\u00edtica de privacidade"}]},{"@type":"WebSite","@id":"https:\/\/viaonlinedigital.com\/#website","url":"https:\/\/viaonlinedigital.com\/","name":"\u00dcber Online Digital","description":"Ihr idealer Blog f\u00fcr alle Momente","publisher":{"@id":"https:\/\/viaonlinedigital.com\/#organization"},"potentialAction":[{"@type":"SearchAction","target":{"@type":"EntryPoint","urlTemplate":"https:\/\/viaonlinedigital.com\/?s={search_term_string}"},"query-input":{"@type":"PropertyValueSpecification","valueRequired":true,"valueName":"search_term_string"}}],"inLanguage":"de"},{"@type":"Organization","@id":"https:\/\/viaonlinedigital.com\/#organization","name":"\u00dcber Online Digital","url":"https:\/\/viaonlinedigital.com\/","logo":{"@type":"ImageObject","inLanguage":"de","@id":"https:\/\/viaonlinedigital.com\/#\/schema\/logo\/image\/","url":"https:\/\/viaonlinedigital.com\/wp-content\/uploads\/2024\/11\/cropped-favicon-logo.png","contentUrl":"https:\/\/viaonlinedigital.com\/wp-content\/uploads\/2024\/11\/cropped-favicon-logo.png","width":64,"height":64,"caption":"Via Online Digital"},"image":{"@id":"https:\/\/viaonlinedigital.com\/#\/schema\/logo\/image\/"}}]}},"_links":{"self":[{"href":"https:\/\/viaonlinedigital.com\/de\/wp-json\/wp\/v2\/pages\/3","targetHints":{"allow":["GET"]}}],"collection":[{"href":"https:\/\/viaonlinedigital.com\/de\/wp-json\/wp\/v2\/pages"}],"about":[{"href":"https:\/\/viaonlinedigital.com\/de\/wp-json\/wp\/v2\/types\/page"}],"author":[{"embeddable":true,"href":"https:\/\/viaonlinedigital.com\/de\/wp-json\/wp\/v2\/users\/1"}],"replies":[{"embeddable":true,"href":"https:\/\/viaonlinedigital.com\/de\/wp-json\/wp\/v2\/comments?post=3"}],"version-history":[{"count":5,"href":"https:\/\/viaonlinedigital.com\/de\/wp-json\/wp\/v2\/pages\/3\/revisions"}],"predecessor-version":[{"id":831,"href":"https:\/\/viaonlinedigital.com\/de\/wp-json\/wp\/v2\/pages\/3\/revisions\/831"}],"wp:attachment":[{"href":"https:\/\/viaonlinedigital.com\/de\/wp-json\/wp\/v2\/media?parent=3"}],"curies":[{"name":"wp","href":"https:\/\/api.w.org\/{rel}","templated":true}]}}