{"id":2,"date":"2024-11-25T12:11:17","date_gmt":"2024-11-25T15:11:17","guid":{"rendered":"https:\/\/viaonlinedigital.com\/?page_id=2"},"modified":"2025-02-27T08:42:20","modified_gmt":"2025-02-27T11:42:20","slug":"sobre-nos","status":"publish","type":"page","link":"https:\/\/viaonlinedigital.com\/de\/sobre-nos\/","title":{"rendered":"\u00dcber uns"},"content":{"rendered":"<html><body><p><strong>Wer wir sind<\/strong><\/p>\n<p>Im <strong>\u00dcber Online Digital<\/strong>Bei verbinden wir Unternehmen mit der digitalen Zukunft. Gegr\u00fcndet von erfahrenen Experten, ist es unsere Mission, die Online-Pr\u00e4senz von Marken durch kreative und innovative L\u00f6sungen zu transformieren. Wir glauben, dass jedes Unternehmen eine einzigartige Geschichte hat, und unsere Mission ist es, diese Geschichte effektiv und ansprechend in der digitalen Welt zu erz\u00e4hlen.<\/p>\n<p><img loading=\"lazy\" decoding=\"async\" class=\"size-medium wp-image-891 alignleft\" src=\"https:\/\/viaonlinedigital.com\/wp-content\/uploads\/2025\/02\/69a66836-1786-48e9-b682-5fdf1d14864a-300x300.png\" alt=\"\" width=\"300\" height=\"300\" srcset=\"https:\/\/viaonlinedigital.com\/wp-content\/uploads\/2025\/02\/69a66836-1786-48e9-b682-5fdf1d14864a-300x300.png 300w, https:\/\/viaonlinedigital.com\/wp-content\/uploads\/2025\/02\/69a66836-1786-48e9-b682-5fdf1d14864a-150x150.png 150w, https:\/\/viaonlinedigital.com\/wp-content\/uploads\/2025\/02\/69a66836-1786-48e9-b682-5fdf1d14864a-768x768.png 768w, https:\/\/viaonlinedigital.com\/wp-content\/uploads\/2025\/02\/69a66836-1786-48e9-b682-5fdf1d14864a.png 1024w\" sizes=\"auto, (max-width: 300px) 100vw, 300px\" \/><\/p>\n<p>Marcelo Breda ist ein renommierter Ersteller digitaler Inhalte, der sich mit seiner Website Viaonlinedigital.com, einer Plattform f\u00fcr Bildung und Wissensaustausch in verschiedenen Bereichen des modernen Lebens, online einen Namen gemacht hat. Im Laufe seiner Karriere, gepr\u00e4gt von seiner Leidenschaft f\u00fcr Technologie, Wirtschaft und Innovation, hat Marcelo seine Berufserfahrung in eine vertrauensw\u00fcrdige Informationsquelle f\u00fcr Tausende von Lesern verwandelt.<\/p>\n<p data-spm-anchor-id=\"5aebb161.2ef5001f.0.i223.14b0c9217t9xBl\">Auf Viaonlinedigital.com behandelt Marcelo Themen wie digitales Marketing, pers\u00f6nliche Finanzen, Unternehmertum und Technologietrends und ist stets bestrebt, praktische und leicht verst\u00e4ndliche Einblicke zu bieten. Sein Schreibstil ist klar und objektiv, was das Verst\u00e4ndnis selbst der komplexesten Konzepte erleichtert und sie f\u00fcr jeden verst\u00e4ndlich macht, der seinen Horizont erweitern m\u00f6chte. Dar\u00fcber hinaus beschr\u00e4nkt er sich nicht auf die blo\u00dfe Darstellung von Theorien; seine Beitr\u00e4ge enthalten oft reale F\u00e4lle, anwendbare Tipps und detaillierte Analysen, die den Lesern helfen, die besprochenen Ideen in ihrem eigenen Leben oder Unternehmen umzusetzen.<\/p>\n<p data-spm-anchor-id=\"5aebb161.2ef5001f.0.i221.14b0c9217t9xBl\">Marcelos Engagement f\u00fcr qualitativ hochwertige Inhalte spiegelt seine Vision wider, dass der Zugang zu Wissen demokratisch und unkompliziert sein sollte. Er wei\u00df, dass es in einer zunehmend vernetzten Welt f\u00fcr den pers\u00f6nlichen und beruflichen Erfolg unerl\u00e4sslich ist, informiert zu bleiben. Daher legt er gro\u00dfen Wert darauf, die Website mit den neuesten Marktnachrichten auf dem Laufenden zu halten und sicherzustellen, dass seine Follower Zugriff auf relevante und aktuelle Informationen haben.<\/p>\n<p data-spm-anchor-id=\"5aebb161.2ef5001f.0.i222.14b0c9217t9xBl\">Neben seiner Arbeit bei Viaonlinedigital.com nimmt Marcelo auch aktiv an Veranstaltungen und sozialen Medien teil, wo er direkt mit seinem Publikum interagiert. Diese N\u00e4he erm\u00f6glicht es ihm, die Bed\u00fcrfnisse und Fragen der Nutzer zu erkennen und den Fokus seiner Inhalte st\u00e4ndig anzupassen, um deren Erwartungen besser zu erf\u00fcllen.<\/p>\n<p>Mit einer soliden Karriere und einem wachsenden Einfluss auf die digitale Community ist Marcelo Breda weiterhin ein Vorbild f\u00fcr alle, die in einem sich st\u00e4ndig weiterentwickelnden Umfeld lernen, wachsen und erfolgreich sein wollen. Sein Verm\u00e4chtnis entsteht nicht nur durch die auf seiner Website ver\u00f6ffentlichten Texte, sondern auch durch die Inspiration, die er jedem vermittelt, der ihm virtuell begegnet.<\/p>\n<\/body><\/html>","protected":false},"excerpt":{"rendered":"<p>Quem Somos Na Via Online Digital, somos apaixonados por conectar empresas com o futuro digital. Fundada por profissionais experientes, nossa miss\u00e3o \u00e9 transformar a presen\u00e7a online das marcas por meio de solu\u00e7\u00f5es criativas e inovadoras. Acreditamos que cada neg\u00f3cio tem uma hist\u00f3ria \u00fanica, e nossa miss\u00e3o \u00e9 ajudar a contar essa hist\u00f3ria de forma eficaz [&hellip;]<\/p>\n","protected":false},"author":1,"featured_media":0,"parent":0,"menu_order":0,"comment_status":"closed","ping_status":"closed","template":"","meta":{"footnotes":""},"class_list":["post-2","page","type-page","status-publish","hentry"],"yoast_head":"<!-- This site is optimized with the Yoast SEO plugin v27.4 - https:\/\/yoast.com\/product\/yoast-seo-wordpress\/ -->\n<title>Sobre N\u00f3s - Via Online Digital<\/title>\n<meta name=\"robots\" content=\"index, follow, max-snippet:-1, max-image-preview:large, max-video-preview:-1\" \/>\n<link rel=\"canonical\" href=\"https:\/\/viaonlinedigital.com\/de\/sobre-nos\/\" \/>\n<meta property=\"og:locale\" content=\"de_DE\" \/>\n<meta property=\"og:type\" content=\"article\" \/>\n<meta property=\"og:title\" content=\"Sobre N\u00f3s - Via Online Digital\" \/>\n<meta property=\"og:description\" content=\"Quem Somos Na Via Online Digital, somos apaixonados por conectar empresas com o futuro digital. Fundada por profissionais experientes, nossa miss\u00e3o \u00e9 transformar a presen\u00e7a online das marcas por meio de solu\u00e7\u00f5es criativas e inovadoras. Acreditamos que cada neg\u00f3cio tem uma hist\u00f3ria \u00fanica, e nossa miss\u00e3o \u00e9 ajudar a contar essa hist\u00f3ria de forma eficaz [&hellip;]\" \/>\n<meta property=\"og:url\" content=\"https:\/\/viaonlinedigital.com\/de\/sobre-nos\/\" \/>\n<meta property=\"og:site_name\" content=\"Via Online Digital\" \/>\n<meta property=\"article:modified_time\" content=\"2025-02-27T11:42:20+00:00\" \/>\n<meta property=\"og:image\" content=\"https:\/\/viaonlinedigital.com\/wp-content\/uploads\/2025\/02\/69a66836-1786-48e9-b682-5fdf1d14864a.png\" \/>\n\t<meta property=\"og:image:width\" content=\"1024\" \/>\n\t<meta property=\"og:image:height\" content=\"1024\" \/>\n\t<meta property=\"og:image:type\" content=\"image\/png\" \/>\n<meta name=\"twitter:card\" content=\"summary_large_image\" \/>\n<meta name=\"twitter:label1\" content=\"Gesch\u00e4tzte Lesezeit\" \/>\n\t<meta name=\"twitter:data1\" content=\"3\u00a0Minuten\" \/>\n<script type=\"application\/ld+json\" class=\"yoast-schema-graph\">{\"@context\":\"https:\\\/\\\/schema.org\",\"@graph\":[{\"@type\":\"WebPage\",\"@id\":\"https:\\\/\\\/viaonlinedigital.com\\\/sobre-nos\\\/\",\"url\":\"https:\\\/\\\/viaonlinedigital.com\\\/sobre-nos\\\/\",\"name\":\"Sobre N\u00f3s - Via Online Digital\",\"isPartOf\":{\"@id\":\"https:\\\/\\\/viaonlinedigital.com\\\/#website\"},\"primaryImageOfPage\":{\"@id\":\"https:\\\/\\\/viaonlinedigital.com\\\/sobre-nos\\\/#primaryimage\"},\"image\":{\"@id\":\"https:\\\/\\\/viaonlinedigital.com\\\/sobre-nos\\\/#primaryimage\"},\"thumbnailUrl\":\"https:\\\/\\\/viaonlinedigital.com\\\/wp-content\\\/uploads\\\/2025\\\/02\\\/69a66836-1786-48e9-b682-5fdf1d14864a-300x300.png\",\"datePublished\":\"2024-11-25T15:11:17+00:00\",\"dateModified\":\"2025-02-27T11:42:20+00:00\",\"breadcrumb\":{\"@id\":\"https:\\\/\\\/viaonlinedigital.com\\\/sobre-nos\\\/#breadcrumb\"},\"inLanguage\":\"de\",\"potentialAction\":[{\"@type\":\"ReadAction\",\"target\":[\"https:\\\/\\\/viaonlinedigital.com\\\/sobre-nos\\\/\"]}]},{\"@type\":\"ImageObject\",\"inLanguage\":\"de\",\"@id\":\"https:\\\/\\\/viaonlinedigital.com\\\/sobre-nos\\\/#primaryimage\",\"url\":\"https:\\\/\\\/viaonlinedigital.com\\\/wp-content\\\/uploads\\\/2025\\\/02\\\/69a66836-1786-48e9-b682-5fdf1d14864a-300x300.png\",\"contentUrl\":\"https:\\\/\\\/viaonlinedigital.com\\\/wp-content\\\/uploads\\\/2025\\\/02\\\/69a66836-1786-48e9-b682-5fdf1d14864a-300x300.png\"},{\"@type\":\"BreadcrumbList\",\"@id\":\"https:\\\/\\\/viaonlinedigital.com\\\/sobre-nos\\\/#breadcrumb\",\"itemListElement\":[{\"@type\":\"ListItem\",\"position\":1,\"name\":\"In\u00edcio\",\"item\":\"https:\\\/\\\/viaonlinedigital.com\\\/\"},{\"@type\":\"ListItem\",\"position\":2,\"name\":\"Sobre N\u00f3s\"}]},{\"@type\":\"WebSite\",\"@id\":\"https:\\\/\\\/viaonlinedigital.com\\\/#website\",\"url\":\"https:\\\/\\\/viaonlinedigital.com\\\/\",\"name\":\"Via Online Digital\",\"description\":\"Seu blog ideal para todos os momentos\",\"publisher\":{\"@id\":\"https:\\\/\\\/viaonlinedigital.com\\\/#organization\"},\"potentialAction\":[{\"@type\":\"SearchAction\",\"target\":{\"@type\":\"EntryPoint\",\"urlTemplate\":\"https:\\\/\\\/viaonlinedigital.com\\\/?s={search_term_string}\"},\"query-input\":{\"@type\":\"PropertyValueSpecification\",\"valueRequired\":true,\"valueName\":\"search_term_string\"}}],\"inLanguage\":\"de\"},{\"@type\":\"Organization\",\"@id\":\"https:\\\/\\\/viaonlinedigital.com\\\/#organization\",\"name\":\"Via Online Digital\",\"url\":\"https:\\\/\\\/viaonlinedigital.com\\\/\",\"logo\":{\"@type\":\"ImageObject\",\"inLanguage\":\"de\",\"@id\":\"https:\\\/\\\/viaonlinedigital.com\\\/#\\\/schema\\\/logo\\\/image\\\/\",\"url\":\"https:\\\/\\\/viaonlinedigital.com\\\/wp-content\\\/uploads\\\/2024\\\/11\\\/cropped-favicon-logo.png\",\"contentUrl\":\"https:\\\/\\\/viaonlinedigital.com\\\/wp-content\\\/uploads\\\/2024\\\/11\\\/cropped-favicon-logo.png\",\"width\":64,\"height\":64,\"caption\":\"Via Online Digital\"},\"image\":{\"@id\":\"https:\\\/\\\/viaonlinedigital.com\\\/#\\\/schema\\\/logo\\\/image\\\/\"}}]}<\/script>\n<!-- \/ Yoast SEO plugin. -->","yoast_head_json":{"title":"\u00dcber uns - Via Online Digital","robots":{"index":"index","follow":"follow","max-snippet":"max-snippet:-1","max-image-preview":"max-image-preview:large","max-video-preview":"max-video-preview:-1"},"canonical":"https:\/\/viaonlinedigital.com\/de\/sobre-nos\/","og_locale":"de_DE","og_type":"article","og_title":"Sobre N\u00f3s - Via Online Digital","og_description":"Quem Somos Na Via Online Digital, somos apaixonados por conectar empresas com o futuro digital. Fundada por profissionais experientes, nossa miss\u00e3o \u00e9 transformar a presen\u00e7a online das marcas por meio de solu\u00e7\u00f5es criativas e inovadoras. Acreditamos que cada neg\u00f3cio tem uma hist\u00f3ria \u00fanica, e nossa miss\u00e3o \u00e9 ajudar a contar essa hist\u00f3ria de forma eficaz [&hellip;]","og_url":"https:\/\/viaonlinedigital.com\/de\/sobre-nos\/","og_site_name":"Via Online Digital","article_modified_time":"2025-02-27T11:42:20+00:00","og_image":[{"width":1024,"height":1024,"url":"https:\/\/viaonlinedigital.com\/wp-content\/uploads\/2025\/02\/69a66836-1786-48e9-b682-5fdf1d14864a.png","type":"image\/png"}],"twitter_card":"summary_large_image","twitter_misc":{"Gesch\u00e4tzte Lesezeit":"3\u00a0Minuten"},"schema":{"@context":"https:\/\/schema.org","@graph":[{"@type":"WebPage","@id":"https:\/\/viaonlinedigital.com\/sobre-nos\/","url":"https:\/\/viaonlinedigital.com\/sobre-nos\/","name":"\u00dcber uns - Via Online Digital","isPartOf":{"@id":"https:\/\/viaonlinedigital.com\/#website"},"primaryImageOfPage":{"@id":"https:\/\/viaonlinedigital.com\/sobre-nos\/#primaryimage"},"image":{"@id":"https:\/\/viaonlinedigital.com\/sobre-nos\/#primaryimage"},"thumbnailUrl":"https:\/\/viaonlinedigital.com\/wp-content\/uploads\/2025\/02\/69a66836-1786-48e9-b682-5fdf1d14864a-300x300.png","datePublished":"2024-11-25T15:11:17+00:00","dateModified":"2025-02-27T11:42:20+00:00","breadcrumb":{"@id":"https:\/\/viaonlinedigital.com\/sobre-nos\/#breadcrumb"},"inLanguage":"de","potentialAction":[{"@type":"ReadAction","target":["https:\/\/viaonlinedigital.com\/sobre-nos\/"]}]},{"@type":"ImageObject","inLanguage":"de","@id":"https:\/\/viaonlinedigital.com\/sobre-nos\/#primaryimage","url":"https:\/\/viaonlinedigital.com\/wp-content\/uploads\/2025\/02\/69a66836-1786-48e9-b682-5fdf1d14864a-300x300.png","contentUrl":"https:\/\/viaonlinedigital.com\/wp-content\/uploads\/2025\/02\/69a66836-1786-48e9-b682-5fdf1d14864a-300x300.png"},{"@type":"BreadcrumbList","@id":"https:\/\/viaonlinedigital.com\/sobre-nos\/#breadcrumb","itemListElement":[{"@type":"ListItem","position":1,"name":"In\u00edcio","item":"https:\/\/viaonlinedigital.com\/"},{"@type":"ListItem","position":2,"name":"Sobre N\u00f3s"}]},{"@type":"WebSite","@id":"https:\/\/viaonlinedigital.com\/#website","url":"https:\/\/viaonlinedigital.com\/","name":"\u00dcber Online Digital","description":"Ihr idealer Blog f\u00fcr alle Momente","publisher":{"@id":"https:\/\/viaonlinedigital.com\/#organization"},"potentialAction":[{"@type":"SearchAction","target":{"@type":"EntryPoint","urlTemplate":"https:\/\/viaonlinedigital.com\/?s={search_term_string}"},"query-input":{"@type":"PropertyValueSpecification","valueRequired":true,"valueName":"search_term_string"}}],"inLanguage":"de"},{"@type":"Organization","@id":"https:\/\/viaonlinedigital.com\/#organization","name":"\u00dcber Online Digital","url":"https:\/\/viaonlinedigital.com\/","logo":{"@type":"ImageObject","inLanguage":"de","@id":"https:\/\/viaonlinedigital.com\/#\/schema\/logo\/image\/","url":"https:\/\/viaonlinedigital.com\/wp-content\/uploads\/2024\/11\/cropped-favicon-logo.png","contentUrl":"https:\/\/viaonlinedigital.com\/wp-content\/uploads\/2024\/11\/cropped-favicon-logo.png","width":64,"height":64,"caption":"Via Online Digital"},"image":{"@id":"https:\/\/viaonlinedigital.com\/#\/schema\/logo\/image\/"}}]}},"_links":{"self":[{"href":"https:\/\/viaonlinedigital.com\/de\/wp-json\/wp\/v2\/pages\/2","targetHints":{"allow":["GET"]}}],"collection":[{"href":"https:\/\/viaonlinedigital.com\/de\/wp-json\/wp\/v2\/pages"}],"about":[{"href":"https:\/\/viaonlinedigital.com\/de\/wp-json\/wp\/v2\/types\/page"}],"author":[{"embeddable":true,"href":"https:\/\/viaonlinedigital.com\/de\/wp-json\/wp\/v2\/users\/1"}],"replies":[{"embeddable":true,"href":"https:\/\/viaonlinedigital.com\/de\/wp-json\/wp\/v2\/comments?post=2"}],"version-history":[{"count":3,"href":"https:\/\/viaonlinedigital.com\/de\/wp-json\/wp\/v2\/pages\/2\/revisions"}],"predecessor-version":[{"id":892,"href":"https:\/\/viaonlinedigital.com\/de\/wp-json\/wp\/v2\/pages\/2\/revisions\/892"}],"wp:attachment":[{"href":"https:\/\/viaonlinedigital.com\/de\/wp-json\/wp\/v2\/media?parent=2"}],"curies":[{"name":"wp","href":"https:\/\/api.w.org\/{rel}","templated":true}]}}