{"id":1508,"date":"2025-11-26T19:54:44","date_gmt":"2025-11-26T22:54:44","guid":{"rendered":"https:\/\/viaonlinedigital.com\/?page_id=1508"},"modified":"2025-11-26T20:04:59","modified_gmt":"2025-11-26T23:04:59","slug":"alertas-importantes-sobre-beneficios-bloqueios-prazos-e-mudancas-nas-regras","status":"publish","type":"page","link":"https:\/\/viaonlinedigital.com\/de\/alertas-importantes-sobre-beneficios-bloqueios-prazos-e-mudancas-nas-regras\/","title":{"rendered":"Wichtige Hinweise zu Leistungen: Einschr\u00e4nkungen, Fristen und Regel\u00e4nderungen"},"content":{"rendered":"<html><body><p>Beachten Sie jetzt die Hinweise, die sich direkt auf Ihre Leistungen wie Bolsa Fam\u00edlia, INSS, Aux\u00edlio G\u00e1s und andere auswirken k\u00f6nnen. Warten Sie nicht, bis Ihre Zahlung nicht ankommt, um dies zu erfahren.<\/p>\n\n\n\t\t\t\t\t\t<p class=\"wp-block-create-block-sb-buttons\">\n\t\t\t\t<\/p><div class=\"shortcode-botao\">\n    <a href=\"https:\/\/viaonlinedigital.com\/de\/alertas-importantes-situacoes-que-podem-bloquear-ou-suspender-seu-beneficio\/\" class=\"btn-base reward-ads\" style=\"background-color: #d40808; color: #ffffff\">\n        <h3 class=\"title\">\u26a0\ufe0f Aktualisierte Warnmeldungen ansehen<\/h3>\n    <\/a>\n<\/div>\n\t<div class=\"disclaimer-button1\">Sie bleiben auf dieser Seite.<\/div>\n\t\t\t\n\t\t\t\t\t\n\t\n\t\n\t\n\t\n\n\n<h2 class=\"wp-block-heading\">Viele Menschen bemerken das Problem erst, wenn das Geld von ihrem Konto verschwunden ist.<\/h2>\n\n\n\n<p>Jeden Monat werden die Sozialleistungen Tausender Menschen gesperrt, ausgesetzt oder gestrichen aus folgenden Gr\u00fcnden:<\/p>\n\n\n\n<ul class=\"wp-block-list\">\n<li>Veraltete Registrierung;<\/li>\n\n\n\n<li>Lebenszeichen wurde innerhalb der Frist nicht vorgelegt;<\/li>\n\n\n\n<li>Falsche Angaben im Einheitsregister (Cad\u00danico);<\/li>\n\n\n\n<li>Nichteinhaltung der Regel\u00e4nderungen.<\/li>\n<\/ul>\n\n\n\n<p>\ud83d\udd14 Die gute Nachricht: Viele Probleme lassen sich vermeiden, wenn man die Warnungen im Voraus beachtet.<\/p>\n\n\n\n<h2 class=\"wp-block-heading\">Was Sie auf dieser Warnmeldungsseite finden<\/h2>\n\n\n\n<ul class=\"wp-block-list\">\n<li>\u26a0\ufe0f Hinweise zu Fristen f\u00fcr\u00a0<strong>Lebensbeweis<\/strong>\u00a0vom INSS;<\/li>\n\n\n\n<li>\u26a0\ufe0f Warnmeldungen zu\u00a0<strong>Cad\u00danico-Update<\/strong>\u00a0und Bolsa Fam\u00edlia;<\/li>\n\n\n\n<li>\u26a0\ufe0f Informationen \u00fcber\u00a0<strong>Sperrung und Aussetzung von Leistungen<\/strong>;<\/li>\n\n\n\n<li>\u26a0\ufe0f Richtlinien zur Vermeidung\u00a0<strong>Betrug und gef\u00e4lschte Nachrichten<\/strong>\u00a0\u00fcber Vorteile;<\/li>\n\n\n\n<li>\u26a0\ufe0f Praktische Tipps, um Zahlungsausf\u00e4lle aufgrund von Unaufmerksamkeit zu vermeiden.<\/li>\n<\/ul>\n\n\n\n<h2 class=\"wp-block-heading\">Wichtige Warnhinweise, auf die Sie achten sollten.<\/h2>\n\n\n\n<h3 class=\"wp-block-heading\">\ud83d\udea8 1. INSS-Lebenszeichen<\/h3>\n\n\n\n<p>Wer Leistungen vom INSS (Brasilianisches Nationales Institut f\u00fcr Soziale Sicherheit) bezieht, muss die Nachweispflicht f\u00fcr den Lebensstatus beachten. Kann diese nicht vorgelegt werden, kann dies zur vor\u00fcbergehenden Einstellung der Zahlungen f\u00fchren.<\/p>\n\n\n\n<h3 class=\"wp-block-heading\">\ud83d\udea8 2. Umstellung auf das einheitliche Register (Cad\u00danico)<\/h3>\n\n\n\n<p>Familien, die Bolsa Fam\u00edlia und andere Sozialleistungen beziehen, m\u00fcssen ihre Cad\u00danico-Daten aktuell halten. \u00c4nderungen der Adresse, des Einkommens oder der Familienzusammensetzung m\u00fcssen gemeldet werden.<\/p>\n\n\n\n<h3 class=\"wp-block-heading\">\ud83d\udea8 3. Aufgrund von Informationsabweichungen gesperrt<\/h3>\n\n\n\n<p>Wenn eine Diskrepanz zwischen den angegebenen Informationen und den in anderen Systemen gefundenen Daten besteht, kann die Leistung bis zur Aufkl\u00e4rung des Sachverhalts gesperrt werden.<\/p>\n\n\n\n<h3 class=\"wp-block-heading\">\ud83d\udea8 4. Betr\u00fcgereien, die als Sozialprogramme getarnt sind<\/h3>\n\n\n\n<p>Nachrichten, in denen nach PIX (brasilianisches Sofortzahlungssystem), Vorauszahlungen oder einer \u201cFreigabegeb\u00fchr\u201d gefragt wird, sind in der Regel Betrug. Offizielle Leistungen erfordern keine Zahlung f\u00fcr die Freigabe.<\/p>\n\n\n\n<h2 class=\"wp-block-heading\">Wie Sie Sperren und Probleme bei Ihren Sozialleistungen vermeiden.<\/h2>\n\n\n\n<ul class=\"wp-block-list\">\n<li>\u00dcberpr\u00fcfen Sie regelm\u00e4\u00dfig die offiziellen Apps (Bolsa Fam\u00edlia, Caixa Tem, Meu INSS);<\/li>\n\n\n\n<li>Halten Sie Ihre Adresse, Telefonnummer und Ihr Einkommen im Cad\u00danico (Einzelregister f\u00fcr Sozialprogramme) auf dem neuesten Stand;<\/li>\n\n\n\n<li>Beachten Sie die offiziellen Mitteilungen der Regierung;<\/li>\n\n\n\n<li>Pr\u00fcfen Sie Ihren Kalender und Ihre Benachrichtigungen, bevor Sie annehmen, dass \u201cdas Geld verschwunden ist\u201d.;<\/li>\n\n\n\n<li>Seien Sie vorsichtig bei Personen, die Geld im Austausch f\u00fcr eine Gegenleistung verlangen.<\/li>\n<\/ul>\n\n\n\n<h2 class=\"wp-block-heading\">H\u00e4ufig gestellte Fragen zu Benachrichtigungen und Sperren<\/h2>\n\n\n\n<h3 class=\"wp-block-heading\">\ud83d\udccc Meine Zahlung ist nicht rechtzeitig eingegangen: Was soll ich tun?<\/h3>\n\n\n\n<p>Pr\u00fcfen Sie zun\u00e4chst, ob Sie den richtigen Kalender angezeigt bekommen und ob in der App keine blockierten oder ausstehenden Benachrichtigungen vorhanden sind.<\/p>\n\n\n\n<h3 class=\"wp-block-heading\">\ud83d\udccc Wie erfahre ich, ob meine Sozialleistungen gesperrt wurden?<\/h3>\n\n\n\n<p>Benachrichtigungen erscheinen normalerweise in der App (Bolsa Fam\u00edlia, Caixa Tem oder Meu INSS). In manchen F\u00e4llen ist es notwendig, zum CRAS oder INSS zu gehen.<\/p>\n\n\n\n<h3 class=\"wp-block-heading\">\ud83d\udccc Versendet die Regierung Nachrichten \u00fcber WhatsApp, in denen sie um Datenbest\u00e4tigung bittet?<\/h3>\n\n\n\n<p>Seien Sie vorsichtig. Misstrauen Sie verd\u00e4chtigen Links und versenden Sie niemals Fotos Ihrer Dokumente oder Passw\u00f6rter per Nachricht.<\/p>\n\n\n\n<h2 class=\"wp-block-heading\">Sehen Sie sich jetzt die neuesten Warnmeldungen an, die Ihre CPF (brasilianische Steueridentifikationsnummer) betreffen k\u00f6nnten.<\/h2>\n\n\n\n<p>Klicken Sie unten, um zur Seite mit den wichtigsten Hinweisen zu Sperren, Fristen und Regel\u00e4nderungen zu gelangen.<\/p>\n\n\n\t\t\t\t\t\t<p class=\"wp-block-create-block-sb-buttons\">\n\t\t\t\t<\/p><div class=\"shortcode-botao\">\n    <a href=\"https:\/\/viaonlinedigital.com\/de\/alertas-importantes-situacoes-que-podem-bloquear-ou-suspender-seu-beneficio\/\" class=\"btn-base reward-ads\" style=\"background-color: #d40808; color: #ffffff\">\n        <h3 class=\"title\">\ud83d\udc49 Wichtige Benachrichtigungen jetzt ansehen<\/h3>\n    <\/a>\n<\/div>\n\t<div class=\"disclaimer-button1\">Sie bleiben auf dieser Seite.<\/div>\n\t\t\t\n\t\t\t\t\t\n\t\n\t\n\t\n\t\n\n\n<p>Diese Inhalte dienen ausschlie\u00dflich Informationszwecken. Bitte \u00fcberpr\u00fcfen Sie die Informationen stets \u00fcber offizielle Kan\u00e4le der Bundesregierung, des INSS (Brasilianisches Nationales Institut f\u00fcr Soziale Sicherheit), der Caixa Econ\u00f4mica Federal (Brasilianische Bundessparkasse) oder des CRAS (Referenzzentrum f\u00fcr Sozialhilfe) in Ihrer Gemeinde.<\/p>\n\n\n\n<p><\/p>\n<\/body><\/html>","protected":false},"excerpt":{"rendered":"<p>Veja agora avisos que podem afetar diretamente o seu Bolsa Fam\u00edlia, INSS, Aux\u00edlio G\u00e1s e outros benef\u00edcios. N\u00e3o espere descobrir s\u00f3 quando o pagamento n\u00e3o cair. Muita gente s\u00f3 descobre o problema quando o dinheiro some da conta Todo m\u00eas, milhares de pessoas t\u00eam benef\u00edcio bloqueado, suspenso ou cancelado por causa de: \ud83d\udd14 A boa [&hellip;]<\/p>\n","protected":false},"author":2,"featured_media":0,"parent":0,"menu_order":0,"comment_status":"closed","ping_status":"closed","template":"","meta":{"footnotes":""},"class_list":["post-1508","page","type-page","status-publish","hentry"],"yoast_head":"<!-- This site is optimized with the Yoast SEO plugin v27.4 - https:\/\/yoast.com\/product\/yoast-seo-wordpress\/ -->\n<title>Alertas Importantes sobre Benef\u00edcios: Bloqueios, Prazos e Mudan\u00e7as nas Regras - Via Online Digital<\/title>\n<meta name=\"robots\" content=\"index, follow, max-snippet:-1, max-image-preview:large, max-video-preview:-1\" \/>\n<link rel=\"canonical\" href=\"https:\/\/viaonlinedigital.com\/de\/alertas-importantes-sobre-beneficios-bloqueios-prazos-e-mudancas-nas-regras\/\" \/>\n<meta property=\"og:locale\" content=\"de_DE\" \/>\n<meta property=\"og:type\" content=\"article\" \/>\n<meta property=\"og:title\" content=\"Alertas Importantes sobre Benef\u00edcios: Bloqueios, Prazos e Mudan\u00e7as nas Regras - Via Online Digital\" \/>\n<meta property=\"og:description\" content=\"Veja agora avisos que podem afetar diretamente o seu Bolsa Fam\u00edlia, INSS, Aux\u00edlio G\u00e1s e outros benef\u00edcios. N\u00e3o espere descobrir s\u00f3 quando o pagamento n\u00e3o cair. Muita gente s\u00f3 descobre o problema quando o dinheiro some da conta Todo m\u00eas, milhares de pessoas t\u00eam benef\u00edcio bloqueado, suspenso ou cancelado por causa de: \ud83d\udd14 A boa [&hellip;]\" \/>\n<meta property=\"og:url\" content=\"https:\/\/viaonlinedigital.com\/de\/alertas-importantes-sobre-beneficios-bloqueios-prazos-e-mudancas-nas-regras\/\" \/>\n<meta property=\"og:site_name\" content=\"Via Online Digital\" \/>\n<meta property=\"article:modified_time\" content=\"2025-11-26T23:04:59+00:00\" \/>\n<meta name=\"twitter:card\" content=\"summary_large_image\" \/>\n<meta name=\"twitter:label1\" content=\"Gesch\u00e4tzte Lesezeit\" \/>\n\t<meta name=\"twitter:data1\" content=\"3\u00a0Minuten\" \/>\n<script type=\"application\/ld+json\" class=\"yoast-schema-graph\">{\"@context\":\"https:\\\/\\\/schema.org\",\"@graph\":[{\"@type\":\"WebPage\",\"@id\":\"https:\\\/\\\/viaonlinedigital.com\\\/alertas-importantes-sobre-beneficios-bloqueios-prazos-e-mudancas-nas-regras\\\/\",\"url\":\"https:\\\/\\\/viaonlinedigital.com\\\/alertas-importantes-sobre-beneficios-bloqueios-prazos-e-mudancas-nas-regras\\\/\",\"name\":\"Alertas Importantes sobre Benef\u00edcios: Bloqueios, Prazos e Mudan\u00e7as nas Regras - Via Online Digital\",\"isPartOf\":{\"@id\":\"https:\\\/\\\/viaonlinedigital.com\\\/#website\"},\"datePublished\":\"2025-11-26T22:54:44+00:00\",\"dateModified\":\"2025-11-26T23:04:59+00:00\",\"breadcrumb\":{\"@id\":\"https:\\\/\\\/viaonlinedigital.com\\\/alertas-importantes-sobre-beneficios-bloqueios-prazos-e-mudancas-nas-regras\\\/#breadcrumb\"},\"inLanguage\":\"de\",\"potentialAction\":[{\"@type\":\"ReadAction\",\"target\":[\"https:\\\/\\\/viaonlinedigital.com\\\/alertas-importantes-sobre-beneficios-bloqueios-prazos-e-mudancas-nas-regras\\\/\"]}]},{\"@type\":\"BreadcrumbList\",\"@id\":\"https:\\\/\\\/viaonlinedigital.com\\\/alertas-importantes-sobre-beneficios-bloqueios-prazos-e-mudancas-nas-regras\\\/#breadcrumb\",\"itemListElement\":[{\"@type\":\"ListItem\",\"position\":1,\"name\":\"In\u00edcio\",\"item\":\"https:\\\/\\\/viaonlinedigital.com\\\/\"},{\"@type\":\"ListItem\",\"position\":2,\"name\":\"Alertas Importantes sobre Benef\u00edcios: Bloqueios, Prazos e Mudan\u00e7as nas Regras\"}]},{\"@type\":\"WebSite\",\"@id\":\"https:\\\/\\\/viaonlinedigital.com\\\/#website\",\"url\":\"https:\\\/\\\/viaonlinedigital.com\\\/\",\"name\":\"Via Online Digital\",\"description\":\"Seu blog ideal para todos os momentos\",\"publisher\":{\"@id\":\"https:\\\/\\\/viaonlinedigital.com\\\/#organization\"},\"potentialAction\":[{\"@type\":\"SearchAction\",\"target\":{\"@type\":\"EntryPoint\",\"urlTemplate\":\"https:\\\/\\\/viaonlinedigital.com\\\/?s={search_term_string}\"},\"query-input\":{\"@type\":\"PropertyValueSpecification\",\"valueRequired\":true,\"valueName\":\"search_term_string\"}}],\"inLanguage\":\"de\"},{\"@type\":\"Organization\",\"@id\":\"https:\\\/\\\/viaonlinedigital.com\\\/#organization\",\"name\":\"Via Online Digital\",\"url\":\"https:\\\/\\\/viaonlinedigital.com\\\/\",\"logo\":{\"@type\":\"ImageObject\",\"inLanguage\":\"de\",\"@id\":\"https:\\\/\\\/viaonlinedigital.com\\\/#\\\/schema\\\/logo\\\/image\\\/\",\"url\":\"https:\\\/\\\/viaonlinedigital.com\\\/wp-content\\\/uploads\\\/2024\\\/11\\\/cropped-favicon-logo.png\",\"contentUrl\":\"https:\\\/\\\/viaonlinedigital.com\\\/wp-content\\\/uploads\\\/2024\\\/11\\\/cropped-favicon-logo.png\",\"width\":64,\"height\":64,\"caption\":\"Via Online Digital\"},\"image\":{\"@id\":\"https:\\\/\\\/viaonlinedigital.com\\\/#\\\/schema\\\/logo\\\/image\\\/\"}}]}<\/script>\n<!-- \/ Yoast SEO plugin. -->","yoast_head_json":{"title":"Wichtige Hinweise zu Leistungen: Sperrungen, Fristen und Regel\u00e4nderungen \u2013 Online-Portal","robots":{"index":"index","follow":"follow","max-snippet":"max-snippet:-1","max-image-preview":"max-image-preview:large","max-video-preview":"max-video-preview:-1"},"canonical":"https:\/\/viaonlinedigital.com\/de\/alertas-importantes-sobre-beneficios-bloqueios-prazos-e-mudancas-nas-regras\/","og_locale":"de_DE","og_type":"article","og_title":"Alertas Importantes sobre Benef\u00edcios: Bloqueios, Prazos e Mudan\u00e7as nas Regras - Via Online Digital","og_description":"Veja agora avisos que podem afetar diretamente o seu Bolsa Fam\u00edlia, INSS, Aux\u00edlio G\u00e1s e outros benef\u00edcios. N\u00e3o espere descobrir s\u00f3 quando o pagamento n\u00e3o cair. Muita gente s\u00f3 descobre o problema quando o dinheiro some da conta Todo m\u00eas, milhares de pessoas t\u00eam benef\u00edcio bloqueado, suspenso ou cancelado por causa de: \ud83d\udd14 A boa [&hellip;]","og_url":"https:\/\/viaonlinedigital.com\/de\/alertas-importantes-sobre-beneficios-bloqueios-prazos-e-mudancas-nas-regras\/","og_site_name":"Via Online Digital","article_modified_time":"2025-11-26T23:04:59+00:00","twitter_card":"summary_large_image","twitter_misc":{"Gesch\u00e4tzte Lesezeit":"3\u00a0Minuten"},"schema":{"@context":"https:\/\/schema.org","@graph":[{"@type":"WebPage","@id":"https:\/\/viaonlinedigital.com\/alertas-importantes-sobre-beneficios-bloqueios-prazos-e-mudancas-nas-regras\/","url":"https:\/\/viaonlinedigital.com\/alertas-importantes-sobre-beneficios-bloqueios-prazos-e-mudancas-nas-regras\/","name":"Wichtige Hinweise zu Leistungen: Sperrungen, Fristen und Regel\u00e4nderungen \u2013 Online-Portal","isPartOf":{"@id":"https:\/\/viaonlinedigital.com\/#website"},"datePublished":"2025-11-26T22:54:44+00:00","dateModified":"2025-11-26T23:04:59+00:00","breadcrumb":{"@id":"https:\/\/viaonlinedigital.com\/alertas-importantes-sobre-beneficios-bloqueios-prazos-e-mudancas-nas-regras\/#breadcrumb"},"inLanguage":"de","potentialAction":[{"@type":"ReadAction","target":["https:\/\/viaonlinedigital.com\/alertas-importantes-sobre-beneficios-bloqueios-prazos-e-mudancas-nas-regras\/"]}]},{"@type":"BreadcrumbList","@id":"https:\/\/viaonlinedigital.com\/alertas-importantes-sobre-beneficios-bloqueios-prazos-e-mudancas-nas-regras\/#breadcrumb","itemListElement":[{"@type":"ListItem","position":1,"name":"In\u00edcio","item":"https:\/\/viaonlinedigital.com\/"},{"@type":"ListItem","position":2,"name":"Alertas Importantes sobre Benef\u00edcios: Bloqueios, Prazos e Mudan\u00e7as nas Regras"}]},{"@type":"WebSite","@id":"https:\/\/viaonlinedigital.com\/#website","url":"https:\/\/viaonlinedigital.com\/","name":"\u00dcber Online Digital","description":"Ihr idealer Blog f\u00fcr alle Momente","publisher":{"@id":"https:\/\/viaonlinedigital.com\/#organization"},"potentialAction":[{"@type":"SearchAction","target":{"@type":"EntryPoint","urlTemplate":"https:\/\/viaonlinedigital.com\/?s={search_term_string}"},"query-input":{"@type":"PropertyValueSpecification","valueRequired":true,"valueName":"search_term_string"}}],"inLanguage":"de"},{"@type":"Organization","@id":"https:\/\/viaonlinedigital.com\/#organization","name":"\u00dcber Online Digital","url":"https:\/\/viaonlinedigital.com\/","logo":{"@type":"ImageObject","inLanguage":"de","@id":"https:\/\/viaonlinedigital.com\/#\/schema\/logo\/image\/","url":"https:\/\/viaonlinedigital.com\/wp-content\/uploads\/2024\/11\/cropped-favicon-logo.png","contentUrl":"https:\/\/viaonlinedigital.com\/wp-content\/uploads\/2024\/11\/cropped-favicon-logo.png","width":64,"height":64,"caption":"Via Online Digital"},"image":{"@id":"https:\/\/viaonlinedigital.com\/#\/schema\/logo\/image\/"}}]}},"_links":{"self":[{"href":"https:\/\/viaonlinedigital.com\/de\/wp-json\/wp\/v2\/pages\/1508","targetHints":{"allow":["GET"]}}],"collection":[{"href":"https:\/\/viaonlinedigital.com\/de\/wp-json\/wp\/v2\/pages"}],"about":[{"href":"https:\/\/viaonlinedigital.com\/de\/wp-json\/wp\/v2\/types\/page"}],"author":[{"embeddable":true,"href":"https:\/\/viaonlinedigital.com\/de\/wp-json\/wp\/v2\/users\/2"}],"replies":[{"embeddable":true,"href":"https:\/\/viaonlinedigital.com\/de\/wp-json\/wp\/v2\/comments?post=1508"}],"version-history":[{"count":2,"href":"https:\/\/viaonlinedigital.com\/de\/wp-json\/wp\/v2\/pages\/1508\/revisions"}],"predecessor-version":[{"id":1516,"href":"https:\/\/viaonlinedigital.com\/de\/wp-json\/wp\/v2\/pages\/1508\/revisions\/1516"}],"wp:attachment":[{"href":"https:\/\/viaonlinedigital.com\/de\/wp-json\/wp\/v2\/media?parent=1508"}],"curies":[{"name":"wp","href":"https:\/\/api.w.org\/{rel}","templated":true}]}}