{"id":1456,"date":"2025-11-24T20:36:29","date_gmt":"2025-11-24T23:36:29","guid":{"rendered":"https:\/\/viaonlinedigital.com\/?page_id=1456"},"modified":"2025-11-24T20:52:56","modified_gmt":"2025-11-24T23:52:56","slug":"calendario-de-pagamento-atualizado-bolsa-familia-inss-e-auxilios-deste-mes","status":"publish","type":"page","link":"https:\/\/viaonlinedigital.com\/de\/calendario-de-pagamento-atualizado-bolsa-familia-inss-e-auxilios-deste-mes\/","title":{"rendered":"Aktualisierter Zahlungsplan: Bolsa Fam\u00edlia, INSS und Sozialleistungen f\u00fcr diesen Monat"},"content":{"rendered":"<html><body><p>Finden Sie heraus, an welchem Tag Sie Ihre Zahlung erhalten, anhand Ihrer NIS-Nummer, CPF-Nummer oder der letzten Ziffer Ihrer Leistungsnummer. So vermeiden Sie \u00dcberraschungen und Verz\u00f6gerungen.<\/p>\n\n\n\t\t\t\t\t\t<p class=\"wp-block-create-block-sb-buttons\">\n\t\t\t\t<\/p><div class=\"shortcode-botao\">\n    <a href=\"https:\/\/viaonlinedigital.com\/de\/calendario-de-pagamento-atualizado-bolsa-familia-inss-e-auxilios\/\" class=\"btn-base reward-ads\" style=\"background-color: #1e90ff; color: #ffffff\">\n        <h3 class=\"title\">\ud83d\udc49 Aktualisierten Kalender ansehen<\/h3>\n    <\/a>\n<\/div>\n\t<div class=\"disclaimer-button1\">Sie bleiben auf dieser Seite.<\/div>\n\t\t\t\n\t\t\t\t\t\n\t\n\t\n\t\n\t\n\n\n<h2 class=\"wp-block-heading\">Tausende Brasilianer schauen jeden Monat in den Kalender.<\/h2>\n\n\n\n<ul class=\"wp-block-list\">\n<li>\u201cIch habe festgestellt, dass die Zahlung einen Tag fr\u00fcher eingegangen ist als erwartet.\u201d<\/li>\n\n\n\n<li>\u201cJetzt verpasse ich nie wieder eine Frist, ich kann mich perfekt organisieren.\u201d<\/li>\n\n\n\n<li>\u201cIch benutze diesen Kalender immer, um zu wissen, wann die Bolsa Fam\u00edlia-Zahlung eingegangen ist.\u201d<\/li>\n<\/ul>\n\n\n\n<p>\ud83d\udcc5 Die Organisation Ihrer Finanzen beginnt damit, dass Sie genau wissen, an welchem Tag Ihr Geld eingeht.<\/p>\n\n\n\n<h2 class=\"wp-block-heading\">Was Sie auf dieser Seite sehen werden<\/h2>\n\n\n\n<ul class=\"wp-block-list\">\n<li>\u2705\u00a0<strong>Bolsa Fam\u00edlia Kalender<\/strong>\u00a0organisiert von final NIS<\/li>\n\n\n\n<li>\u2705\u00a0<strong>INSS-Kalender<\/strong>\u00a0am Ende der Leistung<\/li>\n\n\n\n<li>\u2705\u00a0<strong>Termine f\u00fcr Gashilfe<\/strong>\u00a0und andere Hilfen<\/li>\n\n\n\n<li>\u2705 Einfache Erkl\u00e4rung zum Lesen des Kalenders<\/li>\n\n\n\n<li>\u2705 Tipps, um Zahlungsausf\u00e4lle aufgrund mangelnder Informationen zu vermeiden<\/li>\n<\/ul>\n\n\n\n<h2 class=\"wp-block-heading\">Kurzzusammenfassung der Termine dieses Monats.<\/h2>\n\n\n\n<figure class=\"wp-block-table\"><table class=\"has-fixed-layout\"><thead><tr><th>Nutzen<\/th><th>Base<\/th><th>So zeigen Sie das Datum an<\/th><\/tr><\/thead><tbody><tr><td>Familienbeihilfe<\/td><td>Ende des NIS<\/td><td>Pr\u00fcfen Sie die letzte Ziffer Ihrer NIS-Nummer und sehen Sie in der Tabelle den entsprechenden Tag nach.<\/td><\/tr><tr><td>INSS<\/td><td>Leistungsende<\/td><td>Schauen Sie sich die letzte Ziffer Ihrer Leistungsnummer an und vergleichen Sie sie mit der Kalenderzeile.<\/td><\/tr><tr><td>Gashilfe<\/td><td>Eigener Kalender<\/td><td>Die Termine werden alle zwei Monate festgelegt; bitte beachten Sie die untenstehende Tabelle.<\/td><\/tr><\/tbody><\/table><\/figure>\n\n\n\n<h2 class=\"wp-block-heading\">Wie man den Zahlungsplan versteht<\/h2>\n\n\n\n<p>Bei fast allen staatlichen Leistungen ist der Auszahlungstermin nicht f\u00fcr alle gleich. Er h\u00e4ngt von verschiedenen Faktoren ab...\u00a0<strong>Ende des NIS<\/strong>, von\u00a0<strong>Ende der Leistung<\/strong>\u00a0oder aus einer offiziellen Tabelle.<\/p>\n\n\n\n<ul class=\"wp-block-list\">\n<li>Knoten\u00a0<strong>Familienbeihilfe<\/strong>, du schaust dir an\u00a0<strong>letzte NIS-Nummer<\/strong>\u00a0Auf der Karte oder in der App.<\/li>\n\n\n\n<li>Knoten\u00a0<strong>INSS<\/strong>, Sie verwenden die\u00a0<strong>Leistungsnummer<\/strong>.<\/li>\n\n\n\n<li>Knoten\u00a0<strong>Gassubventionen und andere Subventionen<\/strong>, Es folgt die von der Regierung ver\u00f6ffentlichte Tabelle.<\/li>\n<\/ul>\n\n\n\n<h2 class=\"wp-block-heading\">Warum ist es wichtig, den Kalender jeden Monat im Auge zu behalten?<\/h2>\n\n\n\n<ul class=\"wp-block-list\">\n<li>Sie vermeiden den Gedanken, dass \u201cdie Leistung noch nicht gutgeschrieben wurde\u201d, wenn tats\u00e4chlich noch nicht Ihr Zahlungstermin war.<\/li>\n\n\n\n<li>Sie sind in der Lage, Ihre Rechnungen, Eink\u00e4ufe und Schulden besser zu organisieren.<\/li>\n\n\n\n<li>K\u00f6nnen Sie tats\u00e4chliche Verz\u00f6gerungen oder potenzielle Registrierungsprobleme identifizieren?.<\/li>\n\n\n\n<li>Fallen Sie nicht auf Betr\u00fcger herein, die sich falsche Daten ausdenken.<\/li>\n<\/ul>\n\n\n\n<h2 class=\"wp-block-heading\">H\u00e4ufig gestellte Fragen zum Zahlungsplan<\/h2>\n\n\n\n<h3 class=\"wp-block-heading\">\ud83d\udccc Gilt der Kalender f\u00fcr alle Bundesstaaten?<\/h3>\n\n\n\n<p>Bei staatlichen Sozialleistungen wie Bolsa Fam\u00edlia und INSS gilt im ganzen Land der gleiche Zeitplan.<\/p>\n\n\n\n<h3 class=\"wp-block-heading\">\ud83d\udccc Kann die Regierung das Datum \u00e4ndern?<\/h3>\n\n\n\n<p>Ja, das ist m\u00f6glich. In besonderen F\u00e4llen k\u00f6nnen Termine vorverlegt oder angepasst werden, daher ist es wichtig, sich \u00fcber Aktualisierungen auf dem Laufenden zu halten.<\/p>\n\n\n\n<h3 class=\"wp-block-heading\">\ud83d\udccc Verliere ich den Vorteil, wenn ich die Frist verpasse?<\/h3>\n\n\n\n<p>Im Allgemeinen nicht, das Geld bleibt f\u00fcr einen bestimmten Zeitraum verf\u00fcgbar. Wenn das Geld jedoch zu lange nicht bewegt wird, kann dies zu zuk\u00fcnftigen Sperrungen f\u00fchren.<\/p>\n\n\n\n<h2 class=\"wp-block-heading\">Den vollst\u00e4ndigen Zahlungsplan f\u00fcr diesen Monat finden Sie hier.<\/h2>\n\n\n\n<p>Klicken Sie unten, um die detaillierten Termine f\u00fcr Bolsa Fam\u00edlia, INSS, Aux\u00edlio G\u00e1s und andere Vorteile anzuzeigen.<\/p>\n\n\n\t\t\t\t\t\t<p class=\"wp-block-create-block-sb-buttons\">\n\t\t\t\t<\/p><div class=\"shortcode-botao\">\n    <a href=\"https:\/\/viaonlinedigital.com\/de\/calendario-de-pagamento-atualizado-bolsa-familia-inss-e-auxilios\/\" class=\"btn-base reward-ads\" style=\"background-color: #1e90ff; color: #ffffff\">\n        <h3 class=\"title\">\ud83d\udc49 Vollst\u00e4ndigen Kalender ansehen<\/h3>\n    <\/a>\n<\/div>\n\t<div class=\"disclaimer-button1\">Sie bleiben auf dieser Seite.<\/div>\n\t\t\t\n\t\t\t\t\t\n\t\n\t\n\t\n\t\n\n\n<p>Diese Informationen dienen ausschlie\u00dflich Informationszwecken. Bitte best\u00e4tigen Sie Termine stets \u00fcber offizielle Kan\u00e4le der Bundesregierung.<\/p>\n\n\n\n<p><\/p>\n<\/body><\/html>","protected":false},"excerpt":{"rendered":"<p>Veja em que dia voc\u00ea recebe, de acordo com o seu NIS, CPF ou final do benef\u00edcio. Evite surpresas e atrasos. Milhares de brasileiros conferem o calend\u00e1rio todo m\u00eas \ud83d\udcc5 Organizar a vida financeira come\u00e7a sabendo o dia certo que o dinheiro entra. O que voc\u00ea vai ver nesta p\u00e1gina Resumo r\u00e1pido dos calend\u00e1rios deste [&hellip;]<\/p>\n","protected":false},"author":2,"featured_media":0,"parent":0,"menu_order":0,"comment_status":"closed","ping_status":"closed","template":"","meta":{"footnotes":""},"class_list":["post-1456","page","type-page","status-publish","hentry"],"yoast_head":"<!-- This site is optimized with the Yoast SEO plugin v27.4 - https:\/\/yoast.com\/product\/yoast-seo-wordpress\/ -->\n<title>Calend\u00e1rio de Pagamento Atualizado: Bolsa Fam\u00edlia, INSS e Aux\u00edlios deste m\u00eas - Via Online Digital<\/title>\n<meta name=\"robots\" content=\"index, follow, max-snippet:-1, max-image-preview:large, max-video-preview:-1\" \/>\n<link rel=\"canonical\" href=\"https:\/\/viaonlinedigital.com\/de\/calendario-de-pagamento-atualizado-bolsa-familia-inss-e-auxilios-deste-mes\/\" \/>\n<meta property=\"og:locale\" content=\"de_DE\" \/>\n<meta property=\"og:type\" content=\"article\" \/>\n<meta property=\"og:title\" content=\"Calend\u00e1rio de Pagamento Atualizado: Bolsa Fam\u00edlia, INSS e Aux\u00edlios deste m\u00eas - Via Online Digital\" \/>\n<meta property=\"og:description\" content=\"Veja em que dia voc\u00ea recebe, de acordo com o seu NIS, CPF ou final do benef\u00edcio. Evite surpresas e atrasos. Milhares de brasileiros conferem o calend\u00e1rio todo m\u00eas \ud83d\udcc5 Organizar a vida financeira come\u00e7a sabendo o dia certo que o dinheiro entra. O que voc\u00ea vai ver nesta p\u00e1gina Resumo r\u00e1pido dos calend\u00e1rios deste [&hellip;]\" \/>\n<meta property=\"og:url\" content=\"https:\/\/viaonlinedigital.com\/de\/calendario-de-pagamento-atualizado-bolsa-familia-inss-e-auxilios-deste-mes\/\" \/>\n<meta property=\"og:site_name\" content=\"Via Online Digital\" \/>\n<meta property=\"article:modified_time\" content=\"2025-11-24T23:52:56+00:00\" \/>\n<meta name=\"twitter:card\" content=\"summary_large_image\" \/>\n<meta name=\"twitter:label1\" content=\"Gesch\u00e4tzte Lesezeit\" \/>\n\t<meta name=\"twitter:data1\" content=\"3\u00a0Minuten\" \/>\n<script type=\"application\/ld+json\" class=\"yoast-schema-graph\">{\"@context\":\"https:\\\/\\\/schema.org\",\"@graph\":[{\"@type\":\"WebPage\",\"@id\":\"https:\\\/\\\/viaonlinedigital.com\\\/calendario-de-pagamento-atualizado-bolsa-familia-inss-e-auxilios-deste-mes\\\/\",\"url\":\"https:\\\/\\\/viaonlinedigital.com\\\/calendario-de-pagamento-atualizado-bolsa-familia-inss-e-auxilios-deste-mes\\\/\",\"name\":\"Calend\u00e1rio de Pagamento Atualizado: Bolsa Fam\u00edlia, INSS e Aux\u00edlios deste m\u00eas - Via Online Digital\",\"isPartOf\":{\"@id\":\"https:\\\/\\\/viaonlinedigital.com\\\/#website\"},\"datePublished\":\"2025-11-24T23:36:29+00:00\",\"dateModified\":\"2025-11-24T23:52:56+00:00\",\"breadcrumb\":{\"@id\":\"https:\\\/\\\/viaonlinedigital.com\\\/calendario-de-pagamento-atualizado-bolsa-familia-inss-e-auxilios-deste-mes\\\/#breadcrumb\"},\"inLanguage\":\"de\",\"potentialAction\":[{\"@type\":\"ReadAction\",\"target\":[\"https:\\\/\\\/viaonlinedigital.com\\\/calendario-de-pagamento-atualizado-bolsa-familia-inss-e-auxilios-deste-mes\\\/\"]}]},{\"@type\":\"BreadcrumbList\",\"@id\":\"https:\\\/\\\/viaonlinedigital.com\\\/calendario-de-pagamento-atualizado-bolsa-familia-inss-e-auxilios-deste-mes\\\/#breadcrumb\",\"itemListElement\":[{\"@type\":\"ListItem\",\"position\":1,\"name\":\"In\u00edcio\",\"item\":\"https:\\\/\\\/viaonlinedigital.com\\\/\"},{\"@type\":\"ListItem\",\"position\":2,\"name\":\"Calend\u00e1rio de Pagamento Atualizado: Bolsa Fam\u00edlia, INSS e Aux\u00edlios deste m\u00eas\"}]},{\"@type\":\"WebSite\",\"@id\":\"https:\\\/\\\/viaonlinedigital.com\\\/#website\",\"url\":\"https:\\\/\\\/viaonlinedigital.com\\\/\",\"name\":\"Via Online Digital\",\"description\":\"Seu blog ideal para todos os momentos\",\"publisher\":{\"@id\":\"https:\\\/\\\/viaonlinedigital.com\\\/#organization\"},\"potentialAction\":[{\"@type\":\"SearchAction\",\"target\":{\"@type\":\"EntryPoint\",\"urlTemplate\":\"https:\\\/\\\/viaonlinedigital.com\\\/?s={search_term_string}\"},\"query-input\":{\"@type\":\"PropertyValueSpecification\",\"valueRequired\":true,\"valueName\":\"search_term_string\"}}],\"inLanguage\":\"de\"},{\"@type\":\"Organization\",\"@id\":\"https:\\\/\\\/viaonlinedigital.com\\\/#organization\",\"name\":\"Via Online Digital\",\"url\":\"https:\\\/\\\/viaonlinedigital.com\\\/\",\"logo\":{\"@type\":\"ImageObject\",\"inLanguage\":\"de\",\"@id\":\"https:\\\/\\\/viaonlinedigital.com\\\/#\\\/schema\\\/logo\\\/image\\\/\",\"url\":\"https:\\\/\\\/viaonlinedigital.com\\\/wp-content\\\/uploads\\\/2024\\\/11\\\/cropped-favicon-logo.png\",\"contentUrl\":\"https:\\\/\\\/viaonlinedigital.com\\\/wp-content\\\/uploads\\\/2024\\\/11\\\/cropped-favicon-logo.png\",\"width\":64,\"height\":64,\"caption\":\"Via Online Digital\"},\"image\":{\"@id\":\"https:\\\/\\\/viaonlinedigital.com\\\/#\\\/schema\\\/logo\\\/image\\\/\"}}]}<\/script>\n<!-- \/ Yoast SEO plugin. -->","yoast_head_json":{"title":"Aktualisierter Zahlungsplan: Bolsa Fam\u00edlia, INSS und Sozialleistungen f\u00fcr diesen Monat \u2013 Online-Zugang","robots":{"index":"index","follow":"follow","max-snippet":"max-snippet:-1","max-image-preview":"max-image-preview:large","max-video-preview":"max-video-preview:-1"},"canonical":"https:\/\/viaonlinedigital.com\/de\/calendario-de-pagamento-atualizado-bolsa-familia-inss-e-auxilios-deste-mes\/","og_locale":"de_DE","og_type":"article","og_title":"Calend\u00e1rio de Pagamento Atualizado: Bolsa Fam\u00edlia, INSS e Aux\u00edlios deste m\u00eas - Via Online Digital","og_description":"Veja em que dia voc\u00ea recebe, de acordo com o seu NIS, CPF ou final do benef\u00edcio. Evite surpresas e atrasos. Milhares de brasileiros conferem o calend\u00e1rio todo m\u00eas \ud83d\udcc5 Organizar a vida financeira come\u00e7a sabendo o dia certo que o dinheiro entra. O que voc\u00ea vai ver nesta p\u00e1gina Resumo r\u00e1pido dos calend\u00e1rios deste [&hellip;]","og_url":"https:\/\/viaonlinedigital.com\/de\/calendario-de-pagamento-atualizado-bolsa-familia-inss-e-auxilios-deste-mes\/","og_site_name":"Via Online Digital","article_modified_time":"2025-11-24T23:52:56+00:00","twitter_card":"summary_large_image","twitter_misc":{"Gesch\u00e4tzte Lesezeit":"3\u00a0Minuten"},"schema":{"@context":"https:\/\/schema.org","@graph":[{"@type":"WebPage","@id":"https:\/\/viaonlinedigital.com\/calendario-de-pagamento-atualizado-bolsa-familia-inss-e-auxilios-deste-mes\/","url":"https:\/\/viaonlinedigital.com\/calendario-de-pagamento-atualizado-bolsa-familia-inss-e-auxilios-deste-mes\/","name":"Aktualisierter Zahlungsplan: Bolsa Fam\u00edlia, INSS und Sozialleistungen f\u00fcr diesen Monat \u2013 Online-Zugang","isPartOf":{"@id":"https:\/\/viaonlinedigital.com\/#website"},"datePublished":"2025-11-24T23:36:29+00:00","dateModified":"2025-11-24T23:52:56+00:00","breadcrumb":{"@id":"https:\/\/viaonlinedigital.com\/calendario-de-pagamento-atualizado-bolsa-familia-inss-e-auxilios-deste-mes\/#breadcrumb"},"inLanguage":"de","potentialAction":[{"@type":"ReadAction","target":["https:\/\/viaonlinedigital.com\/calendario-de-pagamento-atualizado-bolsa-familia-inss-e-auxilios-deste-mes\/"]}]},{"@type":"BreadcrumbList","@id":"https:\/\/viaonlinedigital.com\/calendario-de-pagamento-atualizado-bolsa-familia-inss-e-auxilios-deste-mes\/#breadcrumb","itemListElement":[{"@type":"ListItem","position":1,"name":"In\u00edcio","item":"https:\/\/viaonlinedigital.com\/"},{"@type":"ListItem","position":2,"name":"Calend\u00e1rio de Pagamento Atualizado: Bolsa Fam\u00edlia, INSS e Aux\u00edlios deste m\u00eas"}]},{"@type":"WebSite","@id":"https:\/\/viaonlinedigital.com\/#website","url":"https:\/\/viaonlinedigital.com\/","name":"\u00dcber Online Digital","description":"Ihr idealer Blog f\u00fcr alle Momente","publisher":{"@id":"https:\/\/viaonlinedigital.com\/#organization"},"potentialAction":[{"@type":"SearchAction","target":{"@type":"EntryPoint","urlTemplate":"https:\/\/viaonlinedigital.com\/?s={search_term_string}"},"query-input":{"@type":"PropertyValueSpecification","valueRequired":true,"valueName":"search_term_string"}}],"inLanguage":"de"},{"@type":"Organization","@id":"https:\/\/viaonlinedigital.com\/#organization","name":"\u00dcber Online Digital","url":"https:\/\/viaonlinedigital.com\/","logo":{"@type":"ImageObject","inLanguage":"de","@id":"https:\/\/viaonlinedigital.com\/#\/schema\/logo\/image\/","url":"https:\/\/viaonlinedigital.com\/wp-content\/uploads\/2024\/11\/cropped-favicon-logo.png","contentUrl":"https:\/\/viaonlinedigital.com\/wp-content\/uploads\/2024\/11\/cropped-favicon-logo.png","width":64,"height":64,"caption":"Via Online Digital"},"image":{"@id":"https:\/\/viaonlinedigital.com\/#\/schema\/logo\/image\/"}}]}},"_links":{"self":[{"href":"https:\/\/viaonlinedigital.com\/de\/wp-json\/wp\/v2\/pages\/1456","targetHints":{"allow":["GET"]}}],"collection":[{"href":"https:\/\/viaonlinedigital.com\/de\/wp-json\/wp\/v2\/pages"}],"about":[{"href":"https:\/\/viaonlinedigital.com\/de\/wp-json\/wp\/v2\/types\/page"}],"author":[{"embeddable":true,"href":"https:\/\/viaonlinedigital.com\/de\/wp-json\/wp\/v2\/users\/2"}],"replies":[{"embeddable":true,"href":"https:\/\/viaonlinedigital.com\/de\/wp-json\/wp\/v2\/comments?post=1456"}],"version-history":[{"count":2,"href":"https:\/\/viaonlinedigital.com\/de\/wp-json\/wp\/v2\/pages\/1456\/revisions"}],"predecessor-version":[{"id":1464,"href":"https:\/\/viaonlinedigital.com\/de\/wp-json\/wp\/v2\/pages\/1456\/revisions\/1464"}],"wp:attachment":[{"href":"https:\/\/viaonlinedigital.com\/de\/wp-json\/wp\/v2\/media?parent=1456"}],"curies":[{"name":"wp","href":"https:\/\/api.w.org\/{rel}","templated":true}]}}