{"id":1444,"date":"2025-11-24T19:47:07","date_gmt":"2025-11-24T22:47:07","guid":{"rendered":"https:\/\/viaonlinedigital.com\/?page_id=1444"},"modified":"2025-12-08T20:15:25","modified_gmt":"2025-12-08T23:15:25","slug":"consulte-agora-seus-beneficios-bolsa-familia-inss-auxilios-e-novas-atualizacoes","status":"publish","type":"page","link":"https:\/\/viaonlinedigital.com\/de\/consulte-agora-seus-beneficios-bolsa-familia-inss-auxilios-e-novas-atualizacoes\/","title":{"rendered":"Pr\u00fcfen Sie jetzt Ihre Leistungen: Bolsa Fam\u00edlia, INSS, Leistungen und Neuigkeiten"},"content":{"rendered":"<html><body><p>Pr\u00fcfen Sie, ob Ihnen verf\u00fcgbare Gelder zur Verf\u00fcgung stehen, ob es neue Regeln, aktualisierte Zeitpl\u00e4ne und wichtige \u00c4nderungen gibt, die sich auf Ihre CPF (brasilianische Steueridentifikationsnummer) auswirken.<\/p>\n\n\n\t\t\t\t\t\t<p class=\"wp-block-create-block-sb-buttons\">\n\t\t\t\t<\/p><div class=\"shortcode-botao\">\n    <a href=\"https:\/\/viaonlinedigital.com\/de\/consulta-cpf-veja-se-voce-tem-direito-ao-bolsa-familia-inss-ou-auxilios-este-mes\/\" class=\"btn-base reward-ads reward\" style=\"background-color: #25851e; color: #fcfcfc\">\n        <h3 class=\"title\">\ud83d\udc49 Jetzt pr\u00fcfen<\/h3>\n    <\/a>\n<\/div>\n\t<div class=\"disclaimer-button1\">Sie bleiben auf dieser Seite.<\/div>\n\t\t\t\n\t\t\t\t\t\n\t\n\t\n\t\n\t\n\n\n<h2 class=\"wp-block-heading\">Was die Brasilianer sagen<\/h2>\n\n\n\n<ul class=\"wp-block-list\">\n<li>\u201cIch habe erfahren, dass meine Bolsa Fam\u00edlia [Familienbeihilfe] erh\u00f6ht wurde. Das wusste ich nicht.\u201d<\/li>\n\n\n\n<li>\u201cIch konnte meinen INSS-Lebensnachweis in weniger als einer Minute \u00fcberpr\u00fcfen.\u201d<\/li>\n\n\n\n<li>\u201cEs ist sehr einfach, die Zahlungstermine einzusehen und eine Sperrung zu vermeiden.\u201d<\/li>\n<\/ul>\n\n\n\n<p>\ud83d\udcc8 Tausende von Menschen \u00fcberpr\u00fcfen t\u00e4glich ihre Leistungen \u2013 pr\u00fcfen Sie, ob Sie anspruchsberechtigt sind.<\/p>\n\n\n\n<h2 class=\"wp-block-heading\">Sehen Sie, was Sie jetzt \u00fcberpr\u00fcfen k\u00f6nnen:<\/h2>\n\n\n\n<ul class=\"wp-block-list\">\n<li>\ud83d\udcb0\u00a0<strong>Familienbeihilfe<\/strong>Kalender, Werte, neue Regeln und Erh\u00f6hung<\/li>\n\n\n\n<li>\ud83c\udfe6\u00a0<strong>INSS<\/strong>Zahlungen, Lebensnachweis, Gehaltserh\u00f6hungen, Beratungen<\/li>\n\n\n\n<li>\ud83d\udd25\u00a0<strong>Gashilfe<\/strong>Daten und Werte f\u00fcr den Monat<\/li>\n\n\n\n<li>\ud83d\udcc4\u00a0<strong>Cad\u00danico<\/strong>Wer muss seine Daten aktualisieren und welche Dokumente werden ben\u00f6tigt?<\/li>\n\n\n\n<li>\ud83d\udccc\u00a0<strong>Staatliche Leistungen<\/strong>: Zusatzprogramme und Neuerscheinungen<\/li>\n\n\n\n<li>\ud83d\udcf1\u00a0<strong>Caixa Tem<\/strong>Kontostandsabfrage, Zahlungen und Benachrichtigungen<\/li>\n\n\n\n<li>\ud83d\udd0d\u00a0<strong>Suche nach CPF (brasilianische Steueridentifikationsnummer)<\/strong>Pr\u00fcfen Sie, ob Gelder freigegeben wurden.<\/li>\n<\/ul>\n\n\n\n<h2 class=\"wp-block-heading\">Zusammenfassung der wichtigsten Vorteile<\/h2>\n\n\n\n<figure class=\"wp-block-table\"><table class=\"has-fixed-layout\"><thead><tr><th>Nutzen<\/th><th>Wer hat Anspruch darauf?<\/th><th>Beratung<\/th><\/tr><\/thead><tbody><tr><td>Familienbeihilfe<\/td><td>Familien mit einem Einkommen von bis zu 218 Rand pro Person<\/td><td>CPF + Cad\u00danico<\/td><\/tr><tr><td>INSS<\/td><td>Rentner und Pension\u00e4re<\/td><td>Meine Sozialversicherung + CPF<\/td><\/tr><tr><td>Gashilfe<\/td><td>Im Einheitsregister (Cad\u00danico) eingetragene Familien<\/td><td>Bolsa Fam\u00edlia App<\/td><\/tr><\/tbody><\/table><\/figure>\n\n\n\n<h2 class=\"wp-block-heading\">Wer hat Anspruch auf diese Leistungen?<\/h2>\n\n\n\n<ul class=\"wp-block-list\">\n<li>Personen, die im Cad\u00danico (Einheitliches Register f\u00fcr Sozialprogramme) registriert sind<\/li>\n\n\n\n<li>Familien in gef\u00e4hrdeten Situationen<\/li>\n\n\n\n<li>Menschen mit Behinderungen (BPC\/LOAS)<\/li>\n\n\n\n<li>Rentner und Pension\u00e4re<\/li>\n\n\n\n<li>Arbeitnehmer mit Anspruch auf PIS\/PASEP<\/li>\n<\/ul>\n\n\n\n<h2 class=\"wp-block-heading\">Wichtige Fragen<\/h2>\n\n\n\n<h3 class=\"wp-block-heading\">\ud83d\udccc Wie kann ich meinen Bolsa Fam\u00edlia-Status mit meiner CPF (brasilianische Steueridentifikationsnummer) \u00fcberpr\u00fcfen?<\/h3>\n\n\n\n<p>Sie k\u00f6nnen direkt \u00fcber die Bolsa Fam\u00edlia-App oder die Caixa Tem-App nachsehen.<\/p>\n\n\n\n<h3 class=\"wp-block-heading\">\ud83d\udccc Wie erfahre ich, ob mein Antrag auf Hilfe bewilligt wurde?<\/h3>\n\n\n\n<p>Die Genehmigungen erfolgen auf Grundlage des aktualisierten Cad\u00danico (Einheitliches Register f\u00fcr Sozialprogramme).<\/p>\n\n\n\n<h3 class=\"wp-block-heading\">\ud83d\udccc Wo kann ich den INSS-Kalender einsehen?<\/h3>\n\n\n\n<p>Auf der Website des Meu INSS und in den monatlich von der Regierung ver\u00f6ffentlichten Aktualisierungen.<\/p>\n\n\n\n<h2 class=\"wp-block-heading\">Pr\u00fcfen Sie jetzt, ob Sie \u00fcber verf\u00fcgbare Gelder oder wichtige Aktualisierungen verf\u00fcgen.<\/h2>\n\n\n\n<p>Klicken Sie unten, um die neuesten Informationen zu Ihrem CPF einzusehen.<\/p>\n\n\n\t\t\t\t\t\t<p class=\"wp-block-create-block-sb-buttons\">\n\t\t\t\t<\/p><div class=\"shortcode-botao\">\n    <a href=\"https:\/\/viaonlinedigital.com\/de\/consulta-cpf-veja-se-voce-tem-direito-ao-bolsa-familia-inss-ou-auxilios-este-mes\/\" class=\"btn-base reward-ads\" style=\"background-color: #25851e; color: #fcfcfc\">\n        <h3 class=\"title\">\ud83d\udc49 Jetzt Vorteile pr\u00fcfen<\/h3>\n    <\/a>\n<\/div>\n\t<div class=\"disclaimer-button1\">Sie bleiben auf dieser Seite.<\/div>\n\t\t\t\n\t\t\t\t\t\n\t\n\t\n\t\n\t\n\n\n<p>Diese Website dient ausschlie\u00dflich Informationszwecken. Bitte konsultieren Sie zur Best\u00e4tigung stets die offiziellen Plattformen der Bundesregierung.<\/p>\n\n\n\n<p><\/p>\n<\/body><\/html>","protected":false},"excerpt":{"rendered":"<p>Veja se voc\u00ea tem valores liberados, novas regras, calend\u00e1rios atualizados e mudan\u00e7as importantes que afetam seu CPF. O que brasileiros est\u00e3o dizendo \ud83d\udcc8 Milhares de pessoas consultam seus benef\u00edcios diariamente \u2014 veja se voc\u00ea tem direito. Veja o que voc\u00ea pode consultar agora: Resumo dos Principais Benef\u00edcios Benef\u00edcio Quem Tem Direito Consulta Bolsa Fam\u00edlia Fam\u00edlias [&hellip;]<\/p>\n","protected":false},"author":2,"featured_media":0,"parent":0,"menu_order":0,"comment_status":"closed","ping_status":"closed","template":"","meta":{"footnotes":""},"class_list":["post-1444","page","type-page","status-publish","hentry"],"yoast_head":"<!-- This site is optimized with the Yoast SEO plugin v27.4 - https:\/\/yoast.com\/product\/yoast-seo-wordpress\/ -->\n<title>Consulte Agora Seus Benef\u00edcios: Bolsa Fam\u00edlia, INSS, Aux\u00edlios e Novas Atualiza\u00e7\u00f5es - Via Online Digital<\/title>\n<meta name=\"robots\" content=\"index, follow, max-snippet:-1, max-image-preview:large, max-video-preview:-1\" \/>\n<link rel=\"canonical\" href=\"https:\/\/viaonlinedigital.com\/de\/consulte-agora-seus-beneficios-bolsa-familia-inss-auxilios-e-novas-atualizacoes\/\" \/>\n<meta property=\"og:locale\" content=\"de_DE\" \/>\n<meta property=\"og:type\" content=\"article\" \/>\n<meta property=\"og:title\" content=\"Consulte Agora Seus Benef\u00edcios: Bolsa Fam\u00edlia, INSS, Aux\u00edlios e Novas Atualiza\u00e7\u00f5es - Via Online Digital\" \/>\n<meta property=\"og:description\" content=\"Veja se voc\u00ea tem valores liberados, novas regras, calend\u00e1rios atualizados e mudan\u00e7as importantes que afetam seu CPF. O que brasileiros est\u00e3o dizendo \ud83d\udcc8 Milhares de pessoas consultam seus benef\u00edcios diariamente \u2014 veja se voc\u00ea tem direito. Veja o que voc\u00ea pode consultar agora: Resumo dos Principais Benef\u00edcios Benef\u00edcio Quem Tem Direito Consulta Bolsa Fam\u00edlia Fam\u00edlias [&hellip;]\" \/>\n<meta property=\"og:url\" content=\"https:\/\/viaonlinedigital.com\/de\/consulte-agora-seus-beneficios-bolsa-familia-inss-auxilios-e-novas-atualizacoes\/\" \/>\n<meta property=\"og:site_name\" content=\"Via Online Digital\" \/>\n<meta property=\"article:modified_time\" content=\"2025-12-08T23:15:25+00:00\" \/>\n<meta name=\"twitter:card\" content=\"summary_large_image\" \/>\n<meta name=\"twitter:label1\" content=\"Gesch\u00e4tzte Lesezeit\" \/>\n\t<meta name=\"twitter:data1\" content=\"2\u00a0Minuten\" \/>\n<script type=\"application\/ld+json\" class=\"yoast-schema-graph\">{\"@context\":\"https:\\\/\\\/schema.org\",\"@graph\":[{\"@type\":\"WebPage\",\"@id\":\"https:\\\/\\\/viaonlinedigital.com\\\/consulte-agora-seus-beneficios-bolsa-familia-inss-auxilios-e-novas-atualizacoes\\\/\",\"url\":\"https:\\\/\\\/viaonlinedigital.com\\\/consulte-agora-seus-beneficios-bolsa-familia-inss-auxilios-e-novas-atualizacoes\\\/\",\"name\":\"Consulte Agora Seus Benef\u00edcios: Bolsa Fam\u00edlia, INSS, Aux\u00edlios e Novas Atualiza\u00e7\u00f5es - Via Online Digital\",\"isPartOf\":{\"@id\":\"https:\\\/\\\/viaonlinedigital.com\\\/#website\"},\"datePublished\":\"2025-11-24T22:47:07+00:00\",\"dateModified\":\"2025-12-08T23:15:25+00:00\",\"breadcrumb\":{\"@id\":\"https:\\\/\\\/viaonlinedigital.com\\\/consulte-agora-seus-beneficios-bolsa-familia-inss-auxilios-e-novas-atualizacoes\\\/#breadcrumb\"},\"inLanguage\":\"de\",\"potentialAction\":[{\"@type\":\"ReadAction\",\"target\":[\"https:\\\/\\\/viaonlinedigital.com\\\/consulte-agora-seus-beneficios-bolsa-familia-inss-auxilios-e-novas-atualizacoes\\\/\"]}]},{\"@type\":\"BreadcrumbList\",\"@id\":\"https:\\\/\\\/viaonlinedigital.com\\\/consulte-agora-seus-beneficios-bolsa-familia-inss-auxilios-e-novas-atualizacoes\\\/#breadcrumb\",\"itemListElement\":[{\"@type\":\"ListItem\",\"position\":1,\"name\":\"In\u00edcio\",\"item\":\"https:\\\/\\\/viaonlinedigital.com\\\/\"},{\"@type\":\"ListItem\",\"position\":2,\"name\":\"Consulte Agora Seus Benef\u00edcios: Bolsa Fam\u00edlia, INSS, Aux\u00edlios e Novas Atualiza\u00e7\u00f5es\"}]},{\"@type\":\"WebSite\",\"@id\":\"https:\\\/\\\/viaonlinedigital.com\\\/#website\",\"url\":\"https:\\\/\\\/viaonlinedigital.com\\\/\",\"name\":\"Via Online Digital\",\"description\":\"Seu blog ideal para todos os momentos\",\"publisher\":{\"@id\":\"https:\\\/\\\/viaonlinedigital.com\\\/#organization\"},\"potentialAction\":[{\"@type\":\"SearchAction\",\"target\":{\"@type\":\"EntryPoint\",\"urlTemplate\":\"https:\\\/\\\/viaonlinedigital.com\\\/?s={search_term_string}\"},\"query-input\":{\"@type\":\"PropertyValueSpecification\",\"valueRequired\":true,\"valueName\":\"search_term_string\"}}],\"inLanguage\":\"de\"},{\"@type\":\"Organization\",\"@id\":\"https:\\\/\\\/viaonlinedigital.com\\\/#organization\",\"name\":\"Via Online Digital\",\"url\":\"https:\\\/\\\/viaonlinedigital.com\\\/\",\"logo\":{\"@type\":\"ImageObject\",\"inLanguage\":\"de\",\"@id\":\"https:\\\/\\\/viaonlinedigital.com\\\/#\\\/schema\\\/logo\\\/image\\\/\",\"url\":\"https:\\\/\\\/viaonlinedigital.com\\\/wp-content\\\/uploads\\\/2024\\\/11\\\/cropped-favicon-logo.png\",\"contentUrl\":\"https:\\\/\\\/viaonlinedigital.com\\\/wp-content\\\/uploads\\\/2024\\\/11\\\/cropped-favicon-logo.png\",\"width\":64,\"height\":64,\"caption\":\"Via Online Digital\"},\"image\":{\"@id\":\"https:\\\/\\\/viaonlinedigital.com\\\/#\\\/schema\\\/logo\\\/image\\\/\"}}]}<\/script>\n<!-- \/ Yoast SEO plugin. -->","yoast_head_json":{"title":"Pr\u00fcfen Sie jetzt Ihre Leistungen: Bolsa Fam\u00edlia, INSS, Leistungen und Neuigkeiten \u2013 Online-Zugang","robots":{"index":"index","follow":"follow","max-snippet":"max-snippet:-1","max-image-preview":"max-image-preview:large","max-video-preview":"max-video-preview:-1"},"canonical":"https:\/\/viaonlinedigital.com\/de\/consulte-agora-seus-beneficios-bolsa-familia-inss-auxilios-e-novas-atualizacoes\/","og_locale":"de_DE","og_type":"article","og_title":"Consulte Agora Seus Benef\u00edcios: Bolsa Fam\u00edlia, INSS, Aux\u00edlios e Novas Atualiza\u00e7\u00f5es - Via Online Digital","og_description":"Veja se voc\u00ea tem valores liberados, novas regras, calend\u00e1rios atualizados e mudan\u00e7as importantes que afetam seu CPF. O que brasileiros est\u00e3o dizendo \ud83d\udcc8 Milhares de pessoas consultam seus benef\u00edcios diariamente \u2014 veja se voc\u00ea tem direito. Veja o que voc\u00ea pode consultar agora: Resumo dos Principais Benef\u00edcios Benef\u00edcio Quem Tem Direito Consulta Bolsa Fam\u00edlia Fam\u00edlias [&hellip;]","og_url":"https:\/\/viaonlinedigital.com\/de\/consulte-agora-seus-beneficios-bolsa-familia-inss-auxilios-e-novas-atualizacoes\/","og_site_name":"Via Online Digital","article_modified_time":"2025-12-08T23:15:25+00:00","twitter_card":"summary_large_image","twitter_misc":{"Gesch\u00e4tzte Lesezeit":"2\u00a0Minuten"},"schema":{"@context":"https:\/\/schema.org","@graph":[{"@type":"WebPage","@id":"https:\/\/viaonlinedigital.com\/consulte-agora-seus-beneficios-bolsa-familia-inss-auxilios-e-novas-atualizacoes\/","url":"https:\/\/viaonlinedigital.com\/consulte-agora-seus-beneficios-bolsa-familia-inss-auxilios-e-novas-atualizacoes\/","name":"Pr\u00fcfen Sie jetzt Ihre Leistungen: Bolsa Fam\u00edlia, INSS, Leistungen und Neuigkeiten \u2013 Online-Zugang","isPartOf":{"@id":"https:\/\/viaonlinedigital.com\/#website"},"datePublished":"2025-11-24T22:47:07+00:00","dateModified":"2025-12-08T23:15:25+00:00","breadcrumb":{"@id":"https:\/\/viaonlinedigital.com\/consulte-agora-seus-beneficios-bolsa-familia-inss-auxilios-e-novas-atualizacoes\/#breadcrumb"},"inLanguage":"de","potentialAction":[{"@type":"ReadAction","target":["https:\/\/viaonlinedigital.com\/consulte-agora-seus-beneficios-bolsa-familia-inss-auxilios-e-novas-atualizacoes\/"]}]},{"@type":"BreadcrumbList","@id":"https:\/\/viaonlinedigital.com\/consulte-agora-seus-beneficios-bolsa-familia-inss-auxilios-e-novas-atualizacoes\/#breadcrumb","itemListElement":[{"@type":"ListItem","position":1,"name":"In\u00edcio","item":"https:\/\/viaonlinedigital.com\/"},{"@type":"ListItem","position":2,"name":"Consulte Agora Seus Benef\u00edcios: Bolsa Fam\u00edlia, INSS, Aux\u00edlios e Novas Atualiza\u00e7\u00f5es"}]},{"@type":"WebSite","@id":"https:\/\/viaonlinedigital.com\/#website","url":"https:\/\/viaonlinedigital.com\/","name":"\u00dcber Online Digital","description":"Ihr idealer Blog f\u00fcr alle Momente","publisher":{"@id":"https:\/\/viaonlinedigital.com\/#organization"},"potentialAction":[{"@type":"SearchAction","target":{"@type":"EntryPoint","urlTemplate":"https:\/\/viaonlinedigital.com\/?s={search_term_string}"},"query-input":{"@type":"PropertyValueSpecification","valueRequired":true,"valueName":"search_term_string"}}],"inLanguage":"de"},{"@type":"Organization","@id":"https:\/\/viaonlinedigital.com\/#organization","name":"\u00dcber Online Digital","url":"https:\/\/viaonlinedigital.com\/","logo":{"@type":"ImageObject","inLanguage":"de","@id":"https:\/\/viaonlinedigital.com\/#\/schema\/logo\/image\/","url":"https:\/\/viaonlinedigital.com\/wp-content\/uploads\/2024\/11\/cropped-favicon-logo.png","contentUrl":"https:\/\/viaonlinedigital.com\/wp-content\/uploads\/2024\/11\/cropped-favicon-logo.png","width":64,"height":64,"caption":"Via Online Digital"},"image":{"@id":"https:\/\/viaonlinedigital.com\/#\/schema\/logo\/image\/"}}]}},"_links":{"self":[{"href":"https:\/\/viaonlinedigital.com\/de\/wp-json\/wp\/v2\/pages\/1444","targetHints":{"allow":["GET"]}}],"collection":[{"href":"https:\/\/viaonlinedigital.com\/de\/wp-json\/wp\/v2\/pages"}],"about":[{"href":"https:\/\/viaonlinedigital.com\/de\/wp-json\/wp\/v2\/types\/page"}],"author":[{"embeddable":true,"href":"https:\/\/viaonlinedigital.com\/de\/wp-json\/wp\/v2\/users\/2"}],"replies":[{"embeddable":true,"href":"https:\/\/viaonlinedigital.com\/de\/wp-json\/wp\/v2\/comments?post=1444"}],"version-history":[{"count":5,"href":"https:\/\/viaonlinedigital.com\/de\/wp-json\/wp\/v2\/pages\/1444\/revisions"}],"predecessor-version":[{"id":1586,"href":"https:\/\/viaonlinedigital.com\/de\/wp-json\/wp\/v2\/pages\/1444\/revisions\/1586"}],"wp:attachment":[{"href":"https:\/\/viaonlinedigital.com\/de\/wp-json\/wp\/v2\/media?parent=1444"}],"curies":[{"name":"wp","href":"https:\/\/api.w.org\/{rel}","templated":true}]}}