{"id":3,"date":"2024-11-25T12:11:17","date_gmt":"2024-11-25T15:11:17","guid":{"rendered":"https:\/\/viaonlinedigital.com\/?page_id=3"},"modified":"2025-02-11T11:13:08","modified_gmt":"2025-02-11T14:13:08","slug":"politica-de-privacidade","status":"publish","type":"page","link":"https:\/\/viaonlinedigital.com\/ar\/politica-de-privacidade\/","title":{"rendered":"\u0633\u064a\u0627\u0633\u0629 \u0627\u0644\u062e\u0635\u0648\u0635\u064a\u0629"},"content":{"rendered":"<html><body><p>\u062e\u0635\u0648\u0635\u064a\u062a\u0643 \u062a\u0647\u0645\u0646\u0627. \u0645\u0646 \u0633\u064a\u0627\u0633\u0629 viaonlinedigital.com\/ \u0627\u062d\u062a\u0631\u0627\u0645 \u062e\u0635\u0648\u0635\u064a\u062a\u0643 \u0641\u064a\u0645\u0627 \u064a\u062a\u0639\u0644\u0642 \u0628\u0623\u064a \u0645\u0639\u0644\u0648\u0645\u0627\u062a \u0642\u062f \u0646\u062c\u0645\u0639\u0647\u0627 \u0645\u0646\u0643 \u0639\u0644\u0649 \u0645\u0648\u0642\u0639 viaonlinedigital.com\/ \u0648\u0627\u0644\u0645\u0648\u0627\u0642\u0639 \u0627\u0644\u0623\u062e\u0631\u0649 \u0627\u0644\u062a\u064a \u0646\u0645\u062a\u0644\u0643\u0647\u0627 \u0648\u0646\u062f\u064a\u0631\u0647\u0627.<\/p>\n<p>\u0644\u0627 \u0646\u0637\u0644\u0628 \u0645\u0639\u0644\u0648\u0645\u0627\u062a\u0643 \u0627\u0644\u0634\u062e\u0635\u064a\u0629 \u0625\u0644\u0627 \u0639\u0646\u062f \u062d\u0627\u062c\u062a\u0646\u0627 \u0625\u0644\u064a\u0647\u0627 \u0644\u062a\u0642\u062f\u064a\u0645 \u062e\u062f\u0645\u0629 \u0644\u0643. \u0646\u062c\u0645\u0639\u0647\u0627 \u0628\u0637\u0631\u0642 \u0639\u0627\u062f\u0644\u0629 \u0648\u0642\u0627\u0646\u0648\u0646\u064a\u0629\u060c \u0628\u0639\u0644\u0645\u0643 \u0648\u0645\u0648\u0627\u0641\u0642\u062a\u0643.<\/p>\n<p>\u0633\u0646\u064f\u0639\u0644\u0645\u0643 \u0623\u064a\u0636\u064b\u0627 \u0628\u0633\u0628\u0628 \u062c\u0645\u0639\u0646\u0627 \u0644\u0647\u0627 \u0648\u0643\u064a\u0641\u064a\u0629 \u0627\u0633\u062a\u062e\u062f\u0627\u0645\u0647\u0627. \u0646\u062d\u062a\u0641\u0638 \u0628\u0627\u0644\u0645\u0639\u0644\u0648\u0645\u0627\u062a \u0627\u0644\u0645\u062c\u0645\u0639\u0629 \u0641\u0642\u0637 \u0644\u0644\u0645\u062f\u0629 \u0627\u0644\u0644\u0627\u0632\u0645\u0629 \u0644\u062a\u0642\u062f\u064a\u0645 \u0627\u0644\u062e\u062f\u0645\u0629 \u0627\u0644\u062a\u064a \u0637\u0644\u0628\u062a\u0647\u0627.<\/p>\n<p>\u0645\u0627 \u0647\u064a \u0627\u0644\u0628\u064a\u0627\u0646\u0627\u062a \u0627\u0644\u062a\u064a \u0646\u062e\u0632\u0646\u0647\u0627\u060c \u0633\u0646\u062d\u0645\u064a\u0647\u0627 \u0636\u0645\u0646 \u0627\u0644\u0648\u0633\u0627\u0626\u0644 \u0627\u0644\u0645\u0642\u0628\u0648\u0644\u0629 \u062a\u062c\u0627\u0631\u064a\u064b\u0627 \u0644\u0645\u0646\u0639 \u0627\u0644\u0641\u0642\u062f\u0627\u0646 \u0648\u0627\u0644\u0633\u0631\u0642\u0629\u060c \u0628\u0627\u0644\u0625\u0636\u0627\u0641\u0629 \u0625\u0644\u0649 \u0627\u0644\u0648\u0635\u0648\u0644 \u063a\u064a\u0631 \u0627\u0644\u0645\u0635\u0631\u062d \u0628\u0647\u060c \u0623\u0648 \u0627\u0644\u0643\u0634\u0641\u060c \u0623\u0648 \u0627\u0644\u0646\u0633\u062e\u060c \u0623\u0648 \u0627\u0644\u0627\u0633\u062a\u062e\u062f\u0627\u0645\u060c \u0623\u0648 \u0627\u0644\u062a\u0639\u062f\u064a\u0644.<\/p>\n<p>\u0644\u0627 \u0646\u0634\u0627\u0631\u0643 \u0645\u0639\u0644\u0648\u0645\u0627\u062a\u0643 \u0627\u0644\u0634\u062e\u0635\u064a\u0629 \u0639\u0644\u0646\u064b\u0627 \u0623\u0648 \u0645\u0639 \u062c\u0647\u0627\u062a \u062e\u0627\u0631\u062c\u064a\u0629\u060c \u0625\u0644\u0627 \u0639\u0646\u062f \u0627\u0644\u0627\u0642\u062a\u0636\u0627\u0621 \u0628\u0645\u0648\u062c\u0628 \u0627\u0644\u0642\u0627\u0646\u0648\u0646. \u0642\u062f \u064a\u062d\u062a\u0648\u064a \u0645\u0648\u0642\u0639\u0646\u0627 \u0627\u0644\u0625\u0644\u0643\u062a\u0631\u0648\u0646\u064a \u0639\u0644\u0649 \u0631\u0648\u0627\u0628\u0637 \u0644\u0645\u0648\u0627\u0642\u0639 \u062e\u0627\u0631\u062c\u064a\u0629 \u0644\u0627 \u0646\u062f\u064a\u0631\u0647\u0627.<\/p>\n<p>\u064a\u0631\u062c\u0649 \u0627\u0644\u0639\u0644\u0645 \u0628\u0623\u0646\u0646\u0627 \u0644\u0627 \u0646\u0645\u0644\u0643 \u0623\u064a \u0633\u064a\u0637\u0631\u0629 \u0639\u0644\u0649 \u0645\u062d\u062a\u0648\u0649 \u0648\u0645\u0645\u0627\u0631\u0633\u0627\u062a \u0647\u0630\u0647 \u0627\u0644\u0645\u0648\u0627\u0642\u0639 \u0648\u0644\u0627 \u064a\u0645\u0643\u0646\u0646\u0627 \u062a\u062d\u0645\u0644 \u0627\u0644\u0645\u0633\u0624\u0648\u0644\u064a\u0629 \u0639\u0646 \u0633\u064a\u0627\u0633\u0627\u062a \u0627\u0644\u062e\u0635\u0648\u0635\u064a\u0629 \u0627\u0644\u062e\u0627\u0635\u0629 \u0628\u0647\u0627.<\/p>\n<p>\u0644\u0643 \u0627\u0644\u062d\u0631\u064a\u0629 \u0641\u064a \u0631\u0641\u0636 \u0637\u0644\u0628\u0646\u0627 \u0644\u0644\u062d\u0635\u0648\u0644 \u0639\u0644\u0649 \u0645\u0639\u0644\u0648\u0645\u0627\u062a\u0643 \u0627\u0644\u0634\u062e\u0635\u064a\u0629\u060c \u0645\u0639 \u0627\u0644\u0639\u0644\u0645 \u0623\u0646\u0646\u0627 \u0642\u062f \u0644\u0627 \u0646\u062a\u0645\u0643\u0646 \u0645\u0646 \u062a\u0632\u0648\u064a\u062f\u0643 \u0628\u0628\u0639\u0636 \u0627\u0644\u062e\u062f\u0645\u0627\u062a \u0627\u0644\u062a\u064a \u062a\u0631\u063a\u0628 \u0628\u0647\u0627.<\/p>\n<p>\u064a\u064f\u0639\u062f \u0627\u0633\u062a\u0645\u0631\u0627\u0631 \u0627\u0633\u062a\u062e\u062f\u0627\u0645\u0643 \u0644\u0645\u0648\u0642\u0639\u0646\u0627 \u0627\u0644\u0625\u0644\u0643\u062a\u0631\u0648\u0646\u064a \u0645\u0648\u0627\u0641\u0642\u0629\u064b \u0645\u0646\u0643 \u0639\u0644\u0649 \u0645\u0645\u0627\u0631\u0633\u0627\u062a\u0646\u0627 \u0627\u0644\u0645\u062a\u0639\u0644\u0642\u0629 \u0628\u0627\u0644\u062e\u0635\u0648\u0635\u064a\u0629 \u0648\u0627\u0644\u0645\u0639\u0644\u0648\u0645\u0627\u062a \u0627\u0644\u0634\u062e\u0635\u064a\u0629. \u0625\u0630\u0627 \u0643\u0627\u0646\u062a \u0644\u062f\u064a\u0643 \u0623\u064a \u0627\u0633\u062a\u0641\u0633\u0627\u0631\u0627\u062a \u062d\u0648\u0644 \u0643\u064a\u0641\u064a\u0629 \u062a\u0639\u0627\u0645\u0644\u0646\u0627 \u0645\u0639 \u0628\u064a\u0627\u0646\u0627\u062a \u0627\u0644\u0645\u0633\u062a\u062e\u062f\u0645 \u0648\u0627\u0644\u0645\u0639\u0644\u0648\u0645\u0627\u062a \u0627\u0644\u0634\u062e\u0635\u064a\u0629\u060c \u064a\u064f\u0631\u062c\u0649 \u0627\u0644\u062a\u0648\u0627\u0635\u0644 \u0645\u0639\u0646\u0627.<\/p>\n<p>\u062a\u0633\u062a\u062e\u062f\u0645 \u062e\u062f\u0645\u0629 Google AdSense \u0627\u0644\u062a\u064a \u0646\u0633\u062a\u062e\u062f\u0645\u0647\u0627 \u0644\u062a\u0642\u062f\u064a\u0645 \u0627\u0644\u0625\u0639\u0644\u0627\u0646\u0627\u062a \u0645\u0644\u0641 \u062a\u0639\u0631\u064a\u0641 \u0627\u0631\u062a\u0628\u0627\u0637 DoubleClick \u0644\u062a\u0642\u062f\u064a\u0645 \u0625\u0639\u0644\u0627\u0646\u0627\u062a \u0623\u0643\u062b\u0631 \u0635\u0644\u0629 \u0639\u0628\u0631 \u0627\u0644\u0648\u064a\u0628 \u0648\u0627\u0644\u062d\u062f \u0645\u0646 \u0639\u062f\u062f \u0627\u0644\u0645\u0631\u0627\u062a \u0627\u0644\u062a\u064a \u064a\u062a\u0645 \u0641\u064a\u0647\u0627 \u0639\u0631\u0636 \u0625\u0639\u0644\u0627\u0646 \u0645\u0639\u064a\u0646 \u0644\u0643.<\/p>\n<p>\u0644\u0645\u0632\u064a\u062f \u0645\u0646 \u0627\u0644\u0645\u0639\u0644\u0648\u0645\u0627\u062a \u062d\u0648\u0644 Google AdSense\u060c \u064a\u064f\u0631\u062c\u0649 \u0627\u0644\u0627\u0637\u0644\u0627\u0639 \u0639\u0644\u0649 \u0627\u0644\u0623\u0633\u0626\u0644\u0629 \u0627\u0644\u0634\u0627\u0626\u0639\u0629 \u062d\u0648\u0644 \u062e\u0635\u0648\u0635\u064a\u0629 Google AdSense. \u0646\u0633\u062a\u062e\u062f\u0645 \u0627\u0644\u0625\u0639\u0644\u0627\u0646\u0627\u062a \u0644\u062a\u063a\u0637\u064a\u0629 \u062a\u0643\u0627\u0644\u064a\u0641 \u062a\u0634\u063a\u064a\u0644 \u0647\u0630\u0627 \u0627\u0644\u0645\u0648\u0642\u0639 \u0648\u062a\u0648\u0641\u064a\u0631 \u0627\u0644\u062a\u0645\u0648\u064a\u0644 \u0627\u0644\u0644\u0627\u0632\u0645 \u0644\u0644\u062a\u0637\u0648\u064a\u0631 \u0627\u0644\u0645\u0633\u062a\u0642\u0628\u0644\u064a.<\/p>\n<p>\u062a\u0645 \u062a\u0635\u0645\u064a\u0645 \u0645\u0644\u0641\u0627\u062a \u062a\u0639\u0631\u064a\u0641 \u0627\u0644\u0627\u0631\u062a\u0628\u0627\u0637 \u0627\u0644\u0625\u0639\u0644\u0627\u0646\u064a\u0629 \u0627\u0644\u0633\u0644\u0648\u0643\u064a\u0629 \u0627\u0644\u062a\u064a \u064a\u0633\u062a\u062e\u062f\u0645\u0647\u0627 \u0647\u0630\u0627 \u0627\u0644\u0645\u0648\u0642\u0639 \u0644\u0636\u0645\u0627\u0646 \u062a\u0632\u0648\u064a\u062f\u0643 \u0628\u0627\u0644\u0625\u0639\u0644\u0627\u0646\u0627\u062a \u0627\u0644\u0623\u0643\u062b\u0631 \u0635\u0644\u0629 \u0643\u0644\u0645\u0627 \u0623\u0645\u0643\u0646 \u0630\u0644\u0643 \u0645\u0646 \u062e\u0644\u0627\u0644 \u062a\u062a\u0628\u0639 \u0627\u0647\u062a\u0645\u0627\u0645\u0627\u062a\u0643 \u0628\u0634\u0643\u0644 \u0645\u062c\u0647\u0648\u0644 \u0648\u062a\u0642\u062f\u064a\u0645 \u0623\u0634\u064a\u0627\u0621 \u0645\u0645\u0627\u062b\u0644\u0629 \u0642\u062f \u062a\u0647\u0645\u0643.<\/p>\n<p>\u064a\u0639\u0644\u0646 \u0627\u0644\u0639\u062f\u064a\u062f \u0645\u0646 \u0627\u0644\u0634\u0631\u0643\u0627\u0621 \u0646\u064a\u0627\u0628\u0629 \u0639\u0646\u0627\u060c \u0648\u0645\u0644\u0641\u0627\u062a \u062a\u0639\u0631\u064a\u0641 \u0627\u0644\u0627\u0631\u062a\u0628\u0627\u0637 \u0644\u062a\u062a\u0628\u0639 \u0627\u0644\u0634\u0631\u0643\u0627\u062a \u0627\u0644\u062a\u0627\u0628\u0639\u0629 \u062a\u0633\u0645\u062d \u0644\u0646\u0627 \u0628\u0628\u0633\u0627\u0637\u0629 \u0628\u0631\u0624\u064a\u0629 \u0645\u0627 \u0625\u0630\u0627 \u0643\u0627\u0646 \u0639\u0645\u0644\u0627\u0624\u0646\u0627 \u0642\u062f \u0648\u0635\u0644\u0648\u0627 \u0625\u0644\u0649 \u0627\u0644\u0645\u0648\u0642\u0639 \u0645\u0646 \u062e\u0644\u0627\u0644 \u0623\u062d\u062f \u0645\u0648\u0627\u0642\u0639 \u0634\u0631\u0643\u0627\u0626\u0646\u0627 \u062d\u062a\u0649 \u0646\u062a\u0645\u0643\u0646 \u0645\u0646 \u0645\u0646\u062d\u0647\u0645 \u0627\u0644\u0641\u0636\u0644 \u0628\u0634\u0643\u0644 \u0645\u0646\u0627\u0633\u0628\u060c \u0648\u0639\u0646\u062f\u0645\u0627 \u064a\u0646\u0637\u0628\u0642 \u0630\u0644\u0643\u060c \u0646\u0633\u0645\u062d \u0644\u0634\u0631\u0643\u0627\u0626\u0646\u0627 \u0627\u0644\u062a\u0627\u0628\u0639\u064a\u0646 \u0628\u062a\u0642\u062f\u064a\u0645 \u0623\u064a \u062d\u0627\u0641\u0632 \u0642\u062f \u064a\u0642\u062f\u0645\u0648\u0646\u0647 \u0644\u0643 \u0644\u0625\u062c\u0631\u0627\u0621 \u0639\u0645\u0644\u064a\u0629 \u0634\u0631\u0627\u0621.<\/p>\n<p>\u0627\u0644\u062a\u0632\u0627\u0645 \u0627\u0644\u0645\u0633\u062a\u062e\u062f\u0645 \u064a\u0644\u062a\u0632\u0645 \u0627\u0644\u0645\u0633\u062a\u062e\u062f\u0645 \u0628\u0627\u0644\u0627\u0633\u062a\u062e\u062f\u0627\u0645 \u0627\u0644\u0645\u0646\u0627\u0633\u0628 \u0644\u0644\u0645\u062d\u062a\u0648\u0649 \u0648\u0627\u0644\u0645\u0639\u0644\u0648\u0645\u0627\u062a \u0627\u0644\u062a\u064a \u064a\u0642\u062f\u0645\u0647\u0627 viaonlinedigital.com\/ \u0639\u0644\u0649 \u0627\u0644\u0645\u0648\u0642\u0639 \u0627\u0644\u0625\u0644\u0643\u062a\u0631\u0648\u0646\u064a\u060c \u0648\u0639\u0644\u0649 \u0633\u0628\u064a\u0644 \u0627\u0644\u0645\u062b\u0627\u0644 \u0644\u0627 \u0627\u0644\u062d\u0635\u0631:<\/p>\n<p>\u0623) \u0639\u062f\u0645 \u0645\u0645\u0627\u0631\u0633\u0629 \u0623\u0646\u0634\u0637\u0629 \u063a\u064a\u0631 \u0642\u0627\u0646\u0648\u0646\u064a\u0629 \u0623\u0648 \u0645\u062e\u0627\u0644\u0641\u0629 \u0644\u062d\u0633\u0646 \u0627\u0644\u0646\u064a\u0629 \u0648\u0627\u0644\u0646\u0638\u0627\u0645 \u0627\u0644\u0639\u0627\u0645\u061b<\/p>\n<p>\u0628) \u0639\u062f\u0645 \u0646\u0634\u0631 \u0627\u0644\u062f\u0639\u0627\u064a\u0629 \u0623\u0648 \u0627\u0644\u0645\u062d\u062a\u0648\u0649 \u0627\u0644\u0639\u0646\u0635\u0631\u064a \u0623\u0648 \u0627\u0644\u0645\u0639\u0627\u062f\u064a \u0644\u0644\u0623\u062c\u0627\u0646\u0628 \u0623\u0648 \u0627\u0644\u0645\u062a\u0639\u0644\u0642 \u0628\u0627\u0644\u0645\u0642\u0627\u0645\u0631\u0629 \u0623\u0648 \u0623\u064a \u0646\u0648\u0639 \u0645\u0646 \u0627\u0644\u0645\u0648\u0627\u062f \u0627\u0644\u0625\u0628\u0627\u062d\u064a\u0629 \u063a\u064a\u0631 \u0627\u0644\u0642\u0627\u0646\u0648\u0646\u064a\u0629 \u0623\u0648 \u0627\u0644\u062f\u0627\u0639\u0645\u0629 \u0644\u0644\u0625\u0631\u0647\u0627\u0628 \u0623\u0648 \u0627\u0644\u0645\u0646\u0627\u0647\u0636\u0629 \u0644\u062d\u0642\u0648\u0642 \u0627\u0644\u0625\u0646\u0633\u0627\u0646\u061b<\/p>\n<p>\u062c) \u0639\u062f\u0645 \u0625\u062d\u062f\u0627\u062b \u0636\u0631\u0631 \u0644\u0644\u0623\u0646\u0638\u0645\u0629 \u0627\u0644\u0645\u0627\u062f\u064a\u0629 (\u0627\u0644\u0623\u062c\u0647\u0632\u0629) \u0648\u0627\u0644\u0645\u0646\u0637\u0642\u064a\u0629 (\u0627\u0644\u0628\u0631\u0645\u062c\u064a\u0627\u062a) \u0627\u0644\u062e\u0627\u0635\u0629 \u0628\u0640 viaonlinedigital.com\/ \u0623\u0648 \u0645\u0648\u0631\u062f\u064a\u0647\u0627 \u0623\u0648 \u0623\u0637\u0631\u0627\u0641 \u062b\u0627\u0644\u062b\u0629\u060c \u0623\u0648 \u0625\u062f\u062e\u0627\u0644 \u0623\u0648 \u0646\u0634\u0631 \u0641\u064a\u0631\u0648\u0633\u0627\u062a \u0627\u0644\u0643\u0645\u0628\u064a\u0648\u062a\u0631 \u0623\u0648 \u0623\u064a \u0623\u0646\u0638\u0645\u0629 \u0623\u062c\u0647\u0632\u0629 \u0623\u0648 \u0628\u0631\u0627\u0645\u062c \u0623\u062e\u0631\u0649 \u0642\u0627\u062f\u0631\u0629 \u0639\u0644\u0649 \u0627\u0644\u062a\u0633\u0628\u0628 \u0641\u064a \u0627\u0644\u0636\u0631\u0631 \u0627\u0644\u0645\u0630\u0643\u0648\u0631 \u0623\u0639\u0644\u0627\u0647.<\/p>\n<p>\u0646\u0623\u0645\u0644 \u0623\u0646 \u064a\u0643\u0648\u0646 \u0647\u0630\u0627 \u0642\u062f \u0623\u0648\u0636\u062d \u0644\u0643 \u0627\u0644\u0623\u0645\u0648\u0631\u060c \u0648\u0643\u0645\u0627 \u0630\u064f\u0643\u0631 \u0633\u0627\u0628\u0642\u064b\u0627\u060c \u0625\u0630\u0627 \u0643\u0627\u0646 \u0647\u0646\u0627\u0643 \u0623\u064a \u0634\u064a\u0621 \u0644\u0633\u062a \u0645\u062a\u0623\u0643\u062f\u064b\u0627 \u0645\u0646 \u062d\u0627\u062c\u062a\u0643 \u0625\u0644\u064a\u0647\u060c \u0641\u0645\u0646 \u0627\u0644\u0623\u0641\u0636\u0644 \u0639\u0627\u062f\u0629\u064b \u0625\u0628\u0642\u0627\u0621 \u0645\u0644\u0641\u0627\u062a \u062a\u0639\u0631\u064a\u0641 \u0627\u0644\u0627\u0631\u062a\u0628\u0627\u0637 \u0645\u064f\u0641\u0639\u0651\u0644\u0629 \u062a\u062d\u0633\u0628\u064b\u0627 \u0644\u062a\u0641\u0627\u0639\u0644\u0647\u0627 \u0645\u0639 \u0625\u062d\u062f\u0649 \u0627\u0644\u0645\u064a\u0632\u0627\u062a \u0627\u0644\u062a\u064a \u062a\u0633\u062a\u062e\u062f\u0645\u0647\u0627 \u0639\u0644\u0649 \u0645\u0648\u0642\u0639\u0646\u0627. \u062a\u0633\u0631\u064a \u0647\u0630\u0647 \u0627\u0644\u0633\u064a\u0627\u0633\u0629 \u0627\u0639\u062a\u0628\u0627\u0631\u064b\u0627 \u0645\u0646 \u0661\u0661 \u0641\u0628\u0631\u0627\u064a\u0631 \u0662\u0660\u0662\u0665 \u0627\u0644\u0633\u0627\u0639\u0629 \u0661\u0664:\u0661\u0661.<\/p>\n<\/body><\/html>","protected":false},"excerpt":{"rendered":"<p>Pol\u00edtica PrivacidadeA sua privacidade \u00e9 importante para n\u00f3s. \u00c9 pol\u00edtica do viaonlinedigital.com\/ respeitar a sua privacidade em rela\u00e7\u00e3o a qualquer informa\u00e7\u00e3o sua que possamos coletar no site viaonlinedigital.com\/, e outros sites que possu\u00edmos e operamos. Solicitamos informa\u00e7\u00f5es pessoais apenas quando realmente precisamos delas para lhe fornecer um servi\u00e7o. Fazemo-lo por meios justos e legais, com [&hellip;]<\/p>\n","protected":false},"author":1,"featured_media":0,"parent":0,"menu_order":0,"comment_status":"closed","ping_status":"closed","template":"","meta":{"footnotes":""},"class_list":["post-3","page","type-page","status-publish","hentry"],"yoast_head":"<!-- This site is optimized with the Yoast SEO plugin v27.4 - https:\/\/yoast.com\/product\/yoast-seo-wordpress\/ -->\n<title>Pol\u00edtica de privacidade - Via Online Digital<\/title>\n<meta name=\"robots\" content=\"index, follow, max-snippet:-1, max-image-preview:large, max-video-preview:-1\" \/>\n<link rel=\"canonical\" href=\"https:\/\/viaonlinedigital.com\/ar\/politica-de-privacidade\/\" \/>\n<meta property=\"og:locale\" content=\"ar_AR\" \/>\n<meta property=\"og:type\" content=\"article\" \/>\n<meta property=\"og:title\" content=\"Pol\u00edtica de privacidade - Via Online Digital\" \/>\n<meta property=\"og:description\" content=\"Pol\u00edtica PrivacidadeA sua privacidade \u00e9 importante para n\u00f3s. \u00c9 pol\u00edtica do viaonlinedigital.com\/ respeitar a sua privacidade em rela\u00e7\u00e3o a qualquer informa\u00e7\u00e3o sua que possamos coletar no site viaonlinedigital.com\/, e outros sites que possu\u00edmos e operamos. Solicitamos informa\u00e7\u00f5es pessoais apenas quando realmente precisamos delas para lhe fornecer um servi\u00e7o. Fazemo-lo por meios justos e legais, com [&hellip;]\" \/>\n<meta property=\"og:url\" content=\"https:\/\/viaonlinedigital.com\/ar\/politica-de-privacidade\/\" \/>\n<meta property=\"og:site_name\" content=\"Via Online Digital\" \/>\n<meta property=\"article:modified_time\" content=\"2025-02-11T14:13:08+00:00\" \/>\n<meta name=\"twitter:card\" content=\"summary_large_image\" \/>\n<meta name=\"twitter:label1\" content=\"\u0648\u0642\u062a \u0627\u0644\u0642\u0631\u0627\u0621\u0629 \u0627\u0644\u0645\u064f\u0642\u062f\u0651\u0631\" \/>\n\t<meta name=\"twitter:data1\" content=\"3 \u062f\u0642\u0627\u0626\u0642\" \/>\n<script type=\"application\/ld+json\" class=\"yoast-schema-graph\">{\"@context\":\"https:\\\/\\\/schema.org\",\"@graph\":[{\"@type\":\"WebPage\",\"@id\":\"https:\\\/\\\/viaonlinedigital.com\\\/politica-de-privacidade\\\/\",\"url\":\"https:\\\/\\\/viaonlinedigital.com\\\/politica-de-privacidade\\\/\",\"name\":\"Pol\u00edtica de privacidade - Via Online Digital\",\"isPartOf\":{\"@id\":\"https:\\\/\\\/viaonlinedigital.com\\\/#website\"},\"datePublished\":\"2024-11-25T15:11:17+00:00\",\"dateModified\":\"2025-02-11T14:13:08+00:00\",\"breadcrumb\":{\"@id\":\"https:\\\/\\\/viaonlinedigital.com\\\/politica-de-privacidade\\\/#breadcrumb\"},\"inLanguage\":\"ar\",\"potentialAction\":[{\"@type\":\"ReadAction\",\"target\":[\"https:\\\/\\\/viaonlinedigital.com\\\/politica-de-privacidade\\\/\"]}]},{\"@type\":\"BreadcrumbList\",\"@id\":\"https:\\\/\\\/viaonlinedigital.com\\\/politica-de-privacidade\\\/#breadcrumb\",\"itemListElement\":[{\"@type\":\"ListItem\",\"position\":1,\"name\":\"In\u00edcio\",\"item\":\"https:\\\/\\\/viaonlinedigital.com\\\/\"},{\"@type\":\"ListItem\",\"position\":2,\"name\":\"Pol\u00edtica de privacidade\"}]},{\"@type\":\"WebSite\",\"@id\":\"https:\\\/\\\/viaonlinedigital.com\\\/#website\",\"url\":\"https:\\\/\\\/viaonlinedigital.com\\\/\",\"name\":\"Via Online Digital\",\"description\":\"Seu blog ideal para todos os momentos\",\"publisher\":{\"@id\":\"https:\\\/\\\/viaonlinedigital.com\\\/#organization\"},\"potentialAction\":[{\"@type\":\"SearchAction\",\"target\":{\"@type\":\"EntryPoint\",\"urlTemplate\":\"https:\\\/\\\/viaonlinedigital.com\\\/?s={search_term_string}\"},\"query-input\":{\"@type\":\"PropertyValueSpecification\",\"valueRequired\":true,\"valueName\":\"search_term_string\"}}],\"inLanguage\":\"ar\"},{\"@type\":\"Organization\",\"@id\":\"https:\\\/\\\/viaonlinedigital.com\\\/#organization\",\"name\":\"Via Online Digital\",\"url\":\"https:\\\/\\\/viaonlinedigital.com\\\/\",\"logo\":{\"@type\":\"ImageObject\",\"inLanguage\":\"ar\",\"@id\":\"https:\\\/\\\/viaonlinedigital.com\\\/#\\\/schema\\\/logo\\\/image\\\/\",\"url\":\"https:\\\/\\\/viaonlinedigital.com\\\/wp-content\\\/uploads\\\/2024\\\/11\\\/cropped-favicon-logo.png\",\"contentUrl\":\"https:\\\/\\\/viaonlinedigital.com\\\/wp-content\\\/uploads\\\/2024\\\/11\\\/cropped-favicon-logo.png\",\"width\":64,\"height\":64,\"caption\":\"Via Online Digital\"},\"image\":{\"@id\":\"https:\\\/\\\/viaonlinedigital.com\\\/#\\\/schema\\\/logo\\\/image\\\/\"}}]}<\/script>\n<!-- \/ Yoast SEO plugin. -->","yoast_head_json":{"title":"\u0633\u064a\u0627\u0633\u0629 \u0627\u0644\u062e\u0635\u0648\u0635\u064a\u0629 - \u0639\u0628\u0631 \u0627\u0644\u0625\u0646\u062a\u0631\u0646\u062a \u0627\u0644\u0631\u0642\u0645\u064a","robots":{"index":"index","follow":"follow","max-snippet":"max-snippet:-1","max-image-preview":"max-image-preview:large","max-video-preview":"max-video-preview:-1"},"canonical":"https:\/\/viaonlinedigital.com\/ar\/politica-de-privacidade\/","og_locale":"ar_AR","og_type":"article","og_title":"Pol\u00edtica de privacidade - Via Online Digital","og_description":"Pol\u00edtica PrivacidadeA sua privacidade \u00e9 importante para n\u00f3s. \u00c9 pol\u00edtica do viaonlinedigital.com\/ respeitar a sua privacidade em rela\u00e7\u00e3o a qualquer informa\u00e7\u00e3o sua que possamos coletar no site viaonlinedigital.com\/, e outros sites que possu\u00edmos e operamos. Solicitamos informa\u00e7\u00f5es pessoais apenas quando realmente precisamos delas para lhe fornecer um servi\u00e7o. Fazemo-lo por meios justos e legais, com [&hellip;]","og_url":"https:\/\/viaonlinedigital.com\/ar\/politica-de-privacidade\/","og_site_name":"Via Online Digital","article_modified_time":"2025-02-11T14:13:08+00:00","twitter_card":"summary_large_image","twitter_misc":{"\u0648\u0642\u062a \u0627\u0644\u0642\u0631\u0627\u0621\u0629 \u0627\u0644\u0645\u064f\u0642\u062f\u0651\u0631":"3 \u062f\u0642\u0627\u0626\u0642"},"schema":{"@context":"https:\/\/schema.org","@graph":[{"@type":"WebPage","@id":"https:\/\/viaonlinedigital.com\/politica-de-privacidade\/","url":"https:\/\/viaonlinedigital.com\/politica-de-privacidade\/","name":"\u0633\u064a\u0627\u0633\u0629 \u0627\u0644\u062e\u0635\u0648\u0635\u064a\u0629 - \u0639\u0628\u0631 \u0627\u0644\u0625\u0646\u062a\u0631\u0646\u062a \u0627\u0644\u0631\u0642\u0645\u064a","isPartOf":{"@id":"https:\/\/viaonlinedigital.com\/#website"},"datePublished":"2024-11-25T15:11:17+00:00","dateModified":"2025-02-11T14:13:08+00:00","breadcrumb":{"@id":"https:\/\/viaonlinedigital.com\/politica-de-privacidade\/#breadcrumb"},"inLanguage":"ar","potentialAction":[{"@type":"ReadAction","target":["https:\/\/viaonlinedigital.com\/politica-de-privacidade\/"]}]},{"@type":"BreadcrumbList","@id":"https:\/\/viaonlinedigital.com\/politica-de-privacidade\/#breadcrumb","itemListElement":[{"@type":"ListItem","position":1,"name":"In\u00edcio","item":"https:\/\/viaonlinedigital.com\/"},{"@type":"ListItem","position":2,"name":"Pol\u00edtica de privacidade"}]},{"@type":"WebSite","@id":"https:\/\/viaonlinedigital.com\/#website","url":"https:\/\/viaonlinedigital.com\/","name":"\u0639\u0628\u0631 \u0627\u0644\u0625\u0646\u062a\u0631\u0646\u062a \u0627\u0644\u0631\u0642\u0645\u064a","description":"\u0645\u062f\u0648\u0646\u062a\u0643 \u0627\u0644\u0645\u062b\u0627\u0644\u064a\u0629 \u0644\u062c\u0645\u064a\u0639 \u0627\u0644\u0623\u0648\u0642\u0627\u062a","publisher":{"@id":"https:\/\/viaonlinedigital.com\/#organization"},"potentialAction":[{"@type":"SearchAction","target":{"@type":"EntryPoint","urlTemplate":"https:\/\/viaonlinedigital.com\/?s={search_term_string}"},"query-input":{"@type":"PropertyValueSpecification","valueRequired":true,"valueName":"search_term_string"}}],"inLanguage":"ar"},{"@type":"Organization","@id":"https:\/\/viaonlinedigital.com\/#organization","name":"\u0639\u0628\u0631 \u0627\u0644\u0625\u0646\u062a\u0631\u0646\u062a \u0627\u0644\u0631\u0642\u0645\u064a","url":"https:\/\/viaonlinedigital.com\/","logo":{"@type":"ImageObject","inLanguage":"ar","@id":"https:\/\/viaonlinedigital.com\/#\/schema\/logo\/image\/","url":"https:\/\/viaonlinedigital.com\/wp-content\/uploads\/2024\/11\/cropped-favicon-logo.png","contentUrl":"https:\/\/viaonlinedigital.com\/wp-content\/uploads\/2024\/11\/cropped-favicon-logo.png","width":64,"height":64,"caption":"Via Online Digital"},"image":{"@id":"https:\/\/viaonlinedigital.com\/#\/schema\/logo\/image\/"}}]}},"_links":{"self":[{"href":"https:\/\/viaonlinedigital.com\/ar\/wp-json\/wp\/v2\/pages\/3","targetHints":{"allow":["GET"]}}],"collection":[{"href":"https:\/\/viaonlinedigital.com\/ar\/wp-json\/wp\/v2\/pages"}],"about":[{"href":"https:\/\/viaonlinedigital.com\/ar\/wp-json\/wp\/v2\/types\/page"}],"author":[{"embeddable":true,"href":"https:\/\/viaonlinedigital.com\/ar\/wp-json\/wp\/v2\/users\/1"}],"replies":[{"embeddable":true,"href":"https:\/\/viaonlinedigital.com\/ar\/wp-json\/wp\/v2\/comments?post=3"}],"version-history":[{"count":5,"href":"https:\/\/viaonlinedigital.com\/ar\/wp-json\/wp\/v2\/pages\/3\/revisions"}],"predecessor-version":[{"id":831,"href":"https:\/\/viaonlinedigital.com\/ar\/wp-json\/wp\/v2\/pages\/3\/revisions\/831"}],"wp:attachment":[{"href":"https:\/\/viaonlinedigital.com\/ar\/wp-json\/wp\/v2\/media?parent=3"}],"curies":[{"name":"\u0648\u0648\u0631\u062f\u0628\u0631\u064a\u0633","href":"https:\/\/api.w.org\/{rel}","templated":true}]}}