{"id":1456,"date":"2025-11-24T20:36:29","date_gmt":"2025-11-24T23:36:29","guid":{"rendered":"https:\/\/viaonlinedigital.com\/?page_id=1456"},"modified":"2025-11-24T20:52:56","modified_gmt":"2025-11-24T23:52:56","slug":"calendario-de-pagamento-atualizado-bolsa-familia-inss-e-auxilios-deste-mes","status":"publish","type":"page","link":"https:\/\/viaonlinedigital.com\/ar\/calendario-de-pagamento-atualizado-bolsa-familia-inss-e-auxilios-deste-mes\/","title":{"rendered":"\u062c\u062f\u0648\u0644 \u0627\u0644\u062f\u0641\u0639 \u0627\u0644\u0645\u064f\u062d\u062f\u0651\u062b: \u0628\u0648\u0644\u0633\u0627 \u0641\u0627\u0645\u064a\u0644\u064a\u0627\u060c \u0648\u0628\u0631\u0646\u0627\u0645\u062c INSS\u060c \u0648\u0627\u0644\u0645\u0632\u0627\u064a\u0627 \u0644\u0647\u0630\u0627 \u0627\u0644\u0634\u0647\u0631"},"content":{"rendered":"<html><body><p>\u062a\u0623\u0643\u062f \u0645\u0646 \u062a\u0627\u0631\u064a\u062e \u0627\u0633\u062a\u0644\u0627\u0645 \u062f\u0641\u0639\u062a\u0643\u060c \u0628\u0646\u0627\u0621\u064b \u0639\u0644\u0649 \u0631\u0642\u0645\u0643 \u0627\u0644\u0648\u0637\u0646\u064a (NIS)\u060c \u0623\u0648 \u0631\u0642\u0645 \u0635\u0646\u062f\u0648\u0642 \u0627\u0644\u062a\u0642\u0627\u0639\u062f \u0627\u0644\u0645\u0631\u0643\u0632\u064a (CPF)\u060c \u0623\u0648 \u0627\u0644\u0631\u0642\u0645 \u0627\u0644\u0623\u062e\u064a\u0631 \u0645\u0646 \u0631\u0642\u0645 \u0627\u0633\u062a\u062d\u0642\u0627\u0642\u0643. \u062a\u062c\u0646\u0628 \u0627\u0644\u0645\u0641\u0627\u062c\u0622\u062a \u0648\u0627\u0644\u062a\u0623\u062e\u064a\u0631.<\/p>\n\n\n\t\t\t\t\t\t<p class=\"wp-block-create-block-sb-buttons\">\n\t\t\t\t<\/p><div class=\"shortcode-botao\">\n    <a href=\"https:\/\/viaonlinedigital.com\/ar\/calendario-de-pagamento-atualizado-bolsa-familia-inss-e-auxilios\/\" class=\"btn-base reward-ads\" style=\"background-color: #1e90ff; color: #ffffff\">\n        <h3 class=\"title\">\ud83d\udc49 \u0639\u0631\u0636 \u0627\u0644\u062a\u0642\u0648\u064a\u0645 \u0627\u0644\u0645\u062d\u062f\u062b<\/h3>\n    <\/a>\n<\/div>\n\t<div class=\"disclaimer-button1\">\u0633\u0648\u0641 \u062a\u0628\u0642\u0649 \u0639\u0644\u0649 \u0647\u0630\u0627 \u0627\u0644\u0645\u0648\u0642\u0639.<\/div>\n\t\t\t\n\t\t\t\t\t\n\t\n\t\n\t\n\t\n\n\n<h2 class=\"wp-block-heading\">\u064a\u0642\u0648\u0645 \u0622\u0644\u0627\u0641 \u0627\u0644\u0628\u0631\u0627\u0632\u064a\u0644\u064a\u064a\u0646 \u0628\u0641\u062d\u0635 \u0627\u0644\u062a\u0642\u0648\u064a\u0645 \u0643\u0644 \u0634\u0647\u0631.<\/h2>\n\n\n\n<ul class=\"wp-block-list\">\n<li>\u201c&quot;\u0644\u0642\u062f \u0627\u0643\u062a\u0634\u0641\u062a \u0623\u0646 \u0627\u0644\u062f\u0641\u0639 \u0648\u0635\u0644 \u0642\u0628\u0644 \u064a\u0648\u0645 \u0648\u0627\u062d\u062f \u0645\u0645\u0627 \u0643\u0646\u062a \u0623\u0639\u062a\u0642\u062f.&quot;\u201d<\/li>\n\n\n\n<li>\u201c&quot;\u0627\u0644\u0622\u0646 \u0644\u0646 \u0623\u0641\u062a\u0642\u062f \u0627\u0644\u0645\u0648\u0639\u062f \u0627\u0644\u0646\u0647\u0627\u0626\u064a \u0645\u0631\u0629 \u0623\u062e\u0631\u0649 \u0623\u0628\u062f\u064b\u0627\u060c \u0648\u0623\u0633\u062a\u0637\u064a\u0639 \u0623\u0646 \u0623\u0646\u0638\u0645 \u0646\u0641\u0633\u064a \u0628\u0634\u0643\u0644 \u0645\u062b\u0627\u0644\u064a.&quot;\u201d<\/li>\n\n\n\n<li>\u201c&quot;\u0623\u0633\u062a\u062e\u062f\u0645 \u062f\u0627\u0626\u0645\u064b\u0627 \u0647\u0630\u0627 \u0627\u0644\u062a\u0642\u0648\u064a\u0645 \u0644\u0645\u0639\u0631\u0641\u0629 \u0645\u0648\u0639\u062f \u0625\u064a\u062f\u0627\u0639 \u062f\u0641\u0639\u0629 Bolsa Fam\u00edlia.&quot;\u201d<\/li>\n<\/ul>\n\n\n\n<p>\ud83d\udcc5 \u064a\u0628\u062f\u0623 \u062a\u0646\u0638\u064a\u0645 \u0634\u0624\u0648\u0646\u0643 \u0627\u0644\u0645\u0627\u0644\u064a\u0629 \u0628\u0645\u0639\u0631\u0641\u0629 \u0627\u0644\u064a\u0648\u0645 \u0627\u0644\u0645\u062d\u062f\u062f \u0627\u0644\u0630\u064a \u0633\u062a\u0635\u0644 \u0641\u064a\u0647 \u0623\u0645\u0648\u0627\u0644\u0643.<\/p>\n\n\n\n<h2 class=\"wp-block-heading\">\u0645\u0627 \u0633\u062a\u0631\u0627\u0647 \u0641\u064a \u0647\u0630\u0647 \u0627\u0644\u0635\u0641\u062d\u0629<\/h2>\n\n\n\n<ul class=\"wp-block-list\">\n<li>\u2705\u00a0<strong>\u062a\u0642\u0648\u064a\u0645 \u0628\u0648\u0644\u0633\u0627 \u0641\u0627\u0645\u064a\u0644\u064a\u0627<\/strong>\u00a0\u062a\u0645 \u062a\u0646\u0638\u064a\u0645\u0647 \u0628\u0648\u0627\u0633\u0637\u0629 NIS \u0627\u0644\u0646\u0647\u0627\u0626\u064a<\/li>\n\n\n\n<li>\u2705\u00a0<strong>\u062a\u0642\u0648\u064a\u0645 INSS<\/strong>\u00a0\u0641\u064a \u0646\u0647\u0627\u064a\u0629 \u0627\u0644\u0627\u0633\u062a\u0641\u0627\u062f\u0629<\/li>\n\n\n\n<li>\u2705\u00a0<strong>\u0645\u0648\u0627\u0639\u064a\u062f \u0645\u0633\u0627\u0639\u062f\u0629 \u0627\u0644\u063a\u0627\u0632<\/strong>\u00a0\u0648\u0627\u0644\u0645\u0633\u0627\u0639\u062f\u0627\u062a \u0627\u0644\u0623\u062e\u0631\u0649<\/li>\n\n\n\n<li>\u2705 \u0634\u0631\u062d \u0645\u0628\u0633\u0637 \u0644\u0643\u064a\u0641\u064a\u0629 \u0642\u0631\u0627\u0621\u0629 \u0627\u0644\u062a\u0642\u0648\u064a\u0645<\/li>\n\n\n\n<li>\u2705 \u0646\u0635\u0627\u0626\u062d \u0644\u062a\u062c\u0646\u0628 \u062e\u0633\u0627\u0631\u0629 \u0627\u0644\u0645\u062f\u0641\u0648\u0639\u0627\u062a \u0628\u0633\u0628\u0628 \u0646\u0642\u0635 \u0627\u0644\u0645\u0639\u0644\u0648\u0645\u0627\u062a<\/li>\n<\/ul>\n\n\n\n<h2 class=\"wp-block-heading\">\u0645\u0644\u062e\u0635 \u0633\u0631\u064a\u0639 \u0644\u062a\u0642\u0648\u064a\u0645\u0627\u062a \u0647\u0630\u0627 \u0627\u0644\u0634\u0647\u0631.<\/h2>\n\n\n\n<figure class=\"wp-block-table\"><table class=\"has-fixed-layout\"><thead><tr><th>\u0641\u0627\u0626\u062f\u0629<\/th><th>\u0642\u0627\u0639\u062f\u0629<\/th><th>\u0643\u064a\u0641\u064a\u0629 \u0639\u0631\u0636 \u0627\u0644\u062a\u0627\u0631\u064a\u062e<\/th><\/tr><\/thead><tbody><tr><td>\u0628\u062f\u0644 \u0627\u0644\u0623\u0633\u0631\u0629<\/td><td>\u0646\u0647\u0627\u064a\u0629 \u0646\u0638\u0627\u0645 \u0627\u0644\u0645\u0639\u0644\u0648\u0645\u0627\u062a \u0627\u0644\u0648\u0637\u0646\u064a<\/td><td>\u0642\u0645 \u0628\u0627\u0644\u062a\u062d\u0642\u0642 \u0645\u0646 \u0627\u0644\u0631\u0642\u0645 \u0627\u0644\u0623\u062e\u064a\u0631 \u0645\u0646 \u0631\u0642\u0645 NIS \u0627\u0644\u062e\u0627\u0635 \u0628\u0643 \u0648\u0627\u0646\u0638\u0631 \u0625\u0644\u0649 \u0627\u0644\u064a\u0648\u0645 \u0627\u0644\u0645\u0642\u0627\u0628\u0644 \u0641\u064a \u0627\u0644\u062c\u062f\u0648\u0644.<\/td><\/tr><tr><td>\u0645\u0639\u0647\u062f \u0625\u0646 \u0625\u0633 \u0625\u0633<\/td><td>\u0646\u0647\u0627\u064a\u0629 \u0627\u0644\u0627\u0633\u062a\u0641\u0627\u062f\u0629<\/td><td>\u0642\u0645 \u0628\u0625\u0644\u0642\u0627\u0621 \u0646\u0638\u0631\u0629 \u0639\u0644\u0649 \u0627\u0644\u0631\u0642\u0645 \u0627\u0644\u0623\u062e\u064a\u0631 \u0645\u0646 \u0631\u0642\u0645 \u0627\u0633\u062a\u062d\u0642\u0627\u0642\u0643 \u0648\u0642\u0627\u0631\u0646\u0647 \u0628\u0633\u0637\u0631 \u0627\u0644\u062a\u0642\u0648\u064a\u0645.<\/td><\/tr><tr><td>\u0645\u0633\u0627\u0639\u062f\u0627\u062a \u0627\u0644\u063a\u0627\u0632<\/td><td>\u062a\u0642\u0648\u064a\u0645 \u062e\u0627\u0635<\/td><td>\u064a\u062a\u0645 \u062a\u062d\u062f\u064a\u062f \u0627\u0644\u062a\u0648\u0627\u0631\u064a\u062e \u0643\u0644 \u0634\u0647\u0631\u064a\u0646\u061b \u064a\u0631\u062c\u0649 \u0627\u0644\u0631\u062c\u0648\u0639 \u0625\u0644\u0649 \u0627\u0644\u062c\u062f\u0648\u0644 \u0623\u062f\u0646\u0627\u0647.<\/td><\/tr><\/tbody><\/table><\/figure>\n\n\n\n<h2 class=\"wp-block-heading\">\u0643\u064a\u0641\u064a\u0629 \u0641\u0647\u0645 \u062c\u062f\u0648\u0644 \u0627\u0644\u062f\u0641\u0639<\/h2>\n\n\n\n<p>\u0628\u0627\u0644\u0646\u0633\u0628\u0629 \u0644\u0645\u0639\u0638\u0645 \u0627\u0644\u0645\u0632\u0627\u064a\u0627 \u0627\u0644\u062d\u0643\u0648\u0645\u064a\u0629\u060c \u064a\u062e\u062a\u0644\u0641 \u062a\u0627\u0631\u064a\u062e \u0627\u0644\u062f\u0641\u0639 \u0644\u0644\u062c\u0645\u064a\u0639. \u064a\u0639\u062a\u0645\u062f \u0630\u0644\u0643 \u0639\u0644\u0649...\u00a0<strong>\u0646\u0647\u0627\u064a\u0629 \u0646\u0638\u0627\u0645 \u0627\u0644\u0645\u0639\u0644\u0648\u0645\u0627\u062a \u0627\u0644\u0648\u0637\u0646\u064a<\/strong>, \u0644\u00a0<strong>\u0646\u0647\u0627\u064a\u0629 \u0627\u0644\u0627\u0633\u062a\u0641\u0627\u062f\u0629<\/strong>\u00a0\u0623\u0648 \u0645\u0646 \u0637\u0627\u0648\u0644\u0629 \u0631\u0633\u0645\u064a\u0629.<\/p>\n\n\n\n<ul class=\"wp-block-list\">\n<li>\u0627\u0644\u0639\u0642\u062f\u0629\u00a0<strong>\u0628\u062f\u0644 \u0627\u0644\u0623\u0633\u0631\u0629<\/strong>, \u0623\u0646\u062a \u062a\u0646\u0638\u0631 \u0625\u0644\u0649\u00a0<strong>\u0622\u062e\u0631 \u0631\u0642\u0645 NIS<\/strong>\u00a0\u0639\u0644\u0649 \u0627\u0644\u0628\u0637\u0627\u0642\u0629 \u0623\u0648 \u0627\u0644\u062a\u0637\u0628\u064a\u0642.<\/li>\n\n\n\n<li>\u0627\u0644\u0639\u0642\u062f\u0629\u00a0<strong>\u0645\u0639\u0647\u062f \u0625\u0646 \u0625\u0633 \u0625\u0633<\/strong>, \u0627\u0646\u062a \u062a\u0633\u062a\u062e\u062f\u0645\u00a0<strong>\u0631\u0642\u0645 \u0627\u0644\u0627\u0633\u062a\u0641\u0627\u062f\u0629<\/strong>.<\/li>\n\n\n\n<li>\u0627\u0644\u0639\u0642\u062f\u0629\u00a0<strong>\u062f\u0639\u0645 \u0627\u0644\u063a\u0627\u0632 \u0648\u0627\u0644\u062f\u0639\u0645 \u0627\u0644\u0622\u062e\u0631<\/strong>, \u0648\u0641\u064a\u0645\u0627 \u064a\u0644\u064a \u0627\u0644\u062c\u062f\u0648\u0644 \u0627\u0644\u0630\u064a \u0623\u0635\u062f\u0631\u062a\u0647 \u0627\u0644\u062d\u0643\u0648\u0645\u0629:.<\/li>\n<\/ul>\n\n\n\n<h2 class=\"wp-block-heading\">\u0644\u0645\u0627\u0630\u0627 \u0645\u0646 \u0627\u0644\u0645\u0647\u0645 \u0645\u062a\u0627\u0628\u0639\u0629 \u0627\u0644\u062a\u0642\u0648\u064a\u0645 \u0643\u0644 \u0634\u0647\u0631\u061f<\/h2>\n\n\n\n<ul class=\"wp-block-list\">\n<li>\u062a\u062a\u062c\u0646\u0628 \u0627\u0644\u062a\u0641\u0643\u064a\u0631 \u0628\u0623\u0646 &quot;\u0627\u0644\u0641\u0627\u0626\u062f\u0629 \u0644\u0645 \u064a\u062a\u0645 \u0625\u0636\u0627\u0641\u062a\u0647\u0627&quot; \u0639\u0646\u062f\u0645\u0627 \u0644\u0645 \u064a\u062d\u0646 \u062a\u0627\u0631\u064a\u062e \u0627\u0644\u062f\u0641\u0639 \u0628\u0639\u062f.<\/li>\n\n\n\n<li>\u062a\u062a\u0645\u0643\u0646 \u0645\u0646 \u062a\u0646\u0638\u064a\u0645 \u0646\u0641\u0633\u0643 \u0628\u0634\u0643\u0644 \u0623\u0641\u0636\u0644 \u0645\u0639 \u0627\u0644\u0641\u0648\u0627\u062a\u064a\u0631 \u0648\u0627\u0644\u0645\u0634\u062a\u0631\u064a\u0627\u062a \u0648\u0627\u0644\u062f\u064a\u0648\u0646.<\/li>\n\n\n\n<li>\u0647\u0644 \u064a\u0645\u0643\u0646\u0643 \u062a\u062d\u062f\u064a\u062f \u0627\u0644\u062a\u0623\u062e\u064a\u0631\u0627\u062a \u0627\u0644\u0641\u0639\u0644\u064a\u0629 \u0623\u0648 \u0645\u0634\u0627\u0643\u0644 \u0627\u0644\u062a\u0633\u062c\u064a\u0644 \u0627\u0644\u0645\u062d\u062a\u0645\u0644\u0629\u061f.<\/li>\n\n\n\n<li>\u0644\u0627 \u062a\u0646\u062e\u062f\u0639 \u0628\u0627\u0644\u062e\u062f\u0639 \u0627\u0644\u062a\u064a \u064a\u0642\u0648\u0645 \u0628\u0647\u0627 \u0627\u0644\u0623\u0634\u062e\u0627\u0635 \u0627\u0644\u0630\u064a\u0646 \u064a\u0635\u0646\u0639\u0648\u0646 \u0645\u0648\u0627\u0639\u064a\u062f \u0648\u0647\u0645\u064a\u0629.<\/li>\n<\/ul>\n\n\n\n<h2 class=\"wp-block-heading\">\u0627\u0644\u0623\u0633\u0626\u0644\u0629 \u0627\u0644\u0634\u0627\u0626\u0639\u0629 \u062d\u0648\u0644 \u062c\u062f\u0648\u0644 \u0627\u0644\u062f\u0641\u0639<\/h2>\n\n\n\n<h3 class=\"wp-block-heading\">\ud83d\udccc\u0647\u0644 \u0627\u0644\u062a\u0642\u0648\u064a\u0645 \u0647\u0648 \u0646\u0641\u0633\u0647 \u0644\u062c\u0645\u064a\u0639 \u0627\u0644\u0648\u0644\u0627\u064a\u0627\u062a\u061f<\/h3>\n\n\n\n<p>\u0628\u0627\u0644\u0646\u0633\u0628\u0629 \u0644\u0644\u0645\u0632\u0627\u064a\u0627 \u0627\u0644\u0648\u0637\u0646\u064a\u0629\u060c \u0645\u062b\u0644 Bolsa Fam\u00edlia \u0648INSS\u060c \u0641\u0625\u0646 \u0627\u0644\u062c\u062f\u0648\u0644 \u0627\u0644\u0632\u0645\u0646\u064a \u0647\u0648 \u0646\u0641\u0633\u0647 \u0641\u064a \u062c\u0645\u064a\u0639 \u0623\u0646\u062d\u0627\u0621 \u0627\u0644\u0628\u0644\u0627\u062f.<\/p>\n\n\n\n<h3 class=\"wp-block-heading\">\ud83d\udccc\u0647\u0644 \u064a\u0645\u0643\u0646 \u0644\u0644\u062d\u0643\u0648\u0645\u0629 \u062a\u063a\u064a\u064a\u0631 \u0627\u0644\u0645\u0648\u0639\u062f\u061f<\/h3>\n\n\n\n<p>\u0646\u0639\u0645\u060c \u064a\u064f\u0645\u0643\u0646 \u0630\u0644\u0643. \u0641\u064a \u062d\u0627\u0644\u0627\u062a \u062e\u0627\u0635\u0629\u060c \u0642\u062f \u064a\u062a\u0645 \u062a\u0642\u062f\u064a\u0645 \u0627\u0644\u062a\u0648\u0627\u0631\u064a\u062e \u0623\u0648 \u062a\u0639\u062f\u064a\u0644\u0647\u0627\u060c \u0644\u0630\u0627 \u0645\u0646 \u0627\u0644\u0645\u0647\u0645 \u0645\u062a\u0627\u0628\u0639\u0629 \u0627\u0644\u062a\u062d\u062f\u064a\u062b\u0627\u062a.<\/p>\n\n\n\n<h3 class=\"wp-block-heading\">\ud83d\udccc\u0625\u0630\u0627 \u0641\u0627\u062a\u0646\u064a \u0627\u0644\u0645\u0648\u0639\u062f \u0627\u0644\u0646\u0647\u0627\u0626\u064a \u0647\u0644 \u0623\u0641\u0642\u062f \u0627\u0644\u0627\u0633\u062a\u0641\u0627\u062f\u0629\u061f<\/h3>\n\n\n\n<p>\u0639\u0627\u062f\u0629\u064b \u0644\u0627\u060c \u064a\u0628\u0642\u0649 \u0627\u0644\u0645\u0627\u0644 \u0645\u062a\u0627\u062d\u064b\u0627 \u0644\u0641\u062a\u0631\u0629 \u0645\u0646 \u0627\u0644\u0648\u0642\u062a. \u0645\u0639 \u0630\u0644\u0643\u060c \u0642\u062f \u064a\u0624\u062f\u064a \u0639\u062f\u0645 \u0646\u0642\u0644\u0647 \u0644\u0641\u062a\u0631\u0629 \u0637\u0648\u064a\u0644\u0629 \u0625\u0644\u0649 \u062d\u0638\u0631\u0647 \u0645\u0633\u062a\u0642\u0628\u0644\u064b\u0627.<\/p>\n\n\n\n<h2 class=\"wp-block-heading\">\u0634\u0627\u0647\u062f \u062c\u062f\u0648\u0644 \u0627\u0644\u062f\u0641\u0639 \u0627\u0644\u0643\u0627\u0645\u0644 \u0644\u0647\u0630\u0627 \u0627\u0644\u0634\u0647\u0631 \u0627\u0644\u0622\u0646.<\/h2>\n\n\n\n<p>\u0627\u0646\u0642\u0631 \u0623\u062f\u0646\u0627\u0647 \u0644\u0644\u0627\u0637\u0644\u0627\u0639 \u0639\u0644\u0649 \u0627\u0644\u062a\u0648\u0627\u0631\u064a\u062e \u0627\u0644\u062a\u0641\u0635\u064a\u0644\u064a\u0629 \u0644\u0640 Bolsa Fam\u00edlia\u060c \u0648INSS\u060c \u0648Aux\u00edlio G\u00e1s \u0648\u063a\u064a\u0631\u0647\u0627 \u0645\u0646 \u0627\u0644\u0645\u0632\u0627\u064a\u0627.<\/p>\n\n\n\t\t\t\t\t\t<p class=\"wp-block-create-block-sb-buttons\">\n\t\t\t\t<\/p><div class=\"shortcode-botao\">\n    <a href=\"https:\/\/viaonlinedigital.com\/ar\/calendario-de-pagamento-atualizado-bolsa-familia-inss-e-auxilios\/\" class=\"btn-base reward-ads\" style=\"background-color: #1e90ff; color: #ffffff\">\n        <h3 class=\"title\">\ud83d\udc49 \u0639\u0631\u0636 \u0627\u0644\u062a\u0642\u0648\u064a\u0645 \u0627\u0644\u0643\u0627\u0645\u0644<\/h3>\n    <\/a>\n<\/div>\n\t<div class=\"disclaimer-button1\">\u0633\u0648\u0641 \u062a\u0628\u0642\u0649 \u0639\u0644\u0649 \u0647\u0630\u0627 \u0627\u0644\u0645\u0648\u0642\u0639.<\/div>\n\t\t\t\n\t\t\t\t\t\n\t\n\t\n\t\n\t\n\n\n<p>\u0647\u0630\u0627 \u0627\u0644\u0645\u062d\u062a\u0648\u0649 \u0644\u0623\u063a\u0631\u0627\u0636 \u0625\u0639\u0644\u0627\u0645\u064a\u0629 \u0641\u0642\u0637. \u064a\u064f\u0631\u062c\u0649 \u062f\u0627\u0626\u0645\u064b\u0627 \u062a\u0623\u0643\u064a\u062f \u0627\u0644\u062a\u0648\u0627\u0631\u064a\u062e \u0639\u0628\u0631 \u0627\u0644\u0642\u0646\u0648\u0627\u062a \u0627\u0644\u0631\u0633\u0645\u064a\u0629 \u0644\u0644\u062d\u0643\u0648\u0645\u0629 \u0627\u0644\u0641\u064a\u062f\u0631\u0627\u0644\u064a\u0629.<\/p>\n\n\n\n<p><\/p>\n<\/body><\/html>","protected":false},"excerpt":{"rendered":"<p>Veja em que dia voc\u00ea recebe, de acordo com o seu NIS, CPF ou final do benef\u00edcio. Evite surpresas e atrasos. Milhares de brasileiros conferem o calend\u00e1rio todo m\u00eas \ud83d\udcc5 Organizar a vida financeira come\u00e7a sabendo o dia certo que o dinheiro entra. O que voc\u00ea vai ver nesta p\u00e1gina Resumo r\u00e1pido dos calend\u00e1rios deste [&hellip;]<\/p>\n","protected":false},"author":2,"featured_media":0,"parent":0,"menu_order":0,"comment_status":"closed","ping_status":"closed","template":"","meta":{"footnotes":""},"class_list":["post-1456","page","type-page","status-publish","hentry"],"yoast_head":"<!-- This site is optimized with the Yoast SEO plugin v27.4 - https:\/\/yoast.com\/product\/yoast-seo-wordpress\/ -->\n<title>Calend\u00e1rio de Pagamento Atualizado: Bolsa Fam\u00edlia, INSS e Aux\u00edlios deste m\u00eas - Via Online Digital<\/title>\n<meta name=\"robots\" content=\"index, follow, max-snippet:-1, max-image-preview:large, max-video-preview:-1\" \/>\n<link rel=\"canonical\" href=\"https:\/\/viaonlinedigital.com\/ar\/calendario-de-pagamento-atualizado-bolsa-familia-inss-e-auxilios-deste-mes\/\" \/>\n<meta property=\"og:locale\" content=\"ar_AR\" \/>\n<meta property=\"og:type\" content=\"article\" \/>\n<meta property=\"og:title\" content=\"Calend\u00e1rio de Pagamento Atualizado: Bolsa Fam\u00edlia, INSS e Aux\u00edlios deste m\u00eas - Via Online Digital\" \/>\n<meta property=\"og:description\" content=\"Veja em que dia voc\u00ea recebe, de acordo com o seu NIS, CPF ou final do benef\u00edcio. Evite surpresas e atrasos. Milhares de brasileiros conferem o calend\u00e1rio todo m\u00eas \ud83d\udcc5 Organizar a vida financeira come\u00e7a sabendo o dia certo que o dinheiro entra. O que voc\u00ea vai ver nesta p\u00e1gina Resumo r\u00e1pido dos calend\u00e1rios deste [&hellip;]\" \/>\n<meta property=\"og:url\" content=\"https:\/\/viaonlinedigital.com\/ar\/calendario-de-pagamento-atualizado-bolsa-familia-inss-e-auxilios-deste-mes\/\" \/>\n<meta property=\"og:site_name\" content=\"Via Online Digital\" \/>\n<meta property=\"article:modified_time\" content=\"2025-11-24T23:52:56+00:00\" \/>\n<meta name=\"twitter:card\" content=\"summary_large_image\" \/>\n<meta name=\"twitter:label1\" content=\"\u0648\u0642\u062a \u0627\u0644\u0642\u0631\u0627\u0621\u0629 \u0627\u0644\u0645\u064f\u0642\u062f\u0651\u0631\" \/>\n\t<meta name=\"twitter:data1\" content=\"3 \u062f\u0642\u0627\u0626\u0642\" \/>\n<script type=\"application\/ld+json\" class=\"yoast-schema-graph\">{\"@context\":\"https:\\\/\\\/schema.org\",\"@graph\":[{\"@type\":\"WebPage\",\"@id\":\"https:\\\/\\\/viaonlinedigital.com\\\/calendario-de-pagamento-atualizado-bolsa-familia-inss-e-auxilios-deste-mes\\\/\",\"url\":\"https:\\\/\\\/viaonlinedigital.com\\\/calendario-de-pagamento-atualizado-bolsa-familia-inss-e-auxilios-deste-mes\\\/\",\"name\":\"Calend\u00e1rio de Pagamento Atualizado: Bolsa Fam\u00edlia, INSS e Aux\u00edlios deste m\u00eas - Via Online Digital\",\"isPartOf\":{\"@id\":\"https:\\\/\\\/viaonlinedigital.com\\\/#website\"},\"datePublished\":\"2025-11-24T23:36:29+00:00\",\"dateModified\":\"2025-11-24T23:52:56+00:00\",\"breadcrumb\":{\"@id\":\"https:\\\/\\\/viaonlinedigital.com\\\/calendario-de-pagamento-atualizado-bolsa-familia-inss-e-auxilios-deste-mes\\\/#breadcrumb\"},\"inLanguage\":\"ar\",\"potentialAction\":[{\"@type\":\"ReadAction\",\"target\":[\"https:\\\/\\\/viaonlinedigital.com\\\/calendario-de-pagamento-atualizado-bolsa-familia-inss-e-auxilios-deste-mes\\\/\"]}]},{\"@type\":\"BreadcrumbList\",\"@id\":\"https:\\\/\\\/viaonlinedigital.com\\\/calendario-de-pagamento-atualizado-bolsa-familia-inss-e-auxilios-deste-mes\\\/#breadcrumb\",\"itemListElement\":[{\"@type\":\"ListItem\",\"position\":1,\"name\":\"In\u00edcio\",\"item\":\"https:\\\/\\\/viaonlinedigital.com\\\/\"},{\"@type\":\"ListItem\",\"position\":2,\"name\":\"Calend\u00e1rio de Pagamento Atualizado: Bolsa Fam\u00edlia, INSS e Aux\u00edlios deste m\u00eas\"}]},{\"@type\":\"WebSite\",\"@id\":\"https:\\\/\\\/viaonlinedigital.com\\\/#website\",\"url\":\"https:\\\/\\\/viaonlinedigital.com\\\/\",\"name\":\"Via Online Digital\",\"description\":\"Seu blog ideal para todos os momentos\",\"publisher\":{\"@id\":\"https:\\\/\\\/viaonlinedigital.com\\\/#organization\"},\"potentialAction\":[{\"@type\":\"SearchAction\",\"target\":{\"@type\":\"EntryPoint\",\"urlTemplate\":\"https:\\\/\\\/viaonlinedigital.com\\\/?s={search_term_string}\"},\"query-input\":{\"@type\":\"PropertyValueSpecification\",\"valueRequired\":true,\"valueName\":\"search_term_string\"}}],\"inLanguage\":\"ar\"},{\"@type\":\"Organization\",\"@id\":\"https:\\\/\\\/viaonlinedigital.com\\\/#organization\",\"name\":\"Via Online Digital\",\"url\":\"https:\\\/\\\/viaonlinedigital.com\\\/\",\"logo\":{\"@type\":\"ImageObject\",\"inLanguage\":\"ar\",\"@id\":\"https:\\\/\\\/viaonlinedigital.com\\\/#\\\/schema\\\/logo\\\/image\\\/\",\"url\":\"https:\\\/\\\/viaonlinedigital.com\\\/wp-content\\\/uploads\\\/2024\\\/11\\\/cropped-favicon-logo.png\",\"contentUrl\":\"https:\\\/\\\/viaonlinedigital.com\\\/wp-content\\\/uploads\\\/2024\\\/11\\\/cropped-favicon-logo.png\",\"width\":64,\"height\":64,\"caption\":\"Via Online Digital\"},\"image\":{\"@id\":\"https:\\\/\\\/viaonlinedigital.com\\\/#\\\/schema\\\/logo\\\/image\\\/\"}}]}<\/script>\n<!-- \/ Yoast SEO plugin. -->","yoast_head_json":{"title":"\u062c\u062f\u0648\u0644 \u0627\u0644\u062f\u0641\u0639 \u0627\u0644\u0645\u064f\u062d\u062f\u0651\u062b: \u0628\u0648\u0644\u0633\u0627 \u0641\u0627\u0645\u064a\u0644\u064a\u0627\u060c \u0648\u0628\u0631\u0646\u0627\u0645\u062c \u0627\u0644\u062a\u0623\u0645\u064a\u0646 \u0627\u0644\u0627\u062c\u062a\u0645\u0627\u0639\u064a\u060c \u0648\u0627\u0644\u0645\u0632\u0627\u064a\u0627 \u0644\u0647\u0630\u0627 \u0627\u0644\u0634\u0647\u0631 - \u0627\u0644\u0648\u0635\u0648\u0644 \u0627\u0644\u0631\u0642\u0645\u064a \u0639\u0628\u0631 \u0627\u0644\u0625\u0646\u062a\u0631\u0646\u062a","robots":{"index":"index","follow":"follow","max-snippet":"max-snippet:-1","max-image-preview":"max-image-preview:large","max-video-preview":"max-video-preview:-1"},"canonical":"https:\/\/viaonlinedigital.com\/ar\/calendario-de-pagamento-atualizado-bolsa-familia-inss-e-auxilios-deste-mes\/","og_locale":"ar_AR","og_type":"article","og_title":"Calend\u00e1rio de Pagamento Atualizado: Bolsa Fam\u00edlia, INSS e Aux\u00edlios deste m\u00eas - Via Online Digital","og_description":"Veja em que dia voc\u00ea recebe, de acordo com o seu NIS, CPF ou final do benef\u00edcio. Evite surpresas e atrasos. Milhares de brasileiros conferem o calend\u00e1rio todo m\u00eas \ud83d\udcc5 Organizar a vida financeira come\u00e7a sabendo o dia certo que o dinheiro entra. O que voc\u00ea vai ver nesta p\u00e1gina Resumo r\u00e1pido dos calend\u00e1rios deste [&hellip;]","og_url":"https:\/\/viaonlinedigital.com\/ar\/calendario-de-pagamento-atualizado-bolsa-familia-inss-e-auxilios-deste-mes\/","og_site_name":"Via Online Digital","article_modified_time":"2025-11-24T23:52:56+00:00","twitter_card":"summary_large_image","twitter_misc":{"\u0648\u0642\u062a \u0627\u0644\u0642\u0631\u0627\u0621\u0629 \u0627\u0644\u0645\u064f\u0642\u062f\u0651\u0631":"3 \u062f\u0642\u0627\u0626\u0642"},"schema":{"@context":"https:\/\/schema.org","@graph":[{"@type":"WebPage","@id":"https:\/\/viaonlinedigital.com\/calendario-de-pagamento-atualizado-bolsa-familia-inss-e-auxilios-deste-mes\/","url":"https:\/\/viaonlinedigital.com\/calendario-de-pagamento-atualizado-bolsa-familia-inss-e-auxilios-deste-mes\/","name":"\u062c\u062f\u0648\u0644 \u0627\u0644\u062f\u0641\u0639 \u0627\u0644\u0645\u064f\u062d\u062f\u0651\u062b: \u0628\u0648\u0644\u0633\u0627 \u0641\u0627\u0645\u064a\u0644\u064a\u0627\u060c \u0648\u0628\u0631\u0646\u0627\u0645\u062c \u0627\u0644\u062a\u0623\u0645\u064a\u0646 \u0627\u0644\u0627\u062c\u062a\u0645\u0627\u0639\u064a\u060c \u0648\u0627\u0644\u0645\u0632\u0627\u064a\u0627 \u0644\u0647\u0630\u0627 \u0627\u0644\u0634\u0647\u0631 - \u0627\u0644\u0648\u0635\u0648\u0644 \u0627\u0644\u0631\u0642\u0645\u064a \u0639\u0628\u0631 \u0627\u0644\u0625\u0646\u062a\u0631\u0646\u062a","isPartOf":{"@id":"https:\/\/viaonlinedigital.com\/#website"},"datePublished":"2025-11-24T23:36:29+00:00","dateModified":"2025-11-24T23:52:56+00:00","breadcrumb":{"@id":"https:\/\/viaonlinedigital.com\/calendario-de-pagamento-atualizado-bolsa-familia-inss-e-auxilios-deste-mes\/#breadcrumb"},"inLanguage":"ar","potentialAction":[{"@type":"ReadAction","target":["https:\/\/viaonlinedigital.com\/calendario-de-pagamento-atualizado-bolsa-familia-inss-e-auxilios-deste-mes\/"]}]},{"@type":"BreadcrumbList","@id":"https:\/\/viaonlinedigital.com\/calendario-de-pagamento-atualizado-bolsa-familia-inss-e-auxilios-deste-mes\/#breadcrumb","itemListElement":[{"@type":"ListItem","position":1,"name":"In\u00edcio","item":"https:\/\/viaonlinedigital.com\/"},{"@type":"ListItem","position":2,"name":"Calend\u00e1rio de Pagamento Atualizado: Bolsa Fam\u00edlia, INSS e Aux\u00edlios deste m\u00eas"}]},{"@type":"WebSite","@id":"https:\/\/viaonlinedigital.com\/#website","url":"https:\/\/viaonlinedigital.com\/","name":"\u0639\u0628\u0631 \u0627\u0644\u0625\u0646\u062a\u0631\u0646\u062a \u0627\u0644\u0631\u0642\u0645\u064a","description":"\u0645\u062f\u0648\u0646\u062a\u0643 \u0627\u0644\u0645\u062b\u0627\u0644\u064a\u0629 \u0644\u062c\u0645\u064a\u0639 \u0627\u0644\u0623\u0648\u0642\u0627\u062a","publisher":{"@id":"https:\/\/viaonlinedigital.com\/#organization"},"potentialAction":[{"@type":"SearchAction","target":{"@type":"EntryPoint","urlTemplate":"https:\/\/viaonlinedigital.com\/?s={search_term_string}"},"query-input":{"@type":"PropertyValueSpecification","valueRequired":true,"valueName":"search_term_string"}}],"inLanguage":"ar"},{"@type":"Organization","@id":"https:\/\/viaonlinedigital.com\/#organization","name":"\u0639\u0628\u0631 \u0627\u0644\u0625\u0646\u062a\u0631\u0646\u062a \u0627\u0644\u0631\u0642\u0645\u064a","url":"https:\/\/viaonlinedigital.com\/","logo":{"@type":"ImageObject","inLanguage":"ar","@id":"https:\/\/viaonlinedigital.com\/#\/schema\/logo\/image\/","url":"https:\/\/viaonlinedigital.com\/wp-content\/uploads\/2024\/11\/cropped-favicon-logo.png","contentUrl":"https:\/\/viaonlinedigital.com\/wp-content\/uploads\/2024\/11\/cropped-favicon-logo.png","width":64,"height":64,"caption":"Via Online Digital"},"image":{"@id":"https:\/\/viaonlinedigital.com\/#\/schema\/logo\/image\/"}}]}},"_links":{"self":[{"href":"https:\/\/viaonlinedigital.com\/ar\/wp-json\/wp\/v2\/pages\/1456","targetHints":{"allow":["GET"]}}],"collection":[{"href":"https:\/\/viaonlinedigital.com\/ar\/wp-json\/wp\/v2\/pages"}],"about":[{"href":"https:\/\/viaonlinedigital.com\/ar\/wp-json\/wp\/v2\/types\/page"}],"author":[{"embeddable":true,"href":"https:\/\/viaonlinedigital.com\/ar\/wp-json\/wp\/v2\/users\/2"}],"replies":[{"embeddable":true,"href":"https:\/\/viaonlinedigital.com\/ar\/wp-json\/wp\/v2\/comments?post=1456"}],"version-history":[{"count":2,"href":"https:\/\/viaonlinedigital.com\/ar\/wp-json\/wp\/v2\/pages\/1456\/revisions"}],"predecessor-version":[{"id":1464,"href":"https:\/\/viaonlinedigital.com\/ar\/wp-json\/wp\/v2\/pages\/1456\/revisions\/1464"}],"wp:attachment":[{"href":"https:\/\/viaonlinedigital.com\/ar\/wp-json\/wp\/v2\/media?parent=1456"}],"curies":[{"name":"\u0648\u0648\u0631\u062f\u0628\u0631\u064a\u0633","href":"https:\/\/api.w.org\/{rel}","templated":true}]}}