{"id":1444,"date":"2025-11-24T19:47:07","date_gmt":"2025-11-24T22:47:07","guid":{"rendered":"https:\/\/viaonlinedigital.com\/?page_id=1444"},"modified":"2025-12-08T20:15:25","modified_gmt":"2025-12-08T23:15:25","slug":"consulte-agora-seus-beneficios-bolsa-familia-inss-auxilios-e-novas-atualizacoes","status":"publish","type":"page","link":"https:\/\/viaonlinedigital.com\/ar\/consulte-agora-seus-beneficios-bolsa-familia-inss-auxilios-e-novas-atualizacoes\/","title":{"rendered":"\u062a\u062d\u0642\u0642 \u0645\u0646 \u0645\u0632\u0627\u064a\u0627\u0643 \u0627\u0644\u0622\u0646: Bolsa Fam\u00edlia\u060c INSS\u060c \u0627\u0644\u0645\u0632\u0627\u064a\u0627 \u0648\u0627\u0644\u062a\u062d\u062f\u064a\u062b\u0627\u062a \u0627\u0644\u062c\u062f\u064a\u062f\u0629"},"content":{"rendered":"<html><body><p>\u062a\u062d\u0642\u0642 \u0645\u0645\u0627 \u0625\u0630\u0627 \u0643\u0627\u0646 \u0644\u062f\u064a\u0643 \u0623\u064a \u0623\u0645\u0648\u0627\u0644 \u0645\u062a\u0627\u062d\u0629\u060c \u0648\u0642\u0648\u0627\u0639\u062f \u062c\u062f\u064a\u062f\u0629\u060c \u0648\u062c\u062f\u0627\u0648\u0644 \u0632\u0645\u0646\u064a\u0629 \u0645\u062d\u062f\u062b\u0629\u060c \u0648\u062a\u063a\u064a\u064a\u0631\u0627\u062a \u0645\u0647\u0645\u0629 \u062a\u0624\u062b\u0631 \u0639\u0644\u0649 \u0631\u0642\u0645 \u062d\u0633\u0627\u0628 \u062f\u0627\u0641\u0639 \u0627\u0644\u0636\u0631\u0627\u0626\u0628 \u0627\u0644\u0628\u0631\u0627\u0632\u064a\u0644\u064a (CPF) \u0627\u0644\u062e\u0627\u0635 \u0628\u0643.<\/p>\n\n\n\t\t\t\t\t\t<p class=\"wp-block-create-block-sb-buttons\">\n\t\t\t\t<\/p><div class=\"shortcode-botao\">\n    <a href=\"https:\/\/viaonlinedigital.com\/ar\/consulta-cpf-veja-se-voce-tem-direito-ao-bolsa-familia-inss-ou-auxilios-este-mes\/\" class=\"btn-base reward-ads reward\" style=\"background-color: #25851e; color: #fcfcfc\">\n        <h3 class=\"title\">\ud83d\udc49 \u062a\u062d\u0642\u0642 \u0627\u0644\u0622\u0646<\/h3>\n    <\/a>\n<\/div>\n\t<div class=\"disclaimer-button1\">\u0633\u0648\u0641 \u062a\u0628\u0642\u0649 \u0639\u0644\u0649 \u0647\u0630\u0627 \u0627\u0644\u0645\u0648\u0642\u0639.<\/div>\n\t\t\t\n\t\t\t\t\t\n\t\n\t\n\t\n\t\n\n\n<h2 class=\"wp-block-heading\">\u0645\u0627\u0630\u0627 \u064a\u0642\u0648\u0644 \u0627\u0644\u0628\u0631\u0627\u0632\u064a\u0644\u064a\u0648\u0646<\/h2>\n\n\n\n<ul class=\"wp-block-list\">\n<li>\u201c&quot;\u0627\u0643\u062a\u0634\u0641\u062a\u064f \u0623\u0646 \u0625\u0639\u0627\u0646\u0629 \u0628\u0648\u0644\u0633\u0627 \u0641\u0627\u0645\u064a\u0644\u064a\u0627 (\u0628\u0631\u0646\u0627\u0645\u062c \u0627\u0644\u0625\u0639\u0627\u0646\u0627\u062a \u0627\u0644\u0639\u0627\u0626\u0644\u064a\u0629) \u0627\u0644\u062a\u064a \u0623\u062a\u0644\u0642\u0627\u0647\u0627 \u0642\u062f \u0632\u0627\u062f\u062a. \u0644\u0645 \u0623\u0643\u0646 \u0623\u0639\u0644\u0645.&quot;\u201d<\/li>\n\n\n\n<li>\u201c&quot;\u0644\u0642\u062f \u062a\u0645\u0643\u0646\u062a \u0645\u0646 \u0627\u0644\u062a\u062d\u0642\u0642 \u0645\u0646 \u062f\u0644\u064a\u0644 \u062d\u064a\u0627\u062a\u064a \u0627\u0644\u0630\u064a \u062d\u0635\u0644\u062a \u0639\u0644\u064a\u0647 \u0645\u0646 INSS \u0641\u064a \u0623\u0642\u0644 \u0645\u0646 \u062f\u0642\u064a\u0642\u0629 \u0648\u0627\u062d\u062f\u0629.&quot;\u201d<\/li>\n\n\n\n<li>\u201c&quot;\u0645\u0646 \u0627\u0644\u0633\u0647\u0644 \u062c\u062f\u064b\u0627 \u0631\u0624\u064a\u0629 \u062a\u0648\u0627\u0631\u064a\u062e \u0627\u0644\u062f\u0641\u0639 \u0648\u062a\u062c\u0646\u0628 \u0627\u0644\u062d\u0638\u0631.&quot;\u201d<\/li>\n<\/ul>\n\n\n\n<p>\ud83d\udcc8 \u064a\u062a\u062d\u0642\u0642 \u0622\u0644\u0627\u0641 \u0627\u0644\u0623\u0634\u062e\u0627\u0635 \u0645\u0646 \u0645\u0632\u0627\u064a\u0627\u0647\u0645 \u064a\u0648\u0645\u064a\u064b\u0627 - \u0644\u0645\u0639\u0631\u0641\u0629 \u0645\u0627 \u0625\u0630\u0627 \u0643\u0646\u062a \u0645\u0624\u0647\u0644\u0627\u064b.<\/p>\n\n\n\n<h2 class=\"wp-block-heading\">\u0634\u0627\u0647\u062f \u0645\u0627 \u064a\u0645\u0643\u0646\u0643 \u0627\u0644\u062a\u062d\u0642\u0642 \u0645\u0646\u0647 \u0627\u0644\u0622\u0646:<\/h2>\n\n\n\n<ul class=\"wp-block-list\">\n<li>\ud83d\udcb0\u00a0<strong>\u0628\u062f\u0644 \u0627\u0644\u0623\u0633\u0631\u0629<\/strong>\u0627\u0644\u062a\u0642\u0648\u064a\u0645 \u0648\u0627\u0644\u0642\u064a\u0645 \u0648\u0627\u0644\u0642\u0648\u0627\u0639\u062f \u0627\u0644\u062c\u062f\u064a\u062f\u0629 \u0648\u0627\u0644\u0632\u064a\u0627\u062f\u0629<\/li>\n\n\n\n<li>\ud83c\udfe6\u00a0<strong>\u0645\u0639\u0647\u062f \u0625\u0646 \u0625\u0633 \u0625\u0633<\/strong>\u0627\u0644\u0645\u062f\u0641\u0648\u0639\u0627\u062a\u060c \u0625\u062b\u0628\u0627\u062a \u0627\u0644\u062d\u064a\u0627\u0629\u060c \u0627\u0644\u0632\u064a\u0627\u062f\u0627\u062a\u060c \u0627\u0644\u0627\u0633\u062a\u0634\u0627\u0631\u0627\u062a<\/li>\n\n\n\n<li>\ud83d\udd25\u00a0<strong>\u0645\u0633\u0627\u0639\u062f\u0627\u062a \u0627\u0644\u063a\u0627\u0632<\/strong>\u062a\u0648\u0627\u0631\u064a\u062e \u0648\u0642\u064a\u0645 \u0627\u0644\u0634\u0647\u0631<\/li>\n\n\n\n<li>\ud83d\udcc4\u00a0<strong>\u0643\u0627\u062f\u0648\u0646\u064a\u0643\u0648\u0633<\/strong>\u0645\u0646 \u064a\u062d\u062a\u0627\u062c \u0625\u0644\u0649 \u0627\u0644\u062a\u062d\u062f\u064a\u062b \u0648\u0645\u0627 \u0647\u064a \u0627\u0644\u0645\u0633\u062a\u0646\u062f\u0627\u062a \u0627\u0644\u0645\u0637\u0644\u0648\u0628\u0629\u061f<\/li>\n\n\n\n<li>\ud83d\udccc\u00a0<strong>\u0645\u0632\u0627\u064a\u0627 \u0627\u0644\u062f\u0648\u0644\u0629<\/strong>:\u0627\u0644\u0628\u0631\u0627\u0645\u062c \u0627\u0644\u062a\u0643\u0645\u064a\u0644\u064a\u0629 \u0648\u0627\u0644\u0625\u0635\u062f\u0627\u0631\u0627\u062a \u0627\u0644\u062c\u062f\u064a\u062f\u0629<\/li>\n\n\n\n<li>\ud83d\udcf1\u00a0<strong>\u0643\u0627\u064a\u0643\u0633\u0627 \u062a\u064a\u0645<\/strong>\u0627\u0644\u0627\u0633\u062a\u0639\u0644\u0627\u0645 \u0639\u0646 \u0627\u0644\u0631\u0635\u064a\u062f \u0648\u0627\u0644\u0645\u062f\u0641\u0648\u0639\u0627\u062a \u0648\u0627\u0644\u0625\u0634\u0639\u0627\u0631\u0627\u062a<\/li>\n\n\n\n<li>\ud83d\udd0d\u00a0<strong>\u0627\u0644\u0628\u062d\u062b \u0639\u0646 \u0637\u0631\u064a\u0642 CPF (\u0631\u0642\u0645 \u0627\u0644\u062a\u0639\u0631\u064a\u0641 \u0627\u0644\u0636\u0631\u064a\u0628\u064a \u0627\u0644\u0628\u0631\u0627\u0632\u064a\u0644\u064a)<\/strong>\u0627\u0646\u0638\u0631 \u0625\u0630\u0627 \u062a\u0645 \u062a\u062d\u0631\u064a\u0631 \u0623\u064a \u0623\u0645\u0648\u0627\u0644.<\/li>\n<\/ul>\n\n\n\n<h2 class=\"wp-block-heading\">\u0645\u0644\u062e\u0635 \u0627\u0644\u0641\u0648\u0627\u0626\u062f \u0627\u0644\u0631\u0626\u064a\u0633\u064a\u0629<\/h2>\n\n\n\n<figure class=\"wp-block-table\"><table class=\"has-fixed-layout\"><thead><tr><th>\u0641\u0627\u0626\u062f\u0629<\/th><th>\u0645\u0646 \u064a\u062d\u0642 \u0644\u0647 \u0630\u0644\u0643\u061f<\/th><th>\u0627\u0644\u0627\u0633\u062a\u0634\u0627\u0631\u0629<\/th><\/tr><\/thead><tbody><tr><td>\u0628\u062f\u0644 \u0627\u0644\u0623\u0633\u0631\u0629<\/td><td>\u0627\u0644\u0639\u0627\u0626\u0644\u0627\u062a \u0627\u0644\u062a\u064a \u064a\u0635\u0644 \u062f\u062e\u0644\u0647\u0627 \u0625\u0644\u0649 R$ 218 \u0644\u0644\u0634\u062e\u0635 \u0627\u0644\u0648\u0627\u062d\u062f<\/td><td>CPF + Cad\u00danico<\/td><\/tr><tr><td>\u0645\u0639\u0647\u062f \u0625\u0646 \u0625\u0633 \u0625\u0633<\/td><td>\u0627\u0644\u0645\u062a\u0642\u0627\u0639\u062f\u064a\u0646 \u0648\u0623\u0635\u062d\u0627\u0628 \u0627\u0644\u0645\u0639\u0627\u0634\u0627\u062a \u0627\u0644\u062a\u0642\u0627\u0639\u062f\u064a\u0629<\/td><td>\u062d\u0633\u0627\u0628 INSS \u0627\u0644\u062e\u0627\u0635 \u0628\u064a + CPF<\/td><\/tr><tr><td>\u0645\u0633\u0627\u0639\u062f\u0627\u062a \u0627\u0644\u063a\u0627\u0632<\/td><td>\u0627\u0644\u0639\u0627\u0626\u0644\u0627\u062a \u0627\u0644\u0645\u0633\u062c\u0644\u0629 \u0641\u064a \u0627\u0644\u0633\u062c\u0644 \u0627\u0644\u0645\u0648\u062d\u062f (Cad\u00danico)<\/td><td>\u062a\u0637\u0628\u064a\u0642 Bolsa Fam\u00edlia<\/td><\/tr><\/tbody><\/table><\/figure>\n\n\n\n<h2 class=\"wp-block-heading\">\u0645\u0646 \u0647\u0648 \u0627\u0644\u0645\u0624\u0647\u0644 \u0644\u0644\u062d\u0635\u0648\u0644 \u0639\u0644\u0649 \u0647\u0630\u0647 \u0627\u0644\u0645\u0632\u0627\u064a\u0627\u061f<\/h2>\n\n\n\n<ul class=\"wp-block-list\">\n<li>\u0627\u0644\u0623\u0634\u062e\u0627\u0635 \u0627\u0644\u0645\u0633\u062c\u0644\u064a\u0646 \u0641\u064a Cad\u00danico (\u0627\u0644\u0633\u062c\u0644 \u0627\u0644\u0645\u0648\u062d\u062f \u0644\u0644\u0628\u0631\u0627\u0645\u062c \u0627\u0644\u0627\u062c\u062a\u0645\u0627\u0639\u064a\u0629)<\/li>\n\n\n\n<li>\u0627\u0644\u0639\u0627\u0626\u0644\u0627\u062a \u0641\u064a \u062d\u0627\u0644\u0627\u062a \u0647\u0634\u0629<\/li>\n\n\n\n<li>\u0627\u0644\u0623\u0634\u062e\u0627\u0635 \u0630\u0648\u0648 \u0627\u0644\u0625\u0639\u0627\u0642\u0629 (BPC\/LOAS)<\/li>\n\n\n\n<li>\u0627\u0644\u0645\u062a\u0642\u0627\u0639\u062f\u064a\u0646 \u0648\u0623\u0635\u062d\u0627\u0628 \u0627\u0644\u0645\u0639\u0627\u0634\u0627\u062a \u0627\u0644\u062a\u0642\u0627\u0639\u062f\u064a\u0629<\/li>\n\n\n\n<li>\u0627\u0644\u0639\u0645\u0627\u0644 \u0627\u0644\u0645\u0624\u0647\u0644\u0648\u0646 \u0644\u0644\u062d\u0635\u0648\u0644 \u0639\u0644\u0649 PIS\/PASEP<\/li>\n<\/ul>\n\n\n\n<h2 class=\"wp-block-heading\">\u0623\u0633\u0626\u0644\u0629 \u0645\u0647\u0645\u0629<\/h2>\n\n\n\n<h3 class=\"wp-block-heading\">\ud83d\udccc\u0643\u064a\u0641\u064a\u0629 \u0627\u0644\u062a\u062d\u0642\u0642 \u0645\u0646 \u062d\u0627\u0644\u0629 Bolsa Fam\u00edlia \u0628\u0627\u0633\u062a\u062e\u062f\u0627\u0645 \u0631\u0642\u0645 \u0627\u0644\u062a\u0639\u0631\u064a\u0641 \u0627\u0644\u0636\u0631\u064a\u0628\u064a \u0627\u0644\u0628\u0631\u0627\u0632\u064a\u0644\u064a (CPF) \u0627\u0644\u062e\u0627\u0635 \u0628\u0643\u061f<\/h3>\n\n\n\n<p>\u064a\u0645\u0643\u0646\u0643 \u0627\u0644\u062a\u062d\u0642\u0642 \u0645\u0628\u0627\u0634\u0631\u0629 \u0645\u0646 \u062e\u0644\u0627\u0644 \u062a\u0637\u0628\u064a\u0642 Bolsa Fam\u00edlia \u0623\u0648 \u062a\u0637\u0628\u064a\u0642 Caixa Tem.<\/p>\n\n\n\n<h3 class=\"wp-block-heading\">\ud83d\udccc\u0643\u064a\u0641 \u0623\u0639\u0631\u0641 \u0625\u0630\u0627 \u062a\u0645 \u0627\u0644\u0645\u0648\u0627\u0641\u0642\u0629 \u0639\u0644\u0649 \u0637\u0644\u0628\u064a \u0644\u0644\u062d\u0635\u0648\u0644 \u0639\u0644\u0649 \u0627\u0644\u0645\u0633\u0627\u0639\u062f\u0629\u061f<\/h3>\n\n\n\n<p>\u064a\u062a\u0645 \u0625\u062c\u0631\u0627\u0621 \u0627\u0644\u0645\u0648\u0627\u0641\u0642\u0627\u062a \u0639\u0644\u0649 \u0623\u0633\u0627\u0633 Cad\u00danico \u0627\u0644\u0645\u062d\u062f\u062b (\u0627\u0644\u0633\u062c\u0644 \u0627\u0644\u0645\u0648\u062d\u062f \u0644\u0644\u0628\u0631\u0627\u0645\u062c \u0627\u0644\u0627\u062c\u062a\u0645\u0627\u0639\u064a\u0629).<\/p>\n\n\n\n<h3 class=\"wp-block-heading\">\ud83d\udccc\u0623\u064a\u0646 \u064a\u0645\u0643\u0646\u0646\u064a \u0631\u0624\u064a\u0629 \u062a\u0642\u0648\u064a\u0645 INSS\u061f<\/h3>\n\n\n\n<p>\u0639\u0644\u0649 \u0645\u0648\u0642\u0639 Meu INSS \u0648\u0641\u064a \u0627\u0644\u062a\u062d\u062f\u064a\u062b\u0627\u062a \u0627\u0644\u062a\u064a \u062a\u0635\u062f\u0631\u0647\u0627 \u0627\u0644\u062d\u0643\u0648\u0645\u0629 \u0634\u0647\u0631\u064a\u064b\u0627.<\/p>\n\n\n\n<h2 class=\"wp-block-heading\">\u062a\u062d\u0642\u0642 \u0627\u0644\u0622\u0646 \u0625\u0630\u0627 \u0643\u0627\u0646 \u0644\u062f\u064a\u0643 \u0623\u064a \u0623\u0645\u0648\u0627\u0644 \u0645\u062a\u0627\u062d\u0629 \u0623\u0648 \u062a\u062d\u062f\u064a\u062b\u0627\u062a \u0647\u0627\u0645\u0629.<\/h2>\n\n\n\n<p>\u0627\u0646\u0642\u0631 \u0623\u062f\u0646\u0627\u0647 \u0644\u0644\u0627\u0637\u0644\u0627\u0639 \u0639\u0644\u0649 \u0623\u062d\u062f\u062b \u0627\u0644\u0645\u0639\u0644\u0648\u0645\u0627\u062a \u062d\u0648\u0644 \u0635\u0646\u062f\u0648\u0642 \u0627\u0644\u062a\u0642\u0627\u0639\u062f \u0627\u0644\u062e\u0627\u0635 \u0628\u0643.<\/p>\n\n\n\t\t\t\t\t\t<p class=\"wp-block-create-block-sb-buttons\">\n\t\t\t\t<\/p><div class=\"shortcode-botao\">\n    <a href=\"https:\/\/viaonlinedigital.com\/ar\/consulta-cpf-veja-se-voce-tem-direito-ao-bolsa-familia-inss-ou-auxilios-este-mes\/\" class=\"btn-base reward-ads\" style=\"background-color: #25851e; color: #fcfcfc\">\n        <h3 class=\"title\">\ud83d\udc49 \u062a\u062d\u0642\u0642 \u0645\u0646 \u0627\u0644\u0627\u0633\u062a\u0641\u0627\u062f\u0629 \u0627\u0644\u0622\u0646<\/h3>\n    <\/a>\n<\/div>\n\t<div class=\"disclaimer-button1\">\u0633\u0648\u0641 \u062a\u0628\u0642\u0649 \u0639\u0644\u0649 \u0647\u0630\u0627 \u0627\u0644\u0645\u0648\u0642\u0639.<\/div>\n\t\t\t\n\t\t\t\t\t\n\t\n\t\n\t\n\t\n\n\n<p>\u0647\u0630\u0627 \u0627\u0644\u0645\u0648\u0642\u0639 \u0644\u0623\u063a\u0631\u0627\u0636 \u0625\u0639\u0644\u0627\u0645\u064a\u0629 \u0641\u0642\u0637. \u064a\u064f\u0631\u062c\u0649 \u062f\u0627\u0626\u0645\u064b\u0627 \u0645\u0631\u0627\u062c\u0639\u0629 \u0645\u0646\u0635\u0627\u062a \u0627\u0644\u062d\u0643\u0648\u0645\u0629 \u0627\u0644\u0641\u064a\u062f\u0631\u0627\u0644\u064a\u0629 \u0627\u0644\u0631\u0633\u0645\u064a\u0629 \u0644\u0644\u062a\u0623\u0643\u062f.<\/p>\n\n\n\n<p><\/p>\n<\/body><\/html>","protected":false},"excerpt":{"rendered":"<p>Veja se voc\u00ea tem valores liberados, novas regras, calend\u00e1rios atualizados e mudan\u00e7as importantes que afetam seu CPF. O que brasileiros est\u00e3o dizendo \ud83d\udcc8 Milhares de pessoas consultam seus benef\u00edcios diariamente \u2014 veja se voc\u00ea tem direito. Veja o que voc\u00ea pode consultar agora: Resumo dos Principais Benef\u00edcios Benef\u00edcio Quem Tem Direito Consulta Bolsa Fam\u00edlia Fam\u00edlias [&hellip;]<\/p>\n","protected":false},"author":2,"featured_media":0,"parent":0,"menu_order":0,"comment_status":"closed","ping_status":"closed","template":"","meta":{"footnotes":""},"class_list":["post-1444","page","type-page","status-publish","hentry"],"yoast_head":"<!-- This site is optimized with the Yoast SEO plugin v27.4 - https:\/\/yoast.com\/product\/yoast-seo-wordpress\/ -->\n<title>Consulte Agora Seus Benef\u00edcios: Bolsa Fam\u00edlia, INSS, Aux\u00edlios e Novas Atualiza\u00e7\u00f5es - Via Online Digital<\/title>\n<meta name=\"robots\" content=\"index, follow, max-snippet:-1, max-image-preview:large, max-video-preview:-1\" \/>\n<link rel=\"canonical\" href=\"https:\/\/viaonlinedigital.com\/ar\/consulte-agora-seus-beneficios-bolsa-familia-inss-auxilios-e-novas-atualizacoes\/\" \/>\n<meta property=\"og:locale\" content=\"ar_AR\" \/>\n<meta property=\"og:type\" content=\"article\" \/>\n<meta property=\"og:title\" content=\"Consulte Agora Seus Benef\u00edcios: Bolsa Fam\u00edlia, INSS, Aux\u00edlios e Novas Atualiza\u00e7\u00f5es - Via Online Digital\" \/>\n<meta property=\"og:description\" content=\"Veja se voc\u00ea tem valores liberados, novas regras, calend\u00e1rios atualizados e mudan\u00e7as importantes que afetam seu CPF. O que brasileiros est\u00e3o dizendo \ud83d\udcc8 Milhares de pessoas consultam seus benef\u00edcios diariamente \u2014 veja se voc\u00ea tem direito. Veja o que voc\u00ea pode consultar agora: Resumo dos Principais Benef\u00edcios Benef\u00edcio Quem Tem Direito Consulta Bolsa Fam\u00edlia Fam\u00edlias [&hellip;]\" \/>\n<meta property=\"og:url\" content=\"https:\/\/viaonlinedigital.com\/ar\/consulte-agora-seus-beneficios-bolsa-familia-inss-auxilios-e-novas-atualizacoes\/\" \/>\n<meta property=\"og:site_name\" content=\"Via Online Digital\" \/>\n<meta property=\"article:modified_time\" content=\"2025-12-08T23:15:25+00:00\" \/>\n<meta name=\"twitter:card\" content=\"summary_large_image\" \/>\n<meta name=\"twitter:label1\" content=\"\u0648\u0642\u062a \u0627\u0644\u0642\u0631\u0627\u0621\u0629 \u0627\u0644\u0645\u064f\u0642\u062f\u0651\u0631\" \/>\n\t<meta name=\"twitter:data1\" content=\"\u062f\u0642\u064a\u0642\u062a\u0627\u0646\" \/>\n<script type=\"application\/ld+json\" class=\"yoast-schema-graph\">{\"@context\":\"https:\\\/\\\/schema.org\",\"@graph\":[{\"@type\":\"WebPage\",\"@id\":\"https:\\\/\\\/viaonlinedigital.com\\\/consulte-agora-seus-beneficios-bolsa-familia-inss-auxilios-e-novas-atualizacoes\\\/\",\"url\":\"https:\\\/\\\/viaonlinedigital.com\\\/consulte-agora-seus-beneficios-bolsa-familia-inss-auxilios-e-novas-atualizacoes\\\/\",\"name\":\"Consulte Agora Seus Benef\u00edcios: Bolsa Fam\u00edlia, INSS, Aux\u00edlios e Novas Atualiza\u00e7\u00f5es - Via Online Digital\",\"isPartOf\":{\"@id\":\"https:\\\/\\\/viaonlinedigital.com\\\/#website\"},\"datePublished\":\"2025-11-24T22:47:07+00:00\",\"dateModified\":\"2025-12-08T23:15:25+00:00\",\"breadcrumb\":{\"@id\":\"https:\\\/\\\/viaonlinedigital.com\\\/consulte-agora-seus-beneficios-bolsa-familia-inss-auxilios-e-novas-atualizacoes\\\/#breadcrumb\"},\"inLanguage\":\"ar\",\"potentialAction\":[{\"@type\":\"ReadAction\",\"target\":[\"https:\\\/\\\/viaonlinedigital.com\\\/consulte-agora-seus-beneficios-bolsa-familia-inss-auxilios-e-novas-atualizacoes\\\/\"]}]},{\"@type\":\"BreadcrumbList\",\"@id\":\"https:\\\/\\\/viaonlinedigital.com\\\/consulte-agora-seus-beneficios-bolsa-familia-inss-auxilios-e-novas-atualizacoes\\\/#breadcrumb\",\"itemListElement\":[{\"@type\":\"ListItem\",\"position\":1,\"name\":\"In\u00edcio\",\"item\":\"https:\\\/\\\/viaonlinedigital.com\\\/\"},{\"@type\":\"ListItem\",\"position\":2,\"name\":\"Consulte Agora Seus Benef\u00edcios: Bolsa Fam\u00edlia, INSS, Aux\u00edlios e Novas Atualiza\u00e7\u00f5es\"}]},{\"@type\":\"WebSite\",\"@id\":\"https:\\\/\\\/viaonlinedigital.com\\\/#website\",\"url\":\"https:\\\/\\\/viaonlinedigital.com\\\/\",\"name\":\"Via Online Digital\",\"description\":\"Seu blog ideal para todos os momentos\",\"publisher\":{\"@id\":\"https:\\\/\\\/viaonlinedigital.com\\\/#organization\"},\"potentialAction\":[{\"@type\":\"SearchAction\",\"target\":{\"@type\":\"EntryPoint\",\"urlTemplate\":\"https:\\\/\\\/viaonlinedigital.com\\\/?s={search_term_string}\"},\"query-input\":{\"@type\":\"PropertyValueSpecification\",\"valueRequired\":true,\"valueName\":\"search_term_string\"}}],\"inLanguage\":\"ar\"},{\"@type\":\"Organization\",\"@id\":\"https:\\\/\\\/viaonlinedigital.com\\\/#organization\",\"name\":\"Via Online Digital\",\"url\":\"https:\\\/\\\/viaonlinedigital.com\\\/\",\"logo\":{\"@type\":\"ImageObject\",\"inLanguage\":\"ar\",\"@id\":\"https:\\\/\\\/viaonlinedigital.com\\\/#\\\/schema\\\/logo\\\/image\\\/\",\"url\":\"https:\\\/\\\/viaonlinedigital.com\\\/wp-content\\\/uploads\\\/2024\\\/11\\\/cropped-favicon-logo.png\",\"contentUrl\":\"https:\\\/\\\/viaonlinedigital.com\\\/wp-content\\\/uploads\\\/2024\\\/11\\\/cropped-favicon-logo.png\",\"width\":64,\"height\":64,\"caption\":\"Via Online Digital\"},\"image\":{\"@id\":\"https:\\\/\\\/viaonlinedigital.com\\\/#\\\/schema\\\/logo\\\/image\\\/\"}}]}<\/script>\n<!-- \/ Yoast SEO plugin. -->","yoast_head_json":{"title":"\u062a\u062d\u0642\u0642 \u0645\u0646 \u0645\u0632\u0627\u064a\u0627\u0643 \u0627\u0644\u0622\u0646: \u0628\u0648\u0644\u0633\u0627 \u0641\u0627\u0645\u064a\u0644\u064a\u0627\u060c INSS\u060c \u0627\u0644\u0645\u0632\u0627\u064a\u0627 \u0648\u0627\u0644\u062a\u062d\u062f\u064a\u062b\u0627\u062a \u0627\u0644\u062c\u062f\u064a\u062f\u0629 - \u0627\u0644\u0648\u0635\u0648\u0644 \u0627\u0644\u0631\u0642\u0645\u064a \u0639\u0628\u0631 \u0627\u0644\u0625\u0646\u062a\u0631\u0646\u062a","robots":{"index":"index","follow":"follow","max-snippet":"max-snippet:-1","max-image-preview":"max-image-preview:large","max-video-preview":"max-video-preview:-1"},"canonical":"https:\/\/viaonlinedigital.com\/ar\/consulte-agora-seus-beneficios-bolsa-familia-inss-auxilios-e-novas-atualizacoes\/","og_locale":"ar_AR","og_type":"article","og_title":"Consulte Agora Seus Benef\u00edcios: Bolsa Fam\u00edlia, INSS, Aux\u00edlios e Novas Atualiza\u00e7\u00f5es - Via Online Digital","og_description":"Veja se voc\u00ea tem valores liberados, novas regras, calend\u00e1rios atualizados e mudan\u00e7as importantes que afetam seu CPF. O que brasileiros est\u00e3o dizendo \ud83d\udcc8 Milhares de pessoas consultam seus benef\u00edcios diariamente \u2014 veja se voc\u00ea tem direito. Veja o que voc\u00ea pode consultar agora: Resumo dos Principais Benef\u00edcios Benef\u00edcio Quem Tem Direito Consulta Bolsa Fam\u00edlia Fam\u00edlias [&hellip;]","og_url":"https:\/\/viaonlinedigital.com\/ar\/consulte-agora-seus-beneficios-bolsa-familia-inss-auxilios-e-novas-atualizacoes\/","og_site_name":"Via Online Digital","article_modified_time":"2025-12-08T23:15:25+00:00","twitter_card":"summary_large_image","twitter_misc":{"\u0648\u0642\u062a \u0627\u0644\u0642\u0631\u0627\u0621\u0629 \u0627\u0644\u0645\u064f\u0642\u062f\u0651\u0631":"\u062f\u0642\u064a\u0642\u062a\u0627\u0646"},"schema":{"@context":"https:\/\/schema.org","@graph":[{"@type":"WebPage","@id":"https:\/\/viaonlinedigital.com\/consulte-agora-seus-beneficios-bolsa-familia-inss-auxilios-e-novas-atualizacoes\/","url":"https:\/\/viaonlinedigital.com\/consulte-agora-seus-beneficios-bolsa-familia-inss-auxilios-e-novas-atualizacoes\/","name":"\u062a\u062d\u0642\u0642 \u0645\u0646 \u0645\u0632\u0627\u064a\u0627\u0643 \u0627\u0644\u0622\u0646: \u0628\u0648\u0644\u0633\u0627 \u0641\u0627\u0645\u064a\u0644\u064a\u0627\u060c INSS\u060c \u0627\u0644\u0645\u0632\u0627\u064a\u0627 \u0648\u0627\u0644\u062a\u062d\u062f\u064a\u062b\u0627\u062a \u0627\u0644\u062c\u062f\u064a\u062f\u0629 - \u0627\u0644\u0648\u0635\u0648\u0644 \u0627\u0644\u0631\u0642\u0645\u064a \u0639\u0628\u0631 \u0627\u0644\u0625\u0646\u062a\u0631\u0646\u062a","isPartOf":{"@id":"https:\/\/viaonlinedigital.com\/#website"},"datePublished":"2025-11-24T22:47:07+00:00","dateModified":"2025-12-08T23:15:25+00:00","breadcrumb":{"@id":"https:\/\/viaonlinedigital.com\/consulte-agora-seus-beneficios-bolsa-familia-inss-auxilios-e-novas-atualizacoes\/#breadcrumb"},"inLanguage":"ar","potentialAction":[{"@type":"ReadAction","target":["https:\/\/viaonlinedigital.com\/consulte-agora-seus-beneficios-bolsa-familia-inss-auxilios-e-novas-atualizacoes\/"]}]},{"@type":"BreadcrumbList","@id":"https:\/\/viaonlinedigital.com\/consulte-agora-seus-beneficios-bolsa-familia-inss-auxilios-e-novas-atualizacoes\/#breadcrumb","itemListElement":[{"@type":"ListItem","position":1,"name":"In\u00edcio","item":"https:\/\/viaonlinedigital.com\/"},{"@type":"ListItem","position":2,"name":"Consulte Agora Seus Benef\u00edcios: Bolsa Fam\u00edlia, INSS, Aux\u00edlios e Novas Atualiza\u00e7\u00f5es"}]},{"@type":"WebSite","@id":"https:\/\/viaonlinedigital.com\/#website","url":"https:\/\/viaonlinedigital.com\/","name":"\u0639\u0628\u0631 \u0627\u0644\u0625\u0646\u062a\u0631\u0646\u062a \u0627\u0644\u0631\u0642\u0645\u064a","description":"\u0645\u062f\u0648\u0646\u062a\u0643 \u0627\u0644\u0645\u062b\u0627\u0644\u064a\u0629 \u0644\u062c\u0645\u064a\u0639 \u0627\u0644\u0623\u0648\u0642\u0627\u062a","publisher":{"@id":"https:\/\/viaonlinedigital.com\/#organization"},"potentialAction":[{"@type":"SearchAction","target":{"@type":"EntryPoint","urlTemplate":"https:\/\/viaonlinedigital.com\/?s={search_term_string}"},"query-input":{"@type":"PropertyValueSpecification","valueRequired":true,"valueName":"search_term_string"}}],"inLanguage":"ar"},{"@type":"Organization","@id":"https:\/\/viaonlinedigital.com\/#organization","name":"\u0639\u0628\u0631 \u0627\u0644\u0625\u0646\u062a\u0631\u0646\u062a \u0627\u0644\u0631\u0642\u0645\u064a","url":"https:\/\/viaonlinedigital.com\/","logo":{"@type":"ImageObject","inLanguage":"ar","@id":"https:\/\/viaonlinedigital.com\/#\/schema\/logo\/image\/","url":"https:\/\/viaonlinedigital.com\/wp-content\/uploads\/2024\/11\/cropped-favicon-logo.png","contentUrl":"https:\/\/viaonlinedigital.com\/wp-content\/uploads\/2024\/11\/cropped-favicon-logo.png","width":64,"height":64,"caption":"Via Online Digital"},"image":{"@id":"https:\/\/viaonlinedigital.com\/#\/schema\/logo\/image\/"}}]}},"_links":{"self":[{"href":"https:\/\/viaonlinedigital.com\/ar\/wp-json\/wp\/v2\/pages\/1444","targetHints":{"allow":["GET"]}}],"collection":[{"href":"https:\/\/viaonlinedigital.com\/ar\/wp-json\/wp\/v2\/pages"}],"about":[{"href":"https:\/\/viaonlinedigital.com\/ar\/wp-json\/wp\/v2\/types\/page"}],"author":[{"embeddable":true,"href":"https:\/\/viaonlinedigital.com\/ar\/wp-json\/wp\/v2\/users\/2"}],"replies":[{"embeddable":true,"href":"https:\/\/viaonlinedigital.com\/ar\/wp-json\/wp\/v2\/comments?post=1444"}],"version-history":[{"count":5,"href":"https:\/\/viaonlinedigital.com\/ar\/wp-json\/wp\/v2\/pages\/1444\/revisions"}],"predecessor-version":[{"id":1586,"href":"https:\/\/viaonlinedigital.com\/ar\/wp-json\/wp\/v2\/pages\/1444\/revisions\/1586"}],"wp:attachment":[{"href":"https:\/\/viaonlinedigital.com\/ar\/wp-json\/wp\/v2\/media?parent=1444"}],"curies":[{"name":"\u0648\u0648\u0631\u062f\u0628\u0631\u064a\u0633","href":"https:\/\/api.w.org\/{rel}","templated":true}]}}